{"id":10522,"date":"2017-02-10T13:17:08","date_gmt":"2017-02-10T12:17:08","guid":{"rendered":"https:\/\/studia-wroclaw.pl\/?page_id=10522"},"modified":"2026-04-14T08:51:48","modified_gmt":"2026-04-14T06:51:48","slug":"kalendarz-wydarzen-studenckich","status":"publish","type":"page","link":"https:\/\/studia-wroclaw.pl\/en\/kalendarz-wydarzen-studenckich\/","title":{"rendered":"Kalendarz Wydarze\u0144 Studenckich"},"content":{"rendered":"<div class=\"wpb-content-wrapper\"><div class=\"vc_custom_1716390135471\"><div class=\"container\"><div class=\"vc_row wpb_row vc_row-fluid\"><div class=\"wpb_column vc_column_container vc_col-sm-8\"><div class=\"vc_column-inner vc_custom_1716412282141\"><div class=\"wpb_wrapper\">\n\t<div class=\"wpb_text_column wpb_content_element  vc_custom_1776148404558\" >\n\t\t<div class=\"wpb_wrapper\">\n\t\t\t<h1>Kalendarz Wydarze\u0144 Studenckich<\/h1>\n\n\t\t<\/div>\n\t<\/div>\n<div class=\"gt3_spacing\"><div class=\"gt3_spacing-height gt3_spacing-height_default\" style=\"height:25px;\"><\/div><\/div>  \r\n\n\t<div class=\"wpb_text_column wpb_content_element\" >\n\t\t<div class=\"wpb_wrapper\">\n\t\t\t<p data-renderer-start-pos=\"551\"><strong data-renderer-mark=\"true\">B\u0105d\u017a na bie\u017c\u0105co \u2013 sprawd\u017a kalendarz wydarze\u0144 studenckich<\/strong><br \/>\nDrodzy Studenci!<\/p>\n<p data-renderer-start-pos=\"551\">Udost\u0119pniamy Wam <strong data-renderer-mark=\"true\">kalendarz wydarze\u0144 studenckich<\/strong>, w kt\u00f3rym znajdziecie wszystkie najwa\u017cniejsze aktywno\u015bci:<\/p>\n<ul>\n<li data-renderer-start-pos=\"734\">warsztaty;<\/li>\n<li data-renderer-start-pos=\"748\">spotkania;<\/li>\n<li data-renderer-start-pos=\"762\">inicjatywy studenckie;<\/li>\n<li data-renderer-start-pos=\"788\">wydarzenia organizowane przez Samorz\u0105d i Uczelni\u0119.<\/li>\n<\/ul>\n<p data-renderer-start-pos=\"842\">Je\u015bli chcecie by\u0107 na bie\u017c\u0105co i nie przegapi\u0107 niczego wa\u017cnego \u2013 zagl\u0105dajcie tutaj:<\/p>\n\n\t\t<\/div>\n\t<\/div>\n<div class=\"gt3_spacing\"><div class=\"gt3_spacing-height gt3_spacing-height_default\" style=\"height:20px;\"><\/div><\/div>  \r\n<div class=\"vc_btn3-container vc_btn3-center vc_custom_1776148833891\" ><a class=\"vc_general vc_btn3 vc_btn3-size-lg vc_btn3-shape-round vc_btn3-style-modern vc_btn3-icon-left vc_btn3-color-grey\" href=\"https:\/\/teamup.com\/ksev4cuog885vi48i8\" title=\"Wsp\u00f3lny kalendarz k\u00f3\u0142 naukowych\"><i class=\"vc_btn3-icon entypo-icon entypo-icon-calendar\"><\/i> Wsp\u00f3lny kalendarz k\u00f3\u0142 naukowych<\/a><\/div><\/div><\/div><\/div><div class=\"wpb_column vc_column_container vc_col-sm-4\"><div class=\"vc_column-inner\"><div class=\"wpb_wrapper\"><div class=\"gt3_spacing\"><div class=\"gt3_spacing-height gt3_spacing-height_default\" style=\"height:40px;\"><\/div><\/div>  \r\n\n\t<div  class=\"wpb_single_image wpb_content_element vc_align_left\">\n\t\t\n\t\t<figure class=\"wpb_wrapper vc_figure\">\n\t\t\t<div class=\"vc_single_image-wrapper   vc_box_border_grey\"><img loading=\"lazy\" decoding=\"async\" width=\"991\" height=\"1216\" src=\"https:\/\/studia-wroclaw.pl\/wp-content\/uploads\/2026\/04\/MR-102459.png\" class=\"vc_single_image-img attachment-full\" alt=\"\" title=\"MR-102459\" srcset=\"https:\/\/studia-wroclaw.pl\/wp-content\/uploads\/2026\/04\/MR-102459.png 991w, https:\/\/studia-wroclaw.pl\/wp-content\/uploads\/2026\/04\/MR-102459-244x300.png 244w, https:\/\/studia-wroclaw.pl\/wp-content\/uploads\/2026\/04\/MR-102459-835x1024.png 835w, https:\/\/studia-wroclaw.pl\/wp-content\/uploads\/2026\/04\/MR-102459-768x942.png 768w, https:\/\/studia-wroclaw.pl\/wp-content\/uploads\/2026\/04\/MR-102459-10x12.png 10w\" sizes=\"auto, (max-width: 991px) 100vw, 991px\" \/><\/div>\n\t\t<\/figure>\n\t<\/div>\n<\/div><\/div><\/div><\/div><\/div><\/div>\n<\/div>","protected":false},"excerpt":{"rendered":"Kalendarz Wydarze\u0144 Studenckich B\u0105d\u017a na bie\u017c\u0105co \u2013 sprawd\u017a kalendarz wydarze\u0144 studenckich Drodzy Studenci! Udost\u0119pniamy Wam kalendarz wydarze\u0144 studenckich, w kt\u00f3rym znajdziecie wszystkie najwa\u017cniejsze aktywno\u015bci: warsztaty; spotkania; inicjatywy studenckie; wydarzenia organizowane przez Samorz\u0105d i Uczelni\u0119. Je\u015bli chcecie by\u0107 na bie\u017c\u0105co i nie przegapi\u0107 niczego wa\u017cnego \u2013 zagl\u0105dajcie tutaj: Wsp\u00f3lny kalendarz k\u00f3\u0142 naukowych","protected":false},"author":34,"featured_media":0,"parent":0,"menu_order":0,"comment_status":"closed","ping_status":"closed","template":"","meta":{"om_disable_all_campaigns":false,"footnotes":""},"class_list":["post-10522","page","type-page","status-publish","hentry"],"yoast_head":"<!-- This site is optimized with the Yoast SEO plugin v25.9 - https:\/\/yoast.com\/wordpress\/plugins\/seo\/ -->\n<title>Samorz\u0105d Studencki | studia-wroclaw.pl<\/title>\n<meta name=\"description\" content=\"Nasze zadania to artykulacja i ochrona interes\u00f3w student\u00f3w, obejmuj\u0105ca m.in. opiniowanie dokument\u00f3w strategicznych, udzia\u0142 w organach kolegialnych oraz zg\u0142aszanie postulat\u00f3w dotycz\u0105cych jako\u015bci procesu kszta\u0142cenia i warunk\u00f3w studiowania.\" \/>\n<meta name=\"robots\" content=\"index, follow, max-snippet:-1, max-image-preview:large, max-video-preview:-1\" \/>\n<link rel=\"canonical\" href=\"https:\/\/studia-wroclaw.pl\/en\/kalendarz-wydarzen-studenckich\/\" \/>\n<meta property=\"og:locale\" content=\"en_GB\" \/>\n<meta property=\"og:type\" content=\"article\" \/>\n<meta property=\"og:title\" content=\"Samorz\u0105d Studencki | studia-wroclaw.pl\" \/>\n<meta property=\"og:description\" content=\"Nasze zadania to artykulacja i ochrona interes\u00f3w student\u00f3w, obejmuj\u0105ca m.in. opiniowanie dokument\u00f3w strategicznych, udzia\u0142 w organach kolegialnych oraz zg\u0142aszanie postulat\u00f3w dotycz\u0105cych jako\u015bci procesu kszta\u0142cenia i warunk\u00f3w studiowania.\" \/>\n<meta property=\"og:url\" content=\"https:\/\/studia-wroclaw.pl\/en\/kalendarz-wydarzen-studenckich\/\" \/>\n<meta property=\"og:site_name\" content=\"Studia Wroc\u0142aw\" \/>\n<meta property=\"article:modified_time\" content=\"2026-04-14T06:51:48+00:00\" \/>\n<meta name=\"twitter:card\" content=\"summary_large_image\" \/>\n<meta name=\"twitter:label1\" content=\"Estimated reading time\" \/>\n\t<meta name=\"twitter:data1\" content=\"1 minute\" \/>\n<script type=\"application\/ld+json\" class=\"yoast-schema-graph\">{\"@context\":\"https:\/\/schema.org\",\"@graph\":[{\"@type\":\"WebPage\",\"@id\":\"https:\/\/studia-wroclaw.pl\/kalendarz-wydarzen-studenckich\/\",\"url\":\"https:\/\/studia-wroclaw.pl\/kalendarz-wydarzen-studenckich\/\",\"name\":\"Samorz\u0105d Studencki | studia-wroclaw.pl\",\"isPartOf\":{\"@id\":\"https:\/\/studia-wroclaw.pl\/#website\"},\"datePublished\":\"2017-02-10T12:17:08+00:00\",\"dateModified\":\"2026-04-14T06:51:48+00:00\",\"description\":\"Nasze zadania to artykulacja i ochrona interes\u00f3w student\u00f3w, obejmuj\u0105ca m.in. opiniowanie dokument\u00f3w strategicznych, udzia\u0142 w organach kolegialnych oraz zg\u0142aszanie postulat\u00f3w dotycz\u0105cych jako\u015bci procesu kszta\u0142cenia i warunk\u00f3w studiowania.\",\"breadcrumb\":{\"@id\":\"https:\/\/studia-wroclaw.pl\/kalendarz-wydarzen-studenckich\/#breadcrumb\"},\"inLanguage\":\"en-GB\",\"potentialAction\":[{\"@type\":\"ReadAction\",\"target\":[\"https:\/\/studia-wroclaw.pl\/kalendarz-wydarzen-studenckich\/\"]}]},{\"@type\":\"BreadcrumbList\",\"@id\":\"https:\/\/studia-wroclaw.pl\/kalendarz-wydarzen-studenckich\/#breadcrumb\",\"itemListElement\":[{\"@type\":\"ListItem\",\"position\":1,\"name\":\"Strona g\u0142\u00f3wna\",\"item\":\"https:\/\/studia-wroclaw.pl\/\"},{\"@type\":\"ListItem\",\"position\":2,\"name\":\"Kalendarz Wydarze\u0144 Studenckich\"}]},{\"@type\":\"WebSite\",\"@id\":\"https:\/\/studia-wroclaw.pl\/#website\",\"url\":\"https:\/\/studia-wroclaw.pl\/\",\"name\":\"Studia Wroc\u0142aw\",\"description\":\"\",\"potentialAction\":[{\"@type\":\"SearchAction\",\"target\":{\"@type\":\"EntryPoint\",\"urlTemplate\":\"https:\/\/studia-wroclaw.pl\/?s={search_term_string}\"},\"query-input\":{\"@type\":\"PropertyValueSpecification\",\"valueRequired\":true,\"valueName\":\"search_term_string\"}}],\"inLanguage\":\"en-GB\"}]}<\/script>\n<!-- \/ Yoast SEO plugin. -->","yoast_head_json":{"title":"Samorz\u0105d Studencki | studia-wroclaw.pl","description":"Nasze zadania to artykulacja i ochrona interes\u00f3w student\u00f3w, obejmuj\u0105ca m.in. opiniowanie dokument\u00f3w strategicznych, udzia\u0142 w organach kolegialnych oraz zg\u0142aszanie postulat\u00f3w dotycz\u0105cych jako\u015bci procesu kszta\u0142cenia i warunk\u00f3w studiowania.","robots":{"index":"index","follow":"follow","max-snippet":"max-snippet:-1","max-image-preview":"max-image-preview:large","max-video-preview":"max-video-preview:-1"},"canonical":"https:\/\/studia-wroclaw.pl\/en\/kalendarz-wydarzen-studenckich\/","og_locale":"en_GB","og_type":"article","og_title":"Samorz\u0105d Studencki | studia-wroclaw.pl","og_description":"Nasze zadania to artykulacja i ochrona interes\u00f3w student\u00f3w, obejmuj\u0105ca m.in. opiniowanie dokument\u00f3w strategicznych, udzia\u0142 w organach kolegialnych oraz zg\u0142aszanie postulat\u00f3w dotycz\u0105cych jako\u015bci procesu kszta\u0142cenia i warunk\u00f3w studiowania.","og_url":"https:\/\/studia-wroclaw.pl\/en\/kalendarz-wydarzen-studenckich\/","og_site_name":"Studia Wroc\u0142aw","article_modified_time":"2026-04-14T06:51:48+00:00","twitter_card":"summary_large_image","twitter_misc":{"Estimated reading time":"1 minute"},"schema":{"@context":"https:\/\/schema.org","@graph":[{"@type":"WebPage","@id":"https:\/\/studia-wroclaw.pl\/kalendarz-wydarzen-studenckich\/","url":"https:\/\/studia-wroclaw.pl\/kalendarz-wydarzen-studenckich\/","name":"Samorz\u0105d Studencki | studia-wroclaw.pl","isPartOf":{"@id":"https:\/\/studia-wroclaw.pl\/#website"},"datePublished":"2017-02-10T12:17:08+00:00","dateModified":"2026-04-14T06:51:48+00:00","description":"Nasze zadania to artykulacja i ochrona interes\u00f3w student\u00f3w, obejmuj\u0105ca m.in. opiniowanie dokument\u00f3w strategicznych, udzia\u0142 w organach kolegialnych oraz zg\u0142aszanie postulat\u00f3w dotycz\u0105cych jako\u015bci procesu kszta\u0142cenia i warunk\u00f3w studiowania.","breadcrumb":{"@id":"https:\/\/studia-wroclaw.pl\/kalendarz-wydarzen-studenckich\/#breadcrumb"},"inLanguage":"en-GB","potentialAction":[{"@type":"ReadAction","target":["https:\/\/studia-wroclaw.pl\/kalendarz-wydarzen-studenckich\/"]}]},{"@type":"BreadcrumbList","@id":"https:\/\/studia-wroclaw.pl\/kalendarz-wydarzen-studenckich\/#breadcrumb","itemListElement":[{"@type":"ListItem","position":1,"name":"Strona g\u0142\u00f3wna","item":"https:\/\/studia-wroclaw.pl\/"},{"@type":"ListItem","position":2,"name":"Kalendarz Wydarze\u0144 Studenckich"}]},{"@type":"WebSite","@id":"https:\/\/studia-wroclaw.pl\/#website","url":"https:\/\/studia-wroclaw.pl\/","name":"Studies Wroclaw","description":"","potentialAction":[{"@type":"SearchAction","target":{"@type":"EntryPoint","urlTemplate":"https:\/\/studia-wroclaw.pl\/?s={search_term_string}"},"query-input":{"@type":"PropertyValueSpecification","valueRequired":true,"valueName":"search_term_string"}}],"inLanguage":"en-GB"}]}},"_links":{"self":[{"href":"https:\/\/studia-wroclaw.pl\/en\/wp-json\/wp\/v2\/pages\/10522","targetHints":{"allow":["GET"]}}],"collection":[{"href":"https:\/\/studia-wroclaw.pl\/en\/wp-json\/wp\/v2\/pages"}],"about":[{"href":"https:\/\/studia-wroclaw.pl\/en\/wp-json\/wp\/v2\/types\/page"}],"author":[{"embeddable":true,"href":"https:\/\/studia-wroclaw.pl\/en\/wp-json\/wp\/v2\/users\/34"}],"replies":[{"embeddable":true,"href":"https:\/\/studia-wroclaw.pl\/en\/wp-json\/wp\/v2\/comments?post=10522"}],"version-history":[{"count":12,"href":"https:\/\/studia-wroclaw.pl\/en\/wp-json\/wp\/v2\/pages\/10522\/revisions"}],"predecessor-version":[{"id":10535,"href":"https:\/\/studia-wroclaw.pl\/en\/wp-json\/wp\/v2\/pages\/10522\/revisions\/10535"}],"wp:attachment":[{"href":"https:\/\/studia-wroclaw.pl\/en\/wp-json\/wp\/v2\/media?parent=10522"}],"curies":[{"name":"wp","href":"https:\/\/api.w.org\/{rel}","templated":true}]}}