{"id":10748,"date":"2024-05-21T17:23:43","date_gmt":"2024-05-21T15:23:43","guid":{"rendered":"https:\/\/studia-wroclaw.pl\/?page_id=10748"},"modified":"2026-04-23T14:27:06","modified_gmt":"2026-04-23T12:27:06","slug":"organizacja-roku-akademickiego","status":"publish","type":"page","link":"https:\/\/studia-wroclaw.pl\/en\/organizacja-roku-akademickiego\/","title":{"rendered":"Organizacja roku akademickiego"},"content":{"rendered":"<div class=\"wpb-content-wrapper\"><div class=\"vc_custom_1776947157612\"><div class=\"container\"><div class=\"vc_row wpb_row vc_row-fluid vc_row-o-content-top vc_row-flex\"><div class=\"wpb_column vc_column_container vc_col-sm-12\"><div class=\"vc_column-inner\"><div class=\"wpb_wrapper\">\n\t<div class=\"wpb_text_column wpb_content_element\" >\n\t\t<div class=\"wpb_wrapper\">\n\t\t\t<h1 style=\"text-align: center;\"><span>Organizacja roku akademickiego<\/span><\/h1>\n\n\t\t<\/div>\n\t<\/div>\n<div class=\"gt3_spacing\"><div class=\"gt3_spacing-height gt3_spacing-height_default\" style=\"height:16px;\"><\/div><\/div>  \r\n<div class=\"vc_separator wpb_content_element vc_separator_align_center vc_sep_width_30 vc_sep_border_width_2 vc_sep_pos_align_center vc_separator_no_text\" ><span class=\"vc_sep_holder vc_sep_holder_l\"><span style=\"border-color:#272f54;\" class=\"vc_sep_line\"><\/span><\/span><span class=\"vc_sep_holder vc_sep_holder_r\"><span style=\"border-color:#272f54;\" class=\"vc_sep_line\"><\/span><\/span>\n<\/div><\/div><\/div><\/div><\/div><\/div><\/div><div data-vc-full-width=\"true\" data-vc-full-width-init=\"false\" class=\"vc_custom_1716454374458\"><div class=\"container\"><div class=\"vc_row wpb_row vc_row-fluid vc_row-has-fill\"><div class=\"wpb_column vc_column_container vc_col-sm-12\"><div class=\"vc_column-inner\"><div class=\"wpb_wrapper\">\n\t<div class=\"wpb_raw_code wpb_content_element wpb_raw_html\" >\n\t\t<div class=\"wpb_wrapper\">\n\t\t\t\n<table id=\"tablepress-14\" class=\"tablepress tablepress-id-14\">\n<thead>\n<tr class=\"row-1\">\n\t<th class=\"column-1\">Event<\/th><th class=\"column-2\">Termin<\/th>\n<\/tr>\n<\/thead>\n<tbody class=\"row-striping row-hover\">\n<tr class=\"row-2\">\n\t<td class=\"column-1\">Inauguration of the academic year<\/td><td class=\"column-2\">do uzupe\u0142nienia<\/td>\n<\/tr>\n<tr class=\"row-3\">\n\t<td class=\"column-1\">Rozpocz\u0119cie roku akademickiego<\/td><td class=\"column-2\">01.10.2025<\/td>\n<\/tr>\n<tr class=\"row-4\">\n\t<td class=\"column-1\">Winter semester<\/td><td class=\"column-2\">01.10.2025 \u2013 23.02.2026<\/td>\n<\/tr>\n<tr class=\"row-5\">\n\t<td class=\"column-1\">Zaj\u0119cia dydaktyczne w semestrze zimowym<\/td><td class=\"column-2\">01.10.2025 \u2013 09.02.2026<\/td>\n<\/tr>\n<tr class=\"row-6\">\n\t<td class=\"column-1\">Egzaminacyjna sesja zimowa<\/td><td class=\"column-2\">przez 2 tygodnie po zako\u0144czeniu zaj\u0119\u0107 dydaktycznych<\/td>\n<\/tr>\n<tr class=\"row-7\">\n\t<td class=\"column-1\">Przerwa mi\u0119dzysemestralna<\/td><td class=\"column-2\">do uzupe\u0142nienia \/ wynika z harmonogramu sesji<\/td>\n<\/tr>\n<tr class=\"row-8\">\n\t<td class=\"column-1\">Sesja poprawkowa semestru zimowego<\/td><td class=\"column-2\">od zako\u0144czenia sesji podstawowej do 02.03.2026<\/td>\n<\/tr>\n<tr class=\"row-9\">\n\t<td class=\"column-1\">Summer semester<\/td><td class=\"column-2\">24.02.2026 \u2013 30.09.2026<\/td>\n<\/tr>\n<tr class=\"row-10\">\n\t<td class=\"column-1\">Zaj\u0119cia dydaktyczne w semestrze letnim<\/td><td class=\"column-2\">24.02.2026 \u2013 31.07.2026<\/td>\n<\/tr>\n<tr class=\"row-11\">\n\t<td class=\"column-1\">Egzaminacyjna sesja letnia<\/td><td class=\"column-2\">przez 2 tygodnie po zako\u0144czeniu zaj\u0119\u0107 dydaktycznych<\/td>\n<\/tr>\n<tr class=\"row-12\">\n\t<td class=\"column-1\">Przerwy \u015bwi\u0105teczne<\/td><td class=\"column-2\">do uzupe\u0142nienia<\/td>\n<\/tr>\n<tr class=\"row-13\">\n\t<td class=\"column-1\">Sesja poprawkowa semestru letniego<\/td><td class=\"column-2\">04.09.2026 \u2013 30.09.2026<\/td>\n<\/tr>\n<tr class=\"row-14\">\n\t<td class=\"column-1\">Zako\u0144czenie roku akademickiego<\/td><td class=\"column-2\">30.09.2026<\/td>\n<\/tr>\n<\/tbody>\n<\/table>\n<!-- #tablepress-14 from cache -->\n\t\t<\/div>\n\t<\/div>\n<\/div><\/div><\/div><\/div><\/div><\/div><div class=\"vc_row-full-width vc_clearfix\"><\/div>\n<\/div>","protected":false},"excerpt":{"rendered":"Organizacja roku akademickiego WydarzenieTermin Inauguracja roku akademickiegodo uzupe\u0142nienia Rozpocz\u0119cie roku akademickiego01.10.2025 Semestr zimowy01.10.2025 \u2013 23.02.2026 Zaj\u0119cia dydaktyczne w semestrze zimowym01.10.2025 \u2013 09.02.2026 Egzaminacyjna sesja zimowaprzez 2 tygodnie po zako\u0144czeniu zaj\u0119\u0107 dydaktycznych Przerwa mi\u0119dzysemestralnado uzupe\u0142nienia \/ wynika z harmonogramu sesji Sesja poprawkowa semestru zimowegood zako\u0144czenia sesji podstawowej do 02.03.2026 Semestr letni24.02.2026 \u2013 30.09.2026 Zaj\u0119cia dydaktyczne w [...]","protected":false},"author":34,"featured_media":0,"parent":0,"menu_order":0,"comment_status":"closed","ping_status":"closed","template":"","meta":{"om_disable_all_campaigns":false,"footnotes":""},"class_list":["post-10748","page","type-page","status-publish","hentry"],"yoast_head":"<!-- This site is optimized with the Yoast SEO plugin v25.9 - https:\/\/yoast.com\/wordpress\/plugins\/seo\/ -->\n<title>Ko\u0142a Naukowe WSKZ | studia-wroclaw.pl<\/title>\n<meta name=\"description\" content=\"Studenci Wy\u017cszej Szko\u0142y Kszta\u0142cenia Zawodowego poszerzaj\u0105 wiedz\u0119 oraz rozwijaj\u0105 swoje zainteresowania w ramach k\u00f3\u0142 naukowych, dzia\u0142aj\u0105cych na Uczelni.\" \/>\n<meta name=\"robots\" content=\"index, follow, max-snippet:-1, max-image-preview:large, max-video-preview:-1\" \/>\n<link rel=\"canonical\" href=\"https:\/\/studia-wroclaw.pl\/en\/organizacja-roku-akademickiego\/\" \/>\n<meta property=\"og:locale\" content=\"en_GB\" \/>\n<meta property=\"og:type\" content=\"article\" \/>\n<meta property=\"og:title\" content=\"Ko\u0142a Naukowe WSKZ | studia-wroclaw.pl\" \/>\n<meta property=\"og:description\" content=\"Studenci Wy\u017cszej Szko\u0142y Kszta\u0142cenia Zawodowego poszerzaj\u0105 wiedz\u0119 oraz rozwijaj\u0105 swoje zainteresowania w ramach k\u00f3\u0142 naukowych, dzia\u0142aj\u0105cych na Uczelni.\" \/>\n<meta property=\"og:url\" content=\"https:\/\/studia-wroclaw.pl\/en\/organizacja-roku-akademickiego\/\" \/>\n<meta property=\"og:site_name\" content=\"Studia Wroc\u0142aw\" \/>\n<meta property=\"article:modified_time\" content=\"2026-04-23T12:27:06+00:00\" \/>\n<meta name=\"twitter:card\" content=\"summary_large_image\" \/>\n<meta name=\"twitter:label1\" content=\"Estimated reading time\" \/>\n\t<meta name=\"twitter:data1\" content=\"1 minute\" \/>\n<script type=\"application\/ld+json\" class=\"yoast-schema-graph\">{\"@context\":\"https:\/\/schema.org\",\"@graph\":[{\"@type\":\"WebPage\",\"@id\":\"https:\/\/studia-wroclaw.pl\/organizacja-roku-akademickiego\/\",\"url\":\"https:\/\/studia-wroclaw.pl\/organizacja-roku-akademickiego\/\",\"name\":\"Ko\u0142a Naukowe WSKZ | studia-wroclaw.pl\",\"isPartOf\":{\"@id\":\"https:\/\/studia-wroclaw.pl\/#website\"},\"datePublished\":\"2024-05-21T15:23:43+00:00\",\"dateModified\":\"2026-04-23T12:27:06+00:00\",\"description\":\"Studenci Wy\u017cszej Szko\u0142y Kszta\u0142cenia Zawodowego poszerzaj\u0105 wiedz\u0119 oraz rozwijaj\u0105 swoje zainteresowania w ramach k\u00f3\u0142 naukowych, dzia\u0142aj\u0105cych na Uczelni.\",\"breadcrumb\":{\"@id\":\"https:\/\/studia-wroclaw.pl\/organizacja-roku-akademickiego\/#breadcrumb\"},\"inLanguage\":\"en-GB\",\"potentialAction\":[{\"@type\":\"ReadAction\",\"target\":[\"https:\/\/studia-wroclaw.pl\/organizacja-roku-akademickiego\/\"]}]},{\"@type\":\"BreadcrumbList\",\"@id\":\"https:\/\/studia-wroclaw.pl\/organizacja-roku-akademickiego\/#breadcrumb\",\"itemListElement\":[{\"@type\":\"ListItem\",\"position\":1,\"name\":\"Strona g\u0142\u00f3wna\",\"item\":\"https:\/\/studia-wroclaw.pl\/\"},{\"@type\":\"ListItem\",\"position\":2,\"name\":\"Organizacja roku akademickiego\"}]},{\"@type\":\"WebSite\",\"@id\":\"https:\/\/studia-wroclaw.pl\/#website\",\"url\":\"https:\/\/studia-wroclaw.pl\/\",\"name\":\"Studia Wroc\u0142aw\",\"description\":\"\",\"potentialAction\":[{\"@type\":\"SearchAction\",\"target\":{\"@type\":\"EntryPoint\",\"urlTemplate\":\"https:\/\/studia-wroclaw.pl\/?s={search_term_string}\"},\"query-input\":{\"@type\":\"PropertyValueSpecification\",\"valueRequired\":true,\"valueName\":\"search_term_string\"}}],\"inLanguage\":\"en-GB\"}]}<\/script>\n<!-- \/ Yoast SEO plugin. -->","yoast_head_json":{"title":"Ko\u0142a Naukowe WSKZ | studia-wroclaw.pl","description":"Studenci Wy\u017cszej Szko\u0142y Kszta\u0142cenia Zawodowego poszerzaj\u0105 wiedz\u0119 oraz rozwijaj\u0105 swoje zainteresowania w ramach k\u00f3\u0142 naukowych, dzia\u0142aj\u0105cych na Uczelni.","robots":{"index":"index","follow":"follow","max-snippet":"max-snippet:-1","max-image-preview":"max-image-preview:large","max-video-preview":"max-video-preview:-1"},"canonical":"https:\/\/studia-wroclaw.pl\/en\/organizacja-roku-akademickiego\/","og_locale":"en_GB","og_type":"article","og_title":"Ko\u0142a Naukowe WSKZ | studia-wroclaw.pl","og_description":"Studenci Wy\u017cszej Szko\u0142y Kszta\u0142cenia Zawodowego poszerzaj\u0105 wiedz\u0119 oraz rozwijaj\u0105 swoje zainteresowania w ramach k\u00f3\u0142 naukowych, dzia\u0142aj\u0105cych na Uczelni.","og_url":"https:\/\/studia-wroclaw.pl\/en\/organizacja-roku-akademickiego\/","og_site_name":"Studia Wroc\u0142aw","article_modified_time":"2026-04-23T12:27:06+00:00","twitter_card":"summary_large_image","twitter_misc":{"Estimated reading time":"1 minute"},"schema":{"@context":"https:\/\/schema.org","@graph":[{"@type":"WebPage","@id":"https:\/\/studia-wroclaw.pl\/organizacja-roku-akademickiego\/","url":"https:\/\/studia-wroclaw.pl\/organizacja-roku-akademickiego\/","name":"Ko\u0142a Naukowe WSKZ | studia-wroclaw.pl","isPartOf":{"@id":"https:\/\/studia-wroclaw.pl\/#website"},"datePublished":"2024-05-21T15:23:43+00:00","dateModified":"2026-04-23T12:27:06+00:00","description":"Studenci Wy\u017cszej Szko\u0142y Kszta\u0142cenia Zawodowego poszerzaj\u0105 wiedz\u0119 oraz rozwijaj\u0105 swoje zainteresowania w ramach k\u00f3\u0142 naukowych, dzia\u0142aj\u0105cych na Uczelni.","breadcrumb":{"@id":"https:\/\/studia-wroclaw.pl\/organizacja-roku-akademickiego\/#breadcrumb"},"inLanguage":"en-GB","potentialAction":[{"@type":"ReadAction","target":["https:\/\/studia-wroclaw.pl\/organizacja-roku-akademickiego\/"]}]},{"@type":"BreadcrumbList","@id":"https:\/\/studia-wroclaw.pl\/organizacja-roku-akademickiego\/#breadcrumb","itemListElement":[{"@type":"ListItem","position":1,"name":"Strona g\u0142\u00f3wna","item":"https:\/\/studia-wroclaw.pl\/"},{"@type":"ListItem","position":2,"name":"Organizacja roku akademickiego"}]},{"@type":"WebSite","@id":"https:\/\/studia-wroclaw.pl\/#website","url":"https:\/\/studia-wroclaw.pl\/","name":"Studies Wroclaw","description":"","potentialAction":[{"@type":"SearchAction","target":{"@type":"EntryPoint","urlTemplate":"https:\/\/studia-wroclaw.pl\/?s={search_term_string}"},"query-input":{"@type":"PropertyValueSpecification","valueRequired":true,"valueName":"search_term_string"}}],"inLanguage":"en-GB"}]}},"_links":{"self":[{"href":"https:\/\/studia-wroclaw.pl\/en\/wp-json\/wp\/v2\/pages\/10748","targetHints":{"allow":["GET"]}}],"collection":[{"href":"https:\/\/studia-wroclaw.pl\/en\/wp-json\/wp\/v2\/pages"}],"about":[{"href":"https:\/\/studia-wroclaw.pl\/en\/wp-json\/wp\/v2\/types\/page"}],"author":[{"embeddable":true,"href":"https:\/\/studia-wroclaw.pl\/en\/wp-json\/wp\/v2\/users\/34"}],"replies":[{"embeddable":true,"href":"https:\/\/studia-wroclaw.pl\/en\/wp-json\/wp\/v2\/comments?post=10748"}],"version-history":[{"count":9,"href":"https:\/\/studia-wroclaw.pl\/en\/wp-json\/wp\/v2\/pages\/10748\/revisions"}],"predecessor-version":[{"id":10760,"href":"https:\/\/studia-wroclaw.pl\/en\/wp-json\/wp\/v2\/pages\/10748\/revisions\/10760"}],"wp:attachment":[{"href":"https:\/\/studia-wroclaw.pl\/en\/wp-json\/wp\/v2\/media?parent=10748"}],"curies":[{"name":"wp","href":"https:\/\/api.w.org\/{rel}","templated":true}]}}