{"id":10880,"date":"2026-04-24T14:40:59","date_gmt":"2026-04-24T12:40:59","guid":{"rendered":"https:\/\/studia-wroclaw.pl\/?page_id=10880"},"modified":"2026-04-26T22:02:05","modified_gmt":"2026-04-26T20:02:05","slug":"dla-pracownikow","status":"publish","type":"page","link":"https:\/\/studia-wroclaw.pl\/en\/dla-pracownikow\/","title":{"rendered":"Dla Pracownik\u00f3w"},"content":{"rendered":"<div class=\"wpb-content-wrapper\"><div class=\"\"><div class=\"container\"><div class=\"vc_row wpb_row vc_row-fluid\"><div class=\"wpb_column vc_column_container vc_col-sm-12\"><div class=\"vc_column-inner\"><div class=\"wpb_wrapper\">\n\t<div class=\"wpb_text_column wpb_content_element  vc_custom_1777031952535\" >\n\t\t<div class=\"wpb_wrapper\">\n\t\t\t<h1>Dla Pracownik\u00f3w<\/h1>\n\n\t\t<\/div>\n\t<\/div>\n<\/div><\/div><\/div><\/div><\/div><\/div><div class=\"\"><div class=\"container\"><div class=\"vc_row wpb_row vc_row-fluid\"><div class=\"wpb_column vc_column_container vc_col-sm-12\"><div class=\"vc_column-inner\"><div class=\"wpb_wrapper\"><div class=\"vc_tta-container\" data-vc-action=\"collapse\"><div class=\"vc_general vc_tta vc_tta-tabs vc_tta-o-shape-group vc_tta-tabs-position-left vc_tta-controls-align-left  vc_custom_1777031809141\"><div class=\"vc_tta-tabs-container\"><ul class=\"vc_tta-tabs-list\"><li class=\"vc_tta-tab vc_active\" data-vc-tab><a href=\"#1777030912806-a8af91ae-61b8\" data-vc-tabs data-vc-container=\".vc_tta\"><span class=\"vc_tta-title-text\">1. Informator pracownika<\/span><\/a><\/li><li class=\"vc_tta-tab\" data-vc-tab><a href=\"#1777030912806-f6c17f12-8bfc\" data-vc-tabs data-vc-container=\".vc_tta\"><span class=\"vc_tta-title-text\">2. Formalno\u015bci kadrowe i pracownicze<\/span><\/a><\/li><li class=\"vc_tta-tab\" data-vc-tab><a href=\"#1777031416812-274f1b84-ca97\" data-vc-tabs data-vc-container=\".vc_tta\"><span class=\"vc_tta-title-text\">3. Systemy IT i infrastruktura<\/span><\/a><\/li><li class=\"vc_tta-tab\" data-vc-tab><a href=\"#1777031970940-2eef4af4-46b2\" data-vc-tabs data-vc-container=\".vc_tta\"><span class=\"vc_tta-title-text\">4. Dokumenty i procedury<\/span><\/a><\/li><li class=\"vc_tta-tab\" data-vc-tab><a href=\"#1777032069818-455ab853-942c\" data-vc-tabs data-vc-container=\".vc_tta\"><span class=\"vc_tta-title-text\">5. Dydaktyka (dla nauczycieli)<\/span><\/a><\/li><li class=\"vc_tta-tab\" data-vc-tab><a href=\"#1777032133544-044ecacc-d130\" data-vc-tabs data-vc-container=\".vc_tta\"><span class=\"vc_tta-title-text\">6. Zatrudnienie, nauka, rozw\u00f3j<\/span><\/a><\/li><li class=\"vc_tta-tab\" data-vc-tab><a href=\"#1777032529099-a01ed12c-0b3f\" data-vc-tabs data-vc-container=\".vc_tta\"><span class=\"vc_tta-title-text\">7. Wsparcie pracownika<\/span><\/a><\/li><li class=\"vc_tta-tab\" data-vc-tab><a href=\"#1777032583445-b2ea8104-d76b\" data-vc-tabs data-vc-container=\".vc_tta\"><span class=\"vc_tta-title-text\">8. Zarz\u0105dzenia i akty wewn\u0119trzne<\/span><\/a><\/li><\/ul><\/div><div class=\"vc_tta-panels-container\"><div class=\"vc_tta-panels\"><div class=\"vc_tta-panel vc_active\" id=\"1777030912806-a8af91ae-61b8\" data-vc-content=\".vc_tta-panel-body\"><div class=\"vc_tta-panel-heading\"><h4 class=\"vc_tta-panel-title\"><a href=\"#1777030912806-a8af91ae-61b8\" data-vc-accordion data-vc-container=\".vc_tta-container\"><span class=\"vc_tta-title-text\">1. Informator pracownika<\/span><\/a><\/h4><\/div><div class=\"vc_tta-panel-body\">\n\t<div class=\"wpb_text_column wpb_content_element  vc_custom_1777031674282\" >\n\t\t<div class=\"wpb_wrapper\">\n\t\t\t<ul>\n<li><strong>Komunikaty i instrukcje<\/strong> &#8211; aktualne og\u0142oszenia, decyzje, procedury, wytyczne dydaktyczne | <a href=\"https:\/\/studia-wroclaw.pl\/en\/aktualnosci\/\">wi\u0119cej&gt;&gt;<\/a><\/li>\n<li><strong>Og\u0142oszenia<\/strong> &#8211; zmiany w harmonogramach, wydarzenia, konferencje, konkursy | <a href=\"https:\/\/studia-wroclaw.pl\/en\/wydarzenia\/\">wi\u0119cej&gt;&gt;<\/a><\/li>\n<li><strong>Wydarzenia \/ konferencje <\/strong><\/li>\n<li><strong>Newsletter WSKZ <\/strong>&#8211; archiwum newsletter\u00f3w | <a href=\"https:\/\/studia-wroclaw.pl\/en\/dzial-nauki\/\">wi\u0119cej&gt;&gt;<\/a><\/li>\n<\/ul>\n\n\t\t<\/div>\n\t<\/div>\n<\/div><\/div><div class=\"vc_tta-panel\" id=\"1777030912806-f6c17f12-8bfc\" data-vc-content=\".vc_tta-panel-body\"><div class=\"vc_tta-panel-heading\"><h4 class=\"vc_tta-panel-title\"><a href=\"#1777030912806-f6c17f12-8bfc\" data-vc-accordion data-vc-container=\".vc_tta-container\"><span class=\"vc_tta-title-text\">2. Formalno\u015bci kadrowe i pracownicze<\/span><\/a><\/h4><\/div><div class=\"vc_tta-panel-body\">\n\t<div class=\"wpb_text_column wpb_content_element  vc_custom_1777031913001\" >\n\t\t<div class=\"wpb_wrapper\">\n\t\t\t<p><strong>Wnioski i formalno\u015bci kadrowe<\/strong><br \/>\n\u2022 Wnioski urlopowe (wzory do pobrania lub link do systemu e-urlopy).<br \/>\n\u2022 Informacje o terminach wyp\u0142at<br \/>\n\u2022 PIT \/ paski p\u0142acowe \u2013 instrukcja<br \/>\n\u2022 Dokumenty dotycz\u0105ce ZF\u015aS (wczasy pod grusz\u0105, zapomogi)<br \/>\n\u2022 Wniosek o wydanie za\u015bwiadczenia o zatrudnieniu i karta obiegowa<\/p>\n<p><strong>Organizacja uczelni<\/strong><br \/>\n\u2022 Statut uczelni i regulamin pracy<br \/>\n\u2022 Struktura organizacyjna (kto jest kim i w czym pomo\u017ce).<br \/>\n\u2022 Ksi\u0105\u017cka telefoniczna \/ e-mailowa pracownik\u00f3w<br \/>\n\u2022 Kalendarz roku akademickiego (dni rektorskie, \u015bwi\u0119ta, zjazdy).<\/p>\n\n\t\t<\/div>\n\t<\/div>\n<\/div><\/div><div class=\"vc_tta-panel\" id=\"1777031416812-274f1b84-ca97\" data-vc-content=\".vc_tta-panel-body\"><div class=\"vc_tta-panel-heading\"><h4 class=\"vc_tta-panel-title\"><a href=\"#1777031416812-274f1b84-ca97\" data-vc-accordion data-vc-container=\".vc_tta-container\"><span class=\"vc_tta-title-text\">3. Systemy IT i infrastruktura<\/span><\/a><\/h4><\/div><div class=\"vc_tta-panel-body\">\n\t<div class=\"wpb_text_column wpb_content_element  vc_custom_1777233723583\" >\n\t\t<div class=\"wpb_wrapper\">\n\t\t\t<ul>\n<li><strong>Systemy i dost\u0119p pracowniczy<\/strong> \u2013 logowanie do platform, poczta, instrukcje IT | <a href=\"https:\/\/studia-wroclaw.pl\/en\/kursy-i-szkolenia\/\">wi\u0119cej&gt;&gt;<\/a><\/li>\n<li><strong>Pomoc techniczna \/ helpdesk<\/strong> \u2013 zg\u0142aszanie problem\u00f3w, instrukcje, kontakt<\/li>\n<li><strong>Zasady rezerwacji sal konferencyjnych\/dydaktycznych<\/strong><\/li>\n<li><strong>Instrukcja obs\u0142ugi sprz\u0119tu<\/strong> (np. drukarki, ksero)<\/li>\n<\/ul>\n\n\t\t<\/div>\n\t<\/div>\n<\/div><\/div><div class=\"vc_tta-panel\" id=\"1777031970940-2eef4af4-46b2\" data-vc-content=\".vc_tta-panel-body\"><div class=\"vc_tta-panel-heading\"><h4 class=\"vc_tta-panel-title\"><a href=\"#1777031970940-2eef4af4-46b2\" data-vc-accordion data-vc-container=\".vc_tta-container\"><span class=\"vc_tta-title-text\">4. Dokumenty i procedury<\/span><\/a><\/h4><\/div><div class=\"vc_tta-panel-body\">\n\t<div class=\"wpb_text_column wpb_content_element  vc_custom_1777233709477\" >\n\t\t<div class=\"wpb_wrapper\">\n\t\t\t<ul>\n<li><strong>Formularze \/ druki (finansowe, dydaktyczne)<\/strong><\/li>\n<li><strong>Wzory pism urz\u0119dowych, papier\u00f3w firmowych i stopek e-mail (branding).<\/strong><\/li>\n<li><strong>Procedura zakupowa<\/strong><\/li>\n<li><strong>Instrukcja kancelaryjna<\/strong><\/li>\n<li><strong>BHP, ppo\u017c., pierwsza pomoc<\/strong><\/li>\n<li><strong>Procedura zg\u0142aszania wypadk\u00f3w<\/strong><\/li>\n<li><strong>Prezentacja PowerPoint \u2013 wz\u00f3r \u2013 oficjalny szablon WSKZ<\/strong><\/li>\n<\/ul>\n\n\t\t<\/div>\n\t<\/div>\n<\/div><\/div><div class=\"vc_tta-panel\" id=\"1777032069818-455ab853-942c\" data-vc-content=\".vc_tta-panel-body\"><div class=\"vc_tta-panel-heading\"><h4 class=\"vc_tta-panel-title\"><a href=\"#1777032069818-455ab853-942c\" data-vc-accordion data-vc-container=\".vc_tta-container\"><span class=\"vc_tta-title-text\">5. Dydaktyka (dla nauczycieli)<\/span><\/a><\/h4><\/div><div class=\"vc_tta-panel-body\">\n\t<div class=\"wpb_text_column wpb_content_element  vc_custom_1777032099721\" >\n\t\t<div class=\"wpb_wrapper\">\n\t\t\t<ul>\n<li><strong>Sylabusy i karty hospitacji \u2013 wzory <\/strong><\/li>\n<li><strong>Protoko\u0142y zalicze\u0144 <\/strong><\/li>\n<li><strong>Regulamin studi\u00f3w <\/strong><\/li>\n<li><strong>Obs\u0142uga wirtualnego dziekanatu <\/strong><\/li>\n<li><strong>Procedury antyplagiatowe <\/strong><\/li>\n<li><strong>Dyplomowanie \u2013 procedury, recenzje, obrony <\/strong><\/li>\n<li><strong>Harmonogramy zjazd\u00f3w<\/strong><\/li>\n<\/ul>\n\n\t\t<\/div>\n\t<\/div>\n<\/div><\/div><div class=\"vc_tta-panel\" id=\"1777032133544-044ecacc-d130\" data-vc-content=\".vc_tta-panel-body\"><div class=\"vc_tta-panel-heading\"><h4 class=\"vc_tta-panel-title\"><a href=\"#1777032133544-044ecacc-d130\" data-vc-accordion data-vc-container=\".vc_tta-container\"><span class=\"vc_tta-title-text\">6. Zatrudnienie, nauka, rozw\u00f3j<\/span><\/a><\/h4><\/div><div class=\"vc_tta-panel-body\">\n\t<div class=\"wpb_text_column wpb_content_element  vc_custom_1777233656413\" >\n\t\t<div class=\"wpb_wrapper\">\n\t\t\t<ul>\n<li><strong>Rozw\u00f3j zawodowy<\/strong>\n<ul>\n<li>Szkolenia (BHP, RODO, dydaktyczne) <a href=\"https:\/\/studia-wroclaw.pl\/en\/kursy-i-szkolenia\/\">wi\u0119cej&gt;&gt;<\/a><\/li>\n<li>Aktualny harmonogram szkole\u0144: Lista szkole\u0144 wewn\u0119trznych (np. z nowych metod dydaktycznych, obs\u0142ugi system\u00f3w IT, ochrony danych).<\/li>\n<li>Dofinansowanie studi\u00f3w \/ kurs\u00f3w<\/li>\n<li>Centrum Doskonalenia Dydaktycznego \u2013 wsparcie kompetencyjne i szkoleniowe kadry. | <a href=\"https:\/\/studia-wroclaw.pl\/en\/dzial-nauki\/\">wi\u0119cej&gt;&gt;<\/a><\/li>\n<\/ul>\n<\/li>\n<li><strong>Nauka<\/strong>\n<ul>\n<li>Granty<\/li>\n<li>Publikacje<\/li>\n<li>Czasopisma punktowane<\/li>\n<li>Projekty badawcze<\/li>\n<li>Konkursy naukowe<\/li>\n<\/ul>\n<\/li>\n<li><strong>Wsp\u00f3\u0142praca<\/strong>\n<ul>\n<li>Erasmus+ &#8211; mobilno\u015b\u0107 pracownik\u00f3w, wyjazdy dydaktyczne i szkoleniowe | <a href=\"https:\/\/studia-wroclaw.pl\/en\/wspolpraca-miedzynarodowa-2\/erasmus-plus\/\">wi\u0119cej &gt;&gt;<\/a><\/li>\n<li>Wsp\u00f3\u0142praca mi\u0119dzynarodowa &#8211; projekty, partnerstwa, konferencje | <a href=\"https:\/\/studia-wroclaw.pl\/en\/wspolpraca-miedzynarodowa-2\/\">wi\u0119cej&gt;&gt;<\/a><\/li>\n<li>Nauka i publikacje &#8211; afiliacja, zg\u0142aszanie publikacji, konkursy naukowe, projekty badawcze, czasopisma<br \/>\n<a href=\"https:\/\/studia-wroclaw.pl\/en\/dzial-nauki\/\">Dzia\u0142 Nauki &gt;&gt;<\/a><br \/>\n<a href=\"https:\/\/studia-wroclaw.pl\/en\/o-nas\/prawo-i-bezpieczenstwo\/\">Wydawnictwo &gt;&gt;<\/a><\/li>\n<\/ul>\n<\/li>\n<\/ul>\n<ul>\n<li><strong>Oferty pracy w WSKZ (Aplikuj)<\/strong> &#8211; aktualne rekrutacje, formularz aplikacyjny<br \/>\n<a href=\"https:\/\/bazaogloszen.nauka.gov.pl\/\">bazaogloszen.nauka.gov.pl<\/a><br \/>\n<a href=\"https:\/\/bip.wskz.pl\/m,13,ogloszenia.html\">bip.wskz.pl<\/a><br \/>\n<a href=\"https:\/\/wskz.pl\/kariera\">wskz.pl\/kariera<\/a><\/li>\n<\/ul>\n\n\t\t<\/div>\n\t<\/div>\n<\/div><\/div><div class=\"vc_tta-panel\" id=\"1777032529099-a01ed12c-0b3f\" data-vc-content=\".vc_tta-panel-body\"><div class=\"vc_tta-panel-heading\"><h4 class=\"vc_tta-panel-title\"><a href=\"#1777032529099-a01ed12c-0b3f\" data-vc-accordion data-vc-container=\".vc_tta-container\"><span class=\"vc_tta-title-text\">7. Wsparcie pracownika<\/span><\/a><\/h4><\/div><div class=\"vc_tta-panel-body\">\n\t<div class=\"wpb_text_column wpb_content_element  vc_custom_1777035894735\" >\n\t\t<div class=\"wpb_wrapper\">\n\t\t\t<ul>\n<li><strong>Biuro ds. Os\u00f3b z Niepe\u0142nosprawno\u015bciami<\/strong> &#8211; dostosowania, konsultacje, wsparcie | <a href=\"https:\/\/studia-wroclaw.pl\/en\/wsparcie-studentow-z-niepelnosprawnosciami\/\">wi\u0119cej&gt;&gt;<\/a><\/li>\n<li><strong>R\u00f3wne traktowanie <\/strong>| <a href=\"https:\/\/studia-wroclaw.pl\/en\/rowne-traktowanie\/\">wi\u0119cej&gt;&gt;<\/a><\/li>\n<li><strong>Centrum Pomocy Psychologicznej<\/strong> \u2013 konsultacje, interwencja kryzysowa, warsztaty | <a href=\"https:\/\/studia-wroclaw.pl\/en\/pomoc-psychologiczna\/\">wi\u0119cej&gt;&gt;<\/a><\/li>\n<li><strong>Kontakt do dzia\u0142\u00f3w<\/strong><\/li>\n<\/ul>\n\n\t\t<\/div>\n\t<\/div>\n<\/div><\/div><div class=\"vc_tta-panel\" id=\"1777032583445-b2ea8104-d76b\" data-vc-content=\".vc_tta-panel-body\"><div class=\"vc_tta-panel-heading\"><h4 class=\"vc_tta-panel-title\"><a href=\"#1777032583445-b2ea8104-d76b\" data-vc-accordion data-vc-container=\".vc_tta-container\"><span class=\"vc_tta-title-text\">8. Zarz\u0105dzenia i akty wewn\u0119trzne<\/span><\/a><\/h4><\/div><div class=\"vc_tta-panel-body\">\n\t<div class=\"wpb_text_column wpb_content_element  vc_custom_1777233689266\" >\n\t\t<div class=\"wpb_wrapper\">\n\t\t\t<ul>\n<li>Bie\u017c\u0105ce zarz\u0105dzenia: Wykaz najnowszych decyzji (np. w sprawie organizacji sesji, stawek za godziny nadliczbowe, trybu pracy). Dla administracji to codzienno\u015b\u0107, dla dydaktyk\u00f3w \u2013 punkt odniesienia w sytuacjach spornych.\n<p>Zarz\u0105dzenia Rektora:<\/p>\n<ul>\n<li>Archiwum: Wyszukiwarka lub lista chronologiczna (najlepiej z podzia\u0142em na lata).<\/li>\n<li>BIP (Biuletyn Informacji Publicznej) -&gt; bezpo\u015bredni link: Przycisk \u201ePrzejd\u017a do BIP WSKZ\u201d.<\/li>\n<li>Instrukcja: Co pracownik znajdzie w BIP (np. o\u015bwiadczenia, wyniki konkurs\u00f3w na stanowiska, sprawozdania finansowe).<\/li>\n<\/ul>\n<\/li>\n<\/ul>\n\n\t\t<\/div>\n\t<\/div>\n<\/div><\/div><\/div><\/div><\/div><\/div><\/div><\/div><\/div><\/div><\/div><\/div>\n<\/div>","protected":false},"excerpt":{"rendered":"Dla Pracownik\u00f3w 1. Informator pracownika2. Formalno\u015bci kadrowe i pracownicze3. Systemy IT i infrastruktura4. Dokumenty i procedury5. Dydaktyka (dla nauczycieli)6. Zatrudnienie, nauka, rozw\u00f3j7. Wsparcie pracownika8. Zarz\u0105dzenia i akty wewn\u0119trzne1. Informator pracownika Komunikaty i instrukcje - aktualne og\u0142oszenia, decyzje, procedury, wytyczne dydaktyczne | wi\u0119cej&gt;&gt; Og\u0142oszenia - zmiany w harmonogramach, wydarzenia, konferencje, konkursy | wi\u0119cej&gt;&gt; Wydarzenia \/ konferencje [...]","protected":false},"author":1,"featured_media":0,"parent":0,"menu_order":0,"comment_status":"closed","ping_status":"closed","template":"","meta":{"om_disable_all_campaigns":false,"footnotes":""},"class_list":["post-10880","page","type-page","status-publish","hentry"],"yoast_head":"<!-- This site is optimized with the Yoast SEO plugin v25.9 - https:\/\/yoast.com\/wordpress\/plugins\/seo\/ -->\n<title>Dla Pracownik\u00f3w - Studia Wroc\u0142aw<\/title>\n<meta name=\"robots\" content=\"index, follow, max-snippet:-1, max-image-preview:large, max-video-preview:-1\" \/>\n<link rel=\"canonical\" href=\"https:\/\/studia-wroclaw.pl\/en\/dla-pracownikow\/\" \/>\n<meta property=\"og:locale\" content=\"en_GB\" \/>\n<meta property=\"og:type\" content=\"article\" \/>\n<meta property=\"og:title\" content=\"Dla Pracownik\u00f3w - Studia Wroc\u0142aw\" \/>\n<meta property=\"og:url\" content=\"https:\/\/studia-wroclaw.pl\/en\/dla-pracownikow\/\" \/>\n<meta property=\"og:site_name\" content=\"Studia Wroc\u0142aw\" \/>\n<meta property=\"article:modified_time\" content=\"2026-04-26T20:02:05+00:00\" \/>\n<meta name=\"twitter:card\" content=\"summary_large_image\" \/>\n<meta name=\"twitter:label1\" content=\"Estimated reading time\" \/>\n\t<meta name=\"twitter:data1\" content=\"4 minutes\" \/>\n<script type=\"application\/ld+json\" class=\"yoast-schema-graph\">{\"@context\":\"https:\/\/schema.org\",\"@graph\":[{\"@type\":\"WebPage\",\"@id\":\"https:\/\/studia-wroclaw.pl\/dla-pracownikow\/\",\"url\":\"https:\/\/studia-wroclaw.pl\/dla-pracownikow\/\",\"name\":\"Dla Pracownik\u00f3w - Studia Wroc\u0142aw\",\"isPartOf\":{\"@id\":\"https:\/\/studia-wroclaw.pl\/#website\"},\"datePublished\":\"2026-04-24T12:40:59+00:00\",\"dateModified\":\"2026-04-26T20:02:05+00:00\",\"breadcrumb\":{\"@id\":\"https:\/\/studia-wroclaw.pl\/dla-pracownikow\/#breadcrumb\"},\"inLanguage\":\"en-GB\",\"potentialAction\":[{\"@type\":\"ReadAction\",\"target\":[\"https:\/\/studia-wroclaw.pl\/dla-pracownikow\/\"]}]},{\"@type\":\"BreadcrumbList\",\"@id\":\"https:\/\/studia-wroclaw.pl\/dla-pracownikow\/#breadcrumb\",\"itemListElement\":[{\"@type\":\"ListItem\",\"position\":1,\"name\":\"Strona g\u0142\u00f3wna\",\"item\":\"https:\/\/studia-wroclaw.pl\/\"},{\"@type\":\"ListItem\",\"position\":2,\"name\":\"Dla Pracownik\u00f3w\"}]},{\"@type\":\"WebSite\",\"@id\":\"https:\/\/studia-wroclaw.pl\/#website\",\"url\":\"https:\/\/studia-wroclaw.pl\/\",\"name\":\"Studia Wroc\u0142aw\",\"description\":\"\",\"potentialAction\":[{\"@type\":\"SearchAction\",\"target\":{\"@type\":\"EntryPoint\",\"urlTemplate\":\"https:\/\/studia-wroclaw.pl\/?s={search_term_string}\"},\"query-input\":{\"@type\":\"PropertyValueSpecification\",\"valueRequired\":true,\"valueName\":\"search_term_string\"}}],\"inLanguage\":\"en-GB\"}]}<\/script>\n<!-- \/ Yoast SEO plugin. -->","yoast_head_json":{"title":"Dla Pracownik\u00f3w - Studia Wroc\u0142aw","robots":{"index":"index","follow":"follow","max-snippet":"max-snippet:-1","max-image-preview":"max-image-preview:large","max-video-preview":"max-video-preview:-1"},"canonical":"https:\/\/studia-wroclaw.pl\/en\/dla-pracownikow\/","og_locale":"en_GB","og_type":"article","og_title":"Dla Pracownik\u00f3w - Studia Wroc\u0142aw","og_url":"https:\/\/studia-wroclaw.pl\/en\/dla-pracownikow\/","og_site_name":"Studia Wroc\u0142aw","article_modified_time":"2026-04-26T20:02:05+00:00","twitter_card":"summary_large_image","twitter_misc":{"Estimated reading time":"4 minutes"},"schema":{"@context":"https:\/\/schema.org","@graph":[{"@type":"WebPage","@id":"https:\/\/studia-wroclaw.pl\/dla-pracownikow\/","url":"https:\/\/studia-wroclaw.pl\/dla-pracownikow\/","name":"Dla Pracownik\u00f3w - Studia Wroc\u0142aw","isPartOf":{"@id":"https:\/\/studia-wroclaw.pl\/#website"},"datePublished":"2026-04-24T12:40:59+00:00","dateModified":"2026-04-26T20:02:05+00:00","breadcrumb":{"@id":"https:\/\/studia-wroclaw.pl\/dla-pracownikow\/#breadcrumb"},"inLanguage":"en-GB","potentialAction":[{"@type":"ReadAction","target":["https:\/\/studia-wroclaw.pl\/dla-pracownikow\/"]}]},{"@type":"BreadcrumbList","@id":"https:\/\/studia-wroclaw.pl\/dla-pracownikow\/#breadcrumb","itemListElement":[{"@type":"ListItem","position":1,"name":"Strona g\u0142\u00f3wna","item":"https:\/\/studia-wroclaw.pl\/"},{"@type":"ListItem","position":2,"name":"Dla Pracownik\u00f3w"}]},{"@type":"WebSite","@id":"https:\/\/studia-wroclaw.pl\/#website","url":"https:\/\/studia-wroclaw.pl\/","name":"Studies Wroclaw","description":"","potentialAction":[{"@type":"SearchAction","target":{"@type":"EntryPoint","urlTemplate":"https:\/\/studia-wroclaw.pl\/?s={search_term_string}"},"query-input":{"@type":"PropertyValueSpecification","valueRequired":true,"valueName":"search_term_string"}}],"inLanguage":"en-GB"}]}},"_links":{"self":[{"href":"https:\/\/studia-wroclaw.pl\/en\/wp-json\/wp\/v2\/pages\/10880","targetHints":{"allow":["GET"]}}],"collection":[{"href":"https:\/\/studia-wroclaw.pl\/en\/wp-json\/wp\/v2\/pages"}],"about":[{"href":"https:\/\/studia-wroclaw.pl\/en\/wp-json\/wp\/v2\/types\/page"}],"author":[{"embeddable":true,"href":"https:\/\/studia-wroclaw.pl\/en\/wp-json\/wp\/v2\/users\/1"}],"replies":[{"embeddable":true,"href":"https:\/\/studia-wroclaw.pl\/en\/wp-json\/wp\/v2\/comments?post=10880"}],"version-history":[{"count":27,"href":"https:\/\/studia-wroclaw.pl\/en\/wp-json\/wp\/v2\/pages\/10880\/revisions"}],"predecessor-version":[{"id":10935,"href":"https:\/\/studia-wroclaw.pl\/en\/wp-json\/wp\/v2\/pages\/10880\/revisions\/10935"}],"wp:attachment":[{"href":"https:\/\/studia-wroclaw.pl\/en\/wp-json\/wp\/v2\/media?parent=10880"}],"curies":[{"name":"wp","href":"https:\/\/api.w.org\/{rel}","templated":true}]}}