{"id":11166,"date":"2017-02-10T13:17:08","date_gmt":"2017-02-10T12:17:08","guid":{"rendered":"https:\/\/studia-wroclaw.pl\/?page_id=11166"},"modified":"2026-05-06T14:49:02","modified_gmt":"2026-05-06T12:49:02","slug":"dyplomowanie","status":"publish","type":"page","link":"https:\/\/studia-wroclaw.pl\/en\/dyplomowanie\/","title":{"rendered":"Dyplomowanie"},"content":{"rendered":"<div class=\"wpb-content-wrapper\"><div class=\"vc_custom_1778059624267\"><div class=\"container\"><div class=\"vc_row wpb_row vc_row-fluid vc_row-o-content-middle vc_row-flex\"><div class=\"wpb_column vc_column_container vc_col-sm-9\"><div class=\"vc_column-inner vc_custom_1716412282141\"><div class=\"wpb_wrapper\">\n\t<div class=\"wpb_text_column wpb_content_element  vc_custom_1778062327729\" >\n\t\t<div class=\"wpb_wrapper\">\n\t\t\t<h1><strong>Dyplom Wy\u017cszej Szko\u0142y Kszta\u0142cenia Zawodowego<\/strong><\/h1>\n\n\t\t<\/div>\n\t<\/div>\n<div class=\"gt3_spacing\"><div class=\"gt3_spacing-height gt3_spacing-height_default\" style=\"height:25px;\"><\/div><\/div>  \r\n\n\t<div class=\"wpb_text_column wpb_content_element\" >\n\t\t<div class=\"wpb_wrapper\">\n\t\t\t<p><span style=\"font-weight: 400;\">Dyplom WSKZ jest dokumentem potwierdzaj\u0105cym uko\u0144czenie studi\u00f3w wy\u017cszych oraz uzyskanie wykszta\u0142cenia: pierwszego stopnia, drugiego stopnia lub jednolitych studi\u00f3w magisterskich, zgodnie z wybranym kierunkiem kszta\u0142cenia.<\/span><\/p>\n<p><span style=\"font-weight: 400;\">Jest to dokument oficjalny, przygotowywany zgodnie z obowi\u0105zuj\u0105cymi przepisami prawa oraz uznawany na rynku pracy. Dyplom Wy\u017cszej Szko\u0142y Kszta\u0142cenia Zawodowego wydawany jest po zako\u0144czeniu studi\u00f3w i spe\u0142nieniu wszystkich wymaganych warunk\u00f3w programowych. <\/span><\/p>\n\n\t\t<\/div>\n\t<\/div>\n<\/div><\/div><\/div><div class=\"wpb_column vc_column_container vc_col-sm-3\"><div class=\"vc_column-inner\"><div class=\"wpb_wrapper\"><div class=\"gt3_spacing\"><div class=\"gt3_spacing-height gt3_spacing-height_default\" style=\"height:40px;\"><\/div><\/div>  \r\n\n\t<div  class=\"wpb_single_image wpb_content_element vc_align_left\">\n\t\t\n\t\t<figure class=\"wpb_wrapper vc_figure\">\n\t\t\t<div class=\"vc_single_image-wrapper   vc_box_border_grey\"><img loading=\"lazy\" decoding=\"async\" width=\"991\" height=\"1216\" src=\"https:\/\/studia-wroclaw.pl\/wp-content\/uploads\/2026\/05\/dyplomowanie-foto-glowne.png\" class=\"vc_single_image-img attachment-full\" alt=\"\" title=\"dyplomowanie-foto-glowne\" srcset=\"https:\/\/studia-wroclaw.pl\/wp-content\/uploads\/2026\/05\/dyplomowanie-foto-glowne.png 991w, https:\/\/studia-wroclaw.pl\/wp-content\/uploads\/2026\/05\/dyplomowanie-foto-glowne-244x300.png 244w, https:\/\/studia-wroclaw.pl\/wp-content\/uploads\/2026\/05\/dyplomowanie-foto-glowne-835x1024.png 835w, https:\/\/studia-wroclaw.pl\/wp-content\/uploads\/2026\/05\/dyplomowanie-foto-glowne-768x942.png 768w, https:\/\/studia-wroclaw.pl\/wp-content\/uploads\/2026\/05\/dyplomowanie-foto-glowne-10x12.png 10w\" sizes=\"auto, (max-width: 991px) 100vw, 991px\" \/><\/div>\n\t\t<\/figure>\n\t<\/div>\n<\/div><\/div><\/div><\/div><\/div><\/div><div class=\"vc_custom_1778059624267\"><div class=\"container\"><div class=\"vc_row wpb_row vc_row-fluid vc_row-o-content-middle vc_row-flex\"><div class=\"wpb_column vc_column_container vc_col-sm-12\"><div class=\"vc_column-inner vc_custom_1716412282141\"><div class=\"wpb_wrapper\">\n\t<div class=\"wpb_text_column wpb_content_element  vc_custom_1778062370240\" >\n\t\t<div class=\"wpb_wrapper\">\n\t\t\t<h2><strong>Rodzaje dyplom\u00f3w WSKZ<\/strong><\/h2>\n\n\t\t<\/div>\n\t<\/div>\n<div class=\"gt3_spacing\"><div class=\"gt3_spacing-height gt3_spacing-height_default\" style=\"height:25px;\"><\/div><\/div>  \r\n\n\t<div class=\"wpb_text_column wpb_content_element\" >\n\t\t<div class=\"wpb_wrapper\">\n\t\t\t<p><span style=\"font-weight: 400;\">Po uko\u0144czeniu studi\u00f3w w Wy\u017cszej Szkole Kszta\u0142cenia Zawodowego absolwenci otrzymuj\u0105:<\/span><\/p>\n\n\t\t<\/div>\n\t<\/div>\n<\/div><\/div><\/div><\/div><\/div><\/div><div class=\"\"><div class=\"container\"><div class=\"vc_row wpb_row vc_row-fluid\"><div class=\"wpb_column vc_column_container vc_col-sm-4\"><div class=\"vc_column-inner\"><div class=\"wpb_wrapper\">\n\t<div  class=\"wpb_single_image wpb_content_element vc_align_left   ml-lightbox-thumb\">\n\t\t\n\t\t<figure class=\"wpb_wrapper vc_figure\">\n\t\t\t<a class=\"\" data-lightbox=\"lightbox[rel-11166-1601298425]\" href=\"https:\/\/studia-wroclaw.pl\/wp-content\/uploads\/2026\/05\/SOLIC_WIZUALIZACJA_DYPLOM_SZABLON-1-1024x576.jpg\" target=\"_self\"><img loading=\"lazy\" decoding=\"async\" width=\"1920\" height=\"1080\" src=\"https:\/\/studia-wroclaw.pl\/wp-content\/uploads\/2026\/05\/SOLIC_WIZUALIZACJA_DYPLOM_SZABLON-1.jpg\" class=\"vc_single_image-img attachment-full\" alt=\"\" title=\"[SO][LIC]_WIZUALIZACJA_DYPLOM_SZABLON\" srcset=\"https:\/\/studia-wroclaw.pl\/wp-content\/uploads\/2026\/05\/SOLIC_WIZUALIZACJA_DYPLOM_SZABLON-1.jpg 1920w, https:\/\/studia-wroclaw.pl\/wp-content\/uploads\/2026\/05\/SOLIC_WIZUALIZACJA_DYPLOM_SZABLON-1-300x169.jpg 300w, https:\/\/studia-wroclaw.pl\/wp-content\/uploads\/2026\/05\/SOLIC_WIZUALIZACJA_DYPLOM_SZABLON-1-1024x576.jpg 1024w, https:\/\/studia-wroclaw.pl\/wp-content\/uploads\/2026\/05\/SOLIC_WIZUALIZACJA_DYPLOM_SZABLON-1-768x432.jpg 768w, https:\/\/studia-wroclaw.pl\/wp-content\/uploads\/2026\/05\/SOLIC_WIZUALIZACJA_DYPLOM_SZABLON-1-1536x864.jpg 1536w, https:\/\/studia-wroclaw.pl\/wp-content\/uploads\/2026\/05\/SOLIC_WIZUALIZACJA_DYPLOM_SZABLON-1-18x10.jpg 18w\" sizes=\"auto, (max-width: 1920px) 100vw, 1920px\" \/><\/a>\n\t\t<\/figure>\n\t<\/div>\n\n\t<div class=\"wpb_text_column wpb_content_element\" >\n\t\t<div class=\"wpb_wrapper\">\n\t\t\t<p style=\"text-align: center;\" data-renderer-start-pos=\"216\" data-local-id=\"e4593dfbdf74\"><strong>dyplom uko\u0144czenia studi\u00f3w pierwszego stopnia<\/strong><\/p>\n\n\t\t<\/div>\n\t<\/div>\n<\/div><\/div><\/div><div class=\"wpb_column vc_column_container vc_col-sm-4\"><div class=\"vc_column-inner\"><div class=\"wpb_wrapper\">\n\t<div  class=\"wpb_single_image wpb_content_element vc_align_left   ml-lightbox-thumb\">\n\t\t\n\t\t<figure class=\"wpb_wrapper vc_figure\">\n\t\t\t<a class=\"\" data-lightbox=\"lightbox[rel-11166-387807110]\" href=\"https:\/\/studia-wroclaw.pl\/wp-content\/uploads\/2026\/05\/SOMGR_WIZUALIZACJA_DYPLOM_SZABLON-1-1024x576.jpg\" target=\"_self\"><img loading=\"lazy\" decoding=\"async\" width=\"1920\" height=\"1080\" src=\"https:\/\/studia-wroclaw.pl\/wp-content\/uploads\/2026\/05\/SOMGR_WIZUALIZACJA_DYPLOM_SZABLON-1.jpg\" class=\"vc_single_image-img attachment-full\" alt=\"\" title=\"[SO][MGR]_WIZUALIZACJA_DYPLOM_SZABLON\" srcset=\"https:\/\/studia-wroclaw.pl\/wp-content\/uploads\/2026\/05\/SOMGR_WIZUALIZACJA_DYPLOM_SZABLON-1.jpg 1920w, https:\/\/studia-wroclaw.pl\/wp-content\/uploads\/2026\/05\/SOMGR_WIZUALIZACJA_DYPLOM_SZABLON-1-300x169.jpg 300w, https:\/\/studia-wroclaw.pl\/wp-content\/uploads\/2026\/05\/SOMGR_WIZUALIZACJA_DYPLOM_SZABLON-1-1024x576.jpg 1024w, https:\/\/studia-wroclaw.pl\/wp-content\/uploads\/2026\/05\/SOMGR_WIZUALIZACJA_DYPLOM_SZABLON-1-768x432.jpg 768w, https:\/\/studia-wroclaw.pl\/wp-content\/uploads\/2026\/05\/SOMGR_WIZUALIZACJA_DYPLOM_SZABLON-1-1536x864.jpg 1536w, https:\/\/studia-wroclaw.pl\/wp-content\/uploads\/2026\/05\/SOMGR_WIZUALIZACJA_DYPLOM_SZABLON-1-18x10.jpg 18w\" sizes=\"auto, (max-width: 1920px) 100vw, 1920px\" \/><\/a>\n\t\t<\/figure>\n\t<\/div>\n\n\t<div class=\"wpb_text_column wpb_content_element\" >\n\t\t<div class=\"wpb_wrapper\">\n\t\t\t<p style=\"text-align: center;\" data-renderer-start-pos=\"265\" data-local-id=\"bdebdd594db1\"><strong>dyplom uko\u0144czenia studi\u00f3w drugiego stopnia<\/strong><\/p>\n\n\t\t<\/div>\n\t<\/div>\n<\/div><\/div><\/div><div class=\"wpb_column vc_column_container vc_col-sm-4\"><div class=\"vc_column-inner\"><div class=\"wpb_wrapper\">\n\t<div  class=\"wpb_single_image wpb_content_element vc_align_left   ml-lightbox-thumb\">\n\t\t\n\t\t<figure class=\"wpb_wrapper vc_figure\">\n\t\t\t<a class=\"\" data-lightbox=\"lightbox[rel-11166-3012940103]\" href=\"https:\/\/studia-wroclaw.pl\/wp-content\/uploads\/2026\/05\/SOJSM_WIZUALIZACJA_DYPLOM_SZABLON-1-1024x576.jpg\" target=\"_self\"><img loading=\"lazy\" decoding=\"async\" width=\"1920\" height=\"1080\" src=\"https:\/\/studia-wroclaw.pl\/wp-content\/uploads\/2026\/05\/SOJSM_WIZUALIZACJA_DYPLOM_SZABLON-1.jpg\" class=\"vc_single_image-img attachment-full\" alt=\"\" title=\"[SO][JSM]_WIZUALIZACJA_DYPLOM_SZABLON\" srcset=\"https:\/\/studia-wroclaw.pl\/wp-content\/uploads\/2026\/05\/SOJSM_WIZUALIZACJA_DYPLOM_SZABLON-1.jpg 1920w, https:\/\/studia-wroclaw.pl\/wp-content\/uploads\/2026\/05\/SOJSM_WIZUALIZACJA_DYPLOM_SZABLON-1-300x169.jpg 300w, https:\/\/studia-wroclaw.pl\/wp-content\/uploads\/2026\/05\/SOJSM_WIZUALIZACJA_DYPLOM_SZABLON-1-1024x576.jpg 1024w, https:\/\/studia-wroclaw.pl\/wp-content\/uploads\/2026\/05\/SOJSM_WIZUALIZACJA_DYPLOM_SZABLON-1-768x432.jpg 768w, https:\/\/studia-wroclaw.pl\/wp-content\/uploads\/2026\/05\/SOJSM_WIZUALIZACJA_DYPLOM_SZABLON-1-1536x864.jpg 1536w, https:\/\/studia-wroclaw.pl\/wp-content\/uploads\/2026\/05\/SOJSM_WIZUALIZACJA_DYPLOM_SZABLON-1-18x10.jpg 18w\" sizes=\"auto, (max-width: 1920px) 100vw, 1920px\" \/><\/a>\n\t\t<\/figure>\n\t<\/div>\n\n\t<div class=\"wpb_text_column wpb_content_element\" >\n\t\t<div class=\"wpb_wrapper\">\n\t\t\t<p style=\"text-align: center;\" data-renderer-start-pos=\"312\" data-local-id=\"8cebb4c81cc9\"><strong>dyplom uko\u0144czenia jednolitych studi\u00f3w magisterskich<\/strong><\/p>\n\n\t\t<\/div>\n\t<\/div>\n<\/div><\/div><\/div><\/div><\/div><\/div><div class=\"vc_custom_1778059624267\"><div class=\"container\"><div class=\"vc_row wpb_row vc_row-fluid vc_row-o-content-middle vc_row-flex\"><div class=\"wpb_column vc_column_container vc_col-sm-12\"><div class=\"vc_column-inner vc_custom_1716412282141\"><div class=\"wpb_wrapper\">\n\t<div class=\"wpb_text_column wpb_content_element  vc_custom_1778062403172\" >\n\t\t<div class=\"wpb_wrapper\">\n\t\t\t<h2><strong>Informacje o dyplomie<\/strong><\/h2>\n\n\t\t<\/div>\n\t<\/div>\n\n\t<div class=\"wpb_text_column wpb_content_element  vc_custom_1778061272594\" >\n\t\t<div class=\"wpb_wrapper\">\n\t\t\t<p data-renderer-start-pos=\"551\"><strong data-renderer-mark=\"true\">Opis dokumentu:<\/strong><br \/>\n<span>a) data wprowadzenia wzoru do obrotu prawnego \u2013 23.01.2026 r.,<\/span><br \/>\n<span>b) data rozpocz\u0119cia wydawania dokumentu \u2013 19.03.2026 r.,<\/span><br \/>\n<span>c) okres wa\u017cno\u015bci dokumentu \u2013 bezterminowo.<\/span><\/p>\n\n\t\t<\/div>\n\t<\/div>\n<\/div><\/div><\/div><\/div><\/div><\/div><div class=\"vc_custom_1778059624267\"><div class=\"container\"><div class=\"vc_row wpb_row vc_row-fluid vc_row-o-content-middle vc_row-flex\"><div class=\"wpb_column vc_column_container vc_col-sm-12\"><div class=\"vc_column-inner vc_custom_1716412282141\"><div class=\"wpb_wrapper\">\n\t<div class=\"wpb_text_column wpb_content_element  vc_custom_1778062433097\" >\n\t\t<div class=\"wpb_wrapper\">\n\t\t\t<h2><strong>Dokumentacja techniczna dyplomu<\/strong><\/h2>\n\n\t\t<\/div>\n\t<\/div>\n\n\t<div class=\"wpb_text_column wpb_content_element\" >\n\t\t<div class=\"wpb_wrapper\">\n\t\t\t<p><span style=\"font-weight: 400;\">Szczeg\u00f3\u0142owe informacje dotycz\u0105ce specyfikacji dokumentu dost\u0119pne s\u0105 w za\u0142\u0105czniku poni\u017cej.<\/span><\/p>\n\n\t\t<\/div>\n\t<\/div>\n<div class=\"vc_btn3-container vc_btn3-inline vc_custom_1778062483363\" ><a class=\"vc_general vc_btn3 vc_btn3-size-md vc_btn3-shape-round vc_btn3-style-classic vc_btn3-icon-left vc_btn3-color-warning\" href=\"https:\/\/studia-wroclaw.pl\/wp-content\/uploads\/2026\/05\/Opis_WSKZ_Wroclaw_21_01_2026.pdf\" title=\"\" target=\"_blank\"><i class=\"vc_btn3-icon fas fa-download\"><\/i> Pobieram<\/a><\/div><\/div><\/div><\/div><\/div><\/div><\/div>\n<\/div>","protected":false},"excerpt":{"rendered":"Dyplom Wy\u017cszej Szko\u0142y Kszta\u0142cenia Zawodowego Dyplom WSKZ jest dokumentem potwierdzaj\u0105cym uko\u0144czenie studi\u00f3w wy\u017cszych oraz uzyskanie wykszta\u0142cenia: pierwszego stopnia, drugiego stopnia lub jednolitych studi\u00f3w magisterskich, zgodnie z wybranym kierunkiem kszta\u0142cenia. Jest to dokument oficjalny, przygotowywany zgodnie z obowi\u0105zuj\u0105cymi przepisami prawa oraz uznawany na rynku pracy. Dyplom Wy\u017cszej Szko\u0142y Kszta\u0142cenia Zawodowego wydawany jest po zako\u0144czeniu studi\u00f3w i [...]","protected":false},"author":34,"featured_media":0,"parent":0,"menu_order":0,"comment_status":"closed","ping_status":"closed","template":"","meta":{"om_disable_all_campaigns":false,"footnotes":""},"class_list":["post-11166","page","type-page","status-publish","hentry"],"yoast_head":"<!-- This site is optimized with the Yoast SEO plugin v25.9 - https:\/\/yoast.com\/wordpress\/plugins\/seo\/ -->\n<title>Dyplomowanie \u2013 Rodzaje dyplom\u00f3w i informacje o dokumentach | WSKZ<\/title>\n<meta name=\"description\" content=\"Sprawd\u017a rodzaje dyplom\u00f3w uko\u0144czenia studi\u00f3w w Wy\u017cszej Szkole Kszta\u0142cenia Zawodowego: dyplomy studi\u00f3w I i II stopnia oraz jednolitych studi\u00f3w magisterskich. Poznaj daty wprowadzenia wzor\u00f3w dokument\u00f3w, rozpocz\u0119cia wydawania oraz okres ich wa\u017cno\u015bci.\" \/>\n<meta name=\"robots\" content=\"index, follow, max-snippet:-1, max-image-preview:large, max-video-preview:-1\" \/>\n<link rel=\"canonical\" href=\"https:\/\/studia-wroclaw.pl\/en\/dyplomowanie\/\" \/>\n<meta property=\"og:locale\" content=\"en_GB\" \/>\n<meta property=\"og:type\" content=\"article\" \/>\n<meta property=\"og:title\" content=\"Dyplomowanie \u2013 Rodzaje dyplom\u00f3w i informacje o dokumentach | WSKZ\" \/>\n<meta property=\"og:description\" content=\"Sprawd\u017a rodzaje dyplom\u00f3w uko\u0144czenia studi\u00f3w w Wy\u017cszej Szkole Kszta\u0142cenia Zawodowego: dyplomy studi\u00f3w I i II stopnia oraz jednolitych studi\u00f3w magisterskich. Poznaj daty wprowadzenia wzor\u00f3w dokument\u00f3w, rozpocz\u0119cia wydawania oraz okres ich wa\u017cno\u015bci.\" \/>\n<meta property=\"og:url\" content=\"https:\/\/studia-wroclaw.pl\/en\/dyplomowanie\/\" \/>\n<meta property=\"og:site_name\" content=\"Studia Wroc\u0142aw\" \/>\n<meta property=\"article:modified_time\" content=\"2026-05-06T12:49:02+00:00\" \/>\n<meta name=\"twitter:card\" content=\"summary_large_image\" \/>\n<meta name=\"twitter:label1\" content=\"Estimated reading time\" \/>\n\t<meta name=\"twitter:data1\" content=\"2 minutes\" \/>\n<script type=\"application\/ld+json\" class=\"yoast-schema-graph\">{\"@context\":\"https:\/\/schema.org\",\"@graph\":[{\"@type\":\"WebPage\",\"@id\":\"https:\/\/studia-wroclaw.pl\/dyplomowanie\/\",\"url\":\"https:\/\/studia-wroclaw.pl\/dyplomowanie\/\",\"name\":\"Dyplomowanie \u2013 Rodzaje dyplom\u00f3w i informacje o dokumentach | WSKZ\",\"isPartOf\":{\"@id\":\"https:\/\/studia-wroclaw.pl\/#website\"},\"datePublished\":\"2017-02-10T12:17:08+00:00\",\"dateModified\":\"2026-05-06T12:49:02+00:00\",\"description\":\"Sprawd\u017a rodzaje dyplom\u00f3w uko\u0144czenia studi\u00f3w w Wy\u017cszej Szkole Kszta\u0142cenia Zawodowego: dyplomy studi\u00f3w I i II stopnia oraz jednolitych studi\u00f3w magisterskich. Poznaj daty wprowadzenia wzor\u00f3w dokument\u00f3w, rozpocz\u0119cia wydawania oraz okres ich wa\u017cno\u015bci.\",\"breadcrumb\":{\"@id\":\"https:\/\/studia-wroclaw.pl\/dyplomowanie\/#breadcrumb\"},\"inLanguage\":\"en-GB\",\"potentialAction\":[{\"@type\":\"ReadAction\",\"target\":[\"https:\/\/studia-wroclaw.pl\/dyplomowanie\/\"]}]},{\"@type\":\"BreadcrumbList\",\"@id\":\"https:\/\/studia-wroclaw.pl\/dyplomowanie\/#breadcrumb\",\"itemListElement\":[{\"@type\":\"ListItem\",\"position\":1,\"name\":\"Strona g\u0142\u00f3wna\",\"item\":\"https:\/\/studia-wroclaw.pl\/\"},{\"@type\":\"ListItem\",\"position\":2,\"name\":\"Dyplomowanie\"}]},{\"@type\":\"WebSite\",\"@id\":\"https:\/\/studia-wroclaw.pl\/#website\",\"url\":\"https:\/\/studia-wroclaw.pl\/\",\"name\":\"Studia Wroc\u0142aw\",\"description\":\"\",\"potentialAction\":[{\"@type\":\"SearchAction\",\"target\":{\"@type\":\"EntryPoint\",\"urlTemplate\":\"https:\/\/studia-wroclaw.pl\/?s={search_term_string}\"},\"query-input\":{\"@type\":\"PropertyValueSpecification\",\"valueRequired\":true,\"valueName\":\"search_term_string\"}}],\"inLanguage\":\"en-GB\"}]}<\/script>\n<!-- \/ Yoast SEO plugin. -->","yoast_head_json":{"title":"Dyplomowanie \u2013 Rodzaje dyplom\u00f3w i informacje o dokumentach | WSKZ","description":"Sprawd\u017a rodzaje dyplom\u00f3w uko\u0144czenia studi\u00f3w w Wy\u017cszej Szkole Kszta\u0142cenia Zawodowego: dyplomy studi\u00f3w I i II stopnia oraz jednolitych studi\u00f3w magisterskich. Poznaj daty wprowadzenia wzor\u00f3w dokument\u00f3w, rozpocz\u0119cia wydawania oraz okres ich wa\u017cno\u015bci.","robots":{"index":"index","follow":"follow","max-snippet":"max-snippet:-1","max-image-preview":"max-image-preview:large","max-video-preview":"max-video-preview:-1"},"canonical":"https:\/\/studia-wroclaw.pl\/en\/dyplomowanie\/","og_locale":"en_GB","og_type":"article","og_title":"Dyplomowanie \u2013 Rodzaje dyplom\u00f3w i informacje o dokumentach | WSKZ","og_description":"Sprawd\u017a rodzaje dyplom\u00f3w uko\u0144czenia studi\u00f3w w Wy\u017cszej Szkole Kszta\u0142cenia Zawodowego: dyplomy studi\u00f3w I i II stopnia oraz jednolitych studi\u00f3w magisterskich. Poznaj daty wprowadzenia wzor\u00f3w dokument\u00f3w, rozpocz\u0119cia wydawania oraz okres ich wa\u017cno\u015bci.","og_url":"https:\/\/studia-wroclaw.pl\/en\/dyplomowanie\/","og_site_name":"Studia Wroc\u0142aw","article_modified_time":"2026-05-06T12:49:02+00:00","twitter_card":"summary_large_image","twitter_misc":{"Estimated reading time":"2 minutes"},"schema":{"@context":"https:\/\/schema.org","@graph":[{"@type":"WebPage","@id":"https:\/\/studia-wroclaw.pl\/dyplomowanie\/","url":"https:\/\/studia-wroclaw.pl\/dyplomowanie\/","name":"Dyplomowanie \u2013 Rodzaje dyplom\u00f3w i informacje o dokumentach | WSKZ","isPartOf":{"@id":"https:\/\/studia-wroclaw.pl\/#website"},"datePublished":"2017-02-10T12:17:08+00:00","dateModified":"2026-05-06T12:49:02+00:00","description":"Sprawd\u017a rodzaje dyplom\u00f3w uko\u0144czenia studi\u00f3w w Wy\u017cszej Szkole Kszta\u0142cenia Zawodowego: dyplomy studi\u00f3w I i II stopnia oraz jednolitych studi\u00f3w magisterskich. Poznaj daty wprowadzenia wzor\u00f3w dokument\u00f3w, rozpocz\u0119cia wydawania oraz okres ich wa\u017cno\u015bci.","breadcrumb":{"@id":"https:\/\/studia-wroclaw.pl\/dyplomowanie\/#breadcrumb"},"inLanguage":"en-GB","potentialAction":[{"@type":"ReadAction","target":["https:\/\/studia-wroclaw.pl\/dyplomowanie\/"]}]},{"@type":"BreadcrumbList","@id":"https:\/\/studia-wroclaw.pl\/dyplomowanie\/#breadcrumb","itemListElement":[{"@type":"ListItem","position":1,"name":"Strona g\u0142\u00f3wna","item":"https:\/\/studia-wroclaw.pl\/"},{"@type":"ListItem","position":2,"name":"Dyplomowanie"}]},{"@type":"WebSite","@id":"https:\/\/studia-wroclaw.pl\/#website","url":"https:\/\/studia-wroclaw.pl\/","name":"Studies Wroclaw","description":"","potentialAction":[{"@type":"SearchAction","target":{"@type":"EntryPoint","urlTemplate":"https:\/\/studia-wroclaw.pl\/?s={search_term_string}"},"query-input":{"@type":"PropertyValueSpecification","valueRequired":true,"valueName":"search_term_string"}}],"inLanguage":"en-GB"}]}},"_links":{"self":[{"href":"https:\/\/studia-wroclaw.pl\/en\/wp-json\/wp\/v2\/pages\/11166","targetHints":{"allow":["GET"]}}],"collection":[{"href":"https:\/\/studia-wroclaw.pl\/en\/wp-json\/wp\/v2\/pages"}],"about":[{"href":"https:\/\/studia-wroclaw.pl\/en\/wp-json\/wp\/v2\/types\/page"}],"author":[{"embeddable":true,"href":"https:\/\/studia-wroclaw.pl\/en\/wp-json\/wp\/v2\/users\/34"}],"replies":[{"embeddable":true,"href":"https:\/\/studia-wroclaw.pl\/en\/wp-json\/wp\/v2\/comments?post=11166"}],"version-history":[{"count":19,"href":"https:\/\/studia-wroclaw.pl\/en\/wp-json\/wp\/v2\/pages\/11166\/revisions"}],"predecessor-version":[{"id":11199,"href":"https:\/\/studia-wroclaw.pl\/en\/wp-json\/wp\/v2\/pages\/11166\/revisions\/11199"}],"wp:attachment":[{"href":"https:\/\/studia-wroclaw.pl\/en\/wp-json\/wp\/v2\/media?parent=11166"}],"curies":[{"name":"wp","href":"https:\/\/api.w.org\/{rel}","templated":true}]}}