{"id":2647,"date":"2017-02-28T08:57:48","date_gmt":"2017-02-28T07:57:48","guid":{"rendered":"https:\/\/studia-wroclaw.pl\/?page_id=2647"},"modified":"2026-04-23T10:51:11","modified_gmt":"2026-04-23T08:51:11","slug":"jednolite-studia-magisterskie","status":"publish","type":"page","link":"https:\/\/studia-wroclaw.pl\/en\/jednolite-studia-magisterskie\/","title":{"rendered":"Single Master's degree programme"},"content":{"rendered":"<div class=\"wpb-content-wrapper\"><div class=\"vc_custom_1765374283280\"><div class=\"container\"><div class=\"vc_row wpb_row vc_row-fluid\"><div class=\"wpb_column vc_column_container vc_col-sm-12\"><div class=\"vc_column-inner\"><div class=\"wpb_wrapper\">\n\t<div class=\"wpb_text_column wpb_content_element\" >\n\t\t<div class=\"wpb_wrapper\">\n\t\t\t<h1>Single Master's degree programme<\/h1>\n\n\t\t<\/div>\n\t<\/div>\n\n\t<div class=\"wpb_text_column wpb_content_element\" >\n\t\t<div class=\"wpb_wrapper\">\n\t\t\t<p><span style=\"font-weight: 400;\">Explore our part-time studies at the university and discover a new dimension of education.<\/span><\/p>\n\n\t\t<\/div>\n\t<\/div>\n<\/div><\/div><\/div><\/div><\/div><\/div><div class=\"vc_custom_1715724218562\"><div class=\"container\"><div class=\"vc_row wpb_row vc_row-fluid vc_column-gap-5\"><div class=\"wpb_column vc_column_container vc_col-sm-3\"><div class=\"vc_column-inner\"><div class=\"wpb_wrapper\">\n\t<div  class=\"wpb_single_image wpb_content_element vc_align_left\">\n\t\t\n\t\t<figure class=\"wpb_wrapper vc_figure\">\n\t\t\t<div class=\"vc_single_image-wrapper   vc_box_border_grey\"><img loading=\"lazy\" decoding=\"async\" width=\"400\" height=\"300\" src=\"https:\/\/studia-wroclaw.pl\/wp-content\/uploads\/2024\/05\/prawo-studia-wroclaw.jpg\" class=\"vc_single_image-img attachment-full\" alt=\"Prawo jednolite studia magisterskie we Wroc\u0142awiu\" title=\"\" srcset=\"https:\/\/studia-wroclaw.pl\/wp-content\/uploads\/2024\/05\/prawo-studia-wroclaw.jpg 400w, https:\/\/studia-wroclaw.pl\/wp-content\/uploads\/2024\/05\/prawo-studia-wroclaw-300x225.jpg 300w\" sizes=\"auto, (max-width: 400px) 100vw, 400px\" \/><\/div>\n\t\t<\/figure>\n\t<\/div>\n<section class=\"vc_cta3-container\"><div class=\"vc_general vc_cta3 vc_cta3-style-classic vc_cta3-shape-square vc_cta3-align-left vc_cta3-color-classic vc_cta3-icon-size-md vc_cta3-actions-bottom\"><div class=\"vc_cta3_content-container\"><div class=\"vc_cta3-content\"><header class=\"vc_cta3-content-header\"><h2 style=\"font-size: 24px;line-height: 2;text-align: left\" class=\"vc_custom_heading\" >Law<\/h2><\/header><p>Tuition from as little as  399 z\u0142<\/p>\n<p><em>Recruitment completed<br \/>\n<strong>Zapraszamy w maju 2026<\/strong><\/em><\/p>\n<\/div><div class=\"vc_cta3-actions\"><div class=\"vc_btn3-container vc_btn3-inline\" ><a class=\"vc_general vc_btn3 vc_btn3-size-md vc_btn3-shape-round vc_btn3-style-flat vc_btn3-icon-right vc_btn3-color-warning\" href=\"https:\/\/studia-wroclaw.pl\/en\/jednolite-studia-magisterskie\/prawo\/\" title=\"Law\">ZOBACZ WI\u0118CEJ <i class=\"vc_btn3-icon fas fa-angle-double-right\"><\/i><\/a><\/div><\/div><\/div><\/div><\/section><\/div><\/div><\/div><div class=\"wpb_column vc_column_container vc_col-sm-3\"><div class=\"vc_column-inner\"><div class=\"wpb_wrapper\"><\/div><\/div><\/div><div class=\"wpb_column vc_column_container vc_col-sm-3\"><div class=\"vc_column-inner\"><div class=\"wpb_wrapper\"><\/div><\/div><\/div><div class=\"wpb_column vc_column_container vc_col-sm-3\"><div class=\"vc_column-inner\"><div class=\"wpb_wrapper\"><\/div><\/div><\/div><\/div><\/div><\/div><div data-vc-full-width=\"true\" data-vc-full-width-init=\"false\" class=\"vc_custom_1716454487983\"><div class=\"container\"><div class=\"vc_row wpb_row vc_row-fluid vc_row-has-fill\"><div class=\"wpb_column vc_column_container vc_col-sm-6\"><div class=\"vc_column-inner\"><div class=\"wpb_wrapper\">\n\t<div  class=\"wpb_single_image wpb_content_element vc_align_left\">\n\t\t\n\t\t<figure class=\"wpb_wrapper vc_figure\">\n\t\t\t<div class=\"vc_single_image-wrapper   vc_box_border_grey\"><img loading=\"lazy\" decoding=\"async\" width=\"825\" height=\"690\" src=\"https:\/\/studia-wroclaw.pl\/wp-content\/uploads\/2024\/05\/studiuj-jak-lubisz-studia-wroclaw-1.jpg\" class=\"vc_single_image-img attachment-full\" alt=\"Jak wygl\u0105da kszta\u0142cenie na studiach\" title=\"\" srcset=\"https:\/\/studia-wroclaw.pl\/wp-content\/uploads\/2024\/05\/studiuj-jak-lubisz-studia-wroclaw-1.jpg 825w, https:\/\/studia-wroclaw.pl\/wp-content\/uploads\/2024\/05\/studiuj-jak-lubisz-studia-wroclaw-1-300x251.jpg 300w, https:\/\/studia-wroclaw.pl\/wp-content\/uploads\/2024\/05\/studiuj-jak-lubisz-studia-wroclaw-1-768x642.jpg 768w\" sizes=\"auto, (max-width: 825px) 100vw, 825px\" \/><\/div>\n\t\t<\/figure>\n\t<\/div>\n<\/div><\/div><\/div><div class=\"wpb_column vc_column_container vc_col-sm-6\"><div class=\"vc_column-inner vc_custom_1716454498460\"><div class=\"wpb_wrapper\">\n\t<div class=\"wpb_text_column wpb_content_element\" >\n\t\t<div class=\"wpb_wrapper\">\n\t\t\t<h2><b>What is the education like in a unified master's degree programme?<\/b><\/h2>\n\n\t\t<\/div>\n\t<\/div>\n<div class=\"gt3_spacing\"><div class=\"gt3_spacing-height gt3_spacing-height_default\" style=\"height:10px;\"><\/div><\/div>  \r\n\n\t<div class=\"wpb_text_column wpb_content_element\" >\n\t\t<div class=\"wpb_wrapper\">\n\t\t\t<p><span style=\"font-weight: 400;\">A full master's degree is a second-cycle course and lasts for <\/span><b>4.5 to 6 years<\/b><span style=\"font-weight: 400;\">. The period of study shall also include <\/span><b>apprenticeship<\/b><span style=\"font-weight: 400;\">which is a form of preparation for future work. Only a few courses can be followed in this form of training - they give <\/span><b>specific profession<\/b><span style=\"font-weight: 400;\">and the time to implement them requires <\/span><b>determination to develop<\/b><span style=\"font-weight: 400;\"> precisely in these areas.<\/span><\/p>\n<p><span style=\"font-weight: 400;\">In order to enter a unified master's degree programme, it is necessary to have completed secondary school and <\/span><b>passing the baccalaureate exam<\/b><span style=\"font-weight: 400;\"> - both certificates are <\/span><b>essential<\/b><span style=\"font-weight: 400;\"> to carry out the recruitment process. During the course of your studies, you will follow the programme provided for in the course: these are <\/span><b>lectures, exercises and seminars<\/b><span style=\"font-weight: 400;\">, during which you will acquire the necessary knowledge and skills. At the end of your training, you will obtain <\/span><b>Master's degree and diploma<\/b><span style=\"font-weight: 400;\">, which allows you to continue your studies at a third level. The master's degree is <\/span><b>proof of competence<\/b><span style=\"font-weight: 400;\"> gained during the studies, which confirms <\/span><b>preparation for work<\/b><span style=\"font-weight: 400;\"> in the chosen profession.<\/span><\/p>\n\n\t\t<\/div>\n\t<\/div>\n<\/div><\/div><\/div><\/div><\/div><\/div><div class=\"vc_row-full-width vc_clearfix\"><\/div><div data-vc-full-width=\"true\" data-vc-full-width-init=\"false\" class=\"vc_custom_1715725396633\"><div class=\"container\"><div class=\"vc_row wpb_row vc_row-fluid vc_row-has-fill\"><div class=\"wpb_column vc_column_container vc_col-sm-6\"><div class=\"vc_column-inner\"><div class=\"wpb_wrapper\">\n\t<div class=\"wpb_text_column wpb_content_element\" >\n\t\t<div class=\"wpb_wrapper\">\n\t\t\t<h3><b>Choose WSKZ and study in a modern way.<\/b><\/h3>\n\n\t\t<\/div>\n\t<\/div>\n\n\t<div class=\"wpb_text_column wpb_content_element\" >\n\t\t<div class=\"wpb_wrapper\">\n\t\t\t<p><span style=\"font-weight: 400;\">Do you already know what career path you want to take in the future? Or maybe <\/span><b>Your ambitions<\/b><span style=\"font-weight: 400;\"> could not be implemented earlier? Choose <\/span><a href=\"http:\/\/studia-wroclaw.pl\/en\/\"><span style=\"font-weight: 400;\">studia-wroc\u0142aw.pl<\/span><\/a><span style=\"font-weight: 400;\"> and start enforcing your plans - transform the <\/span><b>dreams<\/b><span style=\"font-weight: 400;\"> into a real career in <\/span><b>prestigious profession<\/b><span style=\"font-weight: 400;\">. Part-time study at the university will enable you to gain <b>master's degree<\/b> without giving up your current activities or lifestyle as you like.\u00a0<\/span><\/p>\n<p><span style=\"font-weight: 400;\">During the semester, 5-6 assemblies are organised in <\/span><b>Wroc\u0142aw - City of Meetings<\/b><span style=\"font-weight: 400;\">where you will certainly not be bored during your breaks from classes, and you will gain new contacts with people who are interested in developing in the same area. On a day-to-day basis you will have at your disposal <\/span><b>online learning platform<\/b><span style=\"font-weight: 400;\">where you will find all the materials you need to study. You learn when you want - it <\/span><b>You decide<\/b><span style=\"font-weight: 400;\"> about your schedule. <\/span><b>Join us<\/b><span style=\"font-weight: 400;\"> - study and develop in Wroc\u0142aw.<\/span><a href=\"https:\/\/dziekanat.studia-wroclaw.pl\/\"><b><\/b><\/a><\/p>\n\n\t\t<\/div>\n\t<\/div>\n<\/div><\/div><\/div><div class=\"wpb_column vc_column_container vc_col-sm-6\"><div class=\"vc_column-inner\"><div class=\"wpb_wrapper\">\n\t<div  class=\"wpb_single_image wpb_content_element vc_align_left\">\n\t\t\n\t\t<figure class=\"wpb_wrapper vc_figure\">\n\t\t\t<div class=\"vc_single_image-wrapper   vc_box_border_grey\"><img loading=\"lazy\" decoding=\"async\" width=\"825\" height=\"690\" src=\"https:\/\/studia-wroclaw.pl\/wp-content\/uploads\/2024\/05\/studiuj-we-wroclawiu-1.jpg\" class=\"vc_single_image-img attachment-full\" alt=\"Wybierz WSKZ\" title=\"\" srcset=\"https:\/\/studia-wroclaw.pl\/wp-content\/uploads\/2024\/05\/studiuj-we-wroclawiu-1.jpg 825w, https:\/\/studia-wroclaw.pl\/wp-content\/uploads\/2024\/05\/studiuj-we-wroclawiu-1-300x251.jpg 300w, https:\/\/studia-wroclaw.pl\/wp-content\/uploads\/2024\/05\/studiuj-we-wroclawiu-1-768x642.jpg 768w\" sizes=\"auto, (max-width: 825px) 100vw, 825px\" \/><\/div>\n\t\t<\/figure>\n\t<\/div>\n<\/div><\/div><\/div><\/div><\/div><\/div><div class=\"vc_row-full-width vc_clearfix\"><\/div><div class=\"\"><div class=\"container\"><div class=\"vc_row wpb_row vc_row-fluid\"><div class=\"wpb_column vc_column_container vc_col-sm-12\"><div class=\"vc_column-inner\"><div class=\"wpb_wrapper\"><div class=\"vc_btn3-container vc_btn3-center vc_custom_1715810274164\" ><a class=\"vc_general vc_btn3 vc_btn3-size-md vc_btn3-shape-round vc_btn3-style-flat vc_btn3-color-warning\" href=\"https:\/\/studia-wroclaw.pl\/en\/jednolite-studia-magisterskie\/\" title=\"\">CHOOSE YOUR DIRECTION<\/a><\/div><\/div><\/div><\/div><\/div><\/div><\/div>\n<\/div>","protected":false},"excerpt":{"rendered":"Jednolite studia magisterskie Poznaj nasze studia niestacjonarne w siedzibie uczelni i odkryj nowy wymiar kszta\u0142cenia. PrawoCzesne ju\u017c od 399 z\u0142 Rekrutacja zako\u0144czona Zapraszamy w maju 2026 ZOBACZ WI\u0118CEJ Jak wygl\u0105da kszta\u0142cenie na jednolitych studiach magisterskich? Jednolite studia magisterskie s\u0105 studiami II stopnia i trwaj\u0105 od 4,5 roku do 6 lat. Do okresu nauki wlicza si\u0119 [...]","protected":false},"author":1,"featured_media":0,"parent":0,"menu_order":0,"comment_status":"closed","ping_status":"closed","template":"","meta":{"om_disable_all_campaigns":false,"footnotes":""},"class_list":["post-2647","page","type-page","status-publish","hentry"],"yoast_head":"<!-- This site is optimized with the Yoast SEO plugin v25.9 - https:\/\/yoast.com\/wordpress\/plugins\/seo\/ -->\n<title>Jednolite studia magisterskie | studia-wroclaw.pl<\/title>\n<meta name=\"description\" content=\"Jednolite studia magisterskie oferuj\u0105 ci\u0105g\u0142e, zaawansowane kszta\u0142cenie, \u0142\u0105cz\u0105c teoretyczn\u0105 wiedz\u0119 z praktycznymi umiej\u0119tno\u015bciami, przygotowuj\u0105c do pracy w wybranym zawodzie.\" \/>\n<meta name=\"robots\" content=\"index, follow, max-snippet:-1, max-image-preview:large, max-video-preview:-1\" \/>\n<link rel=\"canonical\" href=\"https:\/\/studia-wroclaw.pl\/en\/jednolite-studia-magisterskie\/\" \/>\n<meta property=\"og:locale\" content=\"en_GB\" \/>\n<meta property=\"og:type\" content=\"article\" \/>\n<meta property=\"og:title\" content=\"Jednolite studia magisterskie | studia-wroclaw.pl\" \/>\n<meta property=\"og:description\" content=\"Jednolite studia magisterskie oferuj\u0105 ci\u0105g\u0142e, zaawansowane kszta\u0142cenie, \u0142\u0105cz\u0105c teoretyczn\u0105 wiedz\u0119 z praktycznymi umiej\u0119tno\u015bciami, przygotowuj\u0105c do pracy w wybranym zawodzie.\" \/>\n<meta property=\"og:url\" content=\"https:\/\/studia-wroclaw.pl\/en\/jednolite-studia-magisterskie\/\" \/>\n<meta property=\"og:site_name\" content=\"Studia Wroc\u0142aw\" \/>\n<meta property=\"article:modified_time\" content=\"2026-04-23T08:51:11+00:00\" \/>\n<meta name=\"twitter:card\" content=\"summary_large_image\" \/>\n<meta name=\"twitter:label1\" content=\"Estimated reading time\" \/>\n\t<meta name=\"twitter:data1\" content=\"3 minutes\" \/>\n<script type=\"application\/ld+json\" class=\"yoast-schema-graph\">{\"@context\":\"https:\/\/schema.org\",\"@graph\":[{\"@type\":\"WebPage\",\"@id\":\"https:\/\/studia-wroclaw.pl\/jednolite-studia-magisterskie\/\",\"url\":\"https:\/\/studia-wroclaw.pl\/jednolite-studia-magisterskie\/\",\"name\":\"Jednolite studia magisterskie | studia-wroclaw.pl\",\"isPartOf\":{\"@id\":\"https:\/\/studia-wroclaw.pl\/#website\"},\"datePublished\":\"2017-02-28T07:57:48+00:00\",\"dateModified\":\"2026-04-23T08:51:11+00:00\",\"description\":\"Jednolite studia magisterskie oferuj\u0105 ci\u0105g\u0142e, zaawansowane kszta\u0142cenie, \u0142\u0105cz\u0105c teoretyczn\u0105 wiedz\u0119 z praktycznymi umiej\u0119tno\u015bciami, przygotowuj\u0105c do pracy w wybranym zawodzie.\",\"breadcrumb\":{\"@id\":\"https:\/\/studia-wroclaw.pl\/jednolite-studia-magisterskie\/#breadcrumb\"},\"inLanguage\":\"en-GB\",\"potentialAction\":[{\"@type\":\"ReadAction\",\"target\":[\"https:\/\/studia-wroclaw.pl\/jednolite-studia-magisterskie\/\"]}]},{\"@type\":\"BreadcrumbList\",\"@id\":\"https:\/\/studia-wroclaw.pl\/jednolite-studia-magisterskie\/#breadcrumb\",\"itemListElement\":[{\"@type\":\"ListItem\",\"position\":1,\"name\":\"Strona g\u0142\u00f3wna\",\"item\":\"https:\/\/studia-wroclaw.pl\/\"},{\"@type\":\"ListItem\",\"position\":2,\"name\":\"Jednolite studia magisterskie\"}]},{\"@type\":\"WebSite\",\"@id\":\"https:\/\/studia-wroclaw.pl\/#website\",\"url\":\"https:\/\/studia-wroclaw.pl\/\",\"name\":\"Studia Wroc\u0142aw\",\"description\":\"\",\"potentialAction\":[{\"@type\":\"SearchAction\",\"target\":{\"@type\":\"EntryPoint\",\"urlTemplate\":\"https:\/\/studia-wroclaw.pl\/?s={search_term_string}\"},\"query-input\":{\"@type\":\"PropertyValueSpecification\",\"valueRequired\":true,\"valueName\":\"search_term_string\"}}],\"inLanguage\":\"en-GB\"}]}<\/script>\n<!-- \/ Yoast SEO plugin. -->","yoast_head_json":{"title":"Jednolite studia magisterskie | studia-wroclaw.pl","description":"Jednolite studia magisterskie oferuj\u0105 ci\u0105g\u0142e, zaawansowane kszta\u0142cenie, \u0142\u0105cz\u0105c teoretyczn\u0105 wiedz\u0119 z praktycznymi umiej\u0119tno\u015bciami, przygotowuj\u0105c do pracy w wybranym zawodzie.","robots":{"index":"index","follow":"follow","max-snippet":"max-snippet:-1","max-image-preview":"max-image-preview:large","max-video-preview":"max-video-preview:-1"},"canonical":"https:\/\/studia-wroclaw.pl\/en\/jednolite-studia-magisterskie\/","og_locale":"en_GB","og_type":"article","og_title":"Jednolite studia magisterskie | studia-wroclaw.pl","og_description":"Jednolite studia magisterskie oferuj\u0105 ci\u0105g\u0142e, zaawansowane kszta\u0142cenie, \u0142\u0105cz\u0105c teoretyczn\u0105 wiedz\u0119 z praktycznymi umiej\u0119tno\u015bciami, przygotowuj\u0105c do pracy w wybranym zawodzie.","og_url":"https:\/\/studia-wroclaw.pl\/en\/jednolite-studia-magisterskie\/","og_site_name":"Studia Wroc\u0142aw","article_modified_time":"2026-04-23T08:51:11+00:00","twitter_card":"summary_large_image","twitter_misc":{"Estimated reading time":"3 minutes"},"schema":{"@context":"https:\/\/schema.org","@graph":[{"@type":"WebPage","@id":"https:\/\/studia-wroclaw.pl\/jednolite-studia-magisterskie\/","url":"https:\/\/studia-wroclaw.pl\/jednolite-studia-magisterskie\/","name":"Jednolite studia magisterskie | studia-wroclaw.pl","isPartOf":{"@id":"https:\/\/studia-wroclaw.pl\/#website"},"datePublished":"2017-02-28T07:57:48+00:00","dateModified":"2026-04-23T08:51:11+00:00","description":"Jednolite studia magisterskie oferuj\u0105 ci\u0105g\u0142e, zaawansowane kszta\u0142cenie, \u0142\u0105cz\u0105c teoretyczn\u0105 wiedz\u0119 z praktycznymi umiej\u0119tno\u015bciami, przygotowuj\u0105c do pracy w wybranym zawodzie.","breadcrumb":{"@id":"https:\/\/studia-wroclaw.pl\/jednolite-studia-magisterskie\/#breadcrumb"},"inLanguage":"en-GB","potentialAction":[{"@type":"ReadAction","target":["https:\/\/studia-wroclaw.pl\/jednolite-studia-magisterskie\/"]}]},{"@type":"BreadcrumbList","@id":"https:\/\/studia-wroclaw.pl\/jednolite-studia-magisterskie\/#breadcrumb","itemListElement":[{"@type":"ListItem","position":1,"name":"Strona g\u0142\u00f3wna","item":"https:\/\/studia-wroclaw.pl\/"},{"@type":"ListItem","position":2,"name":"Jednolite studia magisterskie"}]},{"@type":"WebSite","@id":"https:\/\/studia-wroclaw.pl\/#website","url":"https:\/\/studia-wroclaw.pl\/","name":"Studies Wroclaw","description":"","potentialAction":[{"@type":"SearchAction","target":{"@type":"EntryPoint","urlTemplate":"https:\/\/studia-wroclaw.pl\/?s={search_term_string}"},"query-input":{"@type":"PropertyValueSpecification","valueRequired":true,"valueName":"search_term_string"}}],"inLanguage":"en-GB"}]}},"_links":{"self":[{"href":"https:\/\/studia-wroclaw.pl\/en\/wp-json\/wp\/v2\/pages\/2647","targetHints":{"allow":["GET"]}}],"collection":[{"href":"https:\/\/studia-wroclaw.pl\/en\/wp-json\/wp\/v2\/pages"}],"about":[{"href":"https:\/\/studia-wroclaw.pl\/en\/wp-json\/wp\/v2\/types\/page"}],"author":[{"embeddable":true,"href":"https:\/\/studia-wroclaw.pl\/en\/wp-json\/wp\/v2\/users\/1"}],"replies":[{"embeddable":true,"href":"https:\/\/studia-wroclaw.pl\/en\/wp-json\/wp\/v2\/comments?post=2647"}],"version-history":[{"count":23,"href":"https:\/\/studia-wroclaw.pl\/en\/wp-json\/wp\/v2\/pages\/2647\/revisions"}],"predecessor-version":[{"id":10729,"href":"https:\/\/studia-wroclaw.pl\/en\/wp-json\/wp\/v2\/pages\/2647\/revisions\/10729"}],"wp:attachment":[{"href":"https:\/\/studia-wroclaw.pl\/en\/wp-json\/wp\/v2\/media?parent=2647"}],"curies":[{"name":"wp","href":"https:\/\/api.w.org\/{rel}","templated":true}]}}