{"id":2827,"date":"2024-05-16T16:33:30","date_gmt":"2024-05-16T14:33:30","guid":{"rendered":"https:\/\/studia-wroclaw.pl\/?page_id=2827"},"modified":"2025-12-02T08:17:27","modified_gmt":"2025-12-02T07:17:27","slug":"zapisy","status":"publish","type":"page","link":"https:\/\/studia-wroclaw.pl\/en\/zapisy\/","title":{"rendered":"Records"},"content":{"rendered":"<div class=\"wpb-content-wrapper\"><div class=\"vc_custom_1718109100062\"><div class=\"container\"><div class=\"vc_row wpb_row vc_row-fluid\"><div class=\"wpb_column vc_column_container vc_col-sm-12\"><div class=\"vc_column-inner\"><div class=\"wpb_wrapper\">\n\t<div class=\"wpb_text_column wpb_content_element\" >\n\t\t<div class=\"wpb_wrapper\">\n\t\t\t<h1>Enrolment<\/h1>\n\n\t\t<\/div>\n\t<\/div>\n<\/div><\/div><\/div><\/div><\/div><\/div><div class=\"\"><div class=\"container\"><div class=\"vc_row wpb_row vc_row-fluid\"><div class=\"wpb_column vc_column_container vc_col-sm-12\"><div class=\"vc_column-inner\"><div class=\"wpb_wrapper\">\n\t<div class=\"wpb_text_column wpb_content_element  vc_custom_1748509729591\" >\n\t\t<div class=\"wpb_wrapper\">\n\t\t\t<p>Recruitment is ongoing.<br \/>\nEnrolment is conducted fully online.<\/p>\n\n\t\t<\/div>\n\t<\/div>\n<\/div><\/div><\/div><\/div><\/div><\/div><div class=\"vc_custom_1716412963698\"><div class=\"container\"><div class=\"vc_row wpb_row vc_row-fluid\"><div class=\"wpb_column vc_column_container vc_col-sm-12\"><div class=\"vc_column-inner\"><div class=\"wpb_wrapper\"><div class=\"gt3_process_bar_container row\"><div class=\"gt3_process_bar gt3_process_bar__icon_icon_size_regular span4\"><div class=\"gt3_process_bar__count-container\"><div class=\"gt3_process_bar__count\" style=\"background-color:#272f54;color:#ffffff;\">1<\/div><\/div><div class=\"gt3_process_bar-content-wrapper\"><div class=\"gt3_process_bar__title\"><h2 style=\"color:#192041;font-size: 18px; line-height: 25.2px; \">Select your level of study and major<\/h2><\/div><div class=\"gt3_process_bar__link\" style=\"color:#192041;font-size: 16px; line-height: 22.4px; \"><\/div><\/div><\/div><div class=\"gt3_process_bar gt3_process_bar__icon_icon_size_regular span4\"><div class=\"gt3_process_bar__count-container\"><div class=\"gt3_process_bar__count\" style=\"background-color:#272f54;color:#ffffff;\">2<\/div><\/div><div class=\"gt3_process_bar-content-wrapper\"><div class=\"gt3_process_bar__title\"><h2 style=\"color:#192041;font-size: 18px; line-height: 25.2px; \">Fill in your personal data<\/h2><\/div><\/div><\/div><div class=\"gt3_process_bar gt3_process_bar__icon_icon_size_regular span4\"><div class=\"gt3_process_bar__count-container\"><div class=\"gt3_process_bar__count\" style=\"background-color:#272f54;color:#ffffff;\">3<\/div><\/div><div class=\"gt3_process_bar-content-wrapper\"><div class=\"gt3_process_bar__title\"><h2 style=\"color:#192041;font-size: 18px; line-height: 25.2px; \">Confirm registration and make payment<\/h2><\/div><\/div><\/div><\/div>  \r\n<\/div><\/div><\/div><\/div><\/div><\/div><div class=\"\"><div class=\"container\"><div class=\"vc_row wpb_row vc_row-fluid\"><div class=\"wpb_column vc_column_container vc_col-sm-12\"><div class=\"vc_column-inner\"><div class=\"wpb_wrapper\">\n\t<div class=\"wpb_raw_code wpb_content_element wpb_raw_html vc_custom_1750849986271\" >\n\t\t<div class=\"wpb_wrapper\">\n\t\t\t[enrollment type=general]\n\t\t<\/div>\n\t<\/div>\n<\/div><\/div><\/div><\/div><\/div><\/div>\n<\/div>","protected":false},"excerpt":{"rendered":"Zapisy na studia Rekrutacja trwa. Zapisy na studia prowadzone s\u0105 w pe\u0142ni online. 1Wybierz poziom studi\u00f3w i kierunek2Uzupe\u0142nij dane osobowe3Potwierd\u017a rejestracj\u0119 i dokonaj p\u0142atno\u015bci [enrollment type=ogolny]","protected":false},"author":1,"featured_media":0,"parent":0,"menu_order":0,"comment_status":"closed","ping_status":"closed","template":"","meta":{"om_disable_all_campaigns":false,"footnotes":""},"class_list":["post-2827","page","type-page","status-publish","hentry"],"yoast_head":"<!-- This site is optimized with the Yoast SEO plugin v25.9 - https:\/\/yoast.com\/wordpress\/plugins\/seo\/ -->\n<title>Zapisy na studia | studia-wroclaw.pl<\/title>\n<meta name=\"description\" content=\"Rekrutacja na studia-wroclaw.pl odbywa si\u0119 w pe\u0142ni online \u2013 sprawd\u017a terminy, wymagane dokumenty oraz op\u0142aty rekrutacyjne. Prosta rekrutacja, jasne terminy i wsparcie na ka\u017cdym etapie.\" \/>\n<meta name=\"robots\" content=\"index, follow, max-snippet:-1, max-image-preview:large, max-video-preview:-1\" \/>\n<link rel=\"canonical\" href=\"https:\/\/studia-wroclaw.pl\/en\/zapisy\/\" \/>\n<meta property=\"og:locale\" content=\"en_GB\" \/>\n<meta property=\"og:type\" content=\"article\" \/>\n<meta property=\"og:title\" content=\"Zapisy na studia | studia-wroclaw.pl\" \/>\n<meta property=\"og:description\" content=\"Rekrutacja na studia-wroclaw.pl odbywa si\u0119 w pe\u0142ni online \u2013 sprawd\u017a terminy, wymagane dokumenty oraz op\u0142aty rekrutacyjne. Prosta rekrutacja, jasne terminy i wsparcie na ka\u017cdym etapie.\" \/>\n<meta property=\"og:url\" content=\"https:\/\/studia-wroclaw.pl\/en\/zapisy\/\" \/>\n<meta property=\"og:site_name\" content=\"Studia Wroc\u0142aw\" \/>\n<meta property=\"article:modified_time\" content=\"2025-12-02T07:17:27+00:00\" \/>\n<meta name=\"twitter:card\" content=\"summary_large_image\" \/>\n<meta name=\"twitter:label1\" content=\"Estimated reading time\" \/>\n\t<meta name=\"twitter:data1\" content=\"1 minute\" \/>\n<script type=\"application\/ld+json\" class=\"yoast-schema-graph\">{\"@context\":\"https:\/\/schema.org\",\"@graph\":[{\"@type\":\"WebPage\",\"@id\":\"https:\/\/studia-wroclaw.pl\/zapisy\/\",\"url\":\"https:\/\/studia-wroclaw.pl\/zapisy\/\",\"name\":\"Zapisy na studia | studia-wroclaw.pl\",\"isPartOf\":{\"@id\":\"https:\/\/studia-wroclaw.pl\/#website\"},\"datePublished\":\"2024-05-16T14:33:30+00:00\",\"dateModified\":\"2025-12-02T07:17:27+00:00\",\"description\":\"Rekrutacja na studia-wroclaw.pl odbywa si\u0119 w pe\u0142ni online \u2013 sprawd\u017a terminy, wymagane dokumenty oraz op\u0142aty rekrutacyjne. Prosta rekrutacja, jasne terminy i wsparcie na ka\u017cdym etapie.\",\"breadcrumb\":{\"@id\":\"https:\/\/studia-wroclaw.pl\/zapisy\/#breadcrumb\"},\"inLanguage\":\"en-GB\",\"potentialAction\":[{\"@type\":\"ReadAction\",\"target\":[\"https:\/\/studia-wroclaw.pl\/zapisy\/\"]}]},{\"@type\":\"BreadcrumbList\",\"@id\":\"https:\/\/studia-wroclaw.pl\/zapisy\/#breadcrumb\",\"itemListElement\":[{\"@type\":\"ListItem\",\"position\":1,\"name\":\"Strona g\u0142\u00f3wna\",\"item\":\"https:\/\/studia-wroclaw.pl\/\"},{\"@type\":\"ListItem\",\"position\":2,\"name\":\"Zapisy\"}]},{\"@type\":\"WebSite\",\"@id\":\"https:\/\/studia-wroclaw.pl\/#website\",\"url\":\"https:\/\/studia-wroclaw.pl\/\",\"name\":\"Studia Wroc\u0142aw\",\"description\":\"\",\"potentialAction\":[{\"@type\":\"SearchAction\",\"target\":{\"@type\":\"EntryPoint\",\"urlTemplate\":\"https:\/\/studia-wroclaw.pl\/?s={search_term_string}\"},\"query-input\":{\"@type\":\"PropertyValueSpecification\",\"valueRequired\":true,\"valueName\":\"search_term_string\"}}],\"inLanguage\":\"en-GB\"}]}<\/script>\n<!-- \/ Yoast SEO plugin. -->","yoast_head_json":{"title":"Zapisy na studia | studia-wroclaw.pl","description":"Rekrutacja na studia-wroclaw.pl odbywa si\u0119 w pe\u0142ni online \u2013 sprawd\u017a terminy, wymagane dokumenty oraz op\u0142aty rekrutacyjne. Prosta rekrutacja, jasne terminy i wsparcie na ka\u017cdym etapie.","robots":{"index":"index","follow":"follow","max-snippet":"max-snippet:-1","max-image-preview":"max-image-preview:large","max-video-preview":"max-video-preview:-1"},"canonical":"https:\/\/studia-wroclaw.pl\/en\/zapisy\/","og_locale":"en_GB","og_type":"article","og_title":"Zapisy na studia | studia-wroclaw.pl","og_description":"Rekrutacja na studia-wroclaw.pl odbywa si\u0119 w pe\u0142ni online \u2013 sprawd\u017a terminy, wymagane dokumenty oraz op\u0142aty rekrutacyjne. Prosta rekrutacja, jasne terminy i wsparcie na ka\u017cdym etapie.","og_url":"https:\/\/studia-wroclaw.pl\/en\/zapisy\/","og_site_name":"Studia Wroc\u0142aw","article_modified_time":"2025-12-02T07:17:27+00:00","twitter_card":"summary_large_image","twitter_misc":{"Estimated reading time":"1 minute"},"schema":{"@context":"https:\/\/schema.org","@graph":[{"@type":"WebPage","@id":"https:\/\/studia-wroclaw.pl\/zapisy\/","url":"https:\/\/studia-wroclaw.pl\/zapisy\/","name":"Zapisy na studia | studia-wroclaw.pl","isPartOf":{"@id":"https:\/\/studia-wroclaw.pl\/#website"},"datePublished":"2024-05-16T14:33:30+00:00","dateModified":"2025-12-02T07:17:27+00:00","description":"Rekrutacja na studia-wroclaw.pl odbywa si\u0119 w pe\u0142ni online \u2013 sprawd\u017a terminy, wymagane dokumenty oraz op\u0142aty rekrutacyjne. Prosta rekrutacja, jasne terminy i wsparcie na ka\u017cdym etapie.","breadcrumb":{"@id":"https:\/\/studia-wroclaw.pl\/zapisy\/#breadcrumb"},"inLanguage":"en-GB","potentialAction":[{"@type":"ReadAction","target":["https:\/\/studia-wroclaw.pl\/zapisy\/"]}]},{"@type":"BreadcrumbList","@id":"https:\/\/studia-wroclaw.pl\/zapisy\/#breadcrumb","itemListElement":[{"@type":"ListItem","position":1,"name":"Strona g\u0142\u00f3wna","item":"https:\/\/studia-wroclaw.pl\/"},{"@type":"ListItem","position":2,"name":"Zapisy"}]},{"@type":"WebSite","@id":"https:\/\/studia-wroclaw.pl\/#website","url":"https:\/\/studia-wroclaw.pl\/","name":"Studies Wroclaw","description":"","potentialAction":[{"@type":"SearchAction","target":{"@type":"EntryPoint","urlTemplate":"https:\/\/studia-wroclaw.pl\/?s={search_term_string}"},"query-input":{"@type":"PropertyValueSpecification","valueRequired":true,"valueName":"search_term_string"}}],"inLanguage":"en-GB"}]}},"_links":{"self":[{"href":"https:\/\/studia-wroclaw.pl\/en\/wp-json\/wp\/v2\/pages\/2827","targetHints":{"allow":["GET"]}}],"collection":[{"href":"https:\/\/studia-wroclaw.pl\/en\/wp-json\/wp\/v2\/pages"}],"about":[{"href":"https:\/\/studia-wroclaw.pl\/en\/wp-json\/wp\/v2\/types\/page"}],"author":[{"embeddable":true,"href":"https:\/\/studia-wroclaw.pl\/en\/wp-json\/wp\/v2\/users\/1"}],"replies":[{"embeddable":true,"href":"https:\/\/studia-wroclaw.pl\/en\/wp-json\/wp\/v2\/comments?post=2827"}],"version-history":[{"count":42,"href":"https:\/\/studia-wroclaw.pl\/en\/wp-json\/wp\/v2\/pages\/2827\/revisions"}],"predecessor-version":[{"id":7902,"href":"https:\/\/studia-wroclaw.pl\/en\/wp-json\/wp\/v2\/pages\/2827\/revisions\/7902"}],"wp:attachment":[{"href":"https:\/\/studia-wroclaw.pl\/en\/wp-json\/wp\/v2\/media?parent=2827"}],"curies":[{"name":"wp","href":"https:\/\/api.w.org\/{rel}","templated":true}]}}