{"id":3088,"date":"2024-05-26T21:31:13","date_gmt":"2024-05-26T19:31:13","guid":{"rendered":"https:\/\/studia-wroclaw.pl\/?page_id=3088"},"modified":"2026-04-01T14:39:04","modified_gmt":"2026-04-01T12:39:04","slug":"biblioteka","status":"publish","type":"page","link":"https:\/\/studia-wroclaw.pl\/en\/biblioteka\/","title":{"rendered":"Library"},"content":{"rendered":"<div class=\"wpb-content-wrapper\"><div class=\"vc_custom_1772727440099\"><div class=\"container\"><div class=\"vc_row wpb_row vc_row-fluid vc_row-o-content-middle vc_row-flex\"><div class=\"wpb_column vc_column_container vc_col-sm-3\"><div class=\"vc_column-inner\"><div class=\"wpb_wrapper\">\n\t<div  class=\"wpb_single_image wpb_content_element vc_align_left\">\n\t\t\n\t\t<figure class=\"wpb_wrapper vc_figure\">\n\t\t\t<div class=\"vc_single_image-wrapper   vc_box_border_grey\"><img loading=\"lazy\" decoding=\"async\" width=\"365\" height=\"352\" src=\"https:\/\/studia-wroclaw.pl\/wp-content\/uploads\/2024\/05\/biblioteka.png\" class=\"vc_single_image-img attachment-full\" alt=\"Biblioteka\" title=\"\" srcset=\"https:\/\/studia-wroclaw.pl\/wp-content\/uploads\/2024\/05\/biblioteka.png 365w, https:\/\/studia-wroclaw.pl\/wp-content\/uploads\/2024\/05\/biblioteka-300x289.png 300w\" sizes=\"auto, (max-width: 365px) 100vw, 365px\" \/><\/div>\n\t\t<\/figure>\n\t<\/div>\n<\/div><\/div><\/div><div class=\"wpb_column vc_column_container vc_col-sm-9\"><div class=\"vc_column-inner\"><div class=\"wpb_wrapper\">\n\t<div class=\"wpb_text_column wpb_content_element\" >\n\t\t<div class=\"wpb_wrapper\">\n\t\t\t<h1>Library<\/h1>\n\n\t\t<\/div>\n\t<\/div>\n\n\t<div class=\"wpb_text_column wpb_content_element  vc_custom_1773394249890\" >\n\t\t<div class=\"wpb_wrapper\">\n\t\t\t<p>Biblioteka Wy\u017cszej Szko\u0142y Kszta\u0142cenia Zawodowego jest og\u00f3lnouczelnian\u0105 jednostk\u0105 organizacyjn\u0105 o zadaniach dydaktycznych, us\u0142ugowych i naukowych.<\/p>\n<p>Misj\u0105 Biblioteki jest wspieranie proces\u00f3w naukowo-badawczych i edukacyjnych w Wy\u017cszej Szkole Kszta\u0142cenia Zawodowego, zgodnie z oczekiwaniami i potrzebami kadry naukowej i student\u00f3w oraz zaspokajanie potrzeb biblioteczno-informacyjnych jej u\u017cytkownik\u00f3w.<\/p>\n<p>Biblioteka Wy\u017cszej Szko\u0142y Kszta\u0142cenia Zawodowego znajduje si\u0119 na 8. pi\u0119trze budynku Sky Tower przy ul. Gwia\u017adzistej 66 we Wroc\u0142awiu.<\/p>\n\n\t\t<\/div>\n\t<\/div>\n<div class=\"gt3_spacing\"><div class=\"gt3_spacing-height gt3_spacing-height_default\" style=\"height:32px;\"><\/div><\/div>  \r\n<div class=\"vc_btn3-container vc_btn3-inline\" ><a class=\"vc_general vc_btn3 vc_btn3-size-md vc_btn3-shape-round vc_btn3-style-modern vc_btn3-color-grey\" href=\"https:\/\/studia-wroclaw.pl\/wp-content\/uploads\/2026\/04\/Regulamin-Biblioteki-04-2026.pdf\" title=\"\" target=\"_blank\">Regulamin biblioteki<\/a><\/div><\/div><\/div><\/div><\/div><\/div><\/div><div class=\"vc_custom_1772729098797\"><div class=\"container\"><div class=\"vc_row wpb_row vc_row-fluid\"><div class=\"wpb_column vc_column_container vc_col-sm-12\"><div class=\"vc_column-inner\"><div class=\"wpb_wrapper\">\n\t<div class=\"wpb_text_column wpb_content_element\" >\n\t\t<div class=\"wpb_wrapper\">\n\t\t\t<h3><strong>Do najwa\u017cniejszych zada\u0144 Biblioteki nale\u017cy:<\/strong><\/h3>\n\n\t\t<\/div>\n\t<\/div>\n\n\t<div class=\"wpb_text_column wpb_content_element  vc_custom_1772727425420\" >\n\t\t<div class=\"wpb_wrapper\">\n\t\t\t<ul>\n<li>Gromadzenie, opracowywanie i udost\u0119pnianie zbior\u00f3w z dyscyplin oferowanych w programie studi\u00f3w WSKZ,<\/li>\n<li>Zapewnienie dost\u0119pu do \u015bwiatowych zasob\u00f3w informacyjnych,<\/li>\n<li>Rozwijanie i unowocze\u015bnianie swoich us\u0142ug,<\/li>\n<li>Sta\u0142e podwy\u017cszanie kwalifikacji zawodowych pracownik\u00f3w biblioteki w celu zapewnienia najwy\u017cszego poziomu us\u0142ug bibliotecznych,<\/li>\n<li>Szkolenie u\u017cytkownik\u00f3w dla potrzeb procesu edukacyjnego oraz samokszta\u0142cenia,<\/li>\n<li>Promocja biblioteki w \u015brodowisku.<\/li>\n<\/ul>\n\n\t\t<\/div>\n\t<\/div>\n<div class=\"gt3_spacing\"><div class=\"gt3_spacing-height gt3_spacing-height_default\" style=\"height:32px;\"><\/div><\/div>  \r\n\n\t<div class=\"wpb_text_column wpb_content_element  vc_custom_1772727461719\" >\n\t\t<div class=\"wpb_wrapper\">\n\t\t\t<p>Biblioteka umo\u017cliwia r\u00f3wnie\u017c dost\u0119p do elektronicznych \u017ar\u00f3de\u0142 informacji \u2013 pe\u0142notekstowych naukowych baz danych (e-ksi\u0105\u017cek, e-czasopism) oraz baz bibliograficzno-abstraktowych, a tak\u017ce narz\u0119dzi niezb\u0119dnych w procesach dydaktycznych i naukowych.<\/p>\n<p>Biblioteka WSKZ jest przestrzeni\u0105 przyjazn\u0105 osobom z niepe\u0142nosprawno\u015bciami.<\/p>\n\n\t\t<\/div>\n\t<\/div>\n<\/div><\/div><\/div><\/div><\/div><\/div><div data-vc-full-width=\"true\" data-vc-full-width-init=\"false\" class=\"vc_custom_1772729395612\"><div class=\"container\"><div class=\"vc_row wpb_row vc_row-fluid vc_row-has-fill vc_row-o-content-middle vc_row-flex\"><div class=\"wpb_column vc_column_container vc_col-sm-4\"><div class=\"vc_column-inner\"><div class=\"wpb_wrapper\">\n\t<div class=\"wpb_text_column wpb_content_element\" >\n\t\t<div class=\"wpb_wrapper\">\n\t\t\t<h3>Katalog<\/h3>\n\n\t\t<\/div>\n\t<\/div>\n\n\t<div class=\"wpb_text_column wpb_content_element  vc_custom_1773398108080\" >\n\t\t<div class=\"wpb_wrapper\">\n\t\t\t<p><a href=\"https:\/\/m6220.lib.mol.pl\/\">https:\/\/m6220.lib.mol.pl\/<\/a><br \/>\n<a href=\"https:\/\/www.biblioteka.edukacja.wroc.pl\/\">https:\/\/www.biblioteka.edukacja.wroc.pl\/<\/a><\/p>\n\n\t\t<\/div>\n\t<\/div>\n\n\t<div  class=\"wpb_single_image wpb_content_element vc_align_left  vc_custom_1772728173049\">\n\t\t\n\t\t<figure class=\"wpb_wrapper vc_figure\">\n\t\t\t<div class=\"vc_single_image-wrapper   vc_box_border_grey\"><img decoding=\"async\" class=\"vc_single_image-img\" src=\"https:\/\/studia-wroclaw.pl\/wp-content\/uploads\/2024\/05\/biblioteka-studia-wroclaw-100x100.png\" width=\"100\" height=\"100\" alt=\"Biblioteka - godziny pracy\" title=\"\" loading=\"lazy\" \/><\/div>\n\t\t<\/figure>\n\t<\/div>\n<\/div><\/div><\/div><div class=\"wpb_column vc_column_container vc_col-sm-4\"><div class=\"vc_column-inner\"><div class=\"wpb_wrapper\">\n\t<div class=\"wpb_text_column wpb_content_element\" >\n\t\t<div class=\"wpb_wrapper\">\n\t\t\t<h3>Godziny otwarcia<\/h3>\n\n\t\t<\/div>\n\t<\/div>\n\n\t<div class=\"wpb_text_column wpb_content_element\" >\n\t\t<div class=\"wpb_wrapper\">\n\t\t\t<p>Poniedzia\u0142ek \u2013 pi\u0105tek od 9.00 do 15.00<br \/>\noraz podczas zjazd\u00f3w od 9.00 do 17.00<\/p>\n\n\t\t<\/div>\n\t<\/div>\n<\/div><\/div><\/div><div class=\"wpb_column vc_column_container vc_col-sm-4\"><div class=\"vc_column-inner\"><div class=\"wpb_wrapper\">\n\t<div class=\"wpb_text_column wpb_content_element\" >\n\t\t<div class=\"wpb_wrapper\">\n\t\t\t<h3>Contact<\/h3>\n\n\t\t<\/div>\n\t<\/div>\n\n\t<div class=\"wpb_text_column wpb_content_element  vc_custom_1775033520116\" >\n\t\t<div class=\"wpb_wrapper\">\n\t\t\t<p><strong>Biblioteka Wy\u017cszej Szko\u0142y Kszta\u0142cenia Zawodowego<br \/>\n<\/strong>Kierownik Biblioteki WSKZ<br \/>\nDr Arkadiusz Smagacz<br \/>\n<a href=\"mailto:arkadiusz.smagacz@wskz.pl\">arkadiusz.smagacz@wskz.pl<\/a><\/p>\n<p><strong>Adres mailowy biblioteki:<\/strong><br \/>\n<a href=\"mailto:biblioteka@wskz.pl\"><strong>biblioteka@wskz.pl<\/strong><\/a><\/p>\n\n\t\t<\/div>\n\t<\/div>\n<\/div><\/div><\/div><\/div><\/div><\/div><div class=\"vc_row-full-width vc_clearfix\"><\/div><div class=\"vc_custom_1772728217931\"><div class=\"container\"><div class=\"vc_row wpb_row vc_row-fluid\"><div class=\"wpb_column vc_column_container vc_col-sm-12\"><div class=\"vc_column-inner\"><div class=\"wpb_wrapper\">\n\t<div class=\"wpb_text_column wpb_content_element\" >\n\t\t<div class=\"wpb_wrapper\">\n\t\t\t<h3>E-zasoby<\/h3>\n\n\t\t<\/div>\n\t<\/div>\n\n\t<div class=\"wpb_text_column wpb_content_element  vc_custom_1773833611269\" >\n\t\t<div class=\"wpb_wrapper\">\n\t\t\t<table style=\"border-collapse: collapse; width: 100%; border: none;\">\n<tbody>\n<tr>\n<td style=\"padding: 10px 0; border: none;\"><a href=\"https:\/\/www.academica.edu.pl\/\" style=\"color: #0000ff; text-decoration: underline; font-weight: bold;\">Academica<\/a><br \/>\nWypo\u017cyczalnia Academica umo\u017cliwia korzystanie ze zbior\u00f3w cyfrowych Biblioteki Narodowej<\/td>\n<\/tr>\n<tr>\n<td style=\"padding: 10px 0; border: none;\"><a href=\"https:\/\/www.abc.uw.edu.pl\/\" style=\"color: #0000ff; text-decoration: underline; font-weight: bold;\">Akademicka Biblioteka Cyfrowa<\/a><br \/>\nSystem biblioteczny kataloguj\u0105cy i wsp\u00f3\u0142dziel\u0105cy zbiory opracowane w specjalnych formatach dostosowanych do potrzeb os\u00f3b z niepe\u0142nosprawno\u015bciami<\/td>\n<\/tr>\n<tr>\n<td style=\"padding: 10px 0; border: none;\"><a href=\"https:\/\/bazhum.muzhp.pl\/\" style=\"color: #0000ff; text-decoration: underline; font-weight: bold;\">BazHum<\/a><br \/>\nBaza bibliograficzna metadanych polskich naukowych czasopism humanistycznych i spo\u0142ecznych<\/td>\n<\/tr>\n<tr>\n<td style=\"padding: 10px 0; border: none;\"><a href=\"https:\/\/baztech.icm.edu.pl\/\" style=\"color: #0000ff; text-decoration: underline; font-weight: bold;\">BazTech<\/a><br \/>\nBaza danych o zawarto\u015bci polskich czasopism technicznych<\/td>\n<\/tr>\n<tr>\n<td style=\"padding: 10px 0; border: none;\"><a href=\"http:\/\/baztol.library.put.poznan.pl\/baztol\/pl\/baztol.html\" style=\"color: #0000ff; text-decoration: underline; font-weight: bold;\">BazTOL<\/a><br \/>\nZasoby sieciowe z nauk technicznych, m.in. z architektury i urbanistyki, transportu i zarz\u0105dzania<\/td>\n<\/tr>\n<tr>\n<td style=\"padding: 10px 0; border: none;\"><a href=\"https:\/\/bibliotekanauki.pl\/\" style=\"color: #0000ff; text-decoration: underline; font-weight: bold;\">Science Library<\/a><br \/>\nNajwi\u0119ksza baza naukowa w Polsce<\/td>\n<\/tr>\n<tr>\n<td style=\"padding: 10px 0; border: none;\"><a href=\"https:\/\/cejsh.icm.edu.pl\/cejsh\/search\/article.action?cid=5f9b5f3b-b41e-41f9-aa44-a2ccd2f05004\" style=\"color: #0000ff; text-decoration: underline; font-weight: bold;\">CEJSH<\/a><br \/>\nBaza danych o zawarto\u015bci europejskich czasopism z nauk spo\u0142ecznych i humanistycznych<\/td>\n<\/tr>\n<tr>\n<td style=\"padding: 10px 0; border: none;\"><a href=\"https:\/\/open.icm.edu.pl\/home\" style=\"color: #0000ff; text-decoration: underline; font-weight: bold;\">CEON<\/a><br \/>\nRepozytorium publikacji polskich naukowc\u00f3w w otwartym dost\u0119pie<\/td>\n<\/tr>\n<tr>\n<td style=\"padding: 10px 0; border: none;\"><a href=\"https:\/\/www.doabooks.org\/\" style=\"color: #0000ff; text-decoration: underline; font-weight: bold;\">Directory of Open Access Books<\/a><br \/>\nIndeksuje i zapewnia dost\u0119p do naukowych, recenzowanych ksi\u0105\u017cek o otwartym dost\u0119pie<\/td>\n<\/tr>\n<tr>\n<td style=\"padding: 10px 0; border: none;\"><a href=\"https:\/\/biblio.ebookpoint.pl\/logowanie\" style=\"color: #0000ff; text-decoration: underline; font-weight: bold;\">ebookpoint BIBLIO<\/a><br \/>\nNowoczesna platforma edukacyjna<\/td>\n<\/tr>\n<tr>\n<td style=\"padding: 10px 0; border: none;\"><a href=\"https:\/\/search.ebscohost.com\/login.aspx?clientid=awgycIx57MrwnDQ5h4Ue6yCVEP0r5Mt9&amp;authtype=oauth2%2Curl&amp;reqId=aaa558b1-e8fa-4fb1-a4e2-b8a079bb6eca&amp;uselogon=y\" style=\"color: #0000ff; text-decoration: underline; font-weight: bold;\">EBSCO<\/a><br \/>\nBaza materia\u0142\u00f3w pe\u0142notekstowych oraz opis\u00f3w bibliograficznych<\/td>\n<\/tr>\n<tr>\n<td style=\"padding: 10px 0; border: none;\"><a href=\"https:\/\/eric.ed.gov\/\" style=\"color: #0000ff; text-decoration: underline; font-weight: bold;\">ERIC<\/a><br \/>\nInternetowa biblioteka pedagogiczna Departamentu Edukacji Stan\u00f3w Zjednoczonych<\/td>\n<\/tr>\n<tr>\n<td style=\"padding: 10px 0; border: none;\"><a href=\"https:\/\/www.europeana.eu\/pl\" style=\"color: #0000ff; text-decoration: underline; font-weight: bold;\">Europeana<\/a><br \/>\nWirtualna Biblioteka Europejska udost\u0119pnia cyfrowe zasoby bibliotek oraz instytucji naukowych i kulturalnych kraj\u00f3w Unii Europejskiej<\/td>\n<\/tr>\n<tr>\n<td style=\"padding: 10px 0; border: none;\"><a href=\"https:\/\/fbc.pionier.net.pl\/\" style=\"color: #0000ff; text-decoration: underline; font-weight: bold;\">Federacja Bibliotek Cyfrowych<\/a><br \/>\nSerwis umo\u017cliwiaj\u0105cy przeszukiwanie zasob\u00f3w polskich bibliotek cyfrowych zrzeszonych w FBC<\/td>\n<\/tr>\n<tr>\n<td style=\"padding: 10px 0; border: none;\"><a href=\"https:\/\/libra.ibuk.pl\/ksiazki-w-moich-bibliotekach\" style=\"color: #0000ff; text-decoration: underline; font-weight: bold;\">Ibuk Libra<\/a><br \/>\nCzytelnia on-line podr\u0119cznik\u00f3w akademickich i ksi\u0105\u017cek naukowych w j\u0119zyku polskim<\/td>\n<\/tr>\n<tr>\n<td style=\"padding: 10px 0; border: none;\"><a href=\"https:\/\/www.jstor.org\/\" style=\"color: #0000ff; text-decoration: underline; font-weight: bold;\">JSTOR<\/a><br \/>\nWielodziedzinowa biblioteka cyfrowa czasopism, ksi\u0105\u017cek i dokument\u00f3w \u017ar\u00f3d\u0142owych<\/td>\n<\/tr>\n<tr>\n<td style=\"padding: 10px 0; border: none;\"><a href=\"https:\/\/borg.wolterskluwer.pl\/Auth\/ChooseProductForIpAccessForAnonymousUser.ashx?applicationId=SelfService&amp;referer=https%3A%2F%2Fborg.wolterskluwer.pl%2FAuth%2FChooseProductForIpAccess.ashx\" style=\"color: #0000ff; text-decoration: underline; font-weight: bold;\">Lex Akademia<\/a><br \/>\nKompletny i nieustannie aktualizowany zbi\u00f3r przepis\u00f3w prawa, orzecznictwa i pi\u015bmiennictwa prawniczego<\/td>\n<\/tr>\n<tr>\n<td style=\"padding: 10px 0; border: none;\"><a href=\"https:\/\/katalog.nukat.edu.pl\/\" style=\"color: #0000ff; text-decoration: underline; font-weight: bold;\">NUKAT<\/a><br \/>\nKatalog centralny polskich bibliotek naukowych i akademickich<\/td>\n<\/tr>\n<tr>\n<td style=\"padding: 10px 0; border: none;\"><a href=\"https:\/\/www.oapen.org\/\" style=\"color: #0000ff; text-decoration: underline; font-weight: bold;\">OAPEN<\/a><br \/>\nPlatforma cyfrowa, oferuj\u0105ca darmowy dost\u0119p do zrecenzowanych ksi\u0105\u017cek naukowych, g\u0142\u00f3wnie z zakresu nauk humanistycznych i spo\u0142ecznych<\/td>\n<\/tr>\n<tr>\n<td style=\"padding: 10px 0; border: none;\"><a href=\"https:\/\/opendoar.ac.uk\/\" style=\"color: #0000ff; text-decoration: underline; font-weight: bold;\">OpenDOAR<\/a><br \/>\n\u015awiatowy katalog repozytori\u00f3w otwartego dost\u0119pu i ich polityk<\/td>\n<\/tr>\n<tr>\n<td style=\"padding: 10px 0; border: none;\"><a href=\"https:\/\/pbc.up.krakow.pl\/dlibra\" style=\"color: #0000ff; text-decoration: underline; font-weight: bold;\">Pedagogiczna Biblioteka Cyfrowa<\/a><br \/>\nBiblioteka umo\u017cliwia dost\u0119p do wydawnictw Uniwersytetu Komisji Edukacji Narodowej w Krakowie<\/td>\n<\/tr>\n<tr>\n<td style=\"padding: 10px 0; border: none;\"><a href=\"https:\/\/polona.pl\/\" style=\"color: #0000ff; text-decoration: underline; font-weight: bold;\">Polona<\/a><br \/>\nCyfrowa biblioteka udost\u0119pnia najwa\u017cniejsze obiekty ze zbior\u00f3w Biblioteki Narodowej<\/td>\n<\/tr>\n<tr>\n<td style=\"padding: 10px 0; border: none;\"><a href=\"https:\/\/www.scopus.com\/pages\/home#basic\" style=\"color: #0000ff; text-decoration: underline; font-weight: bold;\">SCOPUS<\/a><br \/>\nBaza naukowej literatury recenzowanej<\/td>\n<\/tr>\n<tr>\n<td style=\"padding: 10px 0; border: none;\"><a href=\"https:\/\/www.gesis.org\/en\/ssoar\" style=\"color: #0000ff; text-decoration: underline; font-weight: bold;\">SSOAR<\/a><br \/>\nOtwarte repozytorium naukowe, kt\u00f3re umo\u017cliwia bezp\u0142atny dost\u0119p do pe\u0142nych tekst\u00f3w publikacji z zakresu nauk spo\u0142ecznych<\/td>\n<\/tr>\n<tr>\n<td style=\"padding: 10px 0; border: none;\"><a href=\"https:\/\/www.ssrn.com\/ssrn\/\" style=\"color: #0000ff; text-decoration: underline; font-weight: bold;\">SSRN<\/a><br \/>\nMi\u0119dzynarodowa baza s\u0142u\u017c\u0105ca rozpowszechnianiu nauki w r\u00f3\u017cnych dziedzinach nauk spo\u0142ecznych, w tym naukach prawnych<\/td>\n<\/tr>\n<tr>\n<td style=\"padding: 10px 0; border: none;\"><a href=\"https:\/\/wbn.icm.edu.pl\/\" style=\"color: #0000ff; text-decoration: underline; font-weight: bold;\">Wirtualna Biblioteka Nauki<\/a><br \/>\nDost\u0119p do najwa\u017cniejszych \u015bwiatowych wydawnictw naukowych<\/td>\n<\/tr>\n<tr>\n<td style=\"padding: 10px 0; border: none;\"><a href=\"https:\/\/search.worldcat.org\/\" style=\"color: #0000ff; text-decoration: underline; font-weight: bold;\">WorldCat<\/a><br \/>\nNajwi\u0119kszy \u015bwiatowy katalog bibliograficzny<\/td>\n<\/tr>\n<tr>\n<td style=\"padding: 10px 0; border: none;\"><a href=\"https:\/\/openstax.pl\/\" style=\"color: #0000ff; text-decoration: underline; font-weight: bold;\">OpenStax<\/a><br \/>\nPortal oferuj\u0105cy darmowy dost\u0119p do recenzowanych, otwartych podr\u0119cznik\u00f3w akademickich z r\u00f3\u017cnych dziedzin nauki.<\/td>\n<\/tr>\n<\/tbody>\n<\/table>\n\n\t\t<\/div>\n\t<\/div>\n<\/div><\/div><\/div><\/div><\/div><\/div><div data-vc-full-width=\"true\" data-vc-full-width-init=\"false\" class=\"vc_custom_1772728066371\"><div class=\"container\"><div class=\"vc_row wpb_row vc_row-fluid vc_row-has-fill vc_row-o-content-middle vc_row-flex\"><div class=\"wpb_column vc_column_container vc_col-sm-12\"><div class=\"vc_column-inner\"><div class=\"wpb_wrapper\">\n\t<div class=\"wpb_text_column wpb_content_element\" >\n\t\t<div class=\"wpb_wrapper\">\n\t\t\t<h3><strong>Czasopisma online<\/strong><\/h3>\n\n\t\t<\/div>\n\t<\/div>\n\n\t<div class=\"wpb_text_column wpb_content_element  vc_custom_1773409887637\" >\n\t\t<div class=\"wpb_wrapper\">\n\t\t\t<p><strong>Czasopisma wielodziedzinowe<\/strong><\/p>\n<ul>\n<li><a href=\"https:\/\/apcz.umk.pl\/\">Akademicka Platforma Czasopism<\/a><\/li>\n<li><a href=\"https:\/\/arianta.pl\/#\/szukaj\">Arianta. Naukowe i bran\u017cowe polskie czasopisma elektroniczne<\/a><\/li>\n<li><a href=\"https:\/\/doaj.org\/\">Directory of Open Access Journals<\/a><\/li>\n<li><a href=\"https:\/\/ezb.uni-regensburg.de\/\">Elektronische Zeitschriftenbibliothek<\/a><\/li>\n<li><a href=\"https:\/\/ejournals.eu\/\">Portal Czasopism Naukowych &#8211; eJournals<\/a><\/li>\n<\/ul>\n<p><strong>Czasopisma wsp\u00f3\u0142wydawane przez Wy\u017csz\u0105 Szko\u0142\u0119 Kszta\u0142cenia Zawodowego<\/strong><\/p>\n<ul>\n<li><a href=\"https:\/\/ejournals.eu\/czasopismo\/pb-ls\">Prawo i Bezpiecze\u0144stwo<\/a><\/li>\n<li><a href=\"https:\/\/ejournals.eu\/czasopismo\/pomorskie-studia-naukowe\">Pomorskie Studia Naukowe<\/a><\/li>\n<\/ul>\n<p>&nbsp;<\/p>\n<p><strong>Zaproponuj zakup lub dost\u0119p <\/strong><\/p>\n<p><u>biblioteka@wskz.pl<\/u><\/p>\n\n\t\t<\/div>\n\t<\/div>\n<\/div><\/div><\/div><\/div><\/div><\/div><div class=\"vc_row-full-width vc_clearfix\"><\/div>\n<\/div>","protected":false},"excerpt":{"rendered":"Biblioteka Biblioteka Wy\u017cszej Szko\u0142y Kszta\u0142cenia Zawodowego jest og\u00f3lnouczelnian\u0105 jednostk\u0105 organizacyjn\u0105 o zadaniach dydaktycznych, us\u0142ugowych i naukowych. Misj\u0105 Biblioteki jest wspieranie proces\u00f3w naukowo-badawczych i edukacyjnych w Wy\u017cszej Szkole Kszta\u0142cenia Zawodowego, zgodnie z oczekiwaniami i potrzebami kadry naukowej i student\u00f3w oraz zaspokajanie potrzeb biblioteczno-informacyjnych jej u\u017cytkownik\u00f3w. Biblioteka Wy\u017cszej Szko\u0142y Kszta\u0142cenia Zawodowego znajduje si\u0119 na 8. pi\u0119trze budynku [...]","protected":false},"author":1,"featured_media":0,"parent":0,"menu_order":0,"comment_status":"closed","ping_status":"closed","template":"","meta":{"om_disable_all_campaigns":false,"footnotes":""},"class_list":["post-3088","page","type-page","status-publish","hentry"],"yoast_head":"<!-- This site is optimized with the Yoast SEO plugin v25.9 - https:\/\/yoast.com\/wordpress\/plugins\/seo\/ -->\n<title>Biblioteka uczelniana | studia-wroclaw.pl<\/title>\n<meta name=\"description\" content=\"Biblioteka uczelniana oferuje szeroki wyb\u00f3r ksi\u0105\u017cek, czasopism i zasob\u00f3w online, wspieraj\u0105c student\u00f3w w nauce. Wsp\u00f3\u0142pracuje r\u00f3wnie\u017c z Dolno\u015bl\u0105sk\u0105 Bibliotek\u0105 Publiczn\u0105.\" \/>\n<meta name=\"robots\" content=\"index, follow, max-snippet:-1, max-image-preview:large, max-video-preview:-1\" \/>\n<link rel=\"canonical\" href=\"https:\/\/studia-wroclaw.pl\/en\/biblioteka\/\" \/>\n<meta property=\"og:locale\" content=\"en_GB\" \/>\n<meta property=\"og:type\" content=\"article\" \/>\n<meta property=\"og:title\" content=\"Biblioteka uczelniana | studia-wroclaw.pl\" \/>\n<meta property=\"og:description\" content=\"Biblioteka uczelniana oferuje szeroki wyb\u00f3r ksi\u0105\u017cek, czasopism i zasob\u00f3w online, wspieraj\u0105c student\u00f3w w nauce. Wsp\u00f3\u0142pracuje r\u00f3wnie\u017c z Dolno\u015bl\u0105sk\u0105 Bibliotek\u0105 Publiczn\u0105.\" \/>\n<meta property=\"og:url\" content=\"https:\/\/studia-wroclaw.pl\/en\/biblioteka\/\" \/>\n<meta property=\"og:site_name\" content=\"Studia Wroc\u0142aw\" \/>\n<meta property=\"article:modified_time\" content=\"2026-04-01T12:39:04+00:00\" \/>\n<meta name=\"twitter:card\" content=\"summary_large_image\" \/>\n<meta name=\"twitter:label1\" content=\"Estimated reading time\" \/>\n\t<meta name=\"twitter:data1\" content=\"5 minutes\" \/>\n<script type=\"application\/ld+json\" class=\"yoast-schema-graph\">{\"@context\":\"https:\/\/schema.org\",\"@graph\":[{\"@type\":\"WebPage\",\"@id\":\"https:\/\/studia-wroclaw.pl\/biblioteka\/\",\"url\":\"https:\/\/studia-wroclaw.pl\/biblioteka\/\",\"name\":\"Biblioteka uczelniana | studia-wroclaw.pl\",\"isPartOf\":{\"@id\":\"https:\/\/studia-wroclaw.pl\/#website\"},\"datePublished\":\"2024-05-26T19:31:13+00:00\",\"dateModified\":\"2026-04-01T12:39:04+00:00\",\"description\":\"Biblioteka uczelniana oferuje szeroki wyb\u00f3r ksi\u0105\u017cek, czasopism i zasob\u00f3w online, wspieraj\u0105c student\u00f3w w nauce. Wsp\u00f3\u0142pracuje r\u00f3wnie\u017c z Dolno\u015bl\u0105sk\u0105 Bibliotek\u0105 Publiczn\u0105.\",\"breadcrumb\":{\"@id\":\"https:\/\/studia-wroclaw.pl\/biblioteka\/#breadcrumb\"},\"inLanguage\":\"en-GB\",\"potentialAction\":[{\"@type\":\"ReadAction\",\"target\":[\"https:\/\/studia-wroclaw.pl\/biblioteka\/\"]}]},{\"@type\":\"BreadcrumbList\",\"@id\":\"https:\/\/studia-wroclaw.pl\/biblioteka\/#breadcrumb\",\"itemListElement\":[{\"@type\":\"ListItem\",\"position\":1,\"name\":\"Strona g\u0142\u00f3wna\",\"item\":\"https:\/\/studia-wroclaw.pl\/\"},{\"@type\":\"ListItem\",\"position\":2,\"name\":\"Biblioteka\"}]},{\"@type\":\"WebSite\",\"@id\":\"https:\/\/studia-wroclaw.pl\/#website\",\"url\":\"https:\/\/studia-wroclaw.pl\/\",\"name\":\"Studia Wroc\u0142aw\",\"description\":\"\",\"potentialAction\":[{\"@type\":\"SearchAction\",\"target\":{\"@type\":\"EntryPoint\",\"urlTemplate\":\"https:\/\/studia-wroclaw.pl\/?s={search_term_string}\"},\"query-input\":{\"@type\":\"PropertyValueSpecification\",\"valueRequired\":true,\"valueName\":\"search_term_string\"}}],\"inLanguage\":\"en-GB\"}]}<\/script>\n<!-- \/ Yoast SEO plugin. -->","yoast_head_json":{"title":"Biblioteka uczelniana | studia-wroclaw.pl","description":"Biblioteka uczelniana oferuje szeroki wyb\u00f3r ksi\u0105\u017cek, czasopism i zasob\u00f3w online, wspieraj\u0105c student\u00f3w w nauce. Wsp\u00f3\u0142pracuje r\u00f3wnie\u017c z Dolno\u015bl\u0105sk\u0105 Bibliotek\u0105 Publiczn\u0105.","robots":{"index":"index","follow":"follow","max-snippet":"max-snippet:-1","max-image-preview":"max-image-preview:large","max-video-preview":"max-video-preview:-1"},"canonical":"https:\/\/studia-wroclaw.pl\/en\/biblioteka\/","og_locale":"en_GB","og_type":"article","og_title":"Biblioteka uczelniana | studia-wroclaw.pl","og_description":"Biblioteka uczelniana oferuje szeroki wyb\u00f3r ksi\u0105\u017cek, czasopism i zasob\u00f3w online, wspieraj\u0105c student\u00f3w w nauce. Wsp\u00f3\u0142pracuje r\u00f3wnie\u017c z Dolno\u015bl\u0105sk\u0105 Bibliotek\u0105 Publiczn\u0105.","og_url":"https:\/\/studia-wroclaw.pl\/en\/biblioteka\/","og_site_name":"Studia Wroc\u0142aw","article_modified_time":"2026-04-01T12:39:04+00:00","twitter_card":"summary_large_image","twitter_misc":{"Estimated reading time":"5 minutes"},"schema":{"@context":"https:\/\/schema.org","@graph":[{"@type":"WebPage","@id":"https:\/\/studia-wroclaw.pl\/biblioteka\/","url":"https:\/\/studia-wroclaw.pl\/biblioteka\/","name":"Biblioteka uczelniana | studia-wroclaw.pl","isPartOf":{"@id":"https:\/\/studia-wroclaw.pl\/#website"},"datePublished":"2024-05-26T19:31:13+00:00","dateModified":"2026-04-01T12:39:04+00:00","description":"Biblioteka uczelniana oferuje szeroki wyb\u00f3r ksi\u0105\u017cek, czasopism i zasob\u00f3w online, wspieraj\u0105c student\u00f3w w nauce. Wsp\u00f3\u0142pracuje r\u00f3wnie\u017c z Dolno\u015bl\u0105sk\u0105 Bibliotek\u0105 Publiczn\u0105.","breadcrumb":{"@id":"https:\/\/studia-wroclaw.pl\/biblioteka\/#breadcrumb"},"inLanguage":"en-GB","potentialAction":[{"@type":"ReadAction","target":["https:\/\/studia-wroclaw.pl\/biblioteka\/"]}]},{"@type":"BreadcrumbList","@id":"https:\/\/studia-wroclaw.pl\/biblioteka\/#breadcrumb","itemListElement":[{"@type":"ListItem","position":1,"name":"Strona g\u0142\u00f3wna","item":"https:\/\/studia-wroclaw.pl\/"},{"@type":"ListItem","position":2,"name":"Biblioteka"}]},{"@type":"WebSite","@id":"https:\/\/studia-wroclaw.pl\/#website","url":"https:\/\/studia-wroclaw.pl\/","name":"Studies Wroclaw","description":"","potentialAction":[{"@type":"SearchAction","target":{"@type":"EntryPoint","urlTemplate":"https:\/\/studia-wroclaw.pl\/?s={search_term_string}"},"query-input":{"@type":"PropertyValueSpecification","valueRequired":true,"valueName":"search_term_string"}}],"inLanguage":"en-GB"}]}},"_links":{"self":[{"href":"https:\/\/studia-wroclaw.pl\/en\/wp-json\/wp\/v2\/pages\/3088","targetHints":{"allow":["GET"]}}],"collection":[{"href":"https:\/\/studia-wroclaw.pl\/en\/wp-json\/wp\/v2\/pages"}],"about":[{"href":"https:\/\/studia-wroclaw.pl\/en\/wp-json\/wp\/v2\/types\/page"}],"author":[{"embeddable":true,"href":"https:\/\/studia-wroclaw.pl\/en\/wp-json\/wp\/v2\/users\/1"}],"replies":[{"embeddable":true,"href":"https:\/\/studia-wroclaw.pl\/en\/wp-json\/wp\/v2\/comments?post=3088"}],"version-history":[{"count":72,"href":"https:\/\/studia-wroclaw.pl\/en\/wp-json\/wp\/v2\/pages\/3088\/revisions"}],"predecessor-version":[{"id":10300,"href":"https:\/\/studia-wroclaw.pl\/en\/wp-json\/wp\/v2\/pages\/3088\/revisions\/10300"}],"wp:attachment":[{"href":"https:\/\/studia-wroclaw.pl\/en\/wp-json\/wp\/v2\/media?parent=3088"}],"curies":[{"name":"wp","href":"https:\/\/api.w.org\/{rel}","templated":true}]}}