{"id":3206,"date":"2024-06-06T14:10:02","date_gmt":"2024-06-06T12:10:02","guid":{"rendered":"https:\/\/studia-wroclaw.pl\/?page_id=3206"},"modified":"2025-01-23T11:59:31","modified_gmt":"2025-01-23T10:59:31","slug":"polityka-ochrony-prywatnosci","status":"publish","type":"page","link":"https:\/\/studia-wroclaw.pl\/en\/polityka-ochrony-prywatnosci\/","title":{"rendered":"Privacy policy"},"content":{"rendered":"<div class=\"wpb-content-wrapper\"><div class=\"\"><div class=\"container\"><div class=\"vc_row wpb_row vc_row-fluid\"><div class=\"wpb_column vc_column_container vc_col-sm-12\"><div class=\"vc_column-inner\"><div class=\"wpb_wrapper\">\n\t<div class=\"wpb_text_column wpb_content_element  vc_custom_1718362883362\" >\n\t\t<div class=\"wpb_wrapper\">\n\t\t\t<h1><strong>Privacy Policy of the www.studia-wroclaw.pl website<\/strong><\/h1>\n<h2><\/h2>\n\n\t\t<\/div>\n\t<\/div>\n\n\t<div class=\"wpb_text_column wpb_content_element  vc_custom_1737629984496\" >\n\t\t<div class=\"wpb_wrapper\">\n\t\t\t<h2><strong>\u00a7<\/strong><strong>1. Protection of personal usage data<\/strong><\/h2>\n<p>&nbsp;<\/p>\n<p>The administrator of the www.studia-wroclaw.pl website does everything possible to make the use of the website as comfortable as possible for its registered users and to involve as little inconvenience as possible. Using the Website\u00a0<a href=\"https:\/\/studia-wroclaw.pl\/en\/\">www.studia-wroclaw.pl<\/a>\u00a0may involve the sharing of your personal data to the extent necessary for the proper provision of the service.<\/p>\n<p>The Service Administrator shall ensure that all registered users of the Service\u00a0<a href=\"https:\/\/studia-wroclaw.pl\/en\/\">www.studia-wroclaw.pl<\/a>\u00a0the exercise of rights under Regulation (EU) 2016\/679 of the European Parliament and of the Council of 27 April 2016 on the protection of natural persons with regard to the processing of personal data and on the free movement of such data and repealing Directive 95\/46\/EC (General Data Protection Regulation) (\"RODO\") and the Act of 10 May 2018 on the protection of personal data (Journal of Laws 2018, item 1000, as amended).<\/p>\n<h2><strong>\u00a72 Processing of the Service User's personal data<\/strong><\/h2>\n<p>&nbsp;<\/p>\n<p><strong>1. Personal data controller<\/strong><\/p>\n<p>The administrator of the personal data posted on the Website is:<\/p>\n<p>Wy\u017csza Szko\u0142a Kszta\u0142cenia Zawodowego, address: Plac Powsta\u0144c\u00f3w \u015al\u0105skich 1, 53-329 Wroc\u0142aw, entered in the register of non-public higher education institutions kept by the minister responsible for education and science under No. 208, NIP: 7952214640, REGON: 651432712. Contact with the Administrator of the personal data provided in the Service is possible by phone: +48 71 711 99 92 (connection cost: the same as for a regular phone call, according to the tariff package of the service provider the user uses) or by e-mail, at the following address: <a href=\"mailto:kontakt@studia-wroclaw.pl\">kontakt@studia-wroclaw.pl<\/a>.<\/p>\n<p><strong> 2 Processing purposes<\/strong><\/p>\n<p>The Administrator processes personal data for the proper provision of educational services and services supporting these services, for marketing and statistical purposes, for the settlement of the contract concluded through the Website, and for the establishment, investigation or defence against possible claims.<\/p>\n<p><strong> 3 Legal basis for processing personal data<\/strong><\/p>\n<p>conclusion and performance of the contract - Article 6(1)(b) of the DPA;<\/p>\n<p>fulfilment of legal obligations - Article 6(1)(c) of the RODO, in particular the obligation to keep documents for a certain period of time as determined by law;<\/p>\n<p>legitimate legal interest of the Administrator - Article 6(1)(f) RODO, in particular the implementation of direct marketing activities, the assertion of claims, the keeping of statistics;<\/p>\n<p>User consent - Article 6(1)(a) RODO - in the case of use of the newsletter, in the case of use of cookies, implementation of education according to an individual course .<\/p>\n<p><strong> 4 Period of processing of personal data:<\/strong><\/p>\n<p>Newsletter - until unsubscribed (legal basis: 6(1)(a) RODO);<\/p>\n<p>marketing and statistical purposes - until the purposes for which they were collected have been fulfilled or until you have previously objected to further processing (legal basis: 6(1)(f) RODO) or until you withdraw your consent, including by changing your browser settings;<\/p>\n<p>the provision of educational services, the services supporting these services in accordance with the contract concluded and the relevant legislation, including the mandatory archiving of data for a period of time:<\/p>\n<p>- resulting from the Regulation of the Minister of Science and Higher Education of 27 September 2018 on studies,<\/p>\n<p>- resulting from tax law or until the statute of limitations for claims, in the case of contractual settlements.<\/p>\n<p><strong> 5 Users' rights in relation to data processing:<\/strong><\/p>\n<p>- The right of access to the content of the data,<\/p>\n<p>- the right to rectification of data,<\/p>\n<p>- the right to data portability of data processed for the performance of the contract,<\/p>\n<p>- deletion of data under the conditions provided for in Article 17 of the RODO<\/p>\n<p>- to restrict the processing of data under the conditions provided for in Article 18 of the RODO,<\/p>\n<p>- to object to the processing of data processed on the basis of the legitimate legal interest of the Controller,<\/p>\n<p>- revoke consent, with the proviso that processing carried out prior to revocation shall remain fully lawful,<\/p>\n<p>- a complaint to a supervisory authority if you consider that your data is being processed in breach of the law.<\/p>\n<p><strong> 6 Processing of personal data<\/strong><\/p>\n<p>The processing of personal data for marketing purposes, including the analysis of user activity and information, is also carried out through profiling, i.e. automated decision-making, in order to present general advertisements, offers or promotions (discounts), concerning the products or services of the Administrator and its partners, in a manner tailored to the interests of the specific subject (without significantly influencing his\/her decisions).<\/p>\n<p><strong> 7 Sharing of personal data<\/strong><\/p>\n<p>In the case of other educational or supporting services - in accordance with the Terms of Service - personal data may be made available to other service providers. The sharing of personal data, in particular that provided as part of the registration form, may be necessary for the performance of possible services or the use of certain functionalities of the Website, in accordance with the Terms of Service. In the case of sharing, these entities will be separate controllers of the personal data in connection with the provision of a given service (the provision of other educational services or their supporting services).<\/p>\n<p>Personal data may also be made available to entities through which the highest standard of service through the Service is ensured, including on the basis of cooperation with specific service providers e.g. data storage service provider, provider of tools used in remote learning or subcontractors. Such entities process personal data on the basis of relevant personal data processing entrustment agreements. Personal data may also be transferred to public authorities on the basis of applicable legislation. W<em> in connection with the use of social media o<\/em><strong>once modern marketing tools<\/strong><em>, personal data may be <\/em><strong>shared<\/strong> <strong>suppliers of such tools<\/strong><em><strong>: <\/strong><\/em><a href=\"http:\/\/m.in\/\">inter alia<\/a><em>. Facebook, LinkedIn, YouTube, Instagram, Google and also to the marketing agencies serving the Administrator. In the case of possible links to other websites on the Administrator's website, it is recommended to read the privacy policy of these websites when you go to these pages. The Administrator is not responsible for the data protection rules adopted by these websites.<\/em><\/p>\n<p>In the case of placing possible links to other websites on the Administrator's website, it is recommended to read the privacy policy of these websites after visiting them. The Administrator is not responsible for the data protection rules adopted by these websites.<\/p>\n<p><strong> 8 Cookies<\/strong><\/p>\n<p>The Website may use so-called \"cookies\", i.e. text files saved on the Website user's computer, identifying him\/her in a way necessary to enable certain operations. Cookies are used, among others, to remember data necessary to log in to the Website user. The condition for cookies to work is that they are accepted by the browser and that they are not deleted from the disk, which allows Service users to have full control over operations related to the use of these files. The Website has a separate Cookies Policy, available at\u00a0<a href=\"https:\/\/studia-wroclaw.pl\/en\/polityka-plikow-cookies\/\">www.studia-wroclaw.pl\/polityka-plikow-cookies<\/a>.<\/p>\n<p><strong>9 Security of files on the Site<\/strong><\/p>\n<p>All published content is checked on an ongoing basis by the Service Administrator for protection against viruses and malware. The Service Administrator recommends that each and every user of the Service uses the latest version of antivirus systems, in order to avoid the potential danger that is always associated with the use of the Internet, despite the Service Administrator's due diligence.<\/p>\n<p>The Administrator of the Website makes every effort to ensure the security of the personal data being processed, in particular to protect it against unauthorised access by third parties, using appropriate security measures.<\/p>\n<p><strong> 10 Transfers of data outside the EEA<\/strong><\/p>\n<p>When processing personal data, the Controller makes every effort to ensure that data is processed within the EEA. Where it is necessary to use suppliers based outside the EEA, data transfer will take place on the basis of legalisation mechanisms and in accordance with the obligations provided for in Chapter V of the RODO.<\/p>\n\n\t\t<\/div>\n\t<\/div>\n<\/div><\/div><\/div><\/div><\/div><\/div>\n<\/div>","protected":false},"excerpt":{"rendered":"Polityka ochrony prywatno\u015bci Serwisu www.studia-wroclaw.pl \u00a71. Ochrona danych osobowych u\u017cytkowania &nbsp; Administrator Serwisu www.studia-wroclaw.pl robi wszystko, aby korzystanie z Serwisu by\u0142o najwygodniejsze dla jego zarejestrowanych u\u017cytkownik\u00f3w i wi\u0105za\u0142o si\u0119 z jak najmniejszymi uci\u0105\u017cliwo\u015bciami. Korzystanie z\u00a0Serwisu\u00a0www.studia-wroclaw.pl\u00a0mo\u017ce wi\u0105za\u0107 si\u0119 z udost\u0119pnieniem danych osobowych u\u017cytkownika w zakresie niezb\u0119dnym do prawid\u0142owego \u015bwiadczenia us\u0142ugi. Administrator Serwisu zapewnia wszystkim zarejestrowanym u\u017cytkownikom [...]","protected":false},"author":1,"featured_media":0,"parent":0,"menu_order":0,"comment_status":"closed","ping_status":"closed","template":"","meta":{"om_disable_all_campaigns":false,"footnotes":""},"class_list":["post-3206","page","type-page","status-publish","hentry"],"yoast_head":"<!-- This site is optimized with the Yoast SEO plugin v25.9 - https:\/\/yoast.com\/wordpress\/plugins\/seo\/ -->\n<title>Polityka prywatno\u015bci - Studia Wroc\u0142aw<\/title>\n<meta name=\"description\" content=\"Polityka ochrony prywatno\u015bci okre\u015bla zasady przetwarzania danych osobowych u\u017cytkownik\u00f3w serwisu, uwzgl\u0119dniaj\u0105c cele, podstawy prawne oraz prawa u\u017cytkownik\u00f3w i bezpiecze\u0144stwie danych.\" \/>\n<meta name=\"robots\" content=\"index, follow, max-snippet:-1, max-image-preview:large, max-video-preview:-1\" \/>\n<link rel=\"canonical\" href=\"https:\/\/studia-wroclaw.pl\/en\/polityka-ochrony-prywatnosci\/\" \/>\n<meta property=\"og:locale\" content=\"en_GB\" \/>\n<meta property=\"og:type\" content=\"article\" \/>\n<meta property=\"og:title\" content=\"Polityka prywatno\u015bci - Studia Wroc\u0142aw\" \/>\n<meta property=\"og:description\" content=\"Polityka ochrony prywatno\u015bci okre\u015bla zasady przetwarzania danych osobowych u\u017cytkownik\u00f3w serwisu, uwzgl\u0119dniaj\u0105c cele, podstawy prawne oraz prawa u\u017cytkownik\u00f3w i bezpiecze\u0144stwie danych.\" \/>\n<meta property=\"og:url\" content=\"https:\/\/studia-wroclaw.pl\/en\/polityka-ochrony-prywatnosci\/\" \/>\n<meta property=\"og:site_name\" content=\"Studia Wroc\u0142aw\" \/>\n<meta property=\"article:modified_time\" content=\"2025-01-23T10:59:31+00:00\" \/>\n<meta name=\"twitter:card\" content=\"summary_large_image\" \/>\n<meta name=\"twitter:label1\" content=\"Estimated reading time\" \/>\n\t<meta name=\"twitter:data1\" content=\"7 minutes\" \/>\n<script type=\"application\/ld+json\" class=\"yoast-schema-graph\">{\"@context\":\"https:\/\/schema.org\",\"@graph\":[{\"@type\":\"WebPage\",\"@id\":\"https:\/\/studia-wroclaw.pl\/polityka-ochrony-prywatnosci\/\",\"url\":\"https:\/\/studia-wroclaw.pl\/polityka-ochrony-prywatnosci\/\",\"name\":\"Polityka prywatno\u015bci - Studia Wroc\u0142aw\",\"isPartOf\":{\"@id\":\"https:\/\/studia-wroclaw.pl\/#website\"},\"datePublished\":\"2024-06-06T12:10:02+00:00\",\"dateModified\":\"2025-01-23T10:59:31+00:00\",\"description\":\"Polityka ochrony prywatno\u015bci okre\u015bla zasady przetwarzania danych osobowych u\u017cytkownik\u00f3w serwisu, uwzgl\u0119dniaj\u0105c cele, podstawy prawne oraz prawa u\u017cytkownik\u00f3w i bezpiecze\u0144stwie danych.\",\"breadcrumb\":{\"@id\":\"https:\/\/studia-wroclaw.pl\/polityka-ochrony-prywatnosci\/#breadcrumb\"},\"inLanguage\":\"en-GB\",\"potentialAction\":[{\"@type\":\"ReadAction\",\"target\":[\"https:\/\/studia-wroclaw.pl\/polityka-ochrony-prywatnosci\/\"]}]},{\"@type\":\"BreadcrumbList\",\"@id\":\"https:\/\/studia-wroclaw.pl\/polityka-ochrony-prywatnosci\/#breadcrumb\",\"itemListElement\":[{\"@type\":\"ListItem\",\"position\":1,\"name\":\"Strona g\u0142\u00f3wna\",\"item\":\"https:\/\/studia-wroclaw.pl\/\"},{\"@type\":\"ListItem\",\"position\":2,\"name\":\"Polityka ochrony prywatno\u015bci\"}]},{\"@type\":\"WebSite\",\"@id\":\"https:\/\/studia-wroclaw.pl\/#website\",\"url\":\"https:\/\/studia-wroclaw.pl\/\",\"name\":\"Studia Wroc\u0142aw\",\"description\":\"\",\"potentialAction\":[{\"@type\":\"SearchAction\",\"target\":{\"@type\":\"EntryPoint\",\"urlTemplate\":\"https:\/\/studia-wroclaw.pl\/?s={search_term_string}\"},\"query-input\":{\"@type\":\"PropertyValueSpecification\",\"valueRequired\":true,\"valueName\":\"search_term_string\"}}],\"inLanguage\":\"en-GB\"}]}<\/script>\n<!-- \/ Yoast SEO plugin. -->","yoast_head_json":{"title":"Polityka prywatno\u015bci - Studia Wroc\u0142aw","description":"Polityka ochrony prywatno\u015bci okre\u015bla zasady przetwarzania danych osobowych u\u017cytkownik\u00f3w serwisu, uwzgl\u0119dniaj\u0105c cele, podstawy prawne oraz prawa u\u017cytkownik\u00f3w i bezpiecze\u0144stwie danych.","robots":{"index":"index","follow":"follow","max-snippet":"max-snippet:-1","max-image-preview":"max-image-preview:large","max-video-preview":"max-video-preview:-1"},"canonical":"https:\/\/studia-wroclaw.pl\/en\/polityka-ochrony-prywatnosci\/","og_locale":"en_GB","og_type":"article","og_title":"Polityka prywatno\u015bci - Studia Wroc\u0142aw","og_description":"Polityka ochrony prywatno\u015bci okre\u015bla zasady przetwarzania danych osobowych u\u017cytkownik\u00f3w serwisu, uwzgl\u0119dniaj\u0105c cele, podstawy prawne oraz prawa u\u017cytkownik\u00f3w i bezpiecze\u0144stwie danych.","og_url":"https:\/\/studia-wroclaw.pl\/en\/polityka-ochrony-prywatnosci\/","og_site_name":"Studia Wroc\u0142aw","article_modified_time":"2025-01-23T10:59:31+00:00","twitter_card":"summary_large_image","twitter_misc":{"Estimated reading time":"7 minutes"},"schema":{"@context":"https:\/\/schema.org","@graph":[{"@type":"WebPage","@id":"https:\/\/studia-wroclaw.pl\/polityka-ochrony-prywatnosci\/","url":"https:\/\/studia-wroclaw.pl\/polityka-ochrony-prywatnosci\/","name":"Polityka prywatno\u015bci - Studia Wroc\u0142aw","isPartOf":{"@id":"https:\/\/studia-wroclaw.pl\/#website"},"datePublished":"2024-06-06T12:10:02+00:00","dateModified":"2025-01-23T10:59:31+00:00","description":"Polityka ochrony prywatno\u015bci okre\u015bla zasady przetwarzania danych osobowych u\u017cytkownik\u00f3w serwisu, uwzgl\u0119dniaj\u0105c cele, podstawy prawne oraz prawa u\u017cytkownik\u00f3w i bezpiecze\u0144stwie danych.","breadcrumb":{"@id":"https:\/\/studia-wroclaw.pl\/polityka-ochrony-prywatnosci\/#breadcrumb"},"inLanguage":"en-GB","potentialAction":[{"@type":"ReadAction","target":["https:\/\/studia-wroclaw.pl\/polityka-ochrony-prywatnosci\/"]}]},{"@type":"BreadcrumbList","@id":"https:\/\/studia-wroclaw.pl\/polityka-ochrony-prywatnosci\/#breadcrumb","itemListElement":[{"@type":"ListItem","position":1,"name":"Strona g\u0142\u00f3wna","item":"https:\/\/studia-wroclaw.pl\/"},{"@type":"ListItem","position":2,"name":"Polityka ochrony prywatno\u015bci"}]},{"@type":"WebSite","@id":"https:\/\/studia-wroclaw.pl\/#website","url":"https:\/\/studia-wroclaw.pl\/","name":"Studies Wroclaw","description":"","potentialAction":[{"@type":"SearchAction","target":{"@type":"EntryPoint","urlTemplate":"https:\/\/studia-wroclaw.pl\/?s={search_term_string}"},"query-input":{"@type":"PropertyValueSpecification","valueRequired":true,"valueName":"search_term_string"}}],"inLanguage":"en-GB"}]}},"_links":{"self":[{"href":"https:\/\/studia-wroclaw.pl\/en\/wp-json\/wp\/v2\/pages\/3206","targetHints":{"allow":["GET"]}}],"collection":[{"href":"https:\/\/studia-wroclaw.pl\/en\/wp-json\/wp\/v2\/pages"}],"about":[{"href":"https:\/\/studia-wroclaw.pl\/en\/wp-json\/wp\/v2\/types\/page"}],"author":[{"embeddable":true,"href":"https:\/\/studia-wroclaw.pl\/en\/wp-json\/wp\/v2\/users\/1"}],"replies":[{"embeddable":true,"href":"https:\/\/studia-wroclaw.pl\/en\/wp-json\/wp\/v2\/comments?post=3206"}],"version-history":[{"count":17,"href":"https:\/\/studia-wroclaw.pl\/en\/wp-json\/wp\/v2\/pages\/3206\/revisions"}],"predecessor-version":[{"id":4370,"href":"https:\/\/studia-wroclaw.pl\/en\/wp-json\/wp\/v2\/pages\/3206\/revisions\/4370"}],"wp:attachment":[{"href":"https:\/\/studia-wroclaw.pl\/en\/wp-json\/wp\/v2\/media?parent=3206"}],"curies":[{"name":"wp","href":"https:\/\/api.w.org\/{rel}","templated":true}]}}