{"id":3650,"date":"2024-05-21T17:23:43","date_gmt":"2024-05-21T15:23:43","guid":{"rendered":"https:\/\/studia-wroclaw.pl\/?page_id=3650"},"modified":"2026-01-08T13:41:39","modified_gmt":"2026-01-08T12:41:39","slug":"stypendia","status":"publish","type":"page","link":"https:\/\/studia-wroclaw.pl\/en\/stypendia\/","title":{"rendered":"Scholarships"},"content":{"rendered":"<div class=\"wpb-content-wrapper\"><div class=\"vc_custom_1724681409202\"><div class=\"container\"><div class=\"vc_row wpb_row vc_row-fluid vc_row-o-content-top vc_row-flex\"><div class=\"wpb_column vc_column_container vc_col-sm-3\"><div class=\"vc_column-inner\"><div class=\"wpb_wrapper\">\n\t<div  class=\"wpb_single_image wpb_content_element vc_align_left\">\n\t\t\n\t\t<figure class=\"wpb_wrapper vc_figure\">\n\t\t\t<div class=\"vc_single_image-wrapper   vc_box_border_grey\"><img loading=\"lazy\" decoding=\"async\" width=\"366\" height=\"352\" src=\"https:\/\/studia-wroclaw.pl\/wp-content\/uploads\/2024\/08\/stypendia-wskz-studia-wroclaw.jpg\" class=\"vc_single_image-img attachment-full\" alt=\"\" title=\"scholarships-wskz-studies-wroclaw\" srcset=\"https:\/\/studia-wroclaw.pl\/wp-content\/uploads\/2024\/08\/stypendia-wskz-studia-wroclaw.jpg 366w, https:\/\/studia-wroclaw.pl\/wp-content\/uploads\/2024\/08\/stypendia-wskz-studia-wroclaw-300x289.jpg 300w\" sizes=\"auto, (max-width: 366px) 100vw, 366px\" \/><\/div>\n\t\t<\/figure>\n\t<\/div>\n<\/div><\/div><\/div><div class=\"wpb_column vc_column_container vc_col-sm-9\"><div class=\"vc_column-inner\"><div class=\"wpb_wrapper\">\n\t<div class=\"wpb_text_column wpb_content_element\" >\n\t\t<div class=\"wpb_wrapper\">\n\t\t\t<h1><span>Stypendia 2025\/2026<\/span><\/h1>\n\n\t\t<\/div>\n\t<\/div>\n\n\t<div class=\"wpb_text_column wpb_content_element  vc_custom_1767875894159\" >\n\t\t<div class=\"wpb_wrapper\">\n\t\t\t<p>The general rules for the operation of material aid for students of the University College of Professional Education are set out:<\/p>\n<ul>\n<li>Ustawa z dnia 20 lipca 2018 r. prawo o szkolnictwie wy\u017cszym i nauce (Dz. U. z 2024 r. poz. 1571 z p\u00f3\u017an. zm.).<\/li>\n<li><a href=\"https:\/\/studia-wroclaw.pl\/wp-content\/uploads\/2026\/01\/Regulamin-ustalania-wysokosci-przyznawania-i-wyplacania-swiadczen-dla-studentow-WSKZ-we-Wroclawiu-2025_2026.pdf\">Regulamin ustalania wysoko\u015bci, przyznawania i wyp\u0142acania \u015bwiadcze\u0144 dla student\u00f3w Wy\u017cszej Szko\u0142y \u00a0Kszta\u0142cenia Zawodowego we Wroc\u0142awiu, kt\u00f3ry obowi\u0105zuje od 01.10.2025 r.<\/a><\/li>\n<\/ul>\n\n\t\t<\/div>\n\t<\/div>\n\n\t<div class=\"wpb_text_column wpb_content_element  vc_custom_1767874845855\" >\n\t\t<div class=\"wpb_wrapper\">\n\t\t\t<p><em>Zgodnie z art. 93 ust. 3 ustawy Prawo o szkolnictwie wy\u017cszym i nauce z dnia 20 lipca 2018 r. ze stypendium socjalnego, stypendium dla os\u00f3b niepe\u0142nosprawnych, stypendium rektora i zapomogi nie mog\u0105 skorzysta\u0107 absolwenci studi\u00f3w licencjackich, kt\u00f3rzy rozpoczynaj\u0105 kolejne studia licencjackie, oraz osoby z tytu\u0142em magistra, kt\u00f3re realizuj\u0105 kolejne studia. <\/em><\/p>\n\n\t\t<\/div>\n\t<\/div>\n\n\t<div class=\"wpb_text_column wpb_content_element  vc_custom_1724752097940\" >\n\t\t<div class=\"wpb_wrapper\">\n\t\t\t<p>The scholarship is available for first-cycle, second-cycle and single master's degree programmes.<br \/>\nThe total period of entitlement is 12 semesters regardless of the student's intake, with the proviso that within this period the benefits accrue to the student:<\/p>\n<ul>\n<li>first degree - not more than 9 semesters<\/li>\n<li>second degree - not more than 7 semesters<\/li>\n<\/ul>\n\n\t\t<\/div>\n\t<\/div>\n<\/div><\/div><\/div><\/div><\/div><\/div><div data-vc-full-width=\"true\" data-vc-full-width-init=\"false\" class=\"vc_custom_1716454374458\"><div class=\"container\"><div class=\"vc_row wpb_row vc_row-fluid vc_row-has-fill\"><div class=\"wpb_column vc_column_container vc_col-sm-12\"><div class=\"vc_column-inner\"><div class=\"wpb_wrapper\"><div class=\"vc_tta-container\" data-vc-action=\"collapse\"><div class=\"vc_general vc_tta vc_tta-tabs vc_tta-o-shape-group vc_tta-tabs-position-top vc_tta-controls-align-left\"><div class=\"vc_tta-tabs-container\"><ul class=\"vc_tta-tabs-list\"><li class=\"vc_tta-tab\" data-vc-tab><a href=\"#1724681624087-024db8dc-e70b\" data-vc-tabs data-vc-container=\".vc_tta\"><span class=\"vc_tta-title-text\">Rector's scholarship<\/span><\/a><\/li><li class=\"vc_tta-tab\" data-vc-tab><a href=\"#1724681624087-50e322a4-e1a7\" data-vc-tabs data-vc-container=\".vc_tta\"><span class=\"vc_tta-title-text\">Social grant<\/span><\/a><\/li><li class=\"vc_tta-tab\" data-vc-tab><a href=\"#1724681944462-846daf6b-f31d\" data-vc-tabs data-vc-container=\".vc_tta\"><span class=\"vc_tta-title-text\">Forgetting<\/span><\/a><\/li><li class=\"vc_tta-tab vc_active\" data-vc-tab><a href=\"#1724681982490-5a8ba622-6612\" data-vc-tabs data-vc-container=\".vc_tta\"><span class=\"vc_tta-title-text\">Scholarship for the disabled<\/span><\/a><\/li><\/ul><\/div><div class=\"vc_tta-panels-container\"><div class=\"vc_tta-panels\"><div class=\"vc_tta-panel\" id=\"1724681624087-024db8dc-e70b\" data-vc-content=\".vc_tta-panel-body\"><div class=\"vc_tta-panel-heading\"><h4 class=\"vc_tta-panel-title\"><a href=\"#1724681624087-024db8dc-e70b\" data-vc-accordion data-vc-container=\".vc_tta-container\"><span class=\"vc_tta-title-text\">Rector's scholarship<\/span><\/a><\/h4><\/div><div class=\"vc_tta-panel-body\">\n\t<div class=\"wpb_text_column wpb_content_element\" >\n\t\t<div class=\"wpb_wrapper\">\n\t\t\t<h2><span>For whom:<\/span><\/h2>\n<ul>\n<li>For students who have an outstanding academic record (minimum grade point average of 4.75 in the last academic year) or have academic, artistic or sporting achievements in competition at least at national level.<\/li>\n<li>The Rector's scholarship is awarded to no more than 10% students in a particular field of study.<\/li>\n<\/ul>\n<h2><span><br \/>\nWhat to include in the application:<\/span><\/h2>\n<ul>\n<li>Documents confirming achievements, e.g. certificates, diplomas.<\/li>\n<\/ul>\n<h2><span><br \/>\nFor how long:<\/span><\/h2>\n<ul>\n<li>The scholarship is awarded <span>in the academic year<\/span> 2025\/2026 <strong data-renderer-mark=\"true\">per semester<\/strong> (winter term in the months of October to February and summer term in the months of March to June).<\/li>\n<\/ul>\n<h2><span><br \/>\nHow to apply:<\/span><\/h2>\n<ul>\n<li>Filled with <a href=\"https:\/\/studia-wroclaw.pl\/wp-content\/uploads\/2026\/01\/Wniosek_Stypendium-Rektora_2025_2026-.pdf\"><strong><u>application for rector's scholarship <\/u><\/strong><\/a>(downloadable file), together with a set of documents, should be sent by post by 31 October to the university's address:<\/li>\n<\/ul>\n<p style=\"padding-left: 40px;\">University College of Professional Education<br \/>\nSilesian Insurgents Square 1\/201<br \/>\n53-329 Wroc\u0142aw<\/p>\n<p>Attention: applications for<strong data-renderer-mark=\"true\"> summer semester <\/strong>will be collected<strong data-renderer-mark=\"true\"> by 31 March.<\/strong><\/p>\n<div id=\"_tcx-pg97f3hdtvh\" class=\"_tc_offscreeneded\"><\/div>\n\n\t\t<\/div>\n\t<\/div>\n<\/div><\/div><div class=\"vc_tta-panel\" id=\"1724681624087-50e322a4-e1a7\" data-vc-content=\".vc_tta-panel-body\"><div class=\"vc_tta-panel-heading\"><h4 class=\"vc_tta-panel-title\"><a href=\"#1724681624087-50e322a4-e1a7\" data-vc-accordion data-vc-container=\".vc_tta-container\"><span class=\"vc_tta-title-text\">Social grant<\/span><\/a><\/h4><\/div><div class=\"vc_tta-panel-body\">\n\t<div class=\"wpb_text_column wpb_content_element\" >\n\t\t<div class=\"wpb_wrapper\">\n\t\t\t<h2><span>For whom:<\/span><\/h2>\n<ul>\n<li>For students in a difficult financial situation whose monthly net income per person in the family does not exceed <strong>1908,90 z\u0142. <\/strong><\/li>\n<li>The amount of the scholarship depends on the grant received by the university. The distribution of funds is made in November, after considering applications submitted by 31 October this year.<\/li>\n<\/ul>\n<h2><span><br \/>\nStudent family composition:<\/span><\/h2>\n<p>When determining the amount of income entitling a student to apply for a grant, income earned by:<\/p>\n<ul>\n<li>student;<\/li>\n<li>the student's spouse;<\/li>\n<li>the student's parents, legal guardians or actual guardians;<\/li>\n<li>and their dependants:<br \/>\n- underage children<br \/>\n- children in education up to the age of 26 or, if the age of 26 falls in the final year of study, until the completion of their studies<br \/>\n&#8211; dzieci niepe\u0142nosprawne bez wzgl\u0119du na wiek<\/li>\n<\/ul>\n<h2><span><br \/>\nStudent financial independence:<\/span><\/h2>\n<p>For students without showing income of parents and siblings, if it meets at least \u00a0<strong>one<\/strong>\u00a0of the following conditions:<\/p>\n<ol>\n<li>over 26 years of age;<\/li>\n<li>remains married;<\/li>\n<li>has dependent children;<\/li>\n<li>has reached the age of majority while in foster care;<\/li>\n<li>posiada sta\u0142e \u017ar\u00f3d\u0142o dochod\u00f3w i jego przeci\u0119tny miesi\u0119czny doch\u00f3d w poprzednim roku podatkowym oraz w roku bie\u017c\u0105cym w miesi\u0105cach poprzedzaj\u0105cych miesi\u0105c z\u0142o\u017cenia o\u015bwiadczenia wynosi <strong>1696,80 z\u0142.\u00a0<\/strong><\/li>\n<\/ol>\n<h2><span><br \/>\nWhat to include in the application:<\/span><\/h2>\n<p>All documents necessary to establish your family's financial situation.<\/p>\n<p><span>Core documents:\u00a0 <\/span><\/p>\n<ul>\n<li>certificates from the tax office of the student and the members of the student's family on income subject to personal income tax pursuant to the principles set out in Articles 27, 30b, 30c, 30e and 30f of the Personal Income Tax Act of 26 July 1991;<\/li>\n<li>in the event of joint accounting by the parents for the income earned, the student must submit separate certificates for each parent,<\/li>\n<li>a certificate from the tax office of the members of the student's family who account for their income on the basis of the provisions on flat-rate income tax on certain income earned by natural persons, of the income earned in the calendar year preceding the academic year (if applicable),<\/li>\n<li>declarations by the student and members of the student's family about the income not subject to personal income tax earned in the calendar year preceding the academic year,<\/li>\n<li>certificates from the student and members of the student's family stating the amount of health insurance contributions in the calendar year preceding the academic year.<\/li>\n<\/ul>\n<p>Other documents depend on the student's individual situation.<\/p>\n<p>Document catalogue:\u00a0 <a href=\"https:\/\/studia-wroclaw.pl\/wp-content\/uploads\/2026\/01\/katalog-dokumentow-spis-podstawowych-dokumentow-stypendium-socjalne.doc\"><strong><u>List of basic documents<\/u><\/strong><\/a>\u00a0 (downloadable file)<\/p>\n<p><span style=\"color: #ff6600;\"><strong>NOTE!<br \/>\n<\/strong><\/span>If the monthly income of the family does not exceed the amount of <strong>823 z\u0142<\/strong> (in accordance with the Social Assistance Act) a certificate (from the Social Assistance Centre or the Social Services Centre) on the use of social assistance benefits must be provided.<\/p>\n<p><strong>If the certificate is not provided<\/strong> - <strong>The Scholarship Committee refuses to award a maintenance grant<\/strong>.<\/p>\n<h2><span><br \/>\nFor how long:<\/span><\/h2>\n<ul>\n<li>Stypendium przyznawane jest na rok akademicki 2025\/2026 (w miesi\u0105cach od pa\u017adziernika do czerwca)<\/li>\n<\/ul>\n<h2><span><br \/>\nHow to apply:<\/span><\/h2>\n<ul>\n<li>Filled with <a href=\"https:\/\/studia-wroclaw.pl\/wp-content\/uploads\/2026\/01\/Wniosek_Stypendium-socjalne_z-zalacznikami_2025_2026.pdf\"><strong><u>application for a maintenance grant<\/u><\/strong><\/a> (downloadable file), together with a set of documents, should be sent by post by 31 October to the university's address:<\/li>\n<\/ul>\n<p style=\"padding-left: 40px;\">University College of Professional Education<br \/>\nSilesian Insurgents Square 1\/201<br \/>\n53-329 Wroc\u0142aw<\/p>\n\n\t\t<\/div>\n\t<\/div>\n<\/div><\/div><div class=\"vc_tta-panel\" id=\"1724681944462-846daf6b-f31d\" data-vc-content=\".vc_tta-panel-body\"><div class=\"vc_tta-panel-heading\"><h4 class=\"vc_tta-panel-title\"><a href=\"#1724681944462-846daf6b-f31d\" data-vc-accordion data-vc-container=\".vc_tta-container\"><span class=\"vc_tta-title-text\">Forgetting<\/span><\/a><\/h4><\/div><div class=\"vc_tta-panel-body\">\n\t<div class=\"wpb_text_column wpb_content_element\" >\n\t\t<div class=\"wpb_wrapper\">\n\t\t\t<h2><span>For whom:<\/span><\/h2>\n<ul>\n<li>For students who find themselves temporarily in a difficult life situation.<\/li>\n<\/ul>\n<h2><span><br \/>\nWhat to include in the application:<\/span><\/h2>\n<ul>\n<li>A description of the circumstances of the difficult life situation and supporting documents to substantiate the application.<\/li>\n<\/ul>\n<h2><span><br \/>\nHow often:<\/span><\/h2>\n<ul>\n<li>An aid can be granted no more than twice per academic year.<\/li>\n<\/ul>\n<h2><span><br \/>\nHow to apply:<\/span><\/h2>\n<ul>\n<li>Filled with <a href=\"https:\/\/studia-wroclaw.pl\/wp-content\/uploads\/2026\/01\/Wniosek_Zapomoga_2025_2026.pdf\"><strong><u>application for assistance<\/u><\/strong><\/a> (downloadable file), together with a set of documents, should be sent by post by 31 October to the university's address:<\/li>\n<\/ul>\n<p style=\"padding-left: 40px;\">University College of Professional Education<br \/>\nSilesian Insurgents Square 1\/201<br \/>\n53-329 Wroc\u0142aw<\/p>\n\n\t\t<\/div>\n\t<\/div>\n<\/div><\/div><div class=\"vc_tta-panel vc_active\" id=\"1724681982490-5a8ba622-6612\" data-vc-content=\".vc_tta-panel-body\"><div class=\"vc_tta-panel-heading\"><h4 class=\"vc_tta-panel-title\"><a href=\"#1724681982490-5a8ba622-6612\" data-vc-accordion data-vc-container=\".vc_tta-container\"><span class=\"vc_tta-title-text\">Scholarship for the disabled<\/span><\/a><\/h4><\/div><div class=\"vc_tta-panel-body\">\n\t<div class=\"wpb_text_column wpb_content_element\" >\n\t\t<div class=\"wpb_wrapper\">\n\t\t\t<h2><span>For whom:<\/span><\/h2>\n<ul>\n<li>Stypendium dla os\u00f3b niepe\u0142nosprawnych mo\u017ce otrzyma\u0107 student posiadaj\u0105cy orzeczenie o niepe\u0142nosprawno\u015bci, orzeczenie o stopniu niepe\u0142nosprawno\u015bci albo orzeczenie, o kt\u00f3rym mowa w art. 5 oraz art. 62 ustawy z dnia 27 sierpnia 1997 r. o rehabilitacji zawodowej i spo\u0142ecznej oraz zatrudnianiu os\u00f3b niepe\u0142nosprawnych (Dz. U. z 2025 r. poz. 913 z p\u00f3\u017an. zm.).<\/li>\n<\/ul>\n<h2><span><br \/>\nWhat to include in the application:<\/span><\/h2>\n<ul>\n<li>Original and photocopy of the disability certificate.<\/li>\n<li>Orygina\u0142 orzeczenia zostanie odes\u0142any do studenta na wskazany we wniosku adres.<\/li>\n<\/ul>\n<h2><span><br \/>\nFor how long:<\/span><\/h2>\n<ul>\n<li>Stypendium przyznawane jest na rok akademicki 2025\/2026 (w miesi\u0105cach od pa\u017adziernika do czerwca), jednak nie d\u0142u\u017cej ni\u017c na okres wa\u017cno\u015bci orzeczenia.<\/li>\n<\/ul>\n<h2><span><br \/>\nHow to apply:<\/span><\/h2>\n<ul>\n<li>Filled with <a href=\"https:\/\/studia-wroclaw.pl\/wp-content\/uploads\/2026\/01\/Wniosek_Stypendium-dla-niepelnosprawnych_2025_2026-2.pdf\"><strong><u>application for a disability grant<\/u><\/strong><\/a> (downloadable file), together with a set of documents, should be sent by post by 31 October to the university's address:<\/li>\n<\/ul>\n<p style=\"padding-left: 40px;\">University College of Professional Education<br \/>\nSilesian Insurgents Square 1<br \/>\n53-329 Wroc\u0142aw<\/p>\n\n\t\t<\/div>\n\t<\/div>\n<\/div><\/div><\/div><\/div><\/div><\/div><\/div><\/div><\/div><\/div><\/div><\/div><div class=\"vc_row-full-width vc_clearfix\"><\/div><div data-vc-full-width=\"true\" data-vc-full-width-init=\"false\" class=\"vc_custom_1724753242591\"><div class=\"container\"><div class=\"vc_row wpb_row vc_row-fluid\"><div class=\"wpb_column vc_column_container vc_col-sm-3\"><div class=\"vc_column-inner\"><div class=\"wpb_wrapper\">\n\t<div  class=\"wpb_single_image wpb_content_element vc_align_center\">\n\t\t\n\t\t<figure class=\"wpb_wrapper vc_figure\">\n\t\t\t<div class=\"vc_single_image-wrapper   vc_box_border_grey\"><img decoding=\"async\" class=\"vc_single_image-img\" src=\"https:\/\/studia-wroclaw.pl\/wp-content\/uploads\/2024\/05\/communications_3868572-150x150.png\" width=\"150\" height=\"150\" alt=\"Skontaktuj si\u0119 z nami\" title=\"\" loading=\"lazy\" \/><\/div>\n\t\t<\/figure>\n\t<\/div>\n<\/div><\/div><\/div><div class=\"wpb_column vc_column_container vc_col-sm-9\"><div class=\"vc_column-inner\"><div class=\"wpb_wrapper\">\n\t<div class=\"wpb_text_column wpb_content_element\" >\n\t\t<div class=\"wpb_wrapper\">\n\t\t\t<h3><span class=\"wixui-rich-text__text\">If you have any questions, please contact us:<\/span><\/h3>\n\n\t\t<\/div>\n\t<\/div>\n\n\t<div class=\"wpb_text_column wpb_content_element  vc_custom_1718361572796\" >\n\t\t<div class=\"wpb_wrapper\">\n\t\t\t<div id=\"comp-kxpwjqhe__item1\" class=\"HcOXKn c9GqVL QxJLC3 comp-kxpwjqhe wixui-rich-text\" data-hs-allowed=\"true\" data-testid=\"richTextElement\">\n<ul>\n<li class=\"font_8 wixui-rich-text__text\">Tel: 71 711 99 92<\/li>\n<li class=\"font_8 wixui-rich-text__text\">Email: <a target=\"_blank\" class=\"c-link c-link--underline\" data-stringify-link=\"mailto:dziekanat@studia-wroclaw.pl\" delay=\"150\" data-sk=\"tooltip_parent\" aria-haspopup=\"menu\" href=\"mailto:dziekanat@studia-wroclaw.pl\" rel=\"noopener noreferrer\">dziekanat@studia-wroclaw.pl<\/a><\/li>\n<\/ul>\n<\/div>\n\n\t\t<\/div>\n\t<\/div>\n<\/div><\/div><\/div><\/div><\/div><\/div><div class=\"vc_row-full-width vc_clearfix\"><\/div>\n<\/div>","protected":false},"excerpt":{"rendered":"Stypendia 2025\/2026 Og\u00f3lne zasady funkcjonowania pomocy materialnej dla student\u00f3w Wy\u017cszej Szko\u0142y Kszta\u0142cenia Zawodowego okre\u015blaj\u0105: Ustawa z dnia 20 lipca 2018 r. prawo o szkolnictwie wy\u017cszym i nauce (Dz. U. z 2024 r. poz. 1571 z p\u00f3\u017an. zm.). Regulamin ustalania wysoko\u015bci, przyznawania i wyp\u0142acania \u015bwiadcze\u0144 dla student\u00f3w Wy\u017cszej Szko\u0142y \u00a0Kszta\u0142cenia Zawodowego we Wroc\u0142awiu, kt\u00f3ry obowi\u0105zuje od [...]","protected":false},"author":1,"featured_media":0,"parent":0,"menu_order":0,"comment_status":"closed","ping_status":"closed","template":"","meta":{"om_disable_all_campaigns":false,"footnotes":""},"class_list":["post-3650","page","type-page","status-publish","hentry"],"yoast_head":"<!-- This site is optimized with the Yoast SEO plugin v25.9 - https:\/\/yoast.com\/wordpress\/plugins\/seo\/ -->\n<title>Stypendia dla student\u00f3w | studia-wroclaw.pl<\/title>\n<meta name=\"description\" content=\"Stypendia dla student\u00f3w \u2013 sprawd\u017a kryteria, terminy i procedur\u0119 sk\u0142adania wniosk\u00f3w. Poznaj programy (socjalne, rektora, dla os\u00f3b z niepe\u0142nosprawno\u015bciami), kwoty i wymagane dokumenty. Z\u0142\u00f3\u017c wniosek online i zrealizuj swoje edukacyjne marzenia.\" \/>\n<meta name=\"robots\" content=\"index, follow, max-snippet:-1, max-image-preview:large, max-video-preview:-1\" \/>\n<link rel=\"canonical\" href=\"https:\/\/studia-wroclaw.pl\/en\/stypendia\/\" \/>\n<meta property=\"og:locale\" content=\"en_GB\" \/>\n<meta property=\"og:type\" content=\"article\" \/>\n<meta property=\"og:title\" content=\"Stypendia dla student\u00f3w | studia-wroclaw.pl\" \/>\n<meta property=\"og:description\" content=\"Stypendia dla student\u00f3w \u2013 sprawd\u017a kryteria, terminy i procedur\u0119 sk\u0142adania wniosk\u00f3w. Poznaj programy (socjalne, rektora, dla os\u00f3b z niepe\u0142nosprawno\u015bciami), kwoty i wymagane dokumenty. Z\u0142\u00f3\u017c wniosek online i zrealizuj swoje edukacyjne marzenia.\" \/>\n<meta property=\"og:url\" content=\"https:\/\/studia-wroclaw.pl\/en\/stypendia\/\" \/>\n<meta property=\"og:site_name\" content=\"Studia Wroc\u0142aw\" \/>\n<meta property=\"article:modified_time\" content=\"2026-01-08T12:41:39+00:00\" \/>\n<meta name=\"twitter:card\" content=\"summary_large_image\" \/>\n<meta name=\"twitter:label1\" content=\"Estimated reading time\" \/>\n\t<meta name=\"twitter:data1\" content=\"7 minutes\" \/>\n<script type=\"application\/ld+json\" class=\"yoast-schema-graph\">{\"@context\":\"https:\/\/schema.org\",\"@graph\":[{\"@type\":\"WebPage\",\"@id\":\"https:\/\/studia-wroclaw.pl\/stypendia\/\",\"url\":\"https:\/\/studia-wroclaw.pl\/stypendia\/\",\"name\":\"Stypendia dla student\u00f3w | studia-wroclaw.pl\",\"isPartOf\":{\"@id\":\"https:\/\/studia-wroclaw.pl\/#website\"},\"datePublished\":\"2024-05-21T15:23:43+00:00\",\"dateModified\":\"2026-01-08T12:41:39+00:00\",\"description\":\"Stypendia dla student\u00f3w \u2013 sprawd\u017a kryteria, terminy i procedur\u0119 sk\u0142adania wniosk\u00f3w. Poznaj programy (socjalne, rektora, dla os\u00f3b z niepe\u0142nosprawno\u015bciami), kwoty i wymagane dokumenty. Z\u0142\u00f3\u017c wniosek online i zrealizuj swoje edukacyjne marzenia.\",\"breadcrumb\":{\"@id\":\"https:\/\/studia-wroclaw.pl\/stypendia\/#breadcrumb\"},\"inLanguage\":\"en-GB\",\"potentialAction\":[{\"@type\":\"ReadAction\",\"target\":[\"https:\/\/studia-wroclaw.pl\/stypendia\/\"]}]},{\"@type\":\"BreadcrumbList\",\"@id\":\"https:\/\/studia-wroclaw.pl\/stypendia\/#breadcrumb\",\"itemListElement\":[{\"@type\":\"ListItem\",\"position\":1,\"name\":\"Strona g\u0142\u00f3wna\",\"item\":\"https:\/\/studia-wroclaw.pl\/\"},{\"@type\":\"ListItem\",\"position\":2,\"name\":\"Stypendia\"}]},{\"@type\":\"WebSite\",\"@id\":\"https:\/\/studia-wroclaw.pl\/#website\",\"url\":\"https:\/\/studia-wroclaw.pl\/\",\"name\":\"Studia Wroc\u0142aw\",\"description\":\"\",\"potentialAction\":[{\"@type\":\"SearchAction\",\"target\":{\"@type\":\"EntryPoint\",\"urlTemplate\":\"https:\/\/studia-wroclaw.pl\/?s={search_term_string}\"},\"query-input\":{\"@type\":\"PropertyValueSpecification\",\"valueRequired\":true,\"valueName\":\"search_term_string\"}}],\"inLanguage\":\"en-GB\"}]}<\/script>\n<!-- \/ Yoast SEO plugin. -->","yoast_head_json":{"title":"Stypendia dla student\u00f3w | studia-wroclaw.pl","description":"Stypendia dla student\u00f3w \u2013 sprawd\u017a kryteria, terminy i procedur\u0119 sk\u0142adania wniosk\u00f3w. Poznaj programy (socjalne, rektora, dla os\u00f3b z niepe\u0142nosprawno\u015bciami), kwoty i wymagane dokumenty. Z\u0142\u00f3\u017c wniosek online i zrealizuj swoje edukacyjne marzenia.","robots":{"index":"index","follow":"follow","max-snippet":"max-snippet:-1","max-image-preview":"max-image-preview:large","max-video-preview":"max-video-preview:-1"},"canonical":"https:\/\/studia-wroclaw.pl\/en\/stypendia\/","og_locale":"en_GB","og_type":"article","og_title":"Stypendia dla student\u00f3w | studia-wroclaw.pl","og_description":"Stypendia dla student\u00f3w \u2013 sprawd\u017a kryteria, terminy i procedur\u0119 sk\u0142adania wniosk\u00f3w. Poznaj programy (socjalne, rektora, dla os\u00f3b z niepe\u0142nosprawno\u015bciami), kwoty i wymagane dokumenty. Z\u0142\u00f3\u017c wniosek online i zrealizuj swoje edukacyjne marzenia.","og_url":"https:\/\/studia-wroclaw.pl\/en\/stypendia\/","og_site_name":"Studia Wroc\u0142aw","article_modified_time":"2026-01-08T12:41:39+00:00","twitter_card":"summary_large_image","twitter_misc":{"Estimated reading time":"7 minutes"},"schema":{"@context":"https:\/\/schema.org","@graph":[{"@type":"WebPage","@id":"https:\/\/studia-wroclaw.pl\/stypendia\/","url":"https:\/\/studia-wroclaw.pl\/stypendia\/","name":"Stypendia dla student\u00f3w | studia-wroclaw.pl","isPartOf":{"@id":"https:\/\/studia-wroclaw.pl\/#website"},"datePublished":"2024-05-21T15:23:43+00:00","dateModified":"2026-01-08T12:41:39+00:00","description":"Stypendia dla student\u00f3w \u2013 sprawd\u017a kryteria, terminy i procedur\u0119 sk\u0142adania wniosk\u00f3w. Poznaj programy (socjalne, rektora, dla os\u00f3b z niepe\u0142nosprawno\u015bciami), kwoty i wymagane dokumenty. Z\u0142\u00f3\u017c wniosek online i zrealizuj swoje edukacyjne marzenia.","breadcrumb":{"@id":"https:\/\/studia-wroclaw.pl\/stypendia\/#breadcrumb"},"inLanguage":"en-GB","potentialAction":[{"@type":"ReadAction","target":["https:\/\/studia-wroclaw.pl\/stypendia\/"]}]},{"@type":"BreadcrumbList","@id":"https:\/\/studia-wroclaw.pl\/stypendia\/#breadcrumb","itemListElement":[{"@type":"ListItem","position":1,"name":"Strona g\u0142\u00f3wna","item":"https:\/\/studia-wroclaw.pl\/"},{"@type":"ListItem","position":2,"name":"Stypendia"}]},{"@type":"WebSite","@id":"https:\/\/studia-wroclaw.pl\/#website","url":"https:\/\/studia-wroclaw.pl\/","name":"Studies Wroclaw","description":"","potentialAction":[{"@type":"SearchAction","target":{"@type":"EntryPoint","urlTemplate":"https:\/\/studia-wroclaw.pl\/?s={search_term_string}"},"query-input":{"@type":"PropertyValueSpecification","valueRequired":true,"valueName":"search_term_string"}}],"inLanguage":"en-GB"}]}},"_links":{"self":[{"href":"https:\/\/studia-wroclaw.pl\/en\/wp-json\/wp\/v2\/pages\/3650","targetHints":{"allow":["GET"]}}],"collection":[{"href":"https:\/\/studia-wroclaw.pl\/en\/wp-json\/wp\/v2\/pages"}],"about":[{"href":"https:\/\/studia-wroclaw.pl\/en\/wp-json\/wp\/v2\/types\/page"}],"author":[{"embeddable":true,"href":"https:\/\/studia-wroclaw.pl\/en\/wp-json\/wp\/v2\/users\/1"}],"replies":[{"embeddable":true,"href":"https:\/\/studia-wroclaw.pl\/en\/wp-json\/wp\/v2\/comments?post=3650"}],"version-history":[{"count":28,"href":"https:\/\/studia-wroclaw.pl\/en\/wp-json\/wp\/v2\/pages\/3650\/revisions"}],"predecessor-version":[{"id":8578,"href":"https:\/\/studia-wroclaw.pl\/en\/wp-json\/wp\/v2\/pages\/3650\/revisions\/8578"}],"wp:attachment":[{"href":"https:\/\/studia-wroclaw.pl\/en\/wp-json\/wp\/v2\/media?parent=3650"}],"curies":[{"name":"wp","href":"https:\/\/api.w.org\/{rel}","templated":true}]}}