{"id":3850,"date":"2024-09-17T14:52:54","date_gmt":"2024-09-17T12:52:54","guid":{"rendered":"https:\/\/studia-wroclaw.pl\/?page_id=3850"},"modified":"2024-09-17T15:20:35","modified_gmt":"2024-09-17T13:20:35","slug":"ywr3a","status":"publish","type":"page","link":"https:\/\/studia-wroclaw.pl\/en\/ywr3a\/","title":{"rendered":"Rabat 50% na czesne"},"content":{"rendered":"<div class=\"wpb-content-wrapper\"><div class=\"vc_custom_1726578319412\"><div class=\"container\"><div class=\"vc_row wpb_row vc_row-fluid\"><div class=\"wpb_column vc_column_container vc_col-sm-12\"><div class=\"vc_column-inner\"><div class=\"wpb_wrapper\">\n\t<div class=\"wpb_raw_code wpb_content_element wpb_raw_html\" >\n\t\t<div class=\"wpb_wrapper\">\n\t\t\t<script charset=\"utf-8\" type=\"text\/javascript\" src=\"\/\/js-eu1.hsforms.net\/forms\/embed\/v2.js\"><\/script>\n<script>\n  hbspt.forms.create({\n    region: \"eu1\",\n    portalId: \"25530156\",\n    formId: \"f0d05ff2-de15-4e56-856a-64ae90d0ff55\",\n    onFormSubmit: function($form) {\n\n     \n      const currentDate = new Date();\n      const deadlineDate = new Date();\n      deadlineDate.setDate(currentDate.getDate() + 30);\n      const formattedDeadlineDate = deadlineDate.toISOString().split('T')[0];\n\n      const email = $form.find(\"input[name='email']\").val();\n      const timestamp = new Date().getTime();\n      const client_id = `${email}-${timestamp}`;\n      \n      const formData = {\n        client_id: client_id,\n        orders: [\n          {\n            external_id: \"ZAM-SWRC-\" + timestamp, \n            payment_type: \"single_payment\",\n            is_grant: false,\n            installments: [\n              {\n                number: 1,\n                amount: 199,\n                deadline_date: formattedDeadlineDate \n              }\n            ]\n          }\n        ]\n      };\n\n      \/\/ Track custom event in HubSpot before making API calls\n      _hsq.push([\n        'trackCustomBehavioralEvent',\n        {\n          name: \"pe25530156_rejestracja_na_studia_wroclaw\",\n          properties: {\n            source: window.location.href,\n            action: \"wyslano\",\n            formId: \"f0d05ff2-de15-4e56-856a-64ae90d0ff55\"\n          }\n        }\n      ]);\n\n\n      function checkResponseStatus(response) {\n        if (!response.ok) {\n          console.log(`Error: Received status ${response.status} for ${response.url}`);\n          throw new Error(`HTTP status ${response.status}`);\n        }\n        return response.json();\n      }\n\n\n      fetch(\"https:\/\/payment.ultracloud.pl\/SWRC\/payments\", {\n        method: \"POST\",\n        headers: {\n          \"Content-Type\": \"application\/json\",\n          \"Authorization\": \"Bearer DEDpD4FVsn3SkF5w9eim9i5w6ksiEkuq\"\n        },\n        body: JSON.stringify(formData)\n      })\n      .then(checkResponseStatus)\n      .then(paymentData => {\n\n        const transactionData = {\n          client_id: client_id, \n          order_external_id: paymentData.orders[0].external_id,\n          external_transaction_id: timestamp,\n          session_id: \"czesne\",\n          email: email,\n          description: \"Promocyjna p\u0142atno\u015b\u0107 za pierwsze czesne -50 procent - Studia Wroc\u0142aw\",\n          amount: 199,\n          platform_code: \"SWRC\",\n          currency: \"PLN\",\n          country: \"PL\"\n        };\n\n        return fetch(\"https:\/\/payment.ultracloud.pl\/transaction\/create\/Przelewy24\", {\n          method: \"POST\",\n          headers: {\n            \"Content-Type\": \"application\/json\"\n          },\n          body: JSON.stringify(transactionData)\n        });\n      })\n      .then(checkResponseStatus) \n      .then(transactionResponse => {\n        setTimeout(() => {\n          window.location.href = transactionResponse.payment_redirect_url;\n        }, 3000);\n      })\n      .catch(error => {\n        console.error(\"Error:\", error);\n      });\n    }\n  });\n<\/script>\n<p style=\"color:#272F54; font-size:11px; line-height:1.25;\">\nThe administrator of the personal data provided in the completed form is Wy\u017csza Szko\u0142a Kszta\u0142cenia Zawodowego, Plac Powsta\u0144c\u00f3w \u015al\u0105skich 1\/201, 53-329 Wroc\u0142aw, e-mail: kontakt@studia-online.pl. The personal data will be processed in order to provide educational services, as well as for the purpose of direct marketing activities and may be made available to other entities providing services via the Website. The legal bases for the processing are: Article 6(1)(b) RODO, i.e. the necessity of processing in connection with the performance of a contract, and also prior to its conclusion upon a reported request; Article 6(1)(c) RODO, i.e. the fulfilment of legal obligations incumbent on the Administrator; Article 6(1)(f) RODO, i.e. the fulfilment of the Administrator's legitimate interests, i.e. activities in the field of direct marketing of the Administrator's services. In relation to the processing, you have the right to: request access to your personal data, rectification, data portability and deletion or restriction of processing in accordance with the conditions described in the RODO. You also have the right to lodge a complaint with a supervisory authority and the right to object to further processing for direct marketing purposes. Full information regarding the processing rules is contained in the Terms of Service, Privacy Policy and Cookies Policy.\n\nBy submitting this application, you consent to the transfer of your personal data to an entity that may provide services through the Website. In such a situation, information on the principles of data processing by that entity will be provided separately.<\/p>\n<img decoding=\"async\" src=\"https:\/\/studia-wroclaw.pl\/wp-content\/uploads\/2024\/09\/Przelewy24.png\" style=\"display: block; width: 100%; max-width: 600px;\">\n\t\t<\/div>\n\t<\/div>\n<\/div><\/div><\/div><\/div><\/div><\/div>\n<\/div>","protected":false},"excerpt":{"rendered":"Administratorem danych osobowych przekazanych w wype\u0142nionym formularzu jest Wy\u017csza Szko\u0142a Kszta\u0142cenia Zawodowego, plac Powsta\u0144c\u00f3w \u015al\u0105skich 1\/201, 53-329 Wroc\u0142aw, e-mail: kontakt@studia-online.pl. Dane osobowe b\u0119d\u0105 przetwarzane w celu \u015bwiadczenia us\u0142ug edukacyjnych, a tak\u017ce w celu realizacji dzia\u0142a\u0144 z zakresu marketingu bezpo\u015bredniego i mog\u0105 by\u0107 udost\u0119pniane innym podmiotom \u015bwiadcz\u0105cym us\u0142ugi za po\u015brednictwem Serwisu. Podstawy prawne przetwarzania stanowi\u0105: art. [...]","protected":false},"author":19,"featured_media":0,"parent":0,"menu_order":0,"comment_status":"closed","ping_status":"closed","template":"","meta":{"om_disable_all_campaigns":false,"footnotes":""},"class_list":["post-3850","page","type-page","status-publish","hentry"],"yoast_head":"<!-- This site is optimized with the Yoast SEO plugin v25.9 - https:\/\/yoast.com\/wordpress\/plugins\/seo\/ -->\n<title>Rabat 50% na czesne - Studia Wroc\u0142aw<\/title>\n<meta name=\"robots\" content=\"index, follow, max-snippet:-1, max-image-preview:large, max-video-preview:-1\" \/>\n<link rel=\"canonical\" href=\"https:\/\/studia-wroclaw.pl\/en\/ywr3a\/\" \/>\n<meta property=\"og:locale\" content=\"en_GB\" \/>\n<meta property=\"og:type\" content=\"article\" \/>\n<meta property=\"og:title\" content=\"Rabat 50% na czesne - Studia Wroc\u0142aw\" \/>\n<meta property=\"og:url\" content=\"https:\/\/studia-wroclaw.pl\/en\/ywr3a\/\" \/>\n<meta property=\"og:site_name\" content=\"Studia Wroc\u0142aw\" \/>\n<meta property=\"article:modified_time\" content=\"2024-09-17T13:20:35+00:00\" \/>\n<meta name=\"twitter:card\" content=\"summary_large_image\" \/>\n<meta name=\"twitter:label1\" content=\"Estimated reading time\" \/>\n\t<meta name=\"twitter:data1\" content=\"1 minute\" \/>\n<script type=\"application\/ld+json\" class=\"yoast-schema-graph\">{\"@context\":\"https:\/\/schema.org\",\"@graph\":[{\"@type\":\"WebPage\",\"@id\":\"https:\/\/studia-wroclaw.pl\/ywr3a\/\",\"url\":\"https:\/\/studia-wroclaw.pl\/ywr3a\/\",\"name\":\"Rabat 50% na czesne - Studia Wroc\u0142aw\",\"isPartOf\":{\"@id\":\"https:\/\/studia-wroclaw.pl\/#website\"},\"datePublished\":\"2024-09-17T12:52:54+00:00\",\"dateModified\":\"2024-09-17T13:20:35+00:00\",\"breadcrumb\":{\"@id\":\"https:\/\/studia-wroclaw.pl\/ywr3a\/#breadcrumb\"},\"inLanguage\":\"en-GB\",\"potentialAction\":[{\"@type\":\"ReadAction\",\"target\":[\"https:\/\/studia-wroclaw.pl\/ywr3a\/\"]}]},{\"@type\":\"BreadcrumbList\",\"@id\":\"https:\/\/studia-wroclaw.pl\/ywr3a\/#breadcrumb\",\"itemListElement\":[{\"@type\":\"ListItem\",\"position\":1,\"name\":\"Strona g\u0142\u00f3wna\",\"item\":\"https:\/\/studia-wroclaw.pl\/\"},{\"@type\":\"ListItem\",\"position\":2,\"name\":\"Rabat 50% na czesne\"}]},{\"@type\":\"WebSite\",\"@id\":\"https:\/\/studia-wroclaw.pl\/#website\",\"url\":\"https:\/\/studia-wroclaw.pl\/\",\"name\":\"Studia Wroc\u0142aw\",\"description\":\"\",\"potentialAction\":[{\"@type\":\"SearchAction\",\"target\":{\"@type\":\"EntryPoint\",\"urlTemplate\":\"https:\/\/studia-wroclaw.pl\/?s={search_term_string}\"},\"query-input\":{\"@type\":\"PropertyValueSpecification\",\"valueRequired\":true,\"valueName\":\"search_term_string\"}}],\"inLanguage\":\"en-GB\"}]}<\/script>\n<!-- \/ Yoast SEO plugin. -->","yoast_head_json":{"title":"Rabat 50% na czesne - Studia Wroc\u0142aw","robots":{"index":"index","follow":"follow","max-snippet":"max-snippet:-1","max-image-preview":"max-image-preview:large","max-video-preview":"max-video-preview:-1"},"canonical":"https:\/\/studia-wroclaw.pl\/en\/ywr3a\/","og_locale":"en_GB","og_type":"article","og_title":"Rabat 50% na czesne - Studia Wroc\u0142aw","og_url":"https:\/\/studia-wroclaw.pl\/en\/ywr3a\/","og_site_name":"Studia Wroc\u0142aw","article_modified_time":"2024-09-17T13:20:35+00:00","twitter_card":"summary_large_image","twitter_misc":{"Estimated reading time":"1 minute"},"schema":{"@context":"https:\/\/schema.org","@graph":[{"@type":"WebPage","@id":"https:\/\/studia-wroclaw.pl\/ywr3a\/","url":"https:\/\/studia-wroclaw.pl\/ywr3a\/","name":"Rabat 50% na czesne - Studia Wroc\u0142aw","isPartOf":{"@id":"https:\/\/studia-wroclaw.pl\/#website"},"datePublished":"2024-09-17T12:52:54+00:00","dateModified":"2024-09-17T13:20:35+00:00","breadcrumb":{"@id":"https:\/\/studia-wroclaw.pl\/ywr3a\/#breadcrumb"},"inLanguage":"en-GB","potentialAction":[{"@type":"ReadAction","target":["https:\/\/studia-wroclaw.pl\/ywr3a\/"]}]},{"@type":"BreadcrumbList","@id":"https:\/\/studia-wroclaw.pl\/ywr3a\/#breadcrumb","itemListElement":[{"@type":"ListItem","position":1,"name":"Strona g\u0142\u00f3wna","item":"https:\/\/studia-wroclaw.pl\/"},{"@type":"ListItem","position":2,"name":"Rabat 50% na czesne"}]},{"@type":"WebSite","@id":"https:\/\/studia-wroclaw.pl\/#website","url":"https:\/\/studia-wroclaw.pl\/","name":"Studies Wroclaw","description":"","potentialAction":[{"@type":"SearchAction","target":{"@type":"EntryPoint","urlTemplate":"https:\/\/studia-wroclaw.pl\/?s={search_term_string}"},"query-input":{"@type":"PropertyValueSpecification","valueRequired":true,"valueName":"search_term_string"}}],"inLanguage":"en-GB"}]}},"_links":{"self":[{"href":"https:\/\/studia-wroclaw.pl\/en\/wp-json\/wp\/v2\/pages\/3850","targetHints":{"allow":["GET"]}}],"collection":[{"href":"https:\/\/studia-wroclaw.pl\/en\/wp-json\/wp\/v2\/pages"}],"about":[{"href":"https:\/\/studia-wroclaw.pl\/en\/wp-json\/wp\/v2\/types\/page"}],"author":[{"embeddable":true,"href":"https:\/\/studia-wroclaw.pl\/en\/wp-json\/wp\/v2\/users\/19"}],"replies":[{"embeddable":true,"href":"https:\/\/studia-wroclaw.pl\/en\/wp-json\/wp\/v2\/comments?post=3850"}],"version-history":[{"count":8,"href":"https:\/\/studia-wroclaw.pl\/en\/wp-json\/wp\/v2\/pages\/3850\/revisions"}],"predecessor-version":[{"id":3859,"href":"https:\/\/studia-wroclaw.pl\/en\/wp-json\/wp\/v2\/pages\/3850\/revisions\/3859"}],"wp:attachment":[{"href":"https:\/\/studia-wroclaw.pl\/en\/wp-json\/wp\/v2\/media?parent=3850"}],"curies":[{"name":"wp","href":"https:\/\/api.w.org\/{rel}","templated":true}]}}