{"id":4469,"date":"2017-02-15T10:52:25","date_gmt":"2017-02-15T09:52:25","guid":{"rendered":"https:\/\/studia-wroclaw.pl\/?page_id=4469"},"modified":"2025-10-31T15:02:46","modified_gmt":"2025-10-31T14:02:46","slug":"wspolpraca-miedzynarodowa-2","status":"publish","type":"page","link":"https:\/\/studia-wroclaw.pl\/en\/wspolpraca-miedzynarodowa-2\/","title":{"rendered":"International cooperation"},"content":{"rendered":"<div class=\"wpb-content-wrapper\"><div class=\"vc_custom_1716292249896\"><div class=\"container\"><div class=\"vc_row wpb_row vc_row-fluid\"><div class=\"wpb_column vc_column_container vc_col-sm-6\"><div class=\"vc_column-inner\"><div class=\"wpb_wrapper\">\n\t<div class=\"wpb_text_column wpb_content_element\" >\n\t\t<div class=\"wpb_wrapper\">\n\t\t\t<h1><span>International cooperation<\/span><\/h1>\n\n\t\t<\/div>\n\t<\/div>\n<div class=\"gt3_spacing\"><div class=\"gt3_spacing-height gt3_spacing-height_default\" style=\"height:10px;\"><\/div><\/div>  \r\n<div class=\"gt3_spacing\"><div class=\"gt3_spacing-height gt3_spacing-height_default\" style=\"height:25px;\"><\/div><\/div>  \r\n\n\t<div class=\"wpb_text_column wpb_content_element\" >\n\t\t<div class=\"wpb_wrapper\">\n\t\t\t<p>Wroc\u0142aw is the undisputed heart of the educational activities of the University College of Professional Education, but global challenges are also close to our heart. In the face of a dynamically changing world, we aim to provide a variety of development opportunities for both our students and teaching staff. International cooperation plays a key role in our approach to education, enabling us to share knowledge, experiences and best practices with other universities and institutions around the world.<\/p>\n<p>University College of Professional Education has established a <strong>Centre for International Cooperation (ICC)<\/strong>which aims to develop and foster the university's international relations and cooperation with other academic institutions, organisations and partners from around the world.<\/p>\n<p>The initiatives of the University College of Professional Education in the area of international cooperation are realised through a number of contracts and agreements with foreign educational institutions operating internationally. These strategic partnerships not only enrich our educational offer, but will also enable our students and teaching staff to participate in exchange programmes, internships and research projects that will broaden their horizons and prepare them to work in a global environment.<\/p>\n<p>We encourage you to learn more about the various initiatives we are undertaking to develop our academic community in an international context.<\/p>\n\n\t\t<\/div>\n\t<\/div>\n<div class=\"gt3_spacing\"><div class=\"gt3_spacing-height gt3_spacing-height_default\" style=\"height:10px;\"><\/div><\/div>  \r\n<\/div><\/div><\/div><div class=\"wpb_column vc_column_container vc_col-sm-6\"><div class=\"vc_column-inner\"><div class=\"wpb_wrapper\"><div class=\"gt3_spacing\"><div class=\"gt3_spacing-height gt3_spacing-height_default\" style=\"height:10px;\"><\/div><\/div>  \r\n\n\t<div  class=\"wpb_single_image wpb_content_element vc_align_left\">\n\t\t\n\t\t<figure class=\"wpb_wrapper vc_figure\">\n\t\t\t<div class=\"vc_single_image-wrapper   vc_box_border_grey\"><img loading=\"lazy\" decoding=\"async\" width=\"825\" height=\"690\" src=\"https:\/\/studia-wroclaw.pl\/wp-content\/uploads\/2025\/03\/wspolpraca1.jpg\" class=\"vc_single_image-img attachment-full\" alt=\"\" title=\"cooperation(1)\" srcset=\"https:\/\/studia-wroclaw.pl\/wp-content\/uploads\/2025\/03\/wspolpraca1.jpg 825w, https:\/\/studia-wroclaw.pl\/wp-content\/uploads\/2025\/03\/wspolpraca1-300x251.jpg 300w, https:\/\/studia-wroclaw.pl\/wp-content\/uploads\/2025\/03\/wspolpraca1-768x642.jpg 768w, https:\/\/studia-wroclaw.pl\/wp-content\/uploads\/2025\/03\/wspolpraca1-14x12.jpg 14w\" sizes=\"auto, (max-width: 825px) 100vw, 825px\" \/><\/div>\n\t\t<\/figure>\n\t<\/div>\n<\/div><\/div><\/div><\/div><\/div><\/div>\n<\/div>","protected":false},"excerpt":{"rendered":"International Cooperation Wroc\u0142aw is undeniably at the heart of the educational activities of the College of Vocational Training, but global challenges are also close to our heart. In the face of a dynamically changing world, we aim to provide a variety of development opportunities for both our students and teaching staff. International cooperation plays a key role in our approach to education, enabling the exchange of knowledge, experience and best [...]","protected":false},"author":1,"featured_media":0,"parent":0,"menu_order":0,"comment_status":"closed","ping_status":"closed","template":"","meta":{"om_disable_all_campaigns":false,"footnotes":""},"class_list":["post-4469","page","type-page","status-publish","hentry"],"yoast_head":"<!-- This site is optimized with the Yoast SEO plugin v25.9 - https:\/\/yoast.com\/wordpress\/plugins\/seo\/ -->\n<title>Wsp\u00f3\u0142praca mi\u0119dzynarodowa | studia-wroclaw.pl<\/title>\n<meta name=\"description\" content=\"Otw\u00f3rz si\u0119 na \u015bwiat dzi\u0119ki naszej wsp\u00f3\u0142pracy mi\u0119dzynarodowej! Wyjed\u017a na studia w ramach programu Erasmus+, zdob\u0105d\u017a cenne do\u015bwiadczenie i poznaj nowe kultury. To Twoja szansa na przygod\u0119, kt\u00f3ra wzbogaci CV i otworzy drzwi do globalnej kariery!\" \/>\n<meta name=\"robots\" content=\"index, follow, max-snippet:-1, max-image-preview:large, max-video-preview:-1\" \/>\n<link rel=\"canonical\" href=\"https:\/\/studia-wroclaw.pl\/en\/wspolpraca-miedzynarodowa-2\/\" \/>\n<meta property=\"og:locale\" content=\"en_GB\" \/>\n<meta property=\"og:type\" content=\"article\" \/>\n<meta property=\"og:title\" content=\"Wsp\u00f3\u0142praca mi\u0119dzynarodowa | studia-wroclaw.pl\" \/>\n<meta property=\"og:description\" content=\"Otw\u00f3rz si\u0119 na \u015bwiat dzi\u0119ki naszej wsp\u00f3\u0142pracy mi\u0119dzynarodowej! Wyjed\u017a na studia w ramach programu Erasmus+, zdob\u0105d\u017a cenne do\u015bwiadczenie i poznaj nowe kultury. To Twoja szansa na przygod\u0119, kt\u00f3ra wzbogaci CV i otworzy drzwi do globalnej kariery!\" \/>\n<meta property=\"og:url\" content=\"https:\/\/studia-wroclaw.pl\/en\/wspolpraca-miedzynarodowa-2\/\" \/>\n<meta property=\"og:site_name\" content=\"Studia Wroc\u0142aw\" \/>\n<meta property=\"article:modified_time\" content=\"2025-10-31T14:02:46+00:00\" \/>\n<meta name=\"twitter:card\" content=\"summary_large_image\" \/>\n<meta name=\"twitter:label1\" content=\"Estimated reading time\" \/>\n\t<meta name=\"twitter:data1\" content=\"2 minutes\" \/>\n<script type=\"application\/ld+json\" class=\"yoast-schema-graph\">{\"@context\":\"https:\/\/schema.org\",\"@graph\":[{\"@type\":\"WebPage\",\"@id\":\"https:\/\/studia-wroclaw.pl\/wspolpraca-miedzynarodowa-2\/\",\"url\":\"https:\/\/studia-wroclaw.pl\/wspolpraca-miedzynarodowa-2\/\",\"name\":\"Wsp\u00f3\u0142praca mi\u0119dzynarodowa | studia-wroclaw.pl\",\"isPartOf\":{\"@id\":\"https:\/\/studia-wroclaw.pl\/#website\"},\"datePublished\":\"2017-02-15T09:52:25+00:00\",\"dateModified\":\"2025-10-31T14:02:46+00:00\",\"description\":\"Otw\u00f3rz si\u0119 na \u015bwiat dzi\u0119ki naszej wsp\u00f3\u0142pracy mi\u0119dzynarodowej! Wyjed\u017a na studia w ramach programu Erasmus+, zdob\u0105d\u017a cenne do\u015bwiadczenie i poznaj nowe kultury. To Twoja szansa na przygod\u0119, kt\u00f3ra wzbogaci CV i otworzy drzwi do globalnej kariery!\",\"breadcrumb\":{\"@id\":\"https:\/\/studia-wroclaw.pl\/wspolpraca-miedzynarodowa-2\/#breadcrumb\"},\"inLanguage\":\"en-GB\",\"potentialAction\":[{\"@type\":\"ReadAction\",\"target\":[\"https:\/\/studia-wroclaw.pl\/wspolpraca-miedzynarodowa-2\/\"]}]},{\"@type\":\"BreadcrumbList\",\"@id\":\"https:\/\/studia-wroclaw.pl\/wspolpraca-miedzynarodowa-2\/#breadcrumb\",\"itemListElement\":[{\"@type\":\"ListItem\",\"position\":1,\"name\":\"Strona g\u0142\u00f3wna\",\"item\":\"https:\/\/studia-wroclaw.pl\/\"},{\"@type\":\"ListItem\",\"position\":2,\"name\":\"Wsp\u00f3\u0142praca mi\u0119dzynarodowa\"}]},{\"@type\":\"WebSite\",\"@id\":\"https:\/\/studia-wroclaw.pl\/#website\",\"url\":\"https:\/\/studia-wroclaw.pl\/\",\"name\":\"Studia Wroc\u0142aw\",\"description\":\"\",\"potentialAction\":[{\"@type\":\"SearchAction\",\"target\":{\"@type\":\"EntryPoint\",\"urlTemplate\":\"https:\/\/studia-wroclaw.pl\/?s={search_term_string}\"},\"query-input\":{\"@type\":\"PropertyValueSpecification\",\"valueRequired\":true,\"valueName\":\"search_term_string\"}}],\"inLanguage\":\"en-GB\"}]}<\/script>\n<!-- \/ Yoast SEO plugin. -->","yoast_head_json":{"title":"Wsp\u00f3\u0142praca mi\u0119dzynarodowa | studia-wroclaw.pl","description":"Otw\u00f3rz si\u0119 na \u015bwiat dzi\u0119ki naszej wsp\u00f3\u0142pracy mi\u0119dzynarodowej! Wyjed\u017a na studia w ramach programu Erasmus+, zdob\u0105d\u017a cenne do\u015bwiadczenie i poznaj nowe kultury. To Twoja szansa na przygod\u0119, kt\u00f3ra wzbogaci CV i otworzy drzwi do globalnej kariery!","robots":{"index":"index","follow":"follow","max-snippet":"max-snippet:-1","max-image-preview":"max-image-preview:large","max-video-preview":"max-video-preview:-1"},"canonical":"https:\/\/studia-wroclaw.pl\/en\/wspolpraca-miedzynarodowa-2\/","og_locale":"en_GB","og_type":"article","og_title":"Wsp\u00f3\u0142praca mi\u0119dzynarodowa | studia-wroclaw.pl","og_description":"Otw\u00f3rz si\u0119 na \u015bwiat dzi\u0119ki naszej wsp\u00f3\u0142pracy mi\u0119dzynarodowej! Wyjed\u017a na studia w ramach programu Erasmus+, zdob\u0105d\u017a cenne do\u015bwiadczenie i poznaj nowe kultury. To Twoja szansa na przygod\u0119, kt\u00f3ra wzbogaci CV i otworzy drzwi do globalnej kariery!","og_url":"https:\/\/studia-wroclaw.pl\/en\/wspolpraca-miedzynarodowa-2\/","og_site_name":"Studia Wroc\u0142aw","article_modified_time":"2025-10-31T14:02:46+00:00","twitter_card":"summary_large_image","twitter_misc":{"Estimated reading time":"2 minutes"},"schema":{"@context":"https:\/\/schema.org","@graph":[{"@type":"WebPage","@id":"https:\/\/studia-wroclaw.pl\/wspolpraca-miedzynarodowa-2\/","url":"https:\/\/studia-wroclaw.pl\/wspolpraca-miedzynarodowa-2\/","name":"Wsp\u00f3\u0142praca mi\u0119dzynarodowa | studia-wroclaw.pl","isPartOf":{"@id":"https:\/\/studia-wroclaw.pl\/#website"},"datePublished":"2017-02-15T09:52:25+00:00","dateModified":"2025-10-31T14:02:46+00:00","description":"Otw\u00f3rz si\u0119 na \u015bwiat dzi\u0119ki naszej wsp\u00f3\u0142pracy mi\u0119dzynarodowej! Wyjed\u017a na studia w ramach programu Erasmus+, zdob\u0105d\u017a cenne do\u015bwiadczenie i poznaj nowe kultury. To Twoja szansa na przygod\u0119, kt\u00f3ra wzbogaci CV i otworzy drzwi do globalnej kariery!","breadcrumb":{"@id":"https:\/\/studia-wroclaw.pl\/wspolpraca-miedzynarodowa-2\/#breadcrumb"},"inLanguage":"en-GB","potentialAction":[{"@type":"ReadAction","target":["https:\/\/studia-wroclaw.pl\/wspolpraca-miedzynarodowa-2\/"]}]},{"@type":"BreadcrumbList","@id":"https:\/\/studia-wroclaw.pl\/wspolpraca-miedzynarodowa-2\/#breadcrumb","itemListElement":[{"@type":"ListItem","position":1,"name":"Strona g\u0142\u00f3wna","item":"https:\/\/studia-wroclaw.pl\/"},{"@type":"ListItem","position":2,"name":"Wsp\u00f3\u0142praca mi\u0119dzynarodowa"}]},{"@type":"WebSite","@id":"https:\/\/studia-wroclaw.pl\/#website","url":"https:\/\/studia-wroclaw.pl\/","name":"Studies Wroclaw","description":"","potentialAction":[{"@type":"SearchAction","target":{"@type":"EntryPoint","urlTemplate":"https:\/\/studia-wroclaw.pl\/?s={search_term_string}"},"query-input":{"@type":"PropertyValueSpecification","valueRequired":true,"valueName":"search_term_string"}}],"inLanguage":"en-GB"}]}},"_links":{"self":[{"href":"https:\/\/studia-wroclaw.pl\/en\/wp-json\/wp\/v2\/pages\/4469","targetHints":{"allow":["GET"]}}],"collection":[{"href":"https:\/\/studia-wroclaw.pl\/en\/wp-json\/wp\/v2\/pages"}],"about":[{"href":"https:\/\/studia-wroclaw.pl\/en\/wp-json\/wp\/v2\/types\/page"}],"author":[{"embeddable":true,"href":"https:\/\/studia-wroclaw.pl\/en\/wp-json\/wp\/v2\/users\/1"}],"replies":[{"embeddable":true,"href":"https:\/\/studia-wroclaw.pl\/en\/wp-json\/wp\/v2\/comments?post=4469"}],"version-history":[{"count":5,"href":"https:\/\/studia-wroclaw.pl\/en\/wp-json\/wp\/v2\/pages\/4469\/revisions"}],"predecessor-version":[{"id":7457,"href":"https:\/\/studia-wroclaw.pl\/en\/wp-json\/wp\/v2\/pages\/4469\/revisions\/7457"}],"wp:attachment":[{"href":"https:\/\/studia-wroclaw.pl\/en\/wp-json\/wp\/v2\/media?parent=4469"}],"curies":[{"name":"wp","href":"https:\/\/api.w.org\/{rel}","templated":true}]}}