{"id":4604,"date":"2017-02-15T10:52:25","date_gmt":"2017-02-15T09:52:25","guid":{"rendered":"https:\/\/studia-wroclaw.pl\/?page_id=4604"},"modified":"2025-10-31T15:15:20","modified_gmt":"2025-10-31T14:15:20","slug":"cele-cwm","status":"publish","type":"page","link":"https:\/\/studia-wroclaw.pl\/en\/wspolpraca-miedzynarodowa-2\/cele-cwm\/","title":{"rendered":"Our objectives"},"content":{"rendered":"<div class=\"wpb-content-wrapper\"><div class=\"vc_custom_1741736697738\"><div class=\"container\"><div class=\"vc_row wpb_row vc_row-fluid vc_row-o-content-top vc_row-flex\"><div class=\"wpb_column vc_column_container vc_col-sm-6\"><div class=\"vc_column-inner\"><div class=\"wpb_wrapper\"><div class=\"gt3_spacing\"><div class=\"gt3_spacing-height gt3_spacing-height_default\" style=\"height:10px;\"><\/div><\/div>  \r\n<div class=\"gt3_spacing\"><div class=\"gt3_spacing-height gt3_spacing-height_default\" style=\"height:25px;\"><\/div><\/div>  \r\n<div class=\"gt3_spacing\"><div class=\"gt3_spacing-height gt3_spacing-height_default\" style=\"height:10px;\"><\/div><\/div>  \r\n\n\t<div  class=\"wpb_single_image wpb_content_element vc_align_left\">\n\t\t\n\t\t<figure class=\"wpb_wrapper vc_figure\">\n\t\t\t<div class=\"vc_single_image-wrapper   vc_box_border_grey\"><img loading=\"lazy\" decoding=\"async\" width=\"825\" height=\"935\" src=\"https:\/\/studia-wroclaw.pl\/wp-content\/uploads\/2025\/03\/cele-cwm1.jpg\" class=\"vc_single_image-img attachment-full\" alt=\"\" title=\"targets-cwm(1)\" srcset=\"https:\/\/studia-wroclaw.pl\/wp-content\/uploads\/2025\/03\/cele-cwm1.jpg 825w, https:\/\/studia-wroclaw.pl\/wp-content\/uploads\/2025\/03\/cele-cwm1-265x300.jpg 265w, https:\/\/studia-wroclaw.pl\/wp-content\/uploads\/2025\/03\/cele-cwm1-768x870.jpg 768w, https:\/\/studia-wroclaw.pl\/wp-content\/uploads\/2025\/03\/cele-cwm1-11x12.jpg 11w\" sizes=\"auto, (max-width: 825px) 100vw, 825px\" \/><\/div>\n\t\t<\/figure>\n\t<\/div>\n<\/div><\/div><\/div><div class=\"wpb_column vc_column_container vc_col-sm-6\"><div class=\"vc_column-inner\"><div class=\"wpb_wrapper\"><div class=\"gt3_spacing\"><div class=\"gt3_spacing-height gt3_spacing-height_default\" style=\"height:10px;\"><\/div><\/div>  \r\n\n\t<div class=\"wpb_text_column wpb_content_element\" >\n\t\t<div class=\"wpb_wrapper\">\n\t\t\t<h2>Our objectives<\/h2>\n\n\t\t<\/div>\n\t<\/div>\n\n\t<div class=\"wpb_text_column wpb_content_element  vc_custom_1741731758564\" >\n\t\t<div class=\"wpb_wrapper\">\n\t\t\t<p><strong>Promotion of international cooperation:<\/strong><\/p>\n<ul>\n<li>Establishing and maintaining partnerships with universities<br \/>\nand research institutions around the world.<\/li>\n<li>Organisation of joint research and teaching projects.<\/li>\n<\/ul>\n<p><strong>Support for academic mobility:<\/strong><\/p>\n<ul>\n<li>Coordination of student and teaching staff exchange programmes such as Erasmus+.<\/li>\n<li>Provide administrative and substantive support to participants in exchange programmes.<\/li>\n<\/ul>\n<p><strong>Developing intercultural competence:<\/strong><\/p>\n<ul>\n<li>Organisation of training, workshops and events to promote understanding<br \/>\nand intercultural cooperation.<\/li>\n<li>Creating spaces for intercultural dialogue and exchange of experiences.<\/li>\n<\/ul>\n<p><strong>Support for international students and staff:<\/strong><\/p>\n<ul>\n<li>Assist in the recruitment, adaptation and integration process of international students and staff.<\/li>\n<li>Advice on formalities for residence and study in Poland.<\/li>\n<\/ul>\n<p><strong>Information and communication:<\/strong><\/p>\n<ul>\n<li>Regularly inform the academic community about available programmes and opportunities for international cooperation.<\/li>\n<li>Publication of news and articles on international projects and achievements.<\/li>\n<\/ul>\n\n\t\t<\/div>\n\t<\/div>\n<\/div><\/div><\/div><\/div><\/div><\/div>\n<\/div>","protected":false},"excerpt":{"rendered":"Our objectives To promote international cooperation: Establishing and maintaining partnerships with universities and research institutions around the world. Organising joint research and teaching projects. Supporting academic mobility: Coordinating student and teaching staff exchange programmes such as Erasmus+. Providing administrative and content support to participants in exchange programmes. Development of intercultural competences: Organising training courses, workshops and events to promote understanding [...]","protected":false},"author":1,"featured_media":0,"parent":4469,"menu_order":0,"comment_status":"closed","ping_status":"closed","template":"","meta":{"om_disable_all_campaigns":false,"footnotes":""},"class_list":["post-4604","page","type-page","status-publish","hentry"],"yoast_head":"<!-- This site is optimized with the Yoast SEO plugin v25.9 - https:\/\/yoast.com\/wordpress\/plugins\/seo\/ -->\n<title>Cele Centrum Wsp\u00f3\u0142pracy Mi\u0119dzynarodowej (CWM) | studia-wroclaw.pl<\/title>\n<meta name=\"description\" content=\"Odkryj cele Centrum Wsp\u00f3\u0142pracy Mi\u0119dzynarodowej we Wroc\u0142awiu: wymiana akademicka, Erasmus+, sieci partnerstw i projekty naukowe. Zobacz, jak otwieramy uczelnie na \u015bwiat.\" \/>\n<meta name=\"robots\" content=\"index, follow, max-snippet:-1, max-image-preview:large, max-video-preview:-1\" \/>\n<link rel=\"canonical\" href=\"https:\/\/studia-wroclaw.pl\/en\/wspolpraca-miedzynarodowa-2\/cele-cwm\/\" \/>\n<meta property=\"og:locale\" content=\"en_GB\" \/>\n<meta property=\"og:type\" content=\"article\" \/>\n<meta property=\"og:title\" content=\"Cele Centrum Wsp\u00f3\u0142pracy Mi\u0119dzynarodowej (CWM) | studia-wroclaw.pl\" \/>\n<meta property=\"og:description\" content=\"Odkryj cele Centrum Wsp\u00f3\u0142pracy Mi\u0119dzynarodowej we Wroc\u0142awiu: wymiana akademicka, Erasmus+, sieci partnerstw i projekty naukowe. Zobacz, jak otwieramy uczelnie na \u015bwiat.\" \/>\n<meta property=\"og:url\" content=\"https:\/\/studia-wroclaw.pl\/en\/wspolpraca-miedzynarodowa-2\/cele-cwm\/\" \/>\n<meta property=\"og:site_name\" content=\"Studia Wroc\u0142aw\" \/>\n<meta property=\"article:modified_time\" content=\"2025-10-31T14:15:20+00:00\" \/>\n<meta name=\"twitter:card\" content=\"summary_large_image\" \/>\n<meta name=\"twitter:label1\" content=\"Estimated reading time\" \/>\n\t<meta name=\"twitter:data1\" content=\"2 minutes\" \/>\n<script type=\"application\/ld+json\" class=\"yoast-schema-graph\">{\"@context\":\"https:\/\/schema.org\",\"@graph\":[{\"@type\":\"WebPage\",\"@id\":\"https:\/\/studia-wroclaw.pl\/wspolpraca-miedzynarodowa-2\/cele-cwm\/\",\"url\":\"https:\/\/studia-wroclaw.pl\/wspolpraca-miedzynarodowa-2\/cele-cwm\/\",\"name\":\"Cele Centrum Wsp\u00f3\u0142pracy Mi\u0119dzynarodowej (CWM) | studia-wroclaw.pl\",\"isPartOf\":{\"@id\":\"https:\/\/studia-wroclaw.pl\/#website\"},\"datePublished\":\"2017-02-15T09:52:25+00:00\",\"dateModified\":\"2025-10-31T14:15:20+00:00\",\"description\":\"Odkryj cele Centrum Wsp\u00f3\u0142pracy Mi\u0119dzynarodowej we Wroc\u0142awiu: wymiana akademicka, Erasmus+, sieci partnerstw i projekty naukowe. Zobacz, jak otwieramy uczelnie na \u015bwiat.\",\"breadcrumb\":{\"@id\":\"https:\/\/studia-wroclaw.pl\/wspolpraca-miedzynarodowa-2\/cele-cwm\/#breadcrumb\"},\"inLanguage\":\"en-GB\",\"potentialAction\":[{\"@type\":\"ReadAction\",\"target\":[\"https:\/\/studia-wroclaw.pl\/wspolpraca-miedzynarodowa-2\/cele-cwm\/\"]}]},{\"@type\":\"BreadcrumbList\",\"@id\":\"https:\/\/studia-wroclaw.pl\/wspolpraca-miedzynarodowa-2\/cele-cwm\/#breadcrumb\",\"itemListElement\":[{\"@type\":\"ListItem\",\"position\":1,\"name\":\"Strona g\u0142\u00f3wna\",\"item\":\"https:\/\/studia-wroclaw.pl\/\"},{\"@type\":\"ListItem\",\"position\":2,\"name\":\"Wsp\u00f3\u0142praca mi\u0119dzynarodowa\",\"item\":\"https:\/\/studia-wroclaw.pl\/wspolpraca-miedzynarodowa-2\/\"},{\"@type\":\"ListItem\",\"position\":3,\"name\":\"Nasze cele\"}]},{\"@type\":\"WebSite\",\"@id\":\"https:\/\/studia-wroclaw.pl\/#website\",\"url\":\"https:\/\/studia-wroclaw.pl\/\",\"name\":\"Studia Wroc\u0142aw\",\"description\":\"\",\"potentialAction\":[{\"@type\":\"SearchAction\",\"target\":{\"@type\":\"EntryPoint\",\"urlTemplate\":\"https:\/\/studia-wroclaw.pl\/?s={search_term_string}\"},\"query-input\":{\"@type\":\"PropertyValueSpecification\",\"valueRequired\":true,\"valueName\":\"search_term_string\"}}],\"inLanguage\":\"en-GB\"}]}<\/script>\n<!-- \/ Yoast SEO plugin. -->","yoast_head_json":{"title":"Cele Centrum Wsp\u00f3\u0142pracy Mi\u0119dzynarodowej (CWM) | studia-wroclaw.pl","description":"Odkryj cele Centrum Wsp\u00f3\u0142pracy Mi\u0119dzynarodowej we Wroc\u0142awiu: wymiana akademicka, Erasmus+, sieci partnerstw i projekty naukowe. Zobacz, jak otwieramy uczelnie na \u015bwiat.","robots":{"index":"index","follow":"follow","max-snippet":"max-snippet:-1","max-image-preview":"max-image-preview:large","max-video-preview":"max-video-preview:-1"},"canonical":"https:\/\/studia-wroclaw.pl\/en\/wspolpraca-miedzynarodowa-2\/cele-cwm\/","og_locale":"en_GB","og_type":"article","og_title":"Cele Centrum Wsp\u00f3\u0142pracy Mi\u0119dzynarodowej (CWM) | studia-wroclaw.pl","og_description":"Odkryj cele Centrum Wsp\u00f3\u0142pracy Mi\u0119dzynarodowej we Wroc\u0142awiu: wymiana akademicka, Erasmus+, sieci partnerstw i projekty naukowe. Zobacz, jak otwieramy uczelnie na \u015bwiat.","og_url":"https:\/\/studia-wroclaw.pl\/en\/wspolpraca-miedzynarodowa-2\/cele-cwm\/","og_site_name":"Studia Wroc\u0142aw","article_modified_time":"2025-10-31T14:15:20+00:00","twitter_card":"summary_large_image","twitter_misc":{"Estimated reading time":"2 minutes"},"schema":{"@context":"https:\/\/schema.org","@graph":[{"@type":"WebPage","@id":"https:\/\/studia-wroclaw.pl\/wspolpraca-miedzynarodowa-2\/cele-cwm\/","url":"https:\/\/studia-wroclaw.pl\/wspolpraca-miedzynarodowa-2\/cele-cwm\/","name":"Cele Centrum Wsp\u00f3\u0142pracy Mi\u0119dzynarodowej (CWM) | studia-wroclaw.pl","isPartOf":{"@id":"https:\/\/studia-wroclaw.pl\/#website"},"datePublished":"2017-02-15T09:52:25+00:00","dateModified":"2025-10-31T14:15:20+00:00","description":"Odkryj cele Centrum Wsp\u00f3\u0142pracy Mi\u0119dzynarodowej we Wroc\u0142awiu: wymiana akademicka, Erasmus+, sieci partnerstw i projekty naukowe. Zobacz, jak otwieramy uczelnie na \u015bwiat.","breadcrumb":{"@id":"https:\/\/studia-wroclaw.pl\/wspolpraca-miedzynarodowa-2\/cele-cwm\/#breadcrumb"},"inLanguage":"en-GB","potentialAction":[{"@type":"ReadAction","target":["https:\/\/studia-wroclaw.pl\/wspolpraca-miedzynarodowa-2\/cele-cwm\/"]}]},{"@type":"BreadcrumbList","@id":"https:\/\/studia-wroclaw.pl\/wspolpraca-miedzynarodowa-2\/cele-cwm\/#breadcrumb","itemListElement":[{"@type":"ListItem","position":1,"name":"Strona g\u0142\u00f3wna","item":"https:\/\/studia-wroclaw.pl\/"},{"@type":"ListItem","position":2,"name":"Wsp\u00f3\u0142praca mi\u0119dzynarodowa","item":"https:\/\/studia-wroclaw.pl\/wspolpraca-miedzynarodowa-2\/"},{"@type":"ListItem","position":3,"name":"Nasze cele"}]},{"@type":"WebSite","@id":"https:\/\/studia-wroclaw.pl\/#website","url":"https:\/\/studia-wroclaw.pl\/","name":"Studies Wroclaw","description":"","potentialAction":[{"@type":"SearchAction","target":{"@type":"EntryPoint","urlTemplate":"https:\/\/studia-wroclaw.pl\/?s={search_term_string}"},"query-input":{"@type":"PropertyValueSpecification","valueRequired":true,"valueName":"search_term_string"}}],"inLanguage":"en-GB"}]}},"_links":{"self":[{"href":"https:\/\/studia-wroclaw.pl\/en\/wp-json\/wp\/v2\/pages\/4604","targetHints":{"allow":["GET"]}}],"collection":[{"href":"https:\/\/studia-wroclaw.pl\/en\/wp-json\/wp\/v2\/pages"}],"about":[{"href":"https:\/\/studia-wroclaw.pl\/en\/wp-json\/wp\/v2\/types\/page"}],"author":[{"embeddable":true,"href":"https:\/\/studia-wroclaw.pl\/en\/wp-json\/wp\/v2\/users\/1"}],"replies":[{"embeddable":true,"href":"https:\/\/studia-wroclaw.pl\/en\/wp-json\/wp\/v2\/comments?post=4604"}],"version-history":[{"count":10,"href":"https:\/\/studia-wroclaw.pl\/en\/wp-json\/wp\/v2\/pages\/4604\/revisions"}],"predecessor-version":[{"id":7460,"href":"https:\/\/studia-wroclaw.pl\/en\/wp-json\/wp\/v2\/pages\/4604\/revisions\/7460"}],"up":[{"embeddable":true,"href":"https:\/\/studia-wroclaw.pl\/en\/wp-json\/wp\/v2\/pages\/4469"}],"wp:attachment":[{"href":"https:\/\/studia-wroclaw.pl\/en\/wp-json\/wp\/v2\/media?parent=4604"}],"curies":[{"name":"wp","href":"https:\/\/api.w.org\/{rel}","templated":true}]}}