{"id":4611,"date":"2017-02-15T10:52:25","date_gmt":"2017-02-15T09:52:25","guid":{"rendered":"https:\/\/studia-wroclaw.pl\/?page_id=4611"},"modified":"2025-10-31T15:08:18","modified_gmt":"2025-10-31T14:08:18","slug":"misja-wizja-cwm","status":"publish","type":"page","link":"https:\/\/studia-wroclaw.pl\/en\/wspolpraca-miedzynarodowa-2\/misja-wizja-cwm\/","title":{"rendered":"Mission and vision of ICC"},"content":{"rendered":"<div class=\"wpb-content-wrapper\"><div class=\"vc_custom_1716292249896\"><div class=\"container\"><div class=\"vc_row wpb_row vc_row-fluid\"><div class=\"wpb_column vc_column_container vc_col-sm-6\"><div class=\"vc_column-inner\"><div class=\"wpb_wrapper\"><div class=\"gt3_spacing\"><div class=\"gt3_spacing-height gt3_spacing-height_default\" style=\"height:10px;\"><\/div><\/div>  \r\n<div class=\"gt3_spacing\"><div class=\"gt3_spacing-height gt3_spacing-height_default\" style=\"height:25px;\"><\/div><\/div>  \r\n<div class=\"gt3_spacing\"><div class=\"gt3_spacing-height gt3_spacing-height_default\" style=\"height:10px;\"><\/div><\/div>  \r\n\n\t<div  class=\"wpb_single_image wpb_content_element vc_align_left\">\n\t\t\n\t\t<figure class=\"wpb_wrapper vc_figure\">\n\t\t\t<div class=\"vc_single_image-wrapper   vc_box_border_grey\"><img loading=\"lazy\" decoding=\"async\" width=\"825\" height=\"690\" src=\"https:\/\/studia-wroclaw.pl\/wp-content\/uploads\/2025\/03\/misja-cwm.jpg\" class=\"vc_single_image-img attachment-full\" alt=\"\" title=\"mission-cwm\" srcset=\"https:\/\/studia-wroclaw.pl\/wp-content\/uploads\/2025\/03\/misja-cwm.jpg 825w, https:\/\/studia-wroclaw.pl\/wp-content\/uploads\/2025\/03\/misja-cwm-300x251.jpg 300w, https:\/\/studia-wroclaw.pl\/wp-content\/uploads\/2025\/03\/misja-cwm-768x642.jpg 768w, https:\/\/studia-wroclaw.pl\/wp-content\/uploads\/2025\/03\/misja-cwm-14x12.jpg 14w\" sizes=\"auto, (max-width: 825px) 100vw, 825px\" \/><\/div>\n\t\t<\/figure>\n\t<\/div>\n<\/div><\/div><\/div><div class=\"wpb_column vc_column_container vc_col-sm-6\"><div class=\"vc_column-inner\"><div class=\"wpb_wrapper\"><div class=\"gt3_spacing\"><div class=\"gt3_spacing-height gt3_spacing-height_default\" style=\"height:10px;\"><\/div><\/div>  \r\n\n\t<div class=\"wpb_text_column wpb_content_element\" >\n\t\t<div class=\"wpb_wrapper\">\n\t\t\t<h2><strong>Mission and vision of the Centre<\/strong> <strong>The CWM is a member of the International Cooperation Committee (ICC):<\/strong><\/h2>\n\n\t\t<\/div>\n\t<\/div>\n\n\t<div class=\"wpb_text_column wpb_content_element  vc_custom_1741726920201\" >\n\t\t<div class=\"wpb_wrapper\">\n\t\t\t<p>The mission of the Centre for International Cooperation at the University College of Professional Education is to develop and support the university's international relations and cooperation with other academic institutions, organisations and partners from around the world. CWM's vision is to become a leader in international academic cooperation, promoting the exchange of knowledge and experience on a global scale.<\/p>\n<p>The Centre for International Cooperation at the University College of Professional Education is dedicated to promoting and supporting international academic cooperation and the exchange of knowledge and experience between universities around the world. The Centre plays a key role in developing global education and research initiatives to enhance the quality of education and support international mobility of students and teaching staff.<\/p>\n<p>Internationalisation Strategy of the University College of Professional Education. <a href=\"https:\/\/studia-wroclaw.pl\/wp-content\/uploads\/2025\/03\/Strategia_umiedzynarodowienia_WSKZ.pdf\">[Download document]<\/a><\/p>\n\n\t\t<\/div>\n\t<\/div>\n<\/div><\/div><\/div><\/div><\/div><\/div>\n<\/div>","protected":false},"excerpt":{"rendered":"Mission and vision of the Centre for International Cooperation (CWM): The mission of the Centre for International Cooperation at the College of Vocational Training in Wroc\u0142aw is to develop and foster the university's international relations and cooperation with other academic institutions, organisations and partners from around the world. The vision of the CWM is to become a leader in the field of international academic cooperation, promoting the exchange of knowledge and experience on a global [...]","protected":false},"author":1,"featured_media":0,"parent":4469,"menu_order":0,"comment_status":"closed","ping_status":"closed","template":"","meta":{"om_disable_all_campaigns":false,"footnotes":""},"class_list":["post-4611","page","type-page","status-publish","hentry"],"yoast_head":"<!-- This site is optimized with the Yoast SEO plugin v25.9 - https:\/\/yoast.com\/wordpress\/plugins\/seo\/ -->\n<title>Misja i wizja Centrum Wsp\u00f3\u0142pracy Mi\u0119dzynarodowej (CWM) | studia-wroclaw.pl<\/title>\n<meta name=\"description\" content=\"Co nas nap\u0119dza? Odkryj misj\u0119 i wizj\u0119 Centrum Wsp\u00f3\u0142pracy Mi\u0119dzynarodowej! Naszym celem jest budowanie most\u00f3w mi\u0119dzy kulturami i inspirowanie student\u00f3w do stawania si\u0119 obywatelami \u015bwiata. Zobacz, jaka idea stoi za Twoj\u0105 szans\u0105 na rozw\u00f3j.\" \/>\n<meta name=\"robots\" content=\"index, follow, max-snippet:-1, max-image-preview:large, max-video-preview:-1\" \/>\n<link rel=\"canonical\" href=\"https:\/\/studia-wroclaw.pl\/en\/wspolpraca-miedzynarodowa-2\/misja-wizja-cwm\/\" \/>\n<meta property=\"og:locale\" content=\"en_GB\" \/>\n<meta property=\"og:type\" content=\"article\" \/>\n<meta property=\"og:title\" content=\"Misja i wizja Centrum Wsp\u00f3\u0142pracy Mi\u0119dzynarodowej (CWM) | studia-wroclaw.pl\" \/>\n<meta property=\"og:description\" content=\"Co nas nap\u0119dza? Odkryj misj\u0119 i wizj\u0119 Centrum Wsp\u00f3\u0142pracy Mi\u0119dzynarodowej! Naszym celem jest budowanie most\u00f3w mi\u0119dzy kulturami i inspirowanie student\u00f3w do stawania si\u0119 obywatelami \u015bwiata. Zobacz, jaka idea stoi za Twoj\u0105 szans\u0105 na rozw\u00f3j.\" \/>\n<meta property=\"og:url\" content=\"https:\/\/studia-wroclaw.pl\/en\/wspolpraca-miedzynarodowa-2\/misja-wizja-cwm\/\" \/>\n<meta property=\"og:site_name\" content=\"Studia Wroc\u0142aw\" \/>\n<meta property=\"article:modified_time\" content=\"2025-10-31T14:08:18+00:00\" \/>\n<meta name=\"twitter:card\" content=\"summary_large_image\" \/>\n<meta name=\"twitter:label1\" content=\"Estimated reading time\" \/>\n\t<meta name=\"twitter:data1\" content=\"2 minutes\" \/>\n<script type=\"application\/ld+json\" class=\"yoast-schema-graph\">{\"@context\":\"https:\/\/schema.org\",\"@graph\":[{\"@type\":\"WebPage\",\"@id\":\"https:\/\/studia-wroclaw.pl\/wspolpraca-miedzynarodowa-2\/misja-wizja-cwm\/\",\"url\":\"https:\/\/studia-wroclaw.pl\/wspolpraca-miedzynarodowa-2\/misja-wizja-cwm\/\",\"name\":\"Misja i wizja Centrum Wsp\u00f3\u0142pracy Mi\u0119dzynarodowej (CWM) | studia-wroclaw.pl\",\"isPartOf\":{\"@id\":\"https:\/\/studia-wroclaw.pl\/#website\"},\"datePublished\":\"2017-02-15T09:52:25+00:00\",\"dateModified\":\"2025-10-31T14:08:18+00:00\",\"description\":\"Co nas nap\u0119dza? Odkryj misj\u0119 i wizj\u0119 Centrum Wsp\u00f3\u0142pracy Mi\u0119dzynarodowej! Naszym celem jest budowanie most\u00f3w mi\u0119dzy kulturami i inspirowanie student\u00f3w do stawania si\u0119 obywatelami \u015bwiata. Zobacz, jaka idea stoi za Twoj\u0105 szans\u0105 na rozw\u00f3j.\",\"breadcrumb\":{\"@id\":\"https:\/\/studia-wroclaw.pl\/wspolpraca-miedzynarodowa-2\/misja-wizja-cwm\/#breadcrumb\"},\"inLanguage\":\"en-GB\",\"potentialAction\":[{\"@type\":\"ReadAction\",\"target\":[\"https:\/\/studia-wroclaw.pl\/wspolpraca-miedzynarodowa-2\/misja-wizja-cwm\/\"]}]},{\"@type\":\"BreadcrumbList\",\"@id\":\"https:\/\/studia-wroclaw.pl\/wspolpraca-miedzynarodowa-2\/misja-wizja-cwm\/#breadcrumb\",\"itemListElement\":[{\"@type\":\"ListItem\",\"position\":1,\"name\":\"Strona g\u0142\u00f3wna\",\"item\":\"https:\/\/studia-wroclaw.pl\/\"},{\"@type\":\"ListItem\",\"position\":2,\"name\":\"Wsp\u00f3\u0142praca mi\u0119dzynarodowa\",\"item\":\"https:\/\/studia-wroclaw.pl\/wspolpraca-miedzynarodowa-2\/\"},{\"@type\":\"ListItem\",\"position\":3,\"name\":\"Misja i wizja CWM\"}]},{\"@type\":\"WebSite\",\"@id\":\"https:\/\/studia-wroclaw.pl\/#website\",\"url\":\"https:\/\/studia-wroclaw.pl\/\",\"name\":\"Studia Wroc\u0142aw\",\"description\":\"\",\"potentialAction\":[{\"@type\":\"SearchAction\",\"target\":{\"@type\":\"EntryPoint\",\"urlTemplate\":\"https:\/\/studia-wroclaw.pl\/?s={search_term_string}\"},\"query-input\":{\"@type\":\"PropertyValueSpecification\",\"valueRequired\":true,\"valueName\":\"search_term_string\"}}],\"inLanguage\":\"en-GB\"}]}<\/script>\n<!-- \/ Yoast SEO plugin. -->","yoast_head_json":{"title":"Misja i wizja Centrum Wsp\u00f3\u0142pracy Mi\u0119dzynarodowej (CWM) | studia-wroclaw.pl","description":"Co nas nap\u0119dza? Odkryj misj\u0119 i wizj\u0119 Centrum Wsp\u00f3\u0142pracy Mi\u0119dzynarodowej! Naszym celem jest budowanie most\u00f3w mi\u0119dzy kulturami i inspirowanie student\u00f3w do stawania si\u0119 obywatelami \u015bwiata. Zobacz, jaka idea stoi za Twoj\u0105 szans\u0105 na rozw\u00f3j.","robots":{"index":"index","follow":"follow","max-snippet":"max-snippet:-1","max-image-preview":"max-image-preview:large","max-video-preview":"max-video-preview:-1"},"canonical":"https:\/\/studia-wroclaw.pl\/en\/wspolpraca-miedzynarodowa-2\/misja-wizja-cwm\/","og_locale":"en_GB","og_type":"article","og_title":"Misja i wizja Centrum Wsp\u00f3\u0142pracy Mi\u0119dzynarodowej (CWM) | studia-wroclaw.pl","og_description":"Co nas nap\u0119dza? Odkryj misj\u0119 i wizj\u0119 Centrum Wsp\u00f3\u0142pracy Mi\u0119dzynarodowej! Naszym celem jest budowanie most\u00f3w mi\u0119dzy kulturami i inspirowanie student\u00f3w do stawania si\u0119 obywatelami \u015bwiata. Zobacz, jaka idea stoi za Twoj\u0105 szans\u0105 na rozw\u00f3j.","og_url":"https:\/\/studia-wroclaw.pl\/en\/wspolpraca-miedzynarodowa-2\/misja-wizja-cwm\/","og_site_name":"Studia Wroc\u0142aw","article_modified_time":"2025-10-31T14:08:18+00:00","twitter_card":"summary_large_image","twitter_misc":{"Estimated reading time":"2 minutes"},"schema":{"@context":"https:\/\/schema.org","@graph":[{"@type":"WebPage","@id":"https:\/\/studia-wroclaw.pl\/wspolpraca-miedzynarodowa-2\/misja-wizja-cwm\/","url":"https:\/\/studia-wroclaw.pl\/wspolpraca-miedzynarodowa-2\/misja-wizja-cwm\/","name":"Misja i wizja Centrum Wsp\u00f3\u0142pracy Mi\u0119dzynarodowej (CWM) | studia-wroclaw.pl","isPartOf":{"@id":"https:\/\/studia-wroclaw.pl\/#website"},"datePublished":"2017-02-15T09:52:25+00:00","dateModified":"2025-10-31T14:08:18+00:00","description":"Co nas nap\u0119dza? Odkryj misj\u0119 i wizj\u0119 Centrum Wsp\u00f3\u0142pracy Mi\u0119dzynarodowej! Naszym celem jest budowanie most\u00f3w mi\u0119dzy kulturami i inspirowanie student\u00f3w do stawania si\u0119 obywatelami \u015bwiata. Zobacz, jaka idea stoi za Twoj\u0105 szans\u0105 na rozw\u00f3j.","breadcrumb":{"@id":"https:\/\/studia-wroclaw.pl\/wspolpraca-miedzynarodowa-2\/misja-wizja-cwm\/#breadcrumb"},"inLanguage":"en-GB","potentialAction":[{"@type":"ReadAction","target":["https:\/\/studia-wroclaw.pl\/wspolpraca-miedzynarodowa-2\/misja-wizja-cwm\/"]}]},{"@type":"BreadcrumbList","@id":"https:\/\/studia-wroclaw.pl\/wspolpraca-miedzynarodowa-2\/misja-wizja-cwm\/#breadcrumb","itemListElement":[{"@type":"ListItem","position":1,"name":"Strona g\u0142\u00f3wna","item":"https:\/\/studia-wroclaw.pl\/"},{"@type":"ListItem","position":2,"name":"Wsp\u00f3\u0142praca mi\u0119dzynarodowa","item":"https:\/\/studia-wroclaw.pl\/wspolpraca-miedzynarodowa-2\/"},{"@type":"ListItem","position":3,"name":"Misja i wizja CWM"}]},{"@type":"WebSite","@id":"https:\/\/studia-wroclaw.pl\/#website","url":"https:\/\/studia-wroclaw.pl\/","name":"Studies Wroclaw","description":"","potentialAction":[{"@type":"SearchAction","target":{"@type":"EntryPoint","urlTemplate":"https:\/\/studia-wroclaw.pl\/?s={search_term_string}"},"query-input":{"@type":"PropertyValueSpecification","valueRequired":true,"valueName":"search_term_string"}}],"inLanguage":"en-GB"}]}},"_links":{"self":[{"href":"https:\/\/studia-wroclaw.pl\/en\/wp-json\/wp\/v2\/pages\/4611","targetHints":{"allow":["GET"]}}],"collection":[{"href":"https:\/\/studia-wroclaw.pl\/en\/wp-json\/wp\/v2\/pages"}],"about":[{"href":"https:\/\/studia-wroclaw.pl\/en\/wp-json\/wp\/v2\/types\/page"}],"author":[{"embeddable":true,"href":"https:\/\/studia-wroclaw.pl\/en\/wp-json\/wp\/v2\/users\/1"}],"replies":[{"embeddable":true,"href":"https:\/\/studia-wroclaw.pl\/en\/wp-json\/wp\/v2\/comments?post=4611"}],"version-history":[{"count":2,"href":"https:\/\/studia-wroclaw.pl\/en\/wp-json\/wp\/v2\/pages\/4611\/revisions"}],"predecessor-version":[{"id":7458,"href":"https:\/\/studia-wroclaw.pl\/en\/wp-json\/wp\/v2\/pages\/4611\/revisions\/7458"}],"up":[{"embeddable":true,"href":"https:\/\/studia-wroclaw.pl\/en\/wp-json\/wp\/v2\/pages\/4469"}],"wp:attachment":[{"href":"https:\/\/studia-wroclaw.pl\/en\/wp-json\/wp\/v2\/media?parent=4611"}],"curies":[{"name":"wp","href":"https:\/\/api.w.org\/{rel}","templated":true}]}}