{"id":4632,"date":"2017-02-15T10:52:25","date_gmt":"2017-02-15T09:52:25","guid":{"rendered":"https:\/\/studia-wroclaw.pl\/?page_id=4632"},"modified":"2025-11-03T08:31:13","modified_gmt":"2025-11-03T07:31:13","slug":"ects","status":"publish","type":"page","link":"https:\/\/studia-wroclaw.pl\/en\/wspolpraca-miedzynarodowa-2\/ects\/","title":{"rendered":"ECTS"},"content":{"rendered":"<div class=\"wpb-content-wrapper\"><div class=\"vc_custom_1716292249896\"><div class=\"container\"><div class=\"vc_row wpb_row vc_row-fluid\"><div class=\"wpb_column vc_column_container vc_col-sm-6\"><div class=\"vc_column-inner\"><div class=\"wpb_wrapper\"><div class=\"gt3_spacing\"><div class=\"gt3_spacing-height gt3_spacing-height_default\" style=\"height:10px;\"><\/div><\/div>  \r\n<div class=\"gt3_spacing\"><div class=\"gt3_spacing-height gt3_spacing-height_default\" style=\"height:25px;\"><\/div><\/div>  \r\n<div class=\"gt3_spacing\"><div class=\"gt3_spacing-height gt3_spacing-height_default\" style=\"height:10px;\"><\/div><\/div>  \r\n\n\t<div  class=\"wpb_single_image wpb_content_element vc_align_left\">\n\t\t\n\t\t<figure class=\"wpb_wrapper vc_figure\">\n\t\t\t<div class=\"vc_single_image-wrapper   vc_box_border_grey\"><img loading=\"lazy\" decoding=\"async\" width=\"825\" height=\"690\" src=\"https:\/\/studia-wroclaw.pl\/wp-content\/uploads\/2025\/03\/ects1.jpg\" class=\"vc_single_image-img attachment-full\" alt=\"\" title=\"ects(1)\" srcset=\"https:\/\/studia-wroclaw.pl\/wp-content\/uploads\/2025\/03\/ects1.jpg 825w, https:\/\/studia-wroclaw.pl\/wp-content\/uploads\/2025\/03\/ects1-300x251.jpg 300w, https:\/\/studia-wroclaw.pl\/wp-content\/uploads\/2025\/03\/ects1-768x642.jpg 768w, https:\/\/studia-wroclaw.pl\/wp-content\/uploads\/2025\/03\/ects1-14x12.jpg 14w\" sizes=\"auto, (max-width: 825px) 100vw, 825px\" \/><\/div>\n\t\t<\/figure>\n\t<\/div>\n<\/div><\/div><\/div><div class=\"wpb_column vc_column_container vc_col-sm-6\"><div class=\"vc_column-inner\"><div class=\"wpb_wrapper\"><div class=\"gt3_spacing\"><div class=\"gt3_spacing-height gt3_spacing-height_default\" style=\"height:10px;\"><\/div><\/div>  \r\n\n\t<div class=\"wpb_text_column wpb_content_element\" >\n\t\t<div class=\"wpb_wrapper\">\n\t\t\t<h2><strong>European Credit Transfer and Accumulation System - ECTS<\/strong><\/h2>\n\n\t\t<\/div>\n\t<\/div>\n\n\t<div class=\"wpb_text_column wpb_content_element  vc_custom_1741740019004\" >\n\t\t<div class=\"wpb_wrapper\">\n\t\t\t<p>European Credit Transfer and Accumulation System (ECTS). <em>European Credit Transfer and Accumulation System - ECTS<\/em>) is a key element of the European Higher Education Area, which makes it possible to compare study programmes. With ECTS it is possible to recognise academic qualifications gained abroad and periods of study in other countries.<\/p>\n<p>This system allows credits obtained at one university to count towards a study programme at another. ECTS credits are based on specific learning outcomes and activities completed as part of the degree programme.<\/p>\n<p>In practice, ECTS not only facilitates the transfer of credits between universities, but also contributes to the quality of education. Furthermore, the system fosters European integration and cooperation between universities, which in turn influences the development of innovative teaching and learning methods.<\/p>\n<p>All these aspects make ECTS play a key role in building a European higher education area that is open, flexible and adapted to the needs of today's students.<\/p>\n<p>Further information can be obtained from the European Commission website<\/p>\n\n\t\t<\/div>\n\t<\/div>\n<div class=\"vc_btn3-container vc_btn3-inline vc_custom_1741740069055\" ><a class=\"vc_general vc_btn3 vc_btn3-size-md vc_btn3-shape-round vc_btn3-style-modern vc_btn3-color-grey\" href=\"https:\/\/education.ec.europa.eu\/pl\/education-levels\/higher-education\/inclusive-and-connected-higher-education\/european-credit-transfer-and-accumulation-system\" title=\"\">Read more<\/a><\/div><\/div><\/div><\/div><\/div><\/div><\/div>\n<\/div>","protected":false},"excerpt":{"rendered":"European Credit Transfer and Accumulation System - ECTS The European Credit Transfer and Accumulation System (ECTS) is a key component of the European Higher Education Area, which enables the comparison of study programmes. With ECTS, it is possible to recognise academic qualifications gained abroad and periods of study in other countries. The system allows [...]","protected":false},"author":1,"featured_media":0,"parent":4469,"menu_order":0,"comment_status":"closed","ping_status":"closed","template":"","meta":{"om_disable_all_campaigns":false,"footnotes":""},"class_list":["post-4632","page","type-page","status-publish","hentry"],"yoast_head":"<!-- This site is optimized with the Yoast SEO plugin v25.9 - https:\/\/yoast.com\/wordpress\/plugins\/seo\/ -->\n<title>Europejski system transferu i akumulacji punkt\u00f3w (punkty ECTS) | studia-wroclaw.pl<\/title>\n<meta name=\"description\" content=\"System ECTS na studia-wroclaw.pl \u2013 jak dzia\u0142aj\u0105 punkty akademickie w wymianie mi\u0119dzynarodowej? Dowiedz si\u0119, jak zalicza\u0107 przedmioty za granic\u0105 i przenosi\u0107 osi\u0105gni\u0119cia. Proste zasady dla student\u00f3w Erasmusa!\" \/>\n<meta name=\"robots\" content=\"index, follow, max-snippet:-1, max-image-preview:large, max-video-preview:-1\" \/>\n<link rel=\"canonical\" href=\"https:\/\/studia-wroclaw.pl\/en\/wspolpraca-miedzynarodowa-2\/ects\/\" \/>\n<meta property=\"og:locale\" content=\"en_GB\" \/>\n<meta property=\"og:type\" content=\"article\" \/>\n<meta property=\"og:title\" content=\"Europejski system transferu i akumulacji punkt\u00f3w (punkty ECTS) | studia-wroclaw.pl\" \/>\n<meta property=\"og:description\" content=\"System ECTS na studia-wroclaw.pl \u2013 jak dzia\u0142aj\u0105 punkty akademickie w wymianie mi\u0119dzynarodowej? Dowiedz si\u0119, jak zalicza\u0107 przedmioty za granic\u0105 i przenosi\u0107 osi\u0105gni\u0119cia. Proste zasady dla student\u00f3w Erasmusa!\" \/>\n<meta property=\"og:url\" content=\"https:\/\/studia-wroclaw.pl\/en\/wspolpraca-miedzynarodowa-2\/ects\/\" \/>\n<meta property=\"og:site_name\" content=\"Studia Wroc\u0142aw\" \/>\n<meta property=\"article:modified_time\" content=\"2025-11-03T07:31:13+00:00\" \/>\n<meta name=\"twitter:card\" content=\"summary_large_image\" \/>\n<meta name=\"twitter:label1\" content=\"Estimated reading time\" \/>\n\t<meta name=\"twitter:data1\" content=\"2 minutes\" \/>\n<script type=\"application\/ld+json\" class=\"yoast-schema-graph\">{\"@context\":\"https:\/\/schema.org\",\"@graph\":[{\"@type\":\"WebPage\",\"@id\":\"https:\/\/studia-wroclaw.pl\/wspolpraca-miedzynarodowa-2\/ects\/\",\"url\":\"https:\/\/studia-wroclaw.pl\/wspolpraca-miedzynarodowa-2\/ects\/\",\"name\":\"Europejski system transferu i akumulacji punkt\u00f3w (punkty ECTS) | studia-wroclaw.pl\",\"isPartOf\":{\"@id\":\"https:\/\/studia-wroclaw.pl\/#website\"},\"datePublished\":\"2017-02-15T09:52:25+00:00\",\"dateModified\":\"2025-11-03T07:31:13+00:00\",\"description\":\"System ECTS na studia-wroclaw.pl \u2013 jak dzia\u0142aj\u0105 punkty akademickie w wymianie mi\u0119dzynarodowej? Dowiedz si\u0119, jak zalicza\u0107 przedmioty za granic\u0105 i przenosi\u0107 osi\u0105gni\u0119cia. Proste zasady dla student\u00f3w Erasmusa!\",\"breadcrumb\":{\"@id\":\"https:\/\/studia-wroclaw.pl\/wspolpraca-miedzynarodowa-2\/ects\/#breadcrumb\"},\"inLanguage\":\"en-GB\",\"potentialAction\":[{\"@type\":\"ReadAction\",\"target\":[\"https:\/\/studia-wroclaw.pl\/wspolpraca-miedzynarodowa-2\/ects\/\"]}]},{\"@type\":\"BreadcrumbList\",\"@id\":\"https:\/\/studia-wroclaw.pl\/wspolpraca-miedzynarodowa-2\/ects\/#breadcrumb\",\"itemListElement\":[{\"@type\":\"ListItem\",\"position\":1,\"name\":\"Strona g\u0142\u00f3wna\",\"item\":\"https:\/\/studia-wroclaw.pl\/\"},{\"@type\":\"ListItem\",\"position\":2,\"name\":\"Wsp\u00f3\u0142praca mi\u0119dzynarodowa\",\"item\":\"https:\/\/studia-wroclaw.pl\/wspolpraca-miedzynarodowa-2\/\"},{\"@type\":\"ListItem\",\"position\":3,\"name\":\"ECTS\"}]},{\"@type\":\"WebSite\",\"@id\":\"https:\/\/studia-wroclaw.pl\/#website\",\"url\":\"https:\/\/studia-wroclaw.pl\/\",\"name\":\"Studia Wroc\u0142aw\",\"description\":\"\",\"potentialAction\":[{\"@type\":\"SearchAction\",\"target\":{\"@type\":\"EntryPoint\",\"urlTemplate\":\"https:\/\/studia-wroclaw.pl\/?s={search_term_string}\"},\"query-input\":{\"@type\":\"PropertyValueSpecification\",\"valueRequired\":true,\"valueName\":\"search_term_string\"}}],\"inLanguage\":\"en-GB\"}]}<\/script>\n<!-- \/ Yoast SEO plugin. -->","yoast_head_json":{"title":"Europejski system transferu i akumulacji punkt\u00f3w (punkty ECTS) | studia-wroclaw.pl","description":"System ECTS na studia-wroclaw.pl \u2013 jak dzia\u0142aj\u0105 punkty akademickie w wymianie mi\u0119dzynarodowej? Dowiedz si\u0119, jak zalicza\u0107 przedmioty za granic\u0105 i przenosi\u0107 osi\u0105gni\u0119cia. Proste zasady dla student\u00f3w Erasmusa!","robots":{"index":"index","follow":"follow","max-snippet":"max-snippet:-1","max-image-preview":"max-image-preview:large","max-video-preview":"max-video-preview:-1"},"canonical":"https:\/\/studia-wroclaw.pl\/en\/wspolpraca-miedzynarodowa-2\/ects\/","og_locale":"en_GB","og_type":"article","og_title":"Europejski system transferu i akumulacji punkt\u00f3w (punkty ECTS) | studia-wroclaw.pl","og_description":"System ECTS na studia-wroclaw.pl \u2013 jak dzia\u0142aj\u0105 punkty akademickie w wymianie mi\u0119dzynarodowej? Dowiedz si\u0119, jak zalicza\u0107 przedmioty za granic\u0105 i przenosi\u0107 osi\u0105gni\u0119cia. Proste zasady dla student\u00f3w Erasmusa!","og_url":"https:\/\/studia-wroclaw.pl\/en\/wspolpraca-miedzynarodowa-2\/ects\/","og_site_name":"Studia Wroc\u0142aw","article_modified_time":"2025-11-03T07:31:13+00:00","twitter_card":"summary_large_image","twitter_misc":{"Estimated reading time":"2 minutes"},"schema":{"@context":"https:\/\/schema.org","@graph":[{"@type":"WebPage","@id":"https:\/\/studia-wroclaw.pl\/wspolpraca-miedzynarodowa-2\/ects\/","url":"https:\/\/studia-wroclaw.pl\/wspolpraca-miedzynarodowa-2\/ects\/","name":"Europejski system transferu i akumulacji punkt\u00f3w (punkty ECTS) | studia-wroclaw.pl","isPartOf":{"@id":"https:\/\/studia-wroclaw.pl\/#website"},"datePublished":"2017-02-15T09:52:25+00:00","dateModified":"2025-11-03T07:31:13+00:00","description":"System ECTS na studia-wroclaw.pl \u2013 jak dzia\u0142aj\u0105 punkty akademickie w wymianie mi\u0119dzynarodowej? Dowiedz si\u0119, jak zalicza\u0107 przedmioty za granic\u0105 i przenosi\u0107 osi\u0105gni\u0119cia. Proste zasady dla student\u00f3w Erasmusa!","breadcrumb":{"@id":"https:\/\/studia-wroclaw.pl\/wspolpraca-miedzynarodowa-2\/ects\/#breadcrumb"},"inLanguage":"en-GB","potentialAction":[{"@type":"ReadAction","target":["https:\/\/studia-wroclaw.pl\/wspolpraca-miedzynarodowa-2\/ects\/"]}]},{"@type":"BreadcrumbList","@id":"https:\/\/studia-wroclaw.pl\/wspolpraca-miedzynarodowa-2\/ects\/#breadcrumb","itemListElement":[{"@type":"ListItem","position":1,"name":"Strona g\u0142\u00f3wna","item":"https:\/\/studia-wroclaw.pl\/"},{"@type":"ListItem","position":2,"name":"Wsp\u00f3\u0142praca mi\u0119dzynarodowa","item":"https:\/\/studia-wroclaw.pl\/wspolpraca-miedzynarodowa-2\/"},{"@type":"ListItem","position":3,"name":"ECTS"}]},{"@type":"WebSite","@id":"https:\/\/studia-wroclaw.pl\/#website","url":"https:\/\/studia-wroclaw.pl\/","name":"Studies Wroclaw","description":"","potentialAction":[{"@type":"SearchAction","target":{"@type":"EntryPoint","urlTemplate":"https:\/\/studia-wroclaw.pl\/?s={search_term_string}"},"query-input":{"@type":"PropertyValueSpecification","valueRequired":true,"valueName":"search_term_string"}}],"inLanguage":"en-GB"}]}},"_links":{"self":[{"href":"https:\/\/studia-wroclaw.pl\/en\/wp-json\/wp\/v2\/pages\/4632","targetHints":{"allow":["GET"]}}],"collection":[{"href":"https:\/\/studia-wroclaw.pl\/en\/wp-json\/wp\/v2\/pages"}],"about":[{"href":"https:\/\/studia-wroclaw.pl\/en\/wp-json\/wp\/v2\/types\/page"}],"author":[{"embeddable":true,"href":"https:\/\/studia-wroclaw.pl\/en\/wp-json\/wp\/v2\/users\/1"}],"replies":[{"embeddable":true,"href":"https:\/\/studia-wroclaw.pl\/en\/wp-json\/wp\/v2\/comments?post=4632"}],"version-history":[{"count":4,"href":"https:\/\/studia-wroclaw.pl\/en\/wp-json\/wp\/v2\/pages\/4632\/revisions"}],"predecessor-version":[{"id":7462,"href":"https:\/\/studia-wroclaw.pl\/en\/wp-json\/wp\/v2\/pages\/4632\/revisions\/7462"}],"up":[{"embeddable":true,"href":"https:\/\/studia-wroclaw.pl\/en\/wp-json\/wp\/v2\/pages\/4469"}],"wp:attachment":[{"href":"https:\/\/studia-wroclaw.pl\/en\/wp-json\/wp\/v2\/media?parent=4632"}],"curies":[{"name":"wp","href":"https:\/\/api.w.org\/{rel}","templated":true}]}}