{"id":4637,"date":"2017-02-15T10:52:25","date_gmt":"2017-02-15T09:52:25","guid":{"rendered":"https:\/\/studia-wroclaw.pl\/?page_id=4637"},"modified":"2025-11-03T08:53:43","modified_gmt":"2025-11-03T07:53:43","slug":"procedura-przeciwdzialania-nierownemu-traktowaniu","status":"publish","type":"page","link":"https:\/\/studia-wroclaw.pl\/en\/wspolpraca-miedzynarodowa-2\/procedura-przeciwdzialania-nierownemu-traktowaniu\/","title":{"rendered":"Procedure for counteracting unequal treatment"},"content":{"rendered":"<div class=\"wpb-content-wrapper\"><div class=\"vc_custom_1716292249896\"><div class=\"container\"><div class=\"vc_row wpb_row vc_row-fluid\"><div class=\"wpb_column vc_column_container vc_col-sm-6\"><div class=\"vc_column-inner\"><div class=\"wpb_wrapper\"><div class=\"gt3_spacing\"><div class=\"gt3_spacing-height gt3_spacing-height_default\" style=\"height:10px;\"><\/div><\/div>  \r\n<div class=\"gt3_spacing\"><div class=\"gt3_spacing-height gt3_spacing-height_default\" style=\"height:25px;\"><\/div><\/div>  \r\n<div class=\"gt3_spacing\"><div class=\"gt3_spacing-height gt3_spacing-height_default\" style=\"height:10px;\"><\/div><\/div>  \r\n\n\t<div  class=\"wpb_single_image wpb_content_element vc_align_left\">\n\t\t\n\t\t<figure class=\"wpb_wrapper vc_figure\">\n\t\t\t<div class=\"vc_single_image-wrapper   vc_box_border_grey\"><img loading=\"lazy\" decoding=\"async\" width=\"825\" height=\"935\" src=\"https:\/\/studia-wroclaw.pl\/wp-content\/uploads\/2025\/03\/rownosc1.jpg\" class=\"vc_single_image-img attachment-full\" alt=\"\" title=\"evenness(1)\" srcset=\"https:\/\/studia-wroclaw.pl\/wp-content\/uploads\/2025\/03\/rownosc1.jpg 825w, https:\/\/studia-wroclaw.pl\/wp-content\/uploads\/2025\/03\/rownosc1-265x300.jpg 265w, https:\/\/studia-wroclaw.pl\/wp-content\/uploads\/2025\/03\/rownosc1-768x870.jpg 768w, https:\/\/studia-wroclaw.pl\/wp-content\/uploads\/2025\/03\/rownosc1-11x12.jpg 11w\" sizes=\"auto, (max-width: 825px) 100vw, 825px\" \/><\/div>\n\t\t<\/figure>\n\t<\/div>\n<\/div><\/div><\/div><div class=\"wpb_column vc_column_container vc_col-sm-6\"><div class=\"vc_column-inner\"><div class=\"wpb_wrapper\"><div class=\"gt3_spacing\"><div class=\"gt3_spacing-height gt3_spacing-height_default\" style=\"height:10px;\"><\/div><\/div>  \r\n\n\t<div class=\"wpb_text_column wpb_content_element\" >\n\t\t<div class=\"wpb_wrapper\">\n\t\t\t<h2><a name=\"_Toc191471785\"><\/a><span>Procedure for counteracting unequal treatment<\/span><\/h2>\n\n\t\t<\/div>\n\t<\/div>\n\n\t<div class=\"wpb_text_column wpb_content_element  vc_custom_1741742582399\" >\n\t\t<div class=\"wpb_wrapper\">\n\t\t\t<p>A fundamental element of the organisational culture of the University College of Professional Education is the observance of ethical principles and generally accepted standards of personal culture by students, lecturers, staff and other employees. The University actively supports activities that foster positive relationships between students, lecturers and employees. Promoting equal treatment and countering all forms of discrimination is a particular responsibility of the University's management.<\/p>\n<h3>Notification<\/h3>\n<p>Any person concerned has the right to report (verbally or in writing) incidents of unequal treatment, including discrimination, harassment and bullying, to the Trust Officer or the University Trustee.<\/p>\n<p>The application should include:<\/p>\n<ol>\n<li>A description of the actions or behaviour which, in the view of the complainant, constitute unequal treatment (discrimination, including harassment and bullying).<\/li>\n<li>The name of the person or persons who the reporter believes are responsible for the undesirable behaviour.<\/li>\n<li>Provide evidence that the reported misconduct or actions took place.<\/li>\n<\/ol>\n<p>Plenipotentiary of the Rector of the University College of Professional Education for Equal Treatment: pelnomocnik.rt@wskz.pl.<\/p>\n<p>Procedure for tackling inequality in the University College of Professional Education <a href=\"https:\/\/studia-wroclaw.pl\/wp-content\/uploads\/2025\/03\/Procedura-przeciwdzialania-nierownemu-traktowaniu-1.pdf\">[DOWNLOAD DOCUMENT]<\/a><\/p>\n\n\t\t<\/div>\n\t<\/div>\n<\/div><\/div><\/div><\/div><\/div><\/div>\n<\/div>","protected":false},"excerpt":{"rendered":"Procedure against unequal treatment A fundamental element of the organisational culture of the University of Vocational Training is the observance of ethical principles and generally accepted standards of personal culture by students, lecturers, staff and other employees. The University actively supports activities that foster positive relationships between students, lecturers and employees. The promotion of equal treatment and the prevention of all forms of discrimination is a specific duty [...]","protected":false},"author":1,"featured_media":0,"parent":4469,"menu_order":0,"comment_status":"closed","ping_status":"closed","template":"","meta":{"om_disable_all_campaigns":false,"footnotes":""},"class_list":["post-4637","page","type-page","status-publish","hentry"],"yoast_head":"<!-- This site is optimized with the Yoast SEO plugin v25.9 - https:\/\/yoast.com\/wordpress\/plugins\/seo\/ -->\n<title>Procedura przeciwdzia\u0142ania nier\u00f3wnemu traktowaniu | studia-wroclaw.pl<\/title>\n<meta name=\"description\" content=\"Procedura przeciwdzia\u0142ania dyskryminacji - Twoje bezpiecze\u0144stwo w programach Erasmus+ i innych inicjatywach to nasz priorytet. Poznaj \u015bcie\u017ck\u0119 zg\u0142aszania nieprawid\u0142owo\u015bci i gwarancje r\u00f3wnego dost\u0119pu do mo\u017cliwo\u015bci.\" \/>\n<meta name=\"robots\" content=\"index, follow, max-snippet:-1, max-image-preview:large, max-video-preview:-1\" \/>\n<link rel=\"canonical\" href=\"https:\/\/studia-wroclaw.pl\/en\/wspolpraca-miedzynarodowa-2\/procedura-przeciwdzialania-nierownemu-traktowaniu\/\" \/>\n<meta property=\"og:locale\" content=\"en_GB\" \/>\n<meta property=\"og:type\" content=\"article\" \/>\n<meta property=\"og:title\" content=\"Procedura przeciwdzia\u0142ania nier\u00f3wnemu traktowaniu | studia-wroclaw.pl\" \/>\n<meta property=\"og:description\" content=\"Procedura przeciwdzia\u0142ania dyskryminacji - Twoje bezpiecze\u0144stwo w programach Erasmus+ i innych inicjatywach to nasz priorytet. Poznaj \u015bcie\u017ck\u0119 zg\u0142aszania nieprawid\u0142owo\u015bci i gwarancje r\u00f3wnego dost\u0119pu do mo\u017cliwo\u015bci.\" \/>\n<meta property=\"og:url\" content=\"https:\/\/studia-wroclaw.pl\/en\/wspolpraca-miedzynarodowa-2\/procedura-przeciwdzialania-nierownemu-traktowaniu\/\" \/>\n<meta property=\"og:site_name\" content=\"Studia Wroc\u0142aw\" \/>\n<meta property=\"article:modified_time\" content=\"2025-11-03T07:53:43+00:00\" \/>\n<meta name=\"twitter:card\" content=\"summary_large_image\" \/>\n<meta name=\"twitter:label1\" content=\"Estimated reading time\" \/>\n\t<meta name=\"twitter:data1\" content=\"2 minutes\" \/>\n<script type=\"application\/ld+json\" class=\"yoast-schema-graph\">{\"@context\":\"https:\/\/schema.org\",\"@graph\":[{\"@type\":\"WebPage\",\"@id\":\"https:\/\/studia-wroclaw.pl\/wspolpraca-miedzynarodowa-2\/procedura-przeciwdzialania-nierownemu-traktowaniu\/\",\"url\":\"https:\/\/studia-wroclaw.pl\/wspolpraca-miedzynarodowa-2\/procedura-przeciwdzialania-nierownemu-traktowaniu\/\",\"name\":\"Procedura przeciwdzia\u0142ania nier\u00f3wnemu traktowaniu | studia-wroclaw.pl\",\"isPartOf\":{\"@id\":\"https:\/\/studia-wroclaw.pl\/#website\"},\"datePublished\":\"2017-02-15T09:52:25+00:00\",\"dateModified\":\"2025-11-03T07:53:43+00:00\",\"description\":\"Procedura przeciwdzia\u0142ania dyskryminacji - Twoje bezpiecze\u0144stwo w programach Erasmus+ i innych inicjatywach to nasz priorytet. Poznaj \u015bcie\u017ck\u0119 zg\u0142aszania nieprawid\u0142owo\u015bci i gwarancje r\u00f3wnego dost\u0119pu do mo\u017cliwo\u015bci.\",\"breadcrumb\":{\"@id\":\"https:\/\/studia-wroclaw.pl\/wspolpraca-miedzynarodowa-2\/procedura-przeciwdzialania-nierownemu-traktowaniu\/#breadcrumb\"},\"inLanguage\":\"en-GB\",\"potentialAction\":[{\"@type\":\"ReadAction\",\"target\":[\"https:\/\/studia-wroclaw.pl\/wspolpraca-miedzynarodowa-2\/procedura-przeciwdzialania-nierownemu-traktowaniu\/\"]}]},{\"@type\":\"BreadcrumbList\",\"@id\":\"https:\/\/studia-wroclaw.pl\/wspolpraca-miedzynarodowa-2\/procedura-przeciwdzialania-nierownemu-traktowaniu\/#breadcrumb\",\"itemListElement\":[{\"@type\":\"ListItem\",\"position\":1,\"name\":\"Strona g\u0142\u00f3wna\",\"item\":\"https:\/\/studia-wroclaw.pl\/\"},{\"@type\":\"ListItem\",\"position\":2,\"name\":\"Wsp\u00f3\u0142praca mi\u0119dzynarodowa\",\"item\":\"https:\/\/studia-wroclaw.pl\/wspolpraca-miedzynarodowa-2\/\"},{\"@type\":\"ListItem\",\"position\":3,\"name\":\"Procedura przeciwdzia\u0142ania nier\u00f3wnemu traktowaniu\"}]},{\"@type\":\"WebSite\",\"@id\":\"https:\/\/studia-wroclaw.pl\/#website\",\"url\":\"https:\/\/studia-wroclaw.pl\/\",\"name\":\"Studia Wroc\u0142aw\",\"description\":\"\",\"potentialAction\":[{\"@type\":\"SearchAction\",\"target\":{\"@type\":\"EntryPoint\",\"urlTemplate\":\"https:\/\/studia-wroclaw.pl\/?s={search_term_string}\"},\"query-input\":{\"@type\":\"PropertyValueSpecification\",\"valueRequired\":true,\"valueName\":\"search_term_string\"}}],\"inLanguage\":\"en-GB\"}]}<\/script>\n<!-- \/ Yoast SEO plugin. -->","yoast_head_json":{"title":"Procedura przeciwdzia\u0142ania nier\u00f3wnemu traktowaniu | studia-wroclaw.pl","description":"Procedura przeciwdzia\u0142ania dyskryminacji - Twoje bezpiecze\u0144stwo w programach Erasmus+ i innych inicjatywach to nasz priorytet. Poznaj \u015bcie\u017ck\u0119 zg\u0142aszania nieprawid\u0142owo\u015bci i gwarancje r\u00f3wnego dost\u0119pu do mo\u017cliwo\u015bci.","robots":{"index":"index","follow":"follow","max-snippet":"max-snippet:-1","max-image-preview":"max-image-preview:large","max-video-preview":"max-video-preview:-1"},"canonical":"https:\/\/studia-wroclaw.pl\/en\/wspolpraca-miedzynarodowa-2\/procedura-przeciwdzialania-nierownemu-traktowaniu\/","og_locale":"en_GB","og_type":"article","og_title":"Procedura przeciwdzia\u0142ania nier\u00f3wnemu traktowaniu | studia-wroclaw.pl","og_description":"Procedura przeciwdzia\u0142ania dyskryminacji - Twoje bezpiecze\u0144stwo w programach Erasmus+ i innych inicjatywach to nasz priorytet. Poznaj \u015bcie\u017ck\u0119 zg\u0142aszania nieprawid\u0142owo\u015bci i gwarancje r\u00f3wnego dost\u0119pu do mo\u017cliwo\u015bci.","og_url":"https:\/\/studia-wroclaw.pl\/en\/wspolpraca-miedzynarodowa-2\/procedura-przeciwdzialania-nierownemu-traktowaniu\/","og_site_name":"Studia Wroc\u0142aw","article_modified_time":"2025-11-03T07:53:43+00:00","twitter_card":"summary_large_image","twitter_misc":{"Estimated reading time":"2 minutes"},"schema":{"@context":"https:\/\/schema.org","@graph":[{"@type":"WebPage","@id":"https:\/\/studia-wroclaw.pl\/wspolpraca-miedzynarodowa-2\/procedura-przeciwdzialania-nierownemu-traktowaniu\/","url":"https:\/\/studia-wroclaw.pl\/wspolpraca-miedzynarodowa-2\/procedura-przeciwdzialania-nierownemu-traktowaniu\/","name":"Procedura przeciwdzia\u0142ania nier\u00f3wnemu traktowaniu | studia-wroclaw.pl","isPartOf":{"@id":"https:\/\/studia-wroclaw.pl\/#website"},"datePublished":"2017-02-15T09:52:25+00:00","dateModified":"2025-11-03T07:53:43+00:00","description":"Procedura przeciwdzia\u0142ania dyskryminacji - Twoje bezpiecze\u0144stwo w programach Erasmus+ i innych inicjatywach to nasz priorytet. Poznaj \u015bcie\u017ck\u0119 zg\u0142aszania nieprawid\u0142owo\u015bci i gwarancje r\u00f3wnego dost\u0119pu do mo\u017cliwo\u015bci.","breadcrumb":{"@id":"https:\/\/studia-wroclaw.pl\/wspolpraca-miedzynarodowa-2\/procedura-przeciwdzialania-nierownemu-traktowaniu\/#breadcrumb"},"inLanguage":"en-GB","potentialAction":[{"@type":"ReadAction","target":["https:\/\/studia-wroclaw.pl\/wspolpraca-miedzynarodowa-2\/procedura-przeciwdzialania-nierownemu-traktowaniu\/"]}]},{"@type":"BreadcrumbList","@id":"https:\/\/studia-wroclaw.pl\/wspolpraca-miedzynarodowa-2\/procedura-przeciwdzialania-nierownemu-traktowaniu\/#breadcrumb","itemListElement":[{"@type":"ListItem","position":1,"name":"Strona g\u0142\u00f3wna","item":"https:\/\/studia-wroclaw.pl\/"},{"@type":"ListItem","position":2,"name":"Wsp\u00f3\u0142praca mi\u0119dzynarodowa","item":"https:\/\/studia-wroclaw.pl\/wspolpraca-miedzynarodowa-2\/"},{"@type":"ListItem","position":3,"name":"Procedura przeciwdzia\u0142ania nier\u00f3wnemu traktowaniu"}]},{"@type":"WebSite","@id":"https:\/\/studia-wroclaw.pl\/#website","url":"https:\/\/studia-wroclaw.pl\/","name":"Studies Wroclaw","description":"","potentialAction":[{"@type":"SearchAction","target":{"@type":"EntryPoint","urlTemplate":"https:\/\/studia-wroclaw.pl\/?s={search_term_string}"},"query-input":{"@type":"PropertyValueSpecification","valueRequired":true,"valueName":"search_term_string"}}],"inLanguage":"en-GB"}]}},"_links":{"self":[{"href":"https:\/\/studia-wroclaw.pl\/en\/wp-json\/wp\/v2\/pages\/4637","targetHints":{"allow":["GET"]}}],"collection":[{"href":"https:\/\/studia-wroclaw.pl\/en\/wp-json\/wp\/v2\/pages"}],"about":[{"href":"https:\/\/studia-wroclaw.pl\/en\/wp-json\/wp\/v2\/types\/page"}],"author":[{"embeddable":true,"href":"https:\/\/studia-wroclaw.pl\/en\/wp-json\/wp\/v2\/users\/1"}],"replies":[{"embeddable":true,"href":"https:\/\/studia-wroclaw.pl\/en\/wp-json\/wp\/v2\/comments?post=4637"}],"version-history":[{"count":3,"href":"https:\/\/studia-wroclaw.pl\/en\/wp-json\/wp\/v2\/pages\/4637\/revisions"}],"predecessor-version":[{"id":7463,"href":"https:\/\/studia-wroclaw.pl\/en\/wp-json\/wp\/v2\/pages\/4637\/revisions\/7463"}],"up":[{"embeddable":true,"href":"https:\/\/studia-wroclaw.pl\/en\/wp-json\/wp\/v2\/pages\/4469"}],"wp:attachment":[{"href":"https:\/\/studia-wroclaw.pl\/en\/wp-json\/wp\/v2\/media?parent=4637"}],"curies":[{"name":"wp","href":"https:\/\/api.w.org\/{rel}","templated":true}]}}