{"id":4704,"date":"2017-02-15T10:52:25","date_gmt":"2017-02-15T09:52:25","guid":{"rendered":"https:\/\/studia-wroclaw.pl\/?page_id=4704"},"modified":"2025-11-03T07:51:32","modified_gmt":"2025-11-03T06:51:32","slug":"polityka-erasmus","status":"publish","type":"page","link":"https:\/\/studia-wroclaw.pl\/en\/wspolpraca-miedzynarodowa-2\/polityka-erasmus\/","title":{"rendered":"Erasmus policy"},"content":{"rendered":"<div class=\"wpb-content-wrapper\"><div class=\"vc_custom_1716292249896\"><div class=\"container\"><div class=\"vc_row wpb_row vc_row-fluid\"><div class=\"wpb_column vc_column_container vc_col-sm-6\"><div class=\"vc_column-inner\"><div class=\"wpb_wrapper\"><div class=\"gt3_spacing\"><div class=\"gt3_spacing-height gt3_spacing-height_default\" style=\"height:10px;\"><\/div><\/div>  \r\n<div class=\"gt3_spacing\"><div class=\"gt3_spacing-height gt3_spacing-height_default\" style=\"height:25px;\"><\/div><\/div>  \r\n<div class=\"gt3_spacing\"><div class=\"gt3_spacing-height gt3_spacing-height_default\" style=\"height:10px;\"><\/div><\/div>  \r\n\n\t<div  class=\"wpb_single_image wpb_content_element vc_align_left\">\n\t\t\n\t\t<figure class=\"wpb_wrapper vc_figure\">\n\t\t\t<div class=\"vc_single_image-wrapper   vc_box_border_grey\"><img loading=\"lazy\" decoding=\"async\" width=\"825\" height=\"1113\" src=\"https:\/\/studia-wroclaw.pl\/wp-content\/uploads\/2025\/03\/polityka-erasmus1.jpg\" class=\"vc_single_image-img attachment-full\" alt=\"\" title=\"policy-erasmus(1)\" srcset=\"https:\/\/studia-wroclaw.pl\/wp-content\/uploads\/2025\/03\/polityka-erasmus1.jpg 825w, https:\/\/studia-wroclaw.pl\/wp-content\/uploads\/2025\/03\/polityka-erasmus1-222x300.jpg 222w, https:\/\/studia-wroclaw.pl\/wp-content\/uploads\/2025\/03\/polityka-erasmus1-759x1024.jpg 759w, https:\/\/studia-wroclaw.pl\/wp-content\/uploads\/2025\/03\/polityka-erasmus1-768x1036.jpg 768w, https:\/\/studia-wroclaw.pl\/wp-content\/uploads\/2025\/03\/polityka-erasmus1-9x12.jpg 9w\" sizes=\"auto, (max-width: 825px) 100vw, 825px\" \/><\/div>\n\t\t<\/figure>\n\t<\/div>\n\n\t<div  class=\"wpb_single_image wpb_content_element vc_align_left\">\n\t\t\n\t\t<figure class=\"wpb_wrapper vc_figure\">\n\t\t\t<div class=\"vc_single_image-wrapper   vc_box_border_grey\"><img loading=\"lazy\" decoding=\"async\" width=\"300\" height=\"171\" src=\"https:\/\/studia-wroclaw.pl\/wp-content\/uploads\/2025\/03\/News_30.09.2024-1-300x171.jpg\" class=\"vc_single_image-img attachment-medium\" alt=\"\" title=\"News_30.09.2024\" srcset=\"https:\/\/studia-wroclaw.pl\/wp-content\/uploads\/2025\/03\/News_30.09.2024-1-300x171.jpg 300w, https:\/\/studia-wroclaw.pl\/wp-content\/uploads\/2025\/03\/News_30.09.2024-1-768x437.jpg 768w, https:\/\/studia-wroclaw.pl\/wp-content\/uploads\/2025\/03\/News_30.09.2024-1-18x10.jpg 18w, https:\/\/studia-wroclaw.pl\/wp-content\/uploads\/2025\/03\/News_30.09.2024-1.jpg 843w\" sizes=\"auto, (max-width: 300px) 100vw, 300px\" \/><\/div>\n\t\t<\/figure>\n\t<\/div>\n<div class=\"vc_btn3-container vc_btn3-inline\" ><a class=\"vc_general vc_btn3 vc_btn3-size-md vc_btn3-shape-round vc_btn3-style-outline vc_btn3-color-grey\" href=\"https:\/\/studia-wroclaw.pl\/wp-content\/uploads\/2025\/03\/Erasmus-Policy-Statement-EPS-PL_WSKZ-2021-2027.pdf\" title=\"\">ERASMUS POLICY STATEMENT (EPS)2021-2027 <\/a><\/div><div class=\"vc_btn3-container vc_btn3-inline\" ><a class=\"vc_general vc_btn3 vc_btn3-size-md vc_btn3-shape-round vc_btn3-style-outline vc_btn3-color-grey\" href=\"https:\/\/studia-wroclaw.pl\/wp-content\/uploads\/2025\/03\/Erasmus-Policy-Statement-EPS-_WSKZ-2021-2027.pdf\" title=\"\">ERASMUS POLICY STATEMENT (EPS) 2021-2027 <\/a><\/div><\/div><\/div><\/div><div class=\"wpb_column vc_column_container vc_col-sm-6\"><div class=\"vc_column-inner\"><div class=\"wpb_wrapper\"><div class=\"gt3_spacing\"><div class=\"gt3_spacing-height gt3_spacing-height_default\" style=\"height:10px;\"><\/div><\/div>  \r\n\n\t<div class=\"wpb_text_column wpb_content_element\" >\n\t\t<div class=\"wpb_wrapper\">\n\t\t\t<h2><strong>Erasmus policy<\/strong><\/h2>\n\n\t\t<\/div>\n\t<\/div>\n\n\t<div class=\"wpb_text_column wpb_content_element  vc_custom_1741806074375\" >\n\t\t<div class=\"wpb_wrapper\">\n\t\t\t<p><strong>Policy Objective:<\/strong> Our aim is to support international academic cooperation and promote the exchange of students and teaching staff through the Erasmus+ Programme. This enables participants in our programmes to gain valuable experience abroad, develop intercultural competences and build international professional contacts.<\/p>\n<p>&nbsp;<\/p>\n<h3><strong>Scope of action:<br \/>\n<\/strong><\/h3>\n<p><strong><br \/>\n<\/strong><strong>Student exchange:<\/strong> Organising and supporting student exchanges between our university and partners from other countries. Students will be able to do part of their studies and work placements abroad.<\/p>\n<p><strong>Exchange of teaching staff:<\/strong> Promote exchanges of research and teaching staff to develop research collaborations and exchange pedagogical experiences.<\/p>\n<p><strong>Administrative support:<\/strong> Provide administrative support to participants in exchange programmes, including assistance in obtaining the relevant documents and information on conditions of participation.<\/p>\n<p><strong>Intercultural competence:<\/strong> Organising training and workshops to promote intercultural understanding and cooperation, which is crucial to the success of the exchange.<\/p>\n<p><strong>Information and communication:<\/strong> Regularly inform the academic community about available exchange programmes and publish news related to Erasmus+ programmes.<\/p>\n<p><strong>Teaching staff:<\/strong> Teaching staff play a key role in the implementation of the Erasmus policy. Academic staff will be involved in organising and leading exchange projects, as well as supporting students in their adaptation and integration abroad.<\/p>\n<p><strong>Programme relevance:<\/strong> The Erasmus+ programme contributes to the development of our academic community, enabling them to make new international contacts and develop the skills needed in a global professional environment. As a result, participants in our programmes are better prepared for the challenges of the labour market and can contribute to the development of our university.<\/p>\n\n\t\t<\/div>\n\t<\/div>\n<\/div><\/div><\/div><\/div><\/div><\/div>\n<\/div>","protected":false},"excerpt":{"rendered":"ERASMUS POLICY STATEMENT (EPS)2021-2027 ERASMUS POLICY STATEMENT (EPS) 2021-2027 Erasmus Policy Objective: Our aim is to support international academic cooperation and promote the exchange of students and teaching staff through the Erasmus+ Programme. This enables participants in our programmes to gain valuable experience abroad, develop intercultural competences and build international professional contacts.   Scope of action: Exchange [...]","protected":false},"author":1,"featured_media":0,"parent":4469,"menu_order":0,"comment_status":"closed","ping_status":"closed","template":"","meta":{"om_disable_all_campaigns":false,"footnotes":""},"class_list":["post-4704","page","type-page","status-publish","hentry"],"yoast_head":"<!-- This site is optimized with the Yoast SEO plugin v25.9 - https:\/\/yoast.com\/wordpress\/plugins\/seo\/ -->\n<title>Polityka Erasmusa | studia-wroclaw.pl<\/title>\n<meta name=\"description\" content=\"Polityka Erasmus na studia-wroclaw.pl \u2013 zasady r\u00f3wno\u015bci, przejrzysto\u015bci i jako\u015bci w programie. Poznaj nasze priorytety: integracja, zr\u00f3wnowa\u017cony rozw\u00f3j i wsparcie uczestnik\u00f3w. Sprawd\u017a, jak realizujemy cele Erasmus+.\" \/>\n<meta name=\"robots\" content=\"index, follow, max-snippet:-1, max-image-preview:large, max-video-preview:-1\" \/>\n<link rel=\"canonical\" href=\"https:\/\/studia-wroclaw.pl\/en\/wspolpraca-miedzynarodowa-2\/polityka-erasmus\/\" \/>\n<meta property=\"og:locale\" content=\"en_GB\" \/>\n<meta property=\"og:type\" content=\"article\" \/>\n<meta property=\"og:title\" content=\"Polityka Erasmusa | studia-wroclaw.pl\" \/>\n<meta property=\"og:description\" content=\"Polityka Erasmus na studia-wroclaw.pl \u2013 zasady r\u00f3wno\u015bci, przejrzysto\u015bci i jako\u015bci w programie. Poznaj nasze priorytety: integracja, zr\u00f3wnowa\u017cony rozw\u00f3j i wsparcie uczestnik\u00f3w. Sprawd\u017a, jak realizujemy cele Erasmus+.\" \/>\n<meta property=\"og:url\" content=\"https:\/\/studia-wroclaw.pl\/en\/wspolpraca-miedzynarodowa-2\/polityka-erasmus\/\" \/>\n<meta property=\"og:site_name\" content=\"Studia Wroc\u0142aw\" \/>\n<meta property=\"article:modified_time\" content=\"2025-11-03T06:51:32+00:00\" \/>\n<meta name=\"twitter:card\" content=\"summary_large_image\" \/>\n<meta name=\"twitter:label1\" content=\"Estimated reading time\" \/>\n\t<meta name=\"twitter:data1\" content=\"2 minutes\" \/>\n<script type=\"application\/ld+json\" class=\"yoast-schema-graph\">{\"@context\":\"https:\/\/schema.org\",\"@graph\":[{\"@type\":\"WebPage\",\"@id\":\"https:\/\/studia-wroclaw.pl\/wspolpraca-miedzynarodowa-2\/polityka-erasmus\/\",\"url\":\"https:\/\/studia-wroclaw.pl\/wspolpraca-miedzynarodowa-2\/polityka-erasmus\/\",\"name\":\"Polityka Erasmusa | studia-wroclaw.pl\",\"isPartOf\":{\"@id\":\"https:\/\/studia-wroclaw.pl\/#website\"},\"datePublished\":\"2017-02-15T09:52:25+00:00\",\"dateModified\":\"2025-11-03T06:51:32+00:00\",\"description\":\"Polityka Erasmus na studia-wroclaw.pl \u2013 zasady r\u00f3wno\u015bci, przejrzysto\u015bci i jako\u015bci w programie. Poznaj nasze priorytety: integracja, zr\u00f3wnowa\u017cony rozw\u00f3j i wsparcie uczestnik\u00f3w. Sprawd\u017a, jak realizujemy cele Erasmus+.\",\"breadcrumb\":{\"@id\":\"https:\/\/studia-wroclaw.pl\/wspolpraca-miedzynarodowa-2\/polityka-erasmus\/#breadcrumb\"},\"inLanguage\":\"en-GB\",\"potentialAction\":[{\"@type\":\"ReadAction\",\"target\":[\"https:\/\/studia-wroclaw.pl\/wspolpraca-miedzynarodowa-2\/polityka-erasmus\/\"]}]},{\"@type\":\"BreadcrumbList\",\"@id\":\"https:\/\/studia-wroclaw.pl\/wspolpraca-miedzynarodowa-2\/polityka-erasmus\/#breadcrumb\",\"itemListElement\":[{\"@type\":\"ListItem\",\"position\":1,\"name\":\"Strona g\u0142\u00f3wna\",\"item\":\"https:\/\/studia-wroclaw.pl\/\"},{\"@type\":\"ListItem\",\"position\":2,\"name\":\"Wsp\u00f3\u0142praca mi\u0119dzynarodowa\",\"item\":\"https:\/\/studia-wroclaw.pl\/wspolpraca-miedzynarodowa-2\/\"},{\"@type\":\"ListItem\",\"position\":3,\"name\":\"Polityka Erasmusa\"}]},{\"@type\":\"WebSite\",\"@id\":\"https:\/\/studia-wroclaw.pl\/#website\",\"url\":\"https:\/\/studia-wroclaw.pl\/\",\"name\":\"Studia Wroc\u0142aw\",\"description\":\"\",\"potentialAction\":[{\"@type\":\"SearchAction\",\"target\":{\"@type\":\"EntryPoint\",\"urlTemplate\":\"https:\/\/studia-wroclaw.pl\/?s={search_term_string}\"},\"query-input\":{\"@type\":\"PropertyValueSpecification\",\"valueRequired\":true,\"valueName\":\"search_term_string\"}}],\"inLanguage\":\"en-GB\"}]}<\/script>\n<!-- \/ Yoast SEO plugin. -->","yoast_head_json":{"title":"Polityka Erasmusa | studia-wroclaw.pl","description":"Polityka Erasmus na studia-wroclaw.pl \u2013 zasady r\u00f3wno\u015bci, przejrzysto\u015bci i jako\u015bci w programie. Poznaj nasze priorytety: integracja, zr\u00f3wnowa\u017cony rozw\u00f3j i wsparcie uczestnik\u00f3w. Sprawd\u017a, jak realizujemy cele Erasmus+.","robots":{"index":"index","follow":"follow","max-snippet":"max-snippet:-1","max-image-preview":"max-image-preview:large","max-video-preview":"max-video-preview:-1"},"canonical":"https:\/\/studia-wroclaw.pl\/en\/wspolpraca-miedzynarodowa-2\/polityka-erasmus\/","og_locale":"en_GB","og_type":"article","og_title":"Polityka Erasmusa | studia-wroclaw.pl","og_description":"Polityka Erasmus na studia-wroclaw.pl \u2013 zasady r\u00f3wno\u015bci, przejrzysto\u015bci i jako\u015bci w programie. Poznaj nasze priorytety: integracja, zr\u00f3wnowa\u017cony rozw\u00f3j i wsparcie uczestnik\u00f3w. Sprawd\u017a, jak realizujemy cele Erasmus+.","og_url":"https:\/\/studia-wroclaw.pl\/en\/wspolpraca-miedzynarodowa-2\/polityka-erasmus\/","og_site_name":"Studia Wroc\u0142aw","article_modified_time":"2025-11-03T06:51:32+00:00","twitter_card":"summary_large_image","twitter_misc":{"Estimated reading time":"2 minutes"},"schema":{"@context":"https:\/\/schema.org","@graph":[{"@type":"WebPage","@id":"https:\/\/studia-wroclaw.pl\/wspolpraca-miedzynarodowa-2\/polityka-erasmus\/","url":"https:\/\/studia-wroclaw.pl\/wspolpraca-miedzynarodowa-2\/polityka-erasmus\/","name":"Polityka Erasmusa | studia-wroclaw.pl","isPartOf":{"@id":"https:\/\/studia-wroclaw.pl\/#website"},"datePublished":"2017-02-15T09:52:25+00:00","dateModified":"2025-11-03T06:51:32+00:00","description":"Polityka Erasmus na studia-wroclaw.pl \u2013 zasady r\u00f3wno\u015bci, przejrzysto\u015bci i jako\u015bci w programie. Poznaj nasze priorytety: integracja, zr\u00f3wnowa\u017cony rozw\u00f3j i wsparcie uczestnik\u00f3w. Sprawd\u017a, jak realizujemy cele Erasmus+.","breadcrumb":{"@id":"https:\/\/studia-wroclaw.pl\/wspolpraca-miedzynarodowa-2\/polityka-erasmus\/#breadcrumb"},"inLanguage":"en-GB","potentialAction":[{"@type":"ReadAction","target":["https:\/\/studia-wroclaw.pl\/wspolpraca-miedzynarodowa-2\/polityka-erasmus\/"]}]},{"@type":"BreadcrumbList","@id":"https:\/\/studia-wroclaw.pl\/wspolpraca-miedzynarodowa-2\/polityka-erasmus\/#breadcrumb","itemListElement":[{"@type":"ListItem","position":1,"name":"Strona g\u0142\u00f3wna","item":"https:\/\/studia-wroclaw.pl\/"},{"@type":"ListItem","position":2,"name":"Wsp\u00f3\u0142praca mi\u0119dzynarodowa","item":"https:\/\/studia-wroclaw.pl\/wspolpraca-miedzynarodowa-2\/"},{"@type":"ListItem","position":3,"name":"Polityka Erasmusa"}]},{"@type":"WebSite","@id":"https:\/\/studia-wroclaw.pl\/#website","url":"https:\/\/studia-wroclaw.pl\/","name":"Studies Wroclaw","description":"","potentialAction":[{"@type":"SearchAction","target":{"@type":"EntryPoint","urlTemplate":"https:\/\/studia-wroclaw.pl\/?s={search_term_string}"},"query-input":{"@type":"PropertyValueSpecification","valueRequired":true,"valueName":"search_term_string"}}],"inLanguage":"en-GB"}]}},"_links":{"self":[{"href":"https:\/\/studia-wroclaw.pl\/en\/wp-json\/wp\/v2\/pages\/4704","targetHints":{"allow":["GET"]}}],"collection":[{"href":"https:\/\/studia-wroclaw.pl\/en\/wp-json\/wp\/v2\/pages"}],"about":[{"href":"https:\/\/studia-wroclaw.pl\/en\/wp-json\/wp\/v2\/types\/page"}],"author":[{"embeddable":true,"href":"https:\/\/studia-wroclaw.pl\/en\/wp-json\/wp\/v2\/users\/1"}],"replies":[{"embeddable":true,"href":"https:\/\/studia-wroclaw.pl\/en\/wp-json\/wp\/v2\/comments?post=4704"}],"version-history":[{"count":5,"href":"https:\/\/studia-wroclaw.pl\/en\/wp-json\/wp\/v2\/pages\/4704\/revisions"}],"predecessor-version":[{"id":7461,"href":"https:\/\/studia-wroclaw.pl\/en\/wp-json\/wp\/v2\/pages\/4704\/revisions\/7461"}],"up":[{"embeddable":true,"href":"https:\/\/studia-wroclaw.pl\/en\/wp-json\/wp\/v2\/pages\/4469"}],"wp:attachment":[{"href":"https:\/\/studia-wroclaw.pl\/en\/wp-json\/wp\/v2\/media?parent=4704"}],"curies":[{"name":"wp","href":"https:\/\/api.w.org\/{rel}","templated":true}]}}