{"id":4817,"date":"2024-10-11T10:30:20","date_gmt":"2024-10-11T08:30:20","guid":{"rendered":"https:\/\/studia-wroclaw.pl\/?page_id=4817"},"modified":"2025-03-24T14:39:05","modified_gmt":"2025-03-24T13:39:05","slug":"konferencja-mobbing","status":"publish","type":"page","link":"https:\/\/studia-wroclaw.pl\/en\/wydarzenia\/konferencja-mobbing\/","title":{"rendered":"Konferencja Mobbing"},"content":{"rendered":"<div class=\"wpb-content-wrapper\"><div data-vc-full-width=\"true\" data-vc-full-width-init=\"false\" class=\"vc_custom_1742482814775\"><div class=\"container\"><div class=\"vc_row wpb_row vc_row-fluid vc_row-has-fill\"><div class=\"wpb_column vc_column_container vc_col-sm-3\"><div class=\"vc_column-inner\"><div class=\"wpb_wrapper\"><\/div><\/div><\/div><div class=\"wpb_column vc_column_container vc_col-sm-6\"><div class=\"vc_column-inner\"><div class=\"wpb_wrapper\"><h2 style=\"font-size: 30px;color: #ffffff;text-align: center;font-family:PT Serif;font-weight:700;font-style:normal\" class=\"vc_custom_heading\" >Bullying as a destructive aspect of the working environment<\/h2><h1 style=\"font-size: 16px;color: #ffffff;line-height: 1.25;text-align: center;font-family:Montserrat;font-weight:400;font-style:normal\" class=\"vc_custom_heading vc_custom_1742482935751\" >Conference of the Academy of Vocational Training<\/h1><div class=\"vc_btn3-container vc_btn3-center vc_custom_1742550996507\" ><a class=\"vc_general vc_btn3 vc_btn3-size-lg vc_btn3-shape-round vc_btn3-style-classic vc_btn3-icon-right vc_btn3-color-btn-cta-WSKZ\" href=\"#informacje\" title=\"\">Read more <i class=\"vc_btn3-icon entypo-icon entypo-icon-down-open-big\"><\/i><\/a><\/div><\/div><\/div><\/div><div class=\"wpb_column vc_column_container vc_col-sm-3\"><div class=\"vc_column-inner\"><div class=\"wpb_wrapper\"><\/div><\/div><\/div><\/div><\/div><\/div><div class=\"vc_row-full-width vc_clearfix\"><\/div><div class=\"\"><div class=\"container\"><div class=\"vc_row wpb_row vc_row-fluid vc_row-o-content-middle vc_row-flex\"><div class=\"wpb_column vc_column_container vc_col-sm-12\"><div class=\"vc_column-inner\"><div class=\"wpb_wrapper\">\n\t<div class=\"wpb_text_column wpb_content_element  vc_custom_1742551026123\" id=\"informacje\">\n\t\t<div class=\"wpb_wrapper\">\n\t\t\t<h2 style=\"text-align: left;\">Information about the event<\/h2>\n\n\t\t<\/div>\n\t<\/div>\n\n\t<div class=\"wpb_text_column wpb_content_element  vc_custom_1742551017690\" >\n\t\t<div class=\"wpb_wrapper\">\n\t\t\t<p><strong data-start=\"196\" data-end=\"264\">Do you know how to recognise bullying and counter it effectively?<\/strong> Pressure, stress and even open hostility in the workplace are serious problems that can negatively affect the entire professional environment. Experts invited to the conference will discuss <strong data-start=\"442\" data-end=\"501\">causes, consequences and ways to combat bullying<\/strong>, helping participants to better understand the phenomenon.<\/p>\n\n\t\t<\/div>\n\t<\/div>\n<div class=\"vc_btn3-container vc_btn3-inline vc_custom_1742486674008\" ><a class=\"vc_general vc_btn3 vc_btn3-size-lg vc_btn3-shape-round vc_btn3-style-modern vc_btn3-icon-right vc_btn3-color-grey\" href=\"https:\/\/docs.google.com\/forms\/d\/1dQ3D_GjLmPrcy-Ljse9EomU6fxEsDRlEbYqiQZoe_CE\/viewform?ts=67a087f4&#038;edit_requested=true\" title=\"\">Report your participation <i class=\"vc_btn3-icon entypo-icon entypo-icon-user-add\"><\/i><\/a><\/div><\/div><\/div><\/div><\/div><\/div><\/div><div data-vc-full-width=\"true\" data-vc-full-width-init=\"false\" data-vc-stretch-content=\"true\" class=\"vc_row wpb_row vc_row-fluid vc_custom_1742487038362 vc_row-has-fill vc_row-o-content-top vc_row-flex\"><div class=\"wpb_column vc_column_container vc_col-sm-3\"><div class=\"vc_column-inner\"><div class=\"wpb_wrapper\"><div class=\"gt3_icon_box gt3_icon_box_icon-position_ gt3_icon_box_icon-position_top gt3_icon_box__icon_icon_size_regular\"><i class=\"gt3_icon_box__icon far fa-calendar-alt\" style=\"color:#A22531;\"><\/i><div class=\"gt3_icon_box-content-wrapper\"  ><div class=\"gt3_icon_box__title\"><h2 style=\"color:#192041; \">Date<\/h2><\/div><div class=\"gt3_icon_box__text\" style=\"color:#3c434b; \">23 April 2025.<\/div><\/div><\/div>  \r\n<\/div><\/div><\/div><div class=\"wpb_column vc_column_container vc_col-sm-3\"><div class=\"vc_column-inner vc_custom_1738848473696\"><div class=\"wpb_wrapper\"><div class=\"gt3_icon_box gt3_icon_box_icon-position_ gt3_icon_box_icon-position_top gt3_icon_box__icon_icon_size_regular\"><i class=\"gt3_icon_box__icon far fa-clock\" style=\"color:#A22531;\"><\/i><div class=\"gt3_icon_box-content-wrapper\"  ><div class=\"gt3_icon_box__title\"><h2 style=\"color:#192041; \">Hours<\/h2><\/div><div class=\"gt3_icon_box__text\" style=\"color:#3c434b; \">9:00-15:00<\/div><\/div><\/div>  \r\n<\/div><\/div><\/div><div class=\"wpb_column vc_column_container vc_col-sm-3\"><div class=\"vc_column-inner\"><div class=\"wpb_wrapper\"><div class=\"gt3_icon_box gt3_icon_box_icon-position_ gt3_icon_box_icon-position_top gt3_icon_box__icon_icon_size_regular\"><i class=\"gt3_icon_box__icon fas fa-laptop\" style=\"color:#A22531;\"><\/i><div class=\"gt3_icon_box-content-wrapper\"  ><div class=\"gt3_icon_box__title\"><h2 style=\"color:#192041; \">Form<\/h2><\/div><div class=\"gt3_icon_box__text\" style=\"color:#3c434b; \">online<\/div><\/div><\/div>  \r\n<\/div><\/div><\/div><div class=\"wpb_column vc_column_container vc_col-sm-3\"><div class=\"vc_column-inner\"><div class=\"wpb_wrapper\"><div class=\"gt3_icon_box gt3_icon_box_icon-position_ gt3_icon_box_icon-position_top gt3_icon_box__icon_icon_size_regular\"><i class=\"gt3_icon_box__icon fas fa-globe\" style=\"color:#A22531;\"><\/i><div class=\"gt3_icon_box-content-wrapper\"  ><div class=\"gt3_icon_box__title\"><h2 style=\"color:#192041; \">Languages<\/h2><\/div><div class=\"gt3_icon_box__text\" style=\"color:#3c434b; \">Polish and English<\/div><\/div><\/div>  \r\n<\/div><\/div><\/div><\/div><div class=\"vc_row-full-width vc_clearfix\"><\/div><section class=\"vc_section vc_custom_1728901015452\"><div class=\"\"><div class=\"container\"><div class=\"vc_row wpb_row vc_row-fluid\"><div class=\"wpb_column vc_column_container vc_col-sm-6\"><div class=\"vc_column-inner\"><div class=\"wpb_wrapper\">\n\t<div class=\"wpb_text_column wpb_content_element  vc_custom_1742486777748\" >\n\t\t<div class=\"wpb_wrapper\">\n\t\t\t<h2 style=\"text-align: left;\">Why take part?<\/h2>\n\n\t\t<\/div>\n\t<\/div>\n\n\t<div class=\"wpb_text_column wpb_content_element  vc_custom_1742486836794\" >\n\t\t<div class=\"wpb_wrapper\">\n\t\t\t<ul>\n<li data-start=\"1166\" data-end=\"1261\"><strong data-start=\"1168\" data-end=\"1211\">Experts will share their practical knowledge<\/strong>, which will help to better deal with bullying.<\/li>\n<li data-start=\"1262\" data-end=\"1352\">Possibility <strong data-start=\"1274\" data-end=\"1297\">exchanges of experience<\/strong> with other participants and learn about different perspectives.<\/li>\n<li data-start=\"1353\" data-end=\"1427\"><strong data-start=\"1355\" data-end=\"1372\">Online access<\/strong> makes it possible for you to participate from anywhere.<\/li>\n<\/ul>\n\n\t\t<\/div>\n\t<\/div>\n<\/div><\/div><\/div><div class=\"wpb_column vc_column_container vc_col-sm-6\"><div class=\"vc_column-inner\"><div class=\"wpb_wrapper\">\n\t<div class=\"wpb_text_column wpb_content_element  vc_custom_1742486887765\" >\n\t\t<div class=\"wpb_wrapper\">\n\t\t\t<h2 style=\"text-align: left;\">Who is this event for?<\/h2>\n\n\t\t<\/div>\n\t<\/div>\n\n\t<div class=\"wpb_text_column wpb_content_element  vc_custom_1742486907045\" >\n\t\t<div class=\"wpb_wrapper\">\n\t\t\t<ul>\n<li data-start=\"1166\" data-end=\"1261\"><strong data-start=\"600\" data-end=\"626\">Academic staff<\/strong> - learn how to educate and respond to incidents of bullying in the academic environment, influencing student awareness and building healthy relationships.<\/li>\n<li data-start=\"1166\" data-end=\"1261\"><strong data-start=\"784\" data-end=\"816\">Employees of companies and institutions<\/strong> - gain practical knowledge of the mechanisms of bullying, its effects and effective methods of counteracting toxic behaviour.<\/li>\n<li data-start=\"1166\" data-end=\"1261\"><strong data-start=\"956\" data-end=\"968\">Students<\/strong> - irrespective of their field of study, they will prepare themselves for the challenges of the labour market and learn to recognise worrying signals in their future place of employment.<\/li>\n<\/ul>\n\n\t\t<\/div>\n\t<\/div>\n<\/div><\/div><\/div><\/div><\/div><\/div><\/section><section data-vc-full-width=\"true\" data-vc-full-width-init=\"false\" class=\"vc_section vc_custom_1728652565655 vc_section-has-fill\"><div class=\"\"><div class=\"container\"><div class=\"vc_row wpb_row vc_row-fluid\"><div class=\"wpb_column vc_column_container vc_col-sm-12\"><div class=\"vc_column-inner\"><div class=\"wpb_wrapper\"><h2 style=\"font-size: 24px;color: #2b3258;text-align: center;font-family:PT Serif;font-weight:700;font-style:normal\" class=\"vc_custom_heading vc_custom_1742550913066\" id=\"plan\">Framework for the conference | 9:00 - 15:00<\/h2><\/div><\/div><\/div><\/div><\/div><\/div><div class=\"vc_custom_1728902093134\"><div class=\"container\"><div class=\"vc_row wpb_row vc_row-fluid\"><div class=\"wpb_column vc_column_container vc_col-sm-12\"><div class=\"vc_column-inner\"><div class=\"wpb_wrapper\">\n\t<div class=\"wpb_text_column wpb_content_element\" >\n\t\t<div class=\"wpb_wrapper\">\n\t\t\t<p><span><strong>9:00-9:30<\/strong>\u00a0Opening of the conference <\/span><\/p>\n<hr \/>\n<p><span><strong>9:30-11:00<\/strong> Inaugural Lecture<\/span><\/p>\n<hr \/>\n<p><span><strong>11:00-12:45<\/strong> Session 1 (parallel speeches in English and Polish, up to 10 speeches are expected (speaking time 15-20 minutes)<br \/>\n<\/span><\/p>\n<hr \/>\n<p><span><strong>12:45-13:00<\/strong> Break<\/span><\/p>\n<hr \/>\n<p><span><strong>13:00-14:30<\/strong> Session 2 (parallel presentations in English and Polish, up to 10 presentations are expected (speaking time 15-20 minutes)<\/span><\/p>\n<hr \/>\n<p><span><strong>14:30-15:00<\/strong> Summary and conclusion of the conference<\/span><\/p>\n\n\t\t<\/div>\n\t<\/div>\n<\/div><\/div><\/div><\/div><\/div><\/div><\/section><div class=\"vc_row-full-width vc_clearfix\"><\/div><div class=\"vc_custom_1742823543659\"><div class=\"container\"><div class=\"vc_row wpb_row vc_row-fluid\"><div class=\"wpb_column vc_column_container vc_col-sm-12\"><div class=\"vc_column-inner\"><div class=\"wpb_wrapper\">\n\t<div class=\"wpb_text_column wpb_content_element\" >\n\t\t<div class=\"wpb_wrapper\">\n\t\t\t<h3>Formatting guidelines for publications<\/h3>\n\n\t\t<\/div>\n\t<\/div>\n\n\t<div class=\"wpb_text_column wpb_content_element\" >\n\t\t<div class=\"wpb_wrapper\">\n\t\t\t<p>Download the guidelines in the language of your choice:<\/p>\n<p>&#8211; <a href=\"https:\/\/studia-wroclaw.pl\/wp-content\/uploads\/2025\/03\/FORMAT-PUBLIKACJI-MOBBING-pl-5.docx\">EN (download file)<\/a><br \/>\n&#8211; <a href=\"https:\/\/studia-wroclaw.pl\/wp-content\/uploads\/2025\/03\/PUBLICATION-FORMAT-MOBBING-eng-2.docx\">EN (download file)<\/a><br \/>\n&#8211; <a href=\"https:\/\/studia-wroclaw.pl\/wp-content\/uploads\/2025\/03\/\u0424\u041e\u0420\u041c\u0410\u0422-\u041f\u0423\u0411\u041b\u0406\u041a\u0410\u0426\u0406\u0407-MOBBING-ukr-2.docx\">UK (\u0437\u0430\u0432\u0430\u043d\u0442\u0430\u0436\u0438\u0442\u0438 \u0444\u0430\u0439\u043b)<\/a><br \/>\n&#8211; <a href=\"https:\/\/studia-wroclaw.pl\/wp-content\/uploads\/2025\/03\/\u0424\u041e\u0420\u041c\u0410\u0422\u0418\u041e\u0412\u0410\u041d\u0418\u0415-\u041f\u0423\u0411\u041b\u0418\u041a\u0410\u0426\u0418\u0418-MOBBING-\u0440\u0443-2.docx\">RU(\u0444\u0430\u0439\u043b \u0437\u0430\u0433\u0440\u0443\u0437\u043a\u0438)<\/a><\/p>\n\n\t\t<\/div>\n\t<\/div>\n<\/div><\/div><\/div><\/div><\/div><\/div><div data-vc-full-width=\"true\" data-vc-full-width-init=\"false\" class=\"vc_custom_1742821586779\"><div class=\"container\"><div class=\"vc_row wpb_row vc_row-fluid\"><div class=\"wpb_column vc_column_container vc_col-sm-12\"><div class=\"vc_column-inner\"><div class=\"wpb_wrapper\">\n\t<div class=\"wpb_text_column wpb_content_element\" id=\"formularz\">\n\t\t<div class=\"wpb_wrapper\">\n\t\t\t<h3>Send article<\/h3>\n\n\t\t<\/div>\n\t<\/div>\n\n\t<div class=\"wpb_text_column wpb_content_element  vc_custom_1742822091392\" >\n\t\t<div class=\"wpb_wrapper\">\n\t\t\t<p>Fill in the form below and attach the text of the article.<\/p>\n\n\t\t<\/div>\n\t<\/div>\n\n\t<div class=\"wpb_raw_code wpb_content_element wpb_raw_html\" >\n\t\t<div class=\"wpb_wrapper\">\n\t\t\t<div class=\"forminator-ui forminator-custom-form forminator-custom-form-4865 forminator-design--material  forminator_ajax\" data-forminator-render=\"0\" data-form=\"forminator-module-4865\" data-uid=\"69d6f9045092c\"><br\/><\/div><form\n\t\t\t\tid=\"forminator-module-4865\"\n\t\t\t\tclass=\"forminator-ui forminator-custom-form forminator-custom-form-4865 forminator-design--material  forminator_ajax\"\n\t\t\t\tmethod=\"post\"\n\t\t\t\tdata-forminator-render=\"0\"\n\t\t\t\tdata-form-id=\"4865\"\n\t\t\t\t\n\t\t\t\tdata-design=\"material\"\n\t\t\t\tdata-color-option=\"default\"\n\t\t\t\t\n\t\t\t\t\n\t\t\t\t\n\t\t\t\tdata-grid=\"open\"\n\t\t\t\tenctype=\"multipart\/form-data\"\n\t\t\t\t\n\t\t\t\tstyle=\"display: none;\"\n\t\t\t\t\n\t\t\t\tdata-uid=\"69d6f9045092c\" action=\"\"\n\t\t\t><div role=\"alert\" aria-live=\"polite\" class=\"forminator-response-message forminator-error\" aria-hidden=\"true\"><\/div><div class=\"forminator-row\"><div id=\"text-1\" class=\"forminator-field-text forminator-col forminator-col-6\"><div class=\"forminator-field\"><label for=\"forminator-field-text-1_69d6f9045092c\" id=\"forminator-field-text-1_69d6f9045092c-label\" class=\"forminator-label\">Name <span class=\"forminator-required\">*<\/span><\/label><input type=\"text\" name=\"text-1\" value=\"\" placeholder=\"e.g. John Smith\" id=\"forminator-field-text-1_69d6f9045092c\" class=\"forminator-input forminator-name--field\" data-required=\"true\" \/><\/div><\/div><div id=\"text-2\" class=\"forminator-field-text forminator-col forminator-col-6\"><div class=\"forminator-field\"><label for=\"forminator-field-text-2_69d6f9045092c\" id=\"forminator-field-text-2_69d6f9045092c-label\" class=\"forminator-label\">ORCID number<\/label><input type=\"text\" name=\"text-2\" value=\"\" placeholder=\"Enter your ORCID number (optional)\" id=\"forminator-field-text-2_69d6f9045092c\" class=\"forminator-input forminator-name--field\" data-required=\"\" \/><\/div><\/div><\/div><div class=\"forminator-row\"><div id=\"text-3\" class=\"forminator-field-text forminator-col forminator-col-12\"><div class=\"forminator-field\"><label for=\"forminator-field-text-3_69d6f9045092c\" id=\"forminator-field-text-3_69d6f9045092c-label\" class=\"forminator-label\">Title of publication in English <span class=\"forminator-required\">*<\/span><\/label><input type=\"text\" name=\"text-3\" value=\"\" placeholder=\"Enter publication title\" id=\"forminator-field-text-3_69d6f9045092c\" class=\"forminator-input forminator-name--field\" data-required=\"true\" \/><\/div><\/div><\/div><div class=\"forminator-row\"><div id=\"email-1\" class=\"forminator-field-email forminator-col forminator-col-12\"><div class=\"forminator-field\"><label for=\"forminator-field-email-1_69d6f9045092c\" id=\"forminator-field-email-1_69d6f9045092c-label\" class=\"forminator-label\">E-mail <span class=\"forminator-required\">*<\/span><\/label><input type=\"email\" name=\"email-1\" value=\"\" placeholder=\"For example: jan@kowalski.com\" id=\"forminator-field-email-1_69d6f9045092c\" class=\"forminator-input forminator-email--field\" data-required=\"true\" aria-required=\"true\" \/><\/div><\/div><\/div><div class=\"forminator-row\"><div id=\"upload-1\" class=\"forminator-field-upload forminator-col forminator-col-12\"><div class=\"forminator-field\"><label for=\"forminator-field-upload-1_69d6f9045092c\" id=\"forminator-field-upload-1_69d6f9045092c-label\" class=\"forminator-label\">Attach the text as a .doc or .pdf file<\/label><div class=\"forminator-file-upload\" data-element=\"upload-1_69d6f9045092c\"><input type=\"file\" name=\"upload-1\" id=\"forminator-field-upload-1_69d6f9045092c\" class=\"forminator-input-file\" accept=\".jpg,.jpeg,.jpe,.gif,.png,.bmp,.tiff,.tif,.webp,.avif,.ico,.heic,.heif,.heics,.heifs,.asf,.asx,.wmv,.wmx,.wm,.avi,.divx,.flv,.mov,.qt,.mpeg,.mpg,.mpe,.mp4,.m4v,.ogv,.webm,.mkv,.3gp,.3gpp,.3g2,.3gp2,.txt,.asc,.c,.cc,.h,.srt,.csv,.tsv,.ics,.rtx,.vtt,.mp3,.m4a,.m4b,.aac,.ra,.ram,.wav,.ogg,.oga,.flac,.mid,.midi,.wma,.wax,.mka,.rtf,.pdf,.class,.tar,.zip,.gz,.gzip,.7z,.psd,.xcf,.doc,.pot,.pps,.ppt,.wri,.xla,.xls,.xlt,.xlw,.mdb,.mpp,.docx,.docm,.dotx,.dotm,.xlsx,.xlsm,.xlsb,.xltx,.xltm,.xlam,.pptx,.pptm,.ppsx,.ppsm,.potx,.potm,.ppam,.sldx,.sldm,.onetoc,.onetoc2,.onetmp,.onepkg,.oxps,.xps,.odt,.odp,.ods,.odg,.odc,.odb,.odf,.wp,.wpd,.key,.numbers,.pages,.ttf,.otf,.eot,.woff,.woff2,.redux\" tabindex=\"-1\"><button id=\"forminator-field-upload-1_69d6f9045092c_button\" class=\"forminator-button forminator-button-upload\" data-id=\"forminator-field-upload-1_69d6f9045092c\">Choose File<\/button><span data-empty-text=\"No file chosen\">No file chosen<\/span><button class=\"forminator-button-delete\" style=\"display: none;\"><i class=\"forminator-icon-close\" aria-hidden=\"true\"><\/i><span class=\"forminator-screen-reader-only\">Delete uploaded file<\/span><\/button><\/div><\/div><\/div><\/div><input type=\"hidden\" name=\"referer_url\" value=\"\" \/><div class=\"forminator-row forminator-row-last\"><div class=\"forminator-col\"><div class=\"forminator-field\"><button class=\"forminator-button forminator-button-submit\"><span>Send<\/span><span aria-hidden=\"true\"><\/span><\/button><\/div><\/div><\/div><input type=\"hidden\" id=\"forminator_nonce\" name=\"forminator_nonce\" value=\"5799d8ae73\" \/><input type=\"hidden\" name=\"_wp_http_referer\" value=\"\/en\/wp-json\/wp\/v2\/pages\/4817\" \/><input type=\"hidden\" name=\"form_id\" value=\"4865\"><input type=\"hidden\" name=\"page_id\" value=\"4817\"><input type=\"hidden\" name=\"form_type\" value=\"registration\"><input type=\"hidden\" name=\"current_url\" value=\"https:\/\/studia-wroclaw.pl\/en\/wydarzenia\/konferencja-mobbing\/\"><input type=\"hidden\" name=\"render_id\" value=\"0\"><input type=\"hidden\" name=\"action\" value=\"forminator_submit_form_custom-forms\"><input type=\"hidden\" name=\"trp-form-language\" value=\"en\"\/><\/form>\n\t\t<\/div>\n\t<\/div>\n<\/div><\/div><\/div><\/div><\/div><\/div><div class=\"vc_row-full-width vc_clearfix\"><\/div>\n<\/div>","protected":false},"excerpt":{"rendered":"Mobbing jako destrukcyjny aspekt \u015brodowiska pracyKonferencja Wy\u017cszej Szko\u0142y Kszta\u0142cenia ZawodowegoCzytaj wi\u0119cej Informacje o wydarzeniu Czy wiesz, jak rozpozna\u0107 mobbing i skutecznie mu przeciwdzia\u0142a\u0107? Presja, stres, a nawet otwarta wrogo\u015b\u0107 w miejscu pracy to powa\u017cne problemy, kt\u00f3re mog\u0105 negatywnie wp\u0142ywa\u0107 na ca\u0142e \u015brodowisko zawodowe. Eksperci zaproszeni na konferencj\u0119 om\u00f3wi\u0105 przyczyny, konsekwencje oraz sposoby walki z mobbingiem, [...]","protected":false},"author":1,"featured_media":0,"parent":3871,"menu_order":0,"comment_status":"closed","ping_status":"closed","template":"","meta":{"om_disable_all_campaigns":false,"footnotes":""},"class_list":["post-4817","page","type-page","status-publish","hentry"],"yoast_head":"<!-- This site is optimized with the Yoast SEO plugin v25.9 - https:\/\/yoast.com\/wordpress\/plugins\/seo\/ -->\n<title>Konferencja Mobbing - Studia Wroc\u0142aw<\/title>\n<meta name=\"description\" content=\"\u201eNowe Horyzonty Seksuologii: R\u00f3\u017cnorodno\u015b\u0107, bezpiecze\u0144stwo, praktyka kliniczna\u201d - I konferencja WSKZ dotycz\u0105ca seksualno\u015bci cz\u0142owieka.\" \/>\n<meta name=\"robots\" content=\"index, follow, max-snippet:-1, max-image-preview:large, max-video-preview:-1\" \/>\n<link rel=\"canonical\" href=\"https:\/\/studia-wroclaw.pl\/en\/wydarzenia\/konferencja-mobbing\/\" \/>\n<meta property=\"og:locale\" content=\"en_GB\" \/>\n<meta property=\"og:type\" content=\"article\" \/>\n<meta property=\"og:title\" content=\"Konferencja Mobbing - Studia Wroc\u0142aw\" \/>\n<meta property=\"og:description\" content=\"\u201eNowe Horyzonty Seksuologii: R\u00f3\u017cnorodno\u015b\u0107, bezpiecze\u0144stwo, praktyka kliniczna\u201d - I konferencja WSKZ dotycz\u0105ca seksualno\u015bci cz\u0142owieka.\" \/>\n<meta property=\"og:url\" content=\"https:\/\/studia-wroclaw.pl\/en\/wydarzenia\/konferencja-mobbing\/\" \/>\n<meta property=\"og:site_name\" content=\"Studia Wroc\u0142aw\" \/>\n<meta property=\"article:modified_time\" content=\"2025-03-24T13:39:05+00:00\" \/>\n<meta name=\"twitter:card\" content=\"summary_large_image\" \/>\n<meta name=\"twitter:label1\" content=\"Estimated reading time\" \/>\n\t<meta name=\"twitter:data1\" content=\"4 minutes\" \/>\n<script type=\"application\/ld+json\" class=\"yoast-schema-graph\">{\"@context\":\"https:\/\/schema.org\",\"@graph\":[{\"@type\":\"WebPage\",\"@id\":\"https:\/\/studia-wroclaw.pl\/wydarzenia\/konferencja-mobbing\/\",\"url\":\"https:\/\/studia-wroclaw.pl\/wydarzenia\/konferencja-mobbing\/\",\"name\":\"Konferencja Mobbing - Studia Wroc\u0142aw\",\"isPartOf\":{\"@id\":\"https:\/\/studia-wroclaw.pl\/#website\"},\"datePublished\":\"2024-10-11T08:30:20+00:00\",\"dateModified\":\"2025-03-24T13:39:05+00:00\",\"description\":\"\u201eNowe Horyzonty Seksuologii: R\u00f3\u017cnorodno\u015b\u0107, bezpiecze\u0144stwo, praktyka kliniczna\u201d - I konferencja WSKZ dotycz\u0105ca seksualno\u015bci cz\u0142owieka.\",\"breadcrumb\":{\"@id\":\"https:\/\/studia-wroclaw.pl\/wydarzenia\/konferencja-mobbing\/#breadcrumb\"},\"inLanguage\":\"en-GB\",\"potentialAction\":[{\"@type\":\"ReadAction\",\"target\":[\"https:\/\/studia-wroclaw.pl\/wydarzenia\/konferencja-mobbing\/\"]}]},{\"@type\":\"BreadcrumbList\",\"@id\":\"https:\/\/studia-wroclaw.pl\/wydarzenia\/konferencja-mobbing\/#breadcrumb\",\"itemListElement\":[{\"@type\":\"ListItem\",\"position\":1,\"name\":\"Strona g\u0142\u00f3wna\",\"item\":\"https:\/\/studia-wroclaw.pl\/\"},{\"@type\":\"ListItem\",\"position\":2,\"name\":\"Wydarzenia\",\"item\":\"https:\/\/studia-wroclaw.pl\/wydarzenia\/\"},{\"@type\":\"ListItem\",\"position\":3,\"name\":\"Konferencja Mobbing\"}]},{\"@type\":\"WebSite\",\"@id\":\"https:\/\/studia-wroclaw.pl\/#website\",\"url\":\"https:\/\/studia-wroclaw.pl\/\",\"name\":\"Studia Wroc\u0142aw\",\"description\":\"\",\"potentialAction\":[{\"@type\":\"SearchAction\",\"target\":{\"@type\":\"EntryPoint\",\"urlTemplate\":\"https:\/\/studia-wroclaw.pl\/?s={search_term_string}\"},\"query-input\":{\"@type\":\"PropertyValueSpecification\",\"valueRequired\":true,\"valueName\":\"search_term_string\"}}],\"inLanguage\":\"en-GB\"}]}<\/script>\n<!-- \/ Yoast SEO plugin. -->","yoast_head_json":{"title":"Konferencja Mobbing - Studia Wroc\u0142aw","description":"\u201eNowe Horyzonty Seksuologii: R\u00f3\u017cnorodno\u015b\u0107, bezpiecze\u0144stwo, praktyka kliniczna\u201d - I konferencja WSKZ dotycz\u0105ca seksualno\u015bci cz\u0142owieka.","robots":{"index":"index","follow":"follow","max-snippet":"max-snippet:-1","max-image-preview":"max-image-preview:large","max-video-preview":"max-video-preview:-1"},"canonical":"https:\/\/studia-wroclaw.pl\/en\/wydarzenia\/konferencja-mobbing\/","og_locale":"en_GB","og_type":"article","og_title":"Konferencja Mobbing - Studia Wroc\u0142aw","og_description":"\u201eNowe Horyzonty Seksuologii: R\u00f3\u017cnorodno\u015b\u0107, bezpiecze\u0144stwo, praktyka kliniczna\u201d - I konferencja WSKZ dotycz\u0105ca seksualno\u015bci cz\u0142owieka.","og_url":"https:\/\/studia-wroclaw.pl\/en\/wydarzenia\/konferencja-mobbing\/","og_site_name":"Studia Wroc\u0142aw","article_modified_time":"2025-03-24T13:39:05+00:00","twitter_card":"summary_large_image","twitter_misc":{"Estimated reading time":"4 minutes"},"schema":{"@context":"https:\/\/schema.org","@graph":[{"@type":"WebPage","@id":"https:\/\/studia-wroclaw.pl\/wydarzenia\/konferencja-mobbing\/","url":"https:\/\/studia-wroclaw.pl\/wydarzenia\/konferencja-mobbing\/","name":"Konferencja Mobbing - Studia Wroc\u0142aw","isPartOf":{"@id":"https:\/\/studia-wroclaw.pl\/#website"},"datePublished":"2024-10-11T08:30:20+00:00","dateModified":"2025-03-24T13:39:05+00:00","description":"\u201eNowe Horyzonty Seksuologii: R\u00f3\u017cnorodno\u015b\u0107, bezpiecze\u0144stwo, praktyka kliniczna\u201d - I konferencja WSKZ dotycz\u0105ca seksualno\u015bci cz\u0142owieka.","breadcrumb":{"@id":"https:\/\/studia-wroclaw.pl\/wydarzenia\/konferencja-mobbing\/#breadcrumb"},"inLanguage":"en-GB","potentialAction":[{"@type":"ReadAction","target":["https:\/\/studia-wroclaw.pl\/wydarzenia\/konferencja-mobbing\/"]}]},{"@type":"BreadcrumbList","@id":"https:\/\/studia-wroclaw.pl\/wydarzenia\/konferencja-mobbing\/#breadcrumb","itemListElement":[{"@type":"ListItem","position":1,"name":"Strona g\u0142\u00f3wna","item":"https:\/\/studia-wroclaw.pl\/"},{"@type":"ListItem","position":2,"name":"Wydarzenia","item":"https:\/\/studia-wroclaw.pl\/wydarzenia\/"},{"@type":"ListItem","position":3,"name":"Konferencja Mobbing"}]},{"@type":"WebSite","@id":"https:\/\/studia-wroclaw.pl\/#website","url":"https:\/\/studia-wroclaw.pl\/","name":"Studies Wroclaw","description":"","potentialAction":[{"@type":"SearchAction","target":{"@type":"EntryPoint","urlTemplate":"https:\/\/studia-wroclaw.pl\/?s={search_term_string}"},"query-input":{"@type":"PropertyValueSpecification","valueRequired":true,"valueName":"search_term_string"}}],"inLanguage":"en-GB"}]}},"_links":{"self":[{"href":"https:\/\/studia-wroclaw.pl\/en\/wp-json\/wp\/v2\/pages\/4817","targetHints":{"allow":["GET"]}}],"collection":[{"href":"https:\/\/studia-wroclaw.pl\/en\/wp-json\/wp\/v2\/pages"}],"about":[{"href":"https:\/\/studia-wroclaw.pl\/en\/wp-json\/wp\/v2\/types\/page"}],"author":[{"embeddable":true,"href":"https:\/\/studia-wroclaw.pl\/en\/wp-json\/wp\/v2\/users\/1"}],"replies":[{"embeddable":true,"href":"https:\/\/studia-wroclaw.pl\/en\/wp-json\/wp\/v2\/comments?post=4817"}],"version-history":[{"count":24,"href":"https:\/\/studia-wroclaw.pl\/en\/wp-json\/wp\/v2\/pages\/4817\/revisions"}],"predecessor-version":[{"id":4881,"href":"https:\/\/studia-wroclaw.pl\/en\/wp-json\/wp\/v2\/pages\/4817\/revisions\/4881"}],"up":[{"embeddable":true,"href":"https:\/\/studia-wroclaw.pl\/en\/wp-json\/wp\/v2\/pages\/3871"}],"wp:attachment":[{"href":"https:\/\/studia-wroclaw.pl\/en\/wp-json\/wp\/v2\/media?parent=4817"}],"curies":[{"name":"wp","href":"https:\/\/api.w.org\/{rel}","templated":true}]}}