{"id":485,"date":"2017-02-14T10:33:40","date_gmt":"2017-02-14T10:33:40","guid":{"rendered":"http:\/\/gt3demo.com\/wp\/wizeedu\/?page_id=485"},"modified":"2025-10-31T14:34:43","modified_gmt":"2025-10-31T13:34:43","slug":"o-nas","status":"publish","type":"page","link":"https:\/\/studia-wroclaw.pl\/en\/o-nas\/","title":{"rendered":"About us"},"content":{"rendered":"<div class=\"wpb-content-wrapper\"><div class=\"vc_custom_1488191103720\"><div class=\"container\"><div class=\"vc_row wpb_row vc_row-fluid\"><div class=\"wpb_column vc_column_container vc_col-sm-6\"><div class=\"vc_column-inner vc_custom_1715323786183\"><div class=\"wpb_wrapper\">\n\t<div class=\"wpb_text_column wpb_content_element\" >\n\t\t<div class=\"wpb_wrapper\">\n\t\t\t<p><img loading=\"lazy\" decoding=\"async\" class=\"aligncenter wp-image-1994 size-full\" src=\"https:\/\/studia-wroclaw.pl\/wp-content\/uploads\/2024\/05\/nas-owskz.jpg\" alt=\"\" width=\"524\" height=\"515\" srcset=\"https:\/\/studia-wroclaw.pl\/wp-content\/uploads\/2024\/05\/nas-owskz.jpg 524w, https:\/\/studia-wroclaw.pl\/wp-content\/uploads\/2024\/05\/nas-owskz-300x295.jpg 300w\" sizes=\"auto, (max-width: 524px) 100vw, 524px\" \/><\/p>\n\n\t\t<\/div>\n\t<\/div>\n<\/div><\/div><\/div><div class=\"wpb_column vc_column_container vc_col-sm-6\"><div class=\"vc_column-inner\"><div class=\"wpb_wrapper\">\n\t<div class=\"wpb_text_column wpb_content_element\" >\n\t\t<div class=\"wpb_wrapper\">\n\t\t\t<h1>About us<\/h1>\n\n\t\t<\/div>\n\t<\/div>\n<div class=\"gt3_spacing\"><div class=\"gt3_spacing-height gt3_spacing-height_default\" style=\"height:35px;\"><\/div><\/div>  \r\n\n\t<div class=\"wpb_text_column wpb_content_element\" >\n\t\t<div class=\"wpb_wrapper\">\n\t\t\t<h2>Let's get to know each other better<\/h2>\n\n\t\t<\/div>\n\t<\/div>\n<div class=\"gt3_spacing\"><div class=\"gt3_spacing-height gt3_spacing-height_default\" style=\"height:10px;\"><\/div><\/div>  \r\n<div data-color=\"#ffffff\" class=\"gt3_custom_text\" style=\"color:#a22531;font-family:Montserrat;font-weight:400;font-style:normal;font-size: 18px; line-height: 120%; \"><span style=\"color: #000000;\">Discover the opportunities offered by modern, part-time education at the university's premises<\/span><\/div>  \r\n<div class=\"gt3_spacing\"><div class=\"gt3_spacing-height gt3_spacing-height_default\" style=\"height:42px;\"><\/div><\/div>  \r\n\n\t<div class=\"wpb_text_column wpb_content_element\" >\n\t\t<div class=\"wpb_wrapper\">\n\t\t\t<p><i><span style=\"font-weight: 400;\">University College of Professional Education<\/span><\/i><span style=\"font-weight: 400;\">, present in the education market for more than 20 years, operates in the very <\/span><b>the heart of Wroc\u0142aw<\/b><span style=\"font-weight: 400;\"> - It is here that we teach, meet and collaborate with the local business community. Through <\/span><a href=\"http:\/\/studia-wroclaw.pl\/en\/\"><span style=\"font-weight: 400;\">studia-wroc\u0142aw.pl<\/span><\/a><span style=\"font-weight: 400;\"> we offer our students an education that meets their needs - we enable them to study in<\/span><b> traditional form<\/b><span style=\"font-weight: 400;\">, using <\/span><b>modern solutions<\/b><span style=\"font-weight: 400;\"> and with respect for the other areas of our students' lives. <\/span><\/p>\n<p><span style=\"font-weight: 400;\">We make sure that reunions at headquarters are <\/span><b>maximum use<\/b><span style=\"font-weight: 400;\"> - both in educational and developmental terms. Our lecturers are at your disposal, as are the other administrative staff of the university - We create an academic community maximally focused on <\/span><b>experiences that educate<\/b><span style=\"font-weight: 400;\">.<\/span><\/p>\n\n\t\t<\/div>\n\t<\/div>\n<div class=\"gt3_spacing\"><div class=\"gt3_spacing-height gt3_spacing-height_default\" style=\"height:43px;\"><\/div><\/div>  \r\n<div class=\"gt3_spacing\"><div class=\"gt3_spacing-height gt3_spacing-height_default\" style=\"height:60px;\"><\/div><\/div>  \r\n<\/div><\/div><\/div><\/div><\/div><\/div><div data-vc-full-width=\"true\" data-vc-full-width-init=\"false\" data-vc-stretch-content=\"true\" class=\"vc_row wpb_row vc_row-fluid vc_row-o-equal-height vc_row-flex\"><div class=\"wpb_column vc_column_container vc_col-sm-6 vc_col-has-fill\"><div class=\"vc_column-inner vc_custom_1715538750581\"><div class=\"wpb_wrapper\"><\/div><\/div><\/div><div class=\"wpb_column vc_column_container vc_col-sm-6 vc_col-has-fill\"><div class=\"vc_column-inner vc_custom_1521630250709\"><div class=\"wpb_wrapper\"><div data-color=\"#ffffff\" class=\"gt3_custom_text\" style=\"color:#ffffff;font-family:Montserrat;font-weight:700;font-style:normal;font-size: 24px; line-height: 140%; \">The College of Vocational Training is an excellent choice. See:<\/div>  \r\n<div class=\"gt3_spacing\"><div class=\"gt3_spacing-height gt3_spacing-height_default\" style=\"height:20px;\"><\/div><\/div>  \r\n<div class=\"vc_separator wpb_content_element vc_separator_align_center vc_sep_width_100px vc_sep_pos_align_left vc_separator_no_text\" ><span class=\"vc_sep_holder vc_sep_holder_l\"><span style=\"border-color:#f39a00;\" class=\"vc_sep_line\"><\/span><\/span><span class=\"vc_sep_holder vc_sep_holder_r\"><span style=\"border-color:#f39a00;\" class=\"vc_sep_line\"><\/span><\/span>\n<\/div><div class=\"gt3_spacing\"><div class=\"gt3_spacing-height gt3_spacing-height_default\" style=\"height:30px;\"><\/div><\/div>  \r\n<div class=\"vc_tta-container\" data-vc-action=\"collapseAll\"><div class=\"vc_general vc_tta vc_tta-accordion vc_tta-style-classic vc_tta-shape-true vc_tta-o-shape-group vc_tta-controls-align-default vc_tta-o-all-clickable\"><div class=\"vc_tta-panels-container\"><div class=\"vc_tta-panels\"><div class=\"vc_tta-panel vc_active\" id=\"1486464733581-e142195b-36c2\" data-vc-content=\".vc_tta-panel-body\"><div class=\"vc_tta-panel-heading\"><h4 class=\"vc_tta-panel-title vc_tta-controls-icon-position-left\"><a href=\"#1486464733581-e142195b-36c2\" data-vc-accordion data-vc-container=\".vc_tta-container\"><span class=\"vc_tta-title-text\">Experience<\/span><i class=\"vc_tta-controls-icon vc_tta-controls-icon-triangle\"><\/i><\/a><\/h4><\/div><div class=\"vc_tta-panel-body\">\n\t<div class=\"wpb_text_column wpb_content_element\" >\n\t\t<div class=\"wpb_wrapper\">\n\t\t\t<p>For more than 20 years, we have been nurturing the development of our students by continuously developing our educational offerings<\/p>\n\n\t\t<\/div>\n\t<\/div>\n<\/div><\/div><div class=\"vc_tta-panel\" id=\"1486464733651-67d01a70-5453\" data-vc-content=\".vc_tta-panel-body\"><div class=\"vc_tta-panel-heading\"><h4 class=\"vc_tta-panel-title vc_tta-controls-icon-position-left\"><a href=\"#1486464733651-67d01a70-5453\" data-vc-accordion data-vc-container=\".vc_tta-container\"><span class=\"vc_tta-title-text\">Wide choice of training courses<\/span><i class=\"vc_tta-controls-icon vc_tta-controls-icon-triangle\"><\/i><\/a><\/h4><\/div><div class=\"vc_tta-panel-body\">\n\t<div class=\"wpb_text_column wpb_content_element\" >\n\t\t<div class=\"wpb_wrapper\">\n\t\t\t<p>Studies tailored to the needs and expectations of the labour market<\/p>\n\n\t\t<\/div>\n\t<\/div>\n<\/div><\/div><div class=\"vc_tta-panel\" id=\"1486478894108-b3f20343-1d91\" data-vc-content=\".vc_tta-panel-body\"><div class=\"vc_tta-panel-heading\"><h4 class=\"vc_tta-panel-title vc_tta-controls-icon-position-left\"><a href=\"#1486478894108-b3f20343-1d91\" data-vc-accordion data-vc-container=\".vc_tta-container\"><span class=\"vc_tta-title-text\">Direct contact and modern infrastructure<\/span><i class=\"vc_tta-controls-icon vc_tta-controls-icon-triangle\"><\/i><\/a><\/h4><\/div><div class=\"vc_tta-panel-body\">\n\t<div class=\"wpb_text_column wpb_content_element\" >\n\t\t<div class=\"wpb_wrapper\">\n\t\t\t<p>Inspiring spaces where you want to be with people who share your interests<\/p>\n\n\t\t<\/div>\n\t<\/div>\n<\/div><\/div><div class=\"vc_tta-panel\" id=\"1486478930691-d38d5d37-8984\" data-vc-content=\".vc_tta-panel-body\"><div class=\"vc_tta-panel-heading\"><h4 class=\"vc_tta-panel-title vc_tta-controls-icon-position-left\"><a href=\"#1486478930691-d38d5d37-8984\" data-vc-accordion data-vc-container=\".vc_tta-container\"><span class=\"vc_tta-title-text\">Highest educational standards<\/span><i class=\"vc_tta-controls-icon vc_tta-controls-icon-triangle\"><\/i><\/a><\/h4><\/div><div class=\"vc_tta-panel-body\">\n\t<div class=\"wpb_text_column wpb_content_element\" >\n\t\t<div class=\"wpb_wrapper\">\n\t\t\t<p>The quality and effectiveness of our training methods are confirmed by numerous certificates, including ISO <span style=\"font-weight: 400;\">9001:2015<\/span><\/p>\n\n\t\t<\/div>\n\t<\/div>\n<\/div><\/div><\/div><\/div><\/div><\/div><\/div><\/div><\/div><\/div><div class=\"vc_row-full-width vc_clearfix\"><\/div><div class=\"vc_custom_1487077142417\"><div class=\"container\"><div class=\"vc_row wpb_row vc_row-fluid\"><div class=\"wpb_column vc_column_container vc_col-sm-12\"><div class=\"vc_column-inner\"><div class=\"wpb_wrapper\">\n\t<div class=\"wpb_text_column wpb_content_element  vc_custom_1715698988589\" >\n\t\t<div class=\"wpb_wrapper\">\n\t\t\t<h2>Meet our scientific staff<\/h2>\n\n\t\t<\/div>\n\t<\/div>\n\n\t<div class=\"wpb_text_column wpb_content_element  vc_custom_1717502798254\" >\n\t\t<div class=\"wpb_wrapper\">\n\t\t\t<p><span>We collaborate with excellent academic staff, including from the world's leading universities. They are not only eminent professors and university lecturers with numerous successes in their work - and<\/span><span>ch profound theoretical knowledge is enriched by the experience of outstanding practitioners. <\/span>At <a href=\"http:\/\/studia-wroclaw.pl\/en\/\">studios-wrocla<\/a><a href=\"http:\/\/studia-wroclaw.pl\/en\/\">w.pl<\/a> you have the opportunity to interact with lecturers who <strong>help you to develop your potential<\/strong>.<\/p>\n\n\t\t<\/div>\n\t<\/div>\n<div class=\"vc_btn3-container vc_btn3-inline\" ><a class=\"vc_general vc_btn3 vc_btn3-size-md vc_btn3-shape-round vc_btn3-style-flat vc_btn3-color-warning\" href=\"https:\/\/studia-wroclaw.pl\/en\/kadra\/\" title=\"Staff\">Our staff<\/a><\/div><\/div><\/div><\/div><\/div><\/div><\/div>\n<\/div>","protected":false},"excerpt":{"rendered":"About us Let's get to know each other better Discover the possibilities offered by modern, part-time education at the university's premises The College of Vocational Education, present on the educational market for over 20 years, operates in the very heart of Wroc\u0142aw - it is here that we teach, meet and cooperate with the local business environment. Through studia-wroc\u0142aw.pl we offer our students an education that meets their needs - we enable [...]","protected":false},"author":1,"featured_media":0,"parent":0,"menu_order":0,"comment_status":"closed","ping_status":"closed","template":"","meta":{"om_disable_all_campaigns":false,"footnotes":""},"class_list":["post-485","page","type-page","status-publish","hentry"],"yoast_head":"<!-- This site is optimized with the Yoast SEO plugin v25.9 - https:\/\/yoast.com\/wordpress\/plugins\/seo\/ -->\n<title>O nas | studia-wroclaw.pl<\/title>\n<meta name=\"description\" content=\"Kim jeste\u015bmy? Jeste\u015bmy nowoczesn\u0105 uczelni\u0105 z ponad 20-letnim do\u015bwiadczeniem. Oferujemy studia we Wroc\u0142awiu: licencjackie, in\u017cynierskie, magisterskie i jednolite. Stawiamy na wysok\u0105 jako\u015b\u0107 i wsparcie na ka\u017cdym etapie studiowania. Poznaj nasz\u0105 misj\u0119!\" \/>\n<meta name=\"robots\" content=\"index, follow, max-snippet:-1, max-image-preview:large, max-video-preview:-1\" \/>\n<link rel=\"canonical\" href=\"https:\/\/studia-wroclaw.pl\/en\/o-nas\/\" \/>\n<meta property=\"og:locale\" content=\"en_GB\" \/>\n<meta property=\"og:type\" content=\"article\" \/>\n<meta property=\"og:title\" content=\"O nas | studia-wroclaw.pl\" \/>\n<meta property=\"og:description\" content=\"Kim jeste\u015bmy? Jeste\u015bmy nowoczesn\u0105 uczelni\u0105 z ponad 20-letnim do\u015bwiadczeniem. Oferujemy studia we Wroc\u0142awiu: licencjackie, in\u017cynierskie, magisterskie i jednolite. Stawiamy na wysok\u0105 jako\u015b\u0107 i wsparcie na ka\u017cdym etapie studiowania. Poznaj nasz\u0105 misj\u0119!\" \/>\n<meta property=\"og:url\" content=\"https:\/\/studia-wroclaw.pl\/en\/o-nas\/\" \/>\n<meta property=\"og:site_name\" content=\"Studia Wroc\u0142aw\" \/>\n<meta property=\"article:modified_time\" content=\"2025-10-31T13:34:43+00:00\" \/>\n<meta property=\"og:image\" content=\"https:\/\/studia-wroclaw.pl\/wp-content\/uploads\/2024\/05\/nas-owskz.jpg\" \/>\n\t<meta property=\"og:image:width\" content=\"524\" \/>\n\t<meta property=\"og:image:height\" content=\"515\" \/>\n\t<meta property=\"og:image:type\" content=\"image\/jpeg\" \/>\n<meta name=\"twitter:card\" content=\"summary_large_image\" \/>\n<meta name=\"twitter:label1\" content=\"Estimated reading time\" \/>\n\t<meta name=\"twitter:data1\" content=\"4 minutes\" \/>\n<script type=\"application\/ld+json\" class=\"yoast-schema-graph\">{\"@context\":\"https:\/\/schema.org\",\"@graph\":[{\"@type\":\"WebPage\",\"@id\":\"https:\/\/studia-wroclaw.pl\/o-nas\/\",\"url\":\"https:\/\/studia-wroclaw.pl\/o-nas\/\",\"name\":\"O nas | studia-wroclaw.pl\",\"isPartOf\":{\"@id\":\"https:\/\/studia-wroclaw.pl\/#website\"},\"primaryImageOfPage\":{\"@id\":\"https:\/\/studia-wroclaw.pl\/o-nas\/#primaryimage\"},\"image\":{\"@id\":\"https:\/\/studia-wroclaw.pl\/o-nas\/#primaryimage\"},\"thumbnailUrl\":\"https:\/\/studia-wroclaw.pl\/wp-content\/uploads\/2024\/05\/nas-owskz.jpg\",\"datePublished\":\"2017-02-14T10:33:40+00:00\",\"dateModified\":\"2025-10-31T13:34:43+00:00\",\"description\":\"Kim jeste\u015bmy? Jeste\u015bmy nowoczesn\u0105 uczelni\u0105 z ponad 20-letnim do\u015bwiadczeniem. Oferujemy studia we Wroc\u0142awiu: licencjackie, in\u017cynierskie, magisterskie i jednolite. Stawiamy na wysok\u0105 jako\u015b\u0107 i wsparcie na ka\u017cdym etapie studiowania. Poznaj nasz\u0105 misj\u0119!\",\"breadcrumb\":{\"@id\":\"https:\/\/studia-wroclaw.pl\/o-nas\/#breadcrumb\"},\"inLanguage\":\"en-GB\",\"potentialAction\":[{\"@type\":\"ReadAction\",\"target\":[\"https:\/\/studia-wroclaw.pl\/o-nas\/\"]}]},{\"@type\":\"ImageObject\",\"inLanguage\":\"en-GB\",\"@id\":\"https:\/\/studia-wroclaw.pl\/o-nas\/#primaryimage\",\"url\":\"https:\/\/studia-wroclaw.pl\/wp-content\/uploads\/2024\/05\/nas-owskz.jpg\",\"contentUrl\":\"https:\/\/studia-wroclaw.pl\/wp-content\/uploads\/2024\/05\/nas-owskz.jpg\"},{\"@type\":\"BreadcrumbList\",\"@id\":\"https:\/\/studia-wroclaw.pl\/o-nas\/#breadcrumb\",\"itemListElement\":[{\"@type\":\"ListItem\",\"position\":1,\"name\":\"Strona g\u0142\u00f3wna\",\"item\":\"https:\/\/studia-wroclaw.pl\/\"},{\"@type\":\"ListItem\",\"position\":2,\"name\":\"O nas\"}]},{\"@type\":\"WebSite\",\"@id\":\"https:\/\/studia-wroclaw.pl\/#website\",\"url\":\"https:\/\/studia-wroclaw.pl\/\",\"name\":\"Studia Wroc\u0142aw\",\"description\":\"\",\"potentialAction\":[{\"@type\":\"SearchAction\",\"target\":{\"@type\":\"EntryPoint\",\"urlTemplate\":\"https:\/\/studia-wroclaw.pl\/?s={search_term_string}\"},\"query-input\":{\"@type\":\"PropertyValueSpecification\",\"valueRequired\":true,\"valueName\":\"search_term_string\"}}],\"inLanguage\":\"en-GB\"}]}<\/script>\n<!-- \/ Yoast SEO plugin. -->","yoast_head_json":{"title":"O nas | studia-wroclaw.pl","description":"Kim jeste\u015bmy? Jeste\u015bmy nowoczesn\u0105 uczelni\u0105 z ponad 20-letnim do\u015bwiadczeniem. Oferujemy studia we Wroc\u0142awiu: licencjackie, in\u017cynierskie, magisterskie i jednolite. Stawiamy na wysok\u0105 jako\u015b\u0107 i wsparcie na ka\u017cdym etapie studiowania. Poznaj nasz\u0105 misj\u0119!","robots":{"index":"index","follow":"follow","max-snippet":"max-snippet:-1","max-image-preview":"max-image-preview:large","max-video-preview":"max-video-preview:-1"},"canonical":"https:\/\/studia-wroclaw.pl\/en\/o-nas\/","og_locale":"en_GB","og_type":"article","og_title":"O nas | studia-wroclaw.pl","og_description":"Kim jeste\u015bmy? Jeste\u015bmy nowoczesn\u0105 uczelni\u0105 z ponad 20-letnim do\u015bwiadczeniem. Oferujemy studia we Wroc\u0142awiu: licencjackie, in\u017cynierskie, magisterskie i jednolite. Stawiamy na wysok\u0105 jako\u015b\u0107 i wsparcie na ka\u017cdym etapie studiowania. Poznaj nasz\u0105 misj\u0119!","og_url":"https:\/\/studia-wroclaw.pl\/en\/o-nas\/","og_site_name":"Studia Wroc\u0142aw","article_modified_time":"2025-10-31T13:34:43+00:00","og_image":[{"width":524,"height":515,"url":"https:\/\/studia-wroclaw.pl\/wp-content\/uploads\/2024\/05\/nas-owskz.jpg","type":"image\/jpeg"}],"twitter_card":"summary_large_image","twitter_misc":{"Estimated reading time":"4 minutes"},"schema":{"@context":"https:\/\/schema.org","@graph":[{"@type":"WebPage","@id":"https:\/\/studia-wroclaw.pl\/o-nas\/","url":"https:\/\/studia-wroclaw.pl\/o-nas\/","name":"O nas | studia-wroclaw.pl","isPartOf":{"@id":"https:\/\/studia-wroclaw.pl\/#website"},"primaryImageOfPage":{"@id":"https:\/\/studia-wroclaw.pl\/o-nas\/#primaryimage"},"image":{"@id":"https:\/\/studia-wroclaw.pl\/o-nas\/#primaryimage"},"thumbnailUrl":"https:\/\/studia-wroclaw.pl\/wp-content\/uploads\/2024\/05\/nas-owskz.jpg","datePublished":"2017-02-14T10:33:40+00:00","dateModified":"2025-10-31T13:34:43+00:00","description":"Kim jeste\u015bmy? Jeste\u015bmy nowoczesn\u0105 uczelni\u0105 z ponad 20-letnim do\u015bwiadczeniem. Oferujemy studia we Wroc\u0142awiu: licencjackie, in\u017cynierskie, magisterskie i jednolite. Stawiamy na wysok\u0105 jako\u015b\u0107 i wsparcie na ka\u017cdym etapie studiowania. Poznaj nasz\u0105 misj\u0119!","breadcrumb":{"@id":"https:\/\/studia-wroclaw.pl\/o-nas\/#breadcrumb"},"inLanguage":"en-GB","potentialAction":[{"@type":"ReadAction","target":["https:\/\/studia-wroclaw.pl\/o-nas\/"]}]},{"@type":"ImageObject","inLanguage":"en-GB","@id":"https:\/\/studia-wroclaw.pl\/o-nas\/#primaryimage","url":"https:\/\/studia-wroclaw.pl\/wp-content\/uploads\/2024\/05\/nas-owskz.jpg","contentUrl":"https:\/\/studia-wroclaw.pl\/wp-content\/uploads\/2024\/05\/nas-owskz.jpg"},{"@type":"BreadcrumbList","@id":"https:\/\/studia-wroclaw.pl\/o-nas\/#breadcrumb","itemListElement":[{"@type":"ListItem","position":1,"name":"Strona g\u0142\u00f3wna","item":"https:\/\/studia-wroclaw.pl\/"},{"@type":"ListItem","position":2,"name":"O nas"}]},{"@type":"WebSite","@id":"https:\/\/studia-wroclaw.pl\/#website","url":"https:\/\/studia-wroclaw.pl\/","name":"Studies Wroclaw","description":"","potentialAction":[{"@type":"SearchAction","target":{"@type":"EntryPoint","urlTemplate":"https:\/\/studia-wroclaw.pl\/?s={search_term_string}"},"query-input":{"@type":"PropertyValueSpecification","valueRequired":true,"valueName":"search_term_string"}}],"inLanguage":"en-GB"}]}},"_links":{"self":[{"href":"https:\/\/studia-wroclaw.pl\/en\/wp-json\/wp\/v2\/pages\/485","targetHints":{"allow":["GET"]}}],"collection":[{"href":"https:\/\/studia-wroclaw.pl\/en\/wp-json\/wp\/v2\/pages"}],"about":[{"href":"https:\/\/studia-wroclaw.pl\/en\/wp-json\/wp\/v2\/types\/page"}],"author":[{"embeddable":true,"href":"https:\/\/studia-wroclaw.pl\/en\/wp-json\/wp\/v2\/users\/1"}],"replies":[{"embeddable":true,"href":"https:\/\/studia-wroclaw.pl\/en\/wp-json\/wp\/v2\/comments?post=485"}],"version-history":[{"count":39,"href":"https:\/\/studia-wroclaw.pl\/en\/wp-json\/wp\/v2\/pages\/485\/revisions"}],"predecessor-version":[{"id":3451,"href":"https:\/\/studia-wroclaw.pl\/en\/wp-json\/wp\/v2\/pages\/485\/revisions\/3451"}],"wp:attachment":[{"href":"https:\/\/studia-wroclaw.pl\/en\/wp-json\/wp\/v2\/media?parent=485"}],"curies":[{"name":"wp","href":"https:\/\/api.w.org\/{rel}","templated":true}]}}