{"id":5294,"date":"2017-02-28T08:57:48","date_gmt":"2017-02-28T07:57:48","guid":{"rendered":"https:\/\/studia-wroclaw.pl\/?page_id=5294"},"modified":"2026-04-27T10:15:21","modified_gmt":"2026-04-27T08:15:21","slug":"kursy-i-szkolenia","status":"publish","type":"page","link":"https:\/\/studia-wroclaw.pl\/en\/kursy-i-szkolenia\/","title":{"rendered":"Courses\/training"},"content":{"rendered":"<div class=\"wpb-content-wrapper\"><div data-vc-full-width=\"true\" data-vc-full-width-init=\"false\" class=\"vc_custom_1745491083912\"><div class=\"container\"><div class=\"vc_row wpb_row vc_row-fluid vc_row-has-fill vc_row-o-full-height vc_row-o-columns-middle vc_row-flex\"><div class=\"wpb_column vc_column_container vc_col-sm-12\"><div class=\"vc_column-inner\"><div class=\"wpb_wrapper\">\n\t<div class=\"wpb_text_column wpb_content_element\" >\n\t\t<div class=\"wpb_wrapper\">\n\t\t\t<h1 style=\"text-align: center;\"><span style=\"color: #ffffff;\">Courses and training<\/span><\/h1>\n\n\t\t<\/div>\n\t<\/div>\n\n\t<div class=\"wpb_text_column wpb_content_element\" >\n\t\t<div class=\"wpb_wrapper\">\n\t\t\t<h2 style=\"text-align: center;\"><span style=\"color: #ffffff;\">offer in preparation<\/span><\/h2>\n\n\t\t<\/div>\n\t<\/div>\n\n\t<div class=\"wpb_text_column wpb_content_element  vc_custom_1745490951709\" >\n\t\t<div class=\"wpb_wrapper\">\n\t\t\t<h3 style=\"text-align: center;\"><span style=\"font-weight: 400; color: #ffffff;\">We encourage you to find out more about the fields of study,<br \/>\nfor which we are currently recruiting.<\/span><\/h3>\n\n\t\t<\/div>\n\t<\/div>\n<div class=\"vc_row wpb_row vc_inner vc_row-fluid vc_custom_1745489400687\"><div class=\"wpb_column vc_column_container vc_col-sm-3\"><div class=\"vc_column-inner\"><div class=\"wpb_wrapper\"><div class=\"vc_btn3-container vc_btn3-center\" ><a class=\"vc_general vc_btn3 vc_btn3-size-md vc_btn3-shape-round vc_btn3-style-flat vc_btn3-color-grey\" href=\"https:\/\/studia-wroclaw.pl\/en\/studia-licencjackie\/\" title=\"\">Undergraduate studies - First degree<\/a><\/div><\/div><\/div><\/div><div class=\"wpb_column vc_column_container vc_col-sm-3\"><div class=\"vc_column-inner\"><div class=\"wpb_wrapper\"><div class=\"vc_btn3-container vc_btn3-center\" ><a class=\"vc_general vc_btn3 vc_btn3-size-md vc_btn3-shape-round vc_btn3-style-flat vc_btn3-color-grey\" href=\"https:\/\/studia-wroclaw.pl\/en\/studia-magisterskie\/\" title=\"\">Master's degree - second cycle<\/a><\/div><\/div><\/div><\/div><div class=\"wpb_column vc_column_container vc_col-sm-3\"><div class=\"vc_column-inner\"><div class=\"wpb_wrapper\"><div class=\"vc_btn3-container vc_btn3-center\" ><a class=\"vc_general vc_btn3 vc_btn3-size-md vc_btn3-shape-round vc_btn3-style-flat vc_btn3-color-blue\" href=\"https:\/\/studia-wroclaw.pl\/en\/jednolite-studia-magisterskie\/\" title=\"\">Single Master's degree programme<\/a><\/div><\/div><\/div><\/div><div class=\"wpb_column vc_column_container vc_col-sm-3\"><div class=\"vc_column-inner\"><div class=\"wpb_wrapper\"><div class=\"vc_btn3-container vc_btn3-center\" ><a class=\"vc_general vc_btn3 vc_btn3-size-md vc_btn3-shape-round vc_btn3-style-flat vc_btn3-color-grey\" href=\"https:\/\/studia-wroclaw.pl\/en\/studia-podyplomowe\/\" title=\"\">Postgraduate studies<\/a><\/div><\/div><\/div><\/div><\/div><\/div><\/div><\/div><\/div><\/div><\/div><div class=\"vc_row-full-width vc_clearfix\"><\/div>\n<\/div>","protected":false},"excerpt":{"rendered":"Kursy i szkolenia oferta w przygotowaniu Zach\u0119camy do zapoznania si\u0119 z kierunkami studi\u00f3w, na kt\u00f3re aktualnie prowadzimy rekrutacj\u0119. Studia licencjackie - I stopniaStudia magisterskie - II stopniaJednolite studia magisterskieStudia podyplomowe","protected":false},"author":1,"featured_media":0,"parent":0,"menu_order":0,"comment_status":"closed","ping_status":"closed","template":"","meta":{"om_disable_all_campaigns":false,"footnotes":""},"class_list":["post-5294","page","type-page","status-publish","hentry"],"yoast_head":"<!-- This site is optimized with the Yoast SEO plugin v25.9 - https:\/\/yoast.com\/wordpress\/plugins\/seo\/ -->\n<title>Kursy i szkolenia | studia-wroclaw.pl<\/title>\n<meta name=\"description\" content=\"Kursy i szkolenia na studia-wroclaw.pl - rozwijaj kompetencje zawodowe i osobiste! Bogata oferta programowa kurs\u00f3w doskonal\u0105cych. Praktyczne programy dla student\u00f3w i specjalist\u00f3w. Rozwijaj karier\u0119 bez przerywania pracy!\" \/>\n<meta name=\"robots\" content=\"index, follow, max-snippet:-1, max-image-preview:large, max-video-preview:-1\" \/>\n<link rel=\"canonical\" href=\"https:\/\/studia-wroclaw.pl\/en\/kursy-i-szkolenia\/\" \/>\n<meta property=\"og:locale\" content=\"en_GB\" \/>\n<meta property=\"og:type\" content=\"article\" \/>\n<meta property=\"og:title\" content=\"Kursy i szkolenia | studia-wroclaw.pl\" \/>\n<meta property=\"og:description\" content=\"Kursy i szkolenia na studia-wroclaw.pl - rozwijaj kompetencje zawodowe i osobiste! Bogata oferta programowa kurs\u00f3w doskonal\u0105cych. Praktyczne programy dla student\u00f3w i specjalist\u00f3w. Rozwijaj karier\u0119 bez przerywania pracy!\" \/>\n<meta property=\"og:url\" content=\"https:\/\/studia-wroclaw.pl\/en\/kursy-i-szkolenia\/\" \/>\n<meta property=\"og:site_name\" content=\"Studia Wroc\u0142aw\" \/>\n<meta property=\"article:modified_time\" content=\"2026-04-27T08:15:21+00:00\" \/>\n<meta name=\"twitter:card\" content=\"summary_large_image\" \/>\n<meta name=\"twitter:label1\" content=\"Estimated reading time\" \/>\n\t<meta name=\"twitter:data1\" content=\"4 minutes\" \/>\n<script type=\"application\/ld+json\" class=\"yoast-schema-graph\">{\"@context\":\"https:\/\/schema.org\",\"@graph\":[{\"@type\":\"WebPage\",\"@id\":\"https:\/\/studia-wroclaw.pl\/kursy-i-szkolenia\/\",\"url\":\"https:\/\/studia-wroclaw.pl\/kursy-i-szkolenia\/\",\"name\":\"Kursy i szkolenia | studia-wroclaw.pl\",\"isPartOf\":{\"@id\":\"https:\/\/studia-wroclaw.pl\/#website\"},\"datePublished\":\"2017-02-28T07:57:48+00:00\",\"dateModified\":\"2026-04-27T08:15:21+00:00\",\"description\":\"Kursy i szkolenia na studia-wroclaw.pl - rozwijaj kompetencje zawodowe i osobiste! Bogata oferta programowa kurs\u00f3w doskonal\u0105cych. Praktyczne programy dla student\u00f3w i specjalist\u00f3w. Rozwijaj karier\u0119 bez przerywania pracy!\",\"breadcrumb\":{\"@id\":\"https:\/\/studia-wroclaw.pl\/kursy-i-szkolenia\/#breadcrumb\"},\"inLanguage\":\"en-GB\",\"potentialAction\":[{\"@type\":\"ReadAction\",\"target\":[\"https:\/\/studia-wroclaw.pl\/kursy-i-szkolenia\/\"]}]},{\"@type\":\"BreadcrumbList\",\"@id\":\"https:\/\/studia-wroclaw.pl\/kursy-i-szkolenia\/#breadcrumb\",\"itemListElement\":[{\"@type\":\"ListItem\",\"position\":1,\"name\":\"Strona g\u0142\u00f3wna\",\"item\":\"https:\/\/studia-wroclaw.pl\/\"},{\"@type\":\"ListItem\",\"position\":2,\"name\":\"Kursy\/Szkolenia\"}]},{\"@type\":\"WebSite\",\"@id\":\"https:\/\/studia-wroclaw.pl\/#website\",\"url\":\"https:\/\/studia-wroclaw.pl\/\",\"name\":\"Studia Wroc\u0142aw\",\"description\":\"\",\"potentialAction\":[{\"@type\":\"SearchAction\",\"target\":{\"@type\":\"EntryPoint\",\"urlTemplate\":\"https:\/\/studia-wroclaw.pl\/?s={search_term_string}\"},\"query-input\":{\"@type\":\"PropertyValueSpecification\",\"valueRequired\":true,\"valueName\":\"search_term_string\"}}],\"inLanguage\":\"en-GB\"}]}<\/script>\n<!-- \/ Yoast SEO plugin. -->","yoast_head_json":{"title":"Kursy i szkolenia | studia-wroclaw.pl","description":"Kursy i szkolenia na studia-wroclaw.pl - rozwijaj kompetencje zawodowe i osobiste! Bogata oferta programowa kurs\u00f3w doskonal\u0105cych. Praktyczne programy dla student\u00f3w i specjalist\u00f3w. Rozwijaj karier\u0119 bez przerywania pracy!","robots":{"index":"index","follow":"follow","max-snippet":"max-snippet:-1","max-image-preview":"max-image-preview:large","max-video-preview":"max-video-preview:-1"},"canonical":"https:\/\/studia-wroclaw.pl\/en\/kursy-i-szkolenia\/","og_locale":"en_GB","og_type":"article","og_title":"Kursy i szkolenia | studia-wroclaw.pl","og_description":"Kursy i szkolenia na studia-wroclaw.pl - rozwijaj kompetencje zawodowe i osobiste! Bogata oferta programowa kurs\u00f3w doskonal\u0105cych. Praktyczne programy dla student\u00f3w i specjalist\u00f3w. Rozwijaj karier\u0119 bez przerywania pracy!","og_url":"https:\/\/studia-wroclaw.pl\/en\/kursy-i-szkolenia\/","og_site_name":"Studia Wroc\u0142aw","article_modified_time":"2026-04-27T08:15:21+00:00","twitter_card":"summary_large_image","twitter_misc":{"Estimated reading time":"4 minutes"},"schema":{"@context":"https:\/\/schema.org","@graph":[{"@type":"WebPage","@id":"https:\/\/studia-wroclaw.pl\/kursy-i-szkolenia\/","url":"https:\/\/studia-wroclaw.pl\/kursy-i-szkolenia\/","name":"Kursy i szkolenia | studia-wroclaw.pl","isPartOf":{"@id":"https:\/\/studia-wroclaw.pl\/#website"},"datePublished":"2017-02-28T07:57:48+00:00","dateModified":"2026-04-27T08:15:21+00:00","description":"Kursy i szkolenia na studia-wroclaw.pl - rozwijaj kompetencje zawodowe i osobiste! Bogata oferta programowa kurs\u00f3w doskonal\u0105cych. Praktyczne programy dla student\u00f3w i specjalist\u00f3w. Rozwijaj karier\u0119 bez przerywania pracy!","breadcrumb":{"@id":"https:\/\/studia-wroclaw.pl\/kursy-i-szkolenia\/#breadcrumb"},"inLanguage":"en-GB","potentialAction":[{"@type":"ReadAction","target":["https:\/\/studia-wroclaw.pl\/kursy-i-szkolenia\/"]}]},{"@type":"BreadcrumbList","@id":"https:\/\/studia-wroclaw.pl\/kursy-i-szkolenia\/#breadcrumb","itemListElement":[{"@type":"ListItem","position":1,"name":"Strona g\u0142\u00f3wna","item":"https:\/\/studia-wroclaw.pl\/"},{"@type":"ListItem","position":2,"name":"Kursy\/Szkolenia"}]},{"@type":"WebSite","@id":"https:\/\/studia-wroclaw.pl\/#website","url":"https:\/\/studia-wroclaw.pl\/","name":"Studies Wroclaw","description":"","potentialAction":[{"@type":"SearchAction","target":{"@type":"EntryPoint","urlTemplate":"https:\/\/studia-wroclaw.pl\/?s={search_term_string}"},"query-input":{"@type":"PropertyValueSpecification","valueRequired":true,"valueName":"search_term_string"}}],"inLanguage":"en-GB"}]}},"_links":{"self":[{"href":"https:\/\/studia-wroclaw.pl\/en\/wp-json\/wp\/v2\/pages\/5294","targetHints":{"allow":["GET"]}}],"collection":[{"href":"https:\/\/studia-wroclaw.pl\/en\/wp-json\/wp\/v2\/pages"}],"about":[{"href":"https:\/\/studia-wroclaw.pl\/en\/wp-json\/wp\/v2\/types\/page"}],"author":[{"embeddable":true,"href":"https:\/\/studia-wroclaw.pl\/en\/wp-json\/wp\/v2\/users\/1"}],"replies":[{"embeddable":true,"href":"https:\/\/studia-wroclaw.pl\/en\/wp-json\/wp\/v2\/comments?post=5294"}],"version-history":[{"count":15,"href":"https:\/\/studia-wroclaw.pl\/en\/wp-json\/wp\/v2\/pages\/5294\/revisions"}],"predecessor-version":[{"id":10944,"href":"https:\/\/studia-wroclaw.pl\/en\/wp-json\/wp\/v2\/pages\/5294\/revisions\/10944"}],"wp:attachment":[{"href":"https:\/\/studia-wroclaw.pl\/en\/wp-json\/wp\/v2\/media?parent=5294"}],"curies":[{"name":"wp","href":"https:\/\/api.w.org\/{rel}","templated":true}]}}