{"id":572,"date":"2017-02-15T08:40:02","date_gmt":"2017-02-15T08:40:02","guid":{"rendered":"http:\/\/gt3demo.com\/wp\/wizeedu\/?page_id=572"},"modified":"2025-10-31T14:29:41","modified_gmt":"2025-10-31T13:29:41","slug":"kontakt","status":"publish","type":"page","link":"https:\/\/studia-wroclaw.pl\/en\/kontakt\/","title":{"rendered":"Contact"},"content":{"rendered":"<div class=\"wpb-content-wrapper\"><div class=\"\"><div class=\"container\"><div class=\"vc_row wpb_row vc_row-fluid\"><div class=\"wpb_column vc_column_container vc_col-sm-12\"><div class=\"vc_column-inner\"><div class=\"wpb_wrapper\"><div class=\"gt3_spacing\"><div class=\"gt3_spacing-height gt3_spacing-height_default\" style=\"height:25px;\"><\/div><\/div>  \r\n\n\t<div class=\"wpb_text_column wpb_content_element\" >\n\t\t<div class=\"wpb_wrapper\">\n\t\t\t<h1 style=\"text-align: center;\">Contact<\/h1>\n\n\t\t<\/div>\n\t<\/div>\n<div class=\"gt3_spacing\"><div class=\"gt3_spacing-height gt3_spacing-height_default\" style=\"height:45px;\"><\/div><\/div>  \r\n<\/div><\/div><\/div><\/div><\/div><\/div><div class=\"\"><div class=\"container\"><div class=\"vc_row wpb_row vc_row-fluid\"><div class=\"wpb_column vc_column_container vc_col-sm-3\"><div class=\"vc_column-inner\"><div class=\"wpb_wrapper\"><div class=\"gt3_icon_box gt3_icon_box_icon-position_ gt3_icon_box_icon-position_top gt3_icon_box__icon_icon_size_custom  icon-bg\"><i class=\"gt3_icon_box__icon fas fa-map-marked-alt\" style=\"color:#272f54;font-size:30px\"><span class=\"gt3_icon_box__icon-bg\" style=\"background-color:#fafafa;border-color:#fafafa\"><\/span><\/i><div class=\"gt3_icon_box-content-wrapper\"  ><div class=\"gt3_icon_box__title\"><h5 style=\"color:#192041; \">Address<\/h5><\/div><div class=\"gt3_icon_box__text\" style=\"color:#3c434b; \">Powsta\u0144c\u00f3w \u015al\u0105skich Square 1,<br \/>\n53-329 Wroc\u0142aw<\/div><\/div><\/div>  \r\n<div class=\"gt3_spacing\"><div class=\"gt3_spacing-height gt3_spacing-height_default\" style=\"height:30px;\"><\/div><\/div>  \r\n<\/div><\/div><\/div><div class=\"wpb_column vc_column_container vc_col-sm-3\"><div class=\"vc_column-inner\"><div class=\"wpb_wrapper\"><div class=\"gt3_icon_box gt3_icon_box_icon-position_ gt3_icon_box_icon-position_top gt3_icon_box__icon_icon_size_custom  icon-bg\"><i class=\"gt3_icon_box__icon fas fa-phone-alt\" style=\"color:#272f54;font-size:30px\"><span class=\"gt3_icon_box__icon-bg\" style=\"background-color:#fafafa;border-color:#fafafa\"><\/span><\/i><div class=\"gt3_icon_box-content-wrapper\"  ><div class=\"gt3_icon_box__title\"><h5 style=\"color:#192041; \">Phone<\/h5><\/div><div class=\"gt3_icon_box__text\" style=\"color:#3c434b; \">71 711 99 92<\/div><\/div><\/div>  \r\n<div class=\"gt3_spacing\"><div class=\"gt3_spacing-height gt3_spacing-height_default\" style=\"height:30px;\"><\/div><\/div>  \r\n<\/div><\/div><\/div><div class=\"wpb_column vc_column_container vc_col-sm-3\"><div class=\"vc_column-inner\"><div class=\"wpb_wrapper\"><div class=\"gt3_icon_box gt3_icon_box_icon-position_ gt3_icon_box_icon-position_top gt3_icon_box__icon_icon_size_custom  icon-bg\"><i class=\"gt3_icon_box__icon fas fa-envelope\" style=\"color:#272f54;font-size:30px\"><span class=\"gt3_icon_box__icon-bg\" style=\"background-color:#fafafa;border-color:#fafafa\"><\/span><\/i><div class=\"gt3_icon_box-content-wrapper\"  ><div class=\"gt3_icon_box__title\"><h5 style=\"color:#192041; \">Email<\/h5><\/div><div class=\"gt3_icon_box__text\" style=\"color:#3c434b; \">dziekanat@studia-wroclaw.pl<\/div><\/div><\/div>  \r\n<div class=\"gt3_spacing\"><div class=\"gt3_spacing-height gt3_spacing-height_default\" style=\"height:30px;\"><\/div><\/div>  \r\n<\/div><\/div><\/div><div class=\"wpb_column vc_column_container vc_col-sm-3\"><div class=\"vc_column-inner\"><div class=\"wpb_wrapper\"><div class=\"gt3_icon_box gt3_icon_box_icon-position_ gt3_icon_box_icon-position_top gt3_icon_box__icon_icon_size_custom  icon-bg\"><i class=\"gt3_icon_box__icon far fa-clock\" style=\"color:#272f54;font-size:30px\"><span class=\"gt3_icon_box__icon-bg\" style=\"background-color:#fafafa;border-color:#fafafa\"><\/span><\/i><div class=\"gt3_icon_box-content-wrapper\"  ><div class=\"gt3_icon_box__title\"><h5 style=\"color:#192041; \">Working hours<\/h5><\/div><div class=\"gt3_icon_box__text\" style=\"color:#3c434b; \">Mon. - Pt.<br \/>\n9:00 - 15:00<\/div><\/div><\/div>  \r\n<div class=\"gt3_spacing\"><div class=\"gt3_spacing-height gt3_spacing-height_default\" style=\"height:30px;\"><\/div><\/div>  \r\n<\/div><\/div><\/div><\/div><\/div><\/div><div data-vc-full-width=\"true\" data-vc-full-width-init=\"false\" data-vc-stretch-content=\"true\" class=\"vc_row wpb_row vc_row-fluid vc_row-no-padding vc_row-o-full-height vc_row-o-columns-middle vc_row-o-content-top vc_row-flex\"><div class=\"wpb_column vc_column_container vc_col-sm-12\"><div class=\"vc_column-inner\"><div class=\"wpb_wrapper\">\n\t<div  class=\"wpb_single_image wpb_content_element vc_align_center\">\n\t\t\n\t\t<figure class=\"wpb_wrapper vc_figure\">\n\t\t\t<div class=\"vc_single_image-wrapper   vc_box_border_grey\"><img decoding=\"async\" class=\"vc_single_image-img\" src=\"https:\/\/studia-wroclaw.pl\/wp-content\/uploads\/2024\/05\/siedziba-wskz.jpg\" width=\"1139\" height=\"712\" alt=\"Siedziba WSKZ we Wroc\u0142awiu\" title=\"\" loading=\"lazy\" \/><\/div>\n\t\t<\/figure>\n\t<\/div>\n<div class=\"gt3_spacing\"><div class=\"gt3_spacing-height gt3_spacing-height_default\" style=\"height:16px;\"><\/div><\/div>  \r\n<\/div><\/div><\/div><\/div><div class=\"vc_row-full-width vc_clearfix\"><\/div>\n<\/div>","protected":false},"excerpt":{"rendered":"Contact Addressplac Powsta\u0144c\u00f3w \u015al\u0105skich 1, 53-329 Wroc\u0142aw Phone71 711 99 92 Emaildziekanat@studia-wroclaw.pl Office hours Mon. - Fri. 9:00 - 15:00","protected":false},"author":1,"featured_media":0,"parent":0,"menu_order":0,"comment_status":"closed","ping_status":"closed","template":"","meta":{"om_disable_all_campaigns":false,"footnotes":""},"class_list":["post-572","page","type-page","status-publish","hentry"],"yoast_head":"<!-- This site is optimized with the Yoast SEO plugin v25.9 - https:\/\/yoast.com\/wordpress\/plugins\/seo\/ -->\n<title>Kontakt | studia-wroclaw.pl<\/title>\n<meta name=\"description\" content=\"Skontaktuj si\u0119 z nami poprzez telefon, e-mail lub odwied\u017a nasz\u0105 siedzib\u0119. Odpowiemy na wszystkie pytania dotycz\u0105ce rekrutacji, studi\u00f3w i innych spraw administracyjnych.\" \/>\n<meta name=\"robots\" content=\"index, follow, max-snippet:-1, max-image-preview:large, max-video-preview:-1\" \/>\n<link rel=\"canonical\" href=\"https:\/\/studia-wroclaw.pl\/en\/kontakt\/\" \/>\n<meta property=\"og:locale\" content=\"en_GB\" \/>\n<meta property=\"og:type\" content=\"article\" \/>\n<meta property=\"og:title\" content=\"Kontakt | studia-wroclaw.pl\" \/>\n<meta property=\"og:description\" content=\"Skontaktuj si\u0119 z nami poprzez telefon, e-mail lub odwied\u017a nasz\u0105 siedzib\u0119. Odpowiemy na wszystkie pytania dotycz\u0105ce rekrutacji, studi\u00f3w i innych spraw administracyjnych.\" \/>\n<meta property=\"og:url\" content=\"https:\/\/studia-wroclaw.pl\/en\/kontakt\/\" \/>\n<meta property=\"og:site_name\" content=\"Studia Wroc\u0142aw\" \/>\n<meta property=\"article:modified_time\" content=\"2025-10-31T13:29:41+00:00\" \/>\n<meta name=\"twitter:card\" content=\"summary_large_image\" \/>\n<meta name=\"twitter:label1\" content=\"Estimated reading time\" \/>\n\t<meta name=\"twitter:data1\" content=\"1 minute\" \/>\n<script type=\"application\/ld+json\" class=\"yoast-schema-graph\">{\"@context\":\"https:\/\/schema.org\",\"@graph\":[{\"@type\":\"WebPage\",\"@id\":\"https:\/\/studia-wroclaw.pl\/kontakt\/\",\"url\":\"https:\/\/studia-wroclaw.pl\/kontakt\/\",\"name\":\"Kontakt | studia-wroclaw.pl\",\"isPartOf\":{\"@id\":\"https:\/\/studia-wroclaw.pl\/#website\"},\"datePublished\":\"2017-02-15T08:40:02+00:00\",\"dateModified\":\"2025-10-31T13:29:41+00:00\",\"description\":\"Skontaktuj si\u0119 z nami poprzez telefon, e-mail lub odwied\u017a nasz\u0105 siedzib\u0119. Odpowiemy na wszystkie pytania dotycz\u0105ce rekrutacji, studi\u00f3w i innych spraw administracyjnych.\",\"breadcrumb\":{\"@id\":\"https:\/\/studia-wroclaw.pl\/kontakt\/#breadcrumb\"},\"inLanguage\":\"en-GB\",\"potentialAction\":[{\"@type\":\"ReadAction\",\"target\":[\"https:\/\/studia-wroclaw.pl\/kontakt\/\"]}]},{\"@type\":\"BreadcrumbList\",\"@id\":\"https:\/\/studia-wroclaw.pl\/kontakt\/#breadcrumb\",\"itemListElement\":[{\"@type\":\"ListItem\",\"position\":1,\"name\":\"Strona g\u0142\u00f3wna\",\"item\":\"https:\/\/studia-wroclaw.pl\/\"},{\"@type\":\"ListItem\",\"position\":2,\"name\":\"Kontakt\"}]},{\"@type\":\"WebSite\",\"@id\":\"https:\/\/studia-wroclaw.pl\/#website\",\"url\":\"https:\/\/studia-wroclaw.pl\/\",\"name\":\"Studia Wroc\u0142aw\",\"description\":\"\",\"potentialAction\":[{\"@type\":\"SearchAction\",\"target\":{\"@type\":\"EntryPoint\",\"urlTemplate\":\"https:\/\/studia-wroclaw.pl\/?s={search_term_string}\"},\"query-input\":{\"@type\":\"PropertyValueSpecification\",\"valueRequired\":true,\"valueName\":\"search_term_string\"}}],\"inLanguage\":\"en-GB\"}]}<\/script>\n<!-- \/ Yoast SEO plugin. -->","yoast_head_json":{"title":"Kontakt | studia-wroclaw.pl","description":"Skontaktuj si\u0119 z nami poprzez telefon, e-mail lub odwied\u017a nasz\u0105 siedzib\u0119. Odpowiemy na wszystkie pytania dotycz\u0105ce rekrutacji, studi\u00f3w i innych spraw administracyjnych.","robots":{"index":"index","follow":"follow","max-snippet":"max-snippet:-1","max-image-preview":"max-image-preview:large","max-video-preview":"max-video-preview:-1"},"canonical":"https:\/\/studia-wroclaw.pl\/en\/kontakt\/","og_locale":"en_GB","og_type":"article","og_title":"Kontakt | studia-wroclaw.pl","og_description":"Skontaktuj si\u0119 z nami poprzez telefon, e-mail lub odwied\u017a nasz\u0105 siedzib\u0119. Odpowiemy na wszystkie pytania dotycz\u0105ce rekrutacji, studi\u00f3w i innych spraw administracyjnych.","og_url":"https:\/\/studia-wroclaw.pl\/en\/kontakt\/","og_site_name":"Studia Wroc\u0142aw","article_modified_time":"2025-10-31T13:29:41+00:00","twitter_card":"summary_large_image","twitter_misc":{"Estimated reading time":"1 minute"},"schema":{"@context":"https:\/\/schema.org","@graph":[{"@type":"WebPage","@id":"https:\/\/studia-wroclaw.pl\/kontakt\/","url":"https:\/\/studia-wroclaw.pl\/kontakt\/","name":"Kontakt | studia-wroclaw.pl","isPartOf":{"@id":"https:\/\/studia-wroclaw.pl\/#website"},"datePublished":"2017-02-15T08:40:02+00:00","dateModified":"2025-10-31T13:29:41+00:00","description":"Skontaktuj si\u0119 z nami poprzez telefon, e-mail lub odwied\u017a nasz\u0105 siedzib\u0119. Odpowiemy na wszystkie pytania dotycz\u0105ce rekrutacji, studi\u00f3w i innych spraw administracyjnych.","breadcrumb":{"@id":"https:\/\/studia-wroclaw.pl\/kontakt\/#breadcrumb"},"inLanguage":"en-GB","potentialAction":[{"@type":"ReadAction","target":["https:\/\/studia-wroclaw.pl\/kontakt\/"]}]},{"@type":"BreadcrumbList","@id":"https:\/\/studia-wroclaw.pl\/kontakt\/#breadcrumb","itemListElement":[{"@type":"ListItem","position":1,"name":"Strona g\u0142\u00f3wna","item":"https:\/\/studia-wroclaw.pl\/"},{"@type":"ListItem","position":2,"name":"Kontakt"}]},{"@type":"WebSite","@id":"https:\/\/studia-wroclaw.pl\/#website","url":"https:\/\/studia-wroclaw.pl\/","name":"Studies Wroclaw","description":"","potentialAction":[{"@type":"SearchAction","target":{"@type":"EntryPoint","urlTemplate":"https:\/\/studia-wroclaw.pl\/?s={search_term_string}"},"query-input":{"@type":"PropertyValueSpecification","valueRequired":true,"valueName":"search_term_string"}}],"inLanguage":"en-GB"}]}},"_links":{"self":[{"href":"https:\/\/studia-wroclaw.pl\/en\/wp-json\/wp\/v2\/pages\/572","targetHints":{"allow":["GET"]}}],"collection":[{"href":"https:\/\/studia-wroclaw.pl\/en\/wp-json\/wp\/v2\/pages"}],"about":[{"href":"https:\/\/studia-wroclaw.pl\/en\/wp-json\/wp\/v2\/types\/page"}],"author":[{"embeddable":true,"href":"https:\/\/studia-wroclaw.pl\/en\/wp-json\/wp\/v2\/users\/1"}],"replies":[{"embeddable":true,"href":"https:\/\/studia-wroclaw.pl\/en\/wp-json\/wp\/v2\/comments?post=572"}],"version-history":[{"count":20,"href":"https:\/\/studia-wroclaw.pl\/en\/wp-json\/wp\/v2\/pages\/572\/revisions"}],"predecessor-version":[{"id":4369,"href":"https:\/\/studia-wroclaw.pl\/en\/wp-json\/wp\/v2\/pages\/572\/revisions\/4369"}],"wp:attachment":[{"href":"https:\/\/studia-wroclaw.pl\/en\/wp-json\/wp\/v2\/media?parent=572"}],"curies":[{"name":"wp","href":"https:\/\/api.w.org\/{rel}","templated":true}]}}