{"id":6316,"date":"2017-02-28T08:57:48","date_gmt":"2017-02-28T07:57:48","guid":{"rendered":"https:\/\/studia-wroclaw.pl\/?page_id=6316"},"modified":"2026-04-27T12:15:41","modified_gmt":"2026-04-27T10:15:41","slug":"studia-podyplomowe","status":"publish","type":"page","link":"https:\/\/studia-wroclaw.pl\/en\/studia-podyplomowe\/","title":{"rendered":"Postgraduate studies"},"content":{"rendered":"<div class=\"wpb-content-wrapper\"><div class=\"\"><div class=\"container\"><div class=\"vc_row wpb_row vc_row-fluid\"><div class=\"wpb_column vc_column_container vc_col-sm-12\"><div class=\"vc_column-inner\"><div class=\"wpb_wrapper\">\n\t<div class=\"wpb_text_column wpb_content_element  vc_custom_1756972990613\" >\n\t\t<div class=\"wpb_wrapper\">\n\t\t\t<h1>Postgraduate studies<\/h1>\n\n\t\t<\/div>\n\t<\/div>\n<\/div><\/div><\/div><\/div><\/div><\/div><div class=\"vc_custom_1715724218562\"><div class=\"container\"><div class=\"vc_row wpb_row vc_row-fluid vc_column-gap-5\"><div class=\"wpb_column vc_column_container vc_col-sm-3\"><div class=\"vc_column-inner\"><div class=\"wpb_wrapper\">\n\t<div  class=\"wpb_single_image wpb_content_element vc_align_left\">\n\t\t\n\t\t<figure class=\"wpb_wrapper vc_figure\">\n\t\t\t<div class=\"vc_single_image-wrapper   vc_box_border_grey\"><img loading=\"lazy\" decoding=\"async\" width=\"1320\" height=\"880\" src=\"https:\/\/studia-wroclaw.pl\/wp-content\/uploads\/2025\/08\/Praktyczny-wymiar-ochrony-ludnosci-i-obrony-cywilnej.jpg\" class=\"vc_single_image-img attachment-full\" alt=\"\" title=\"The practical dimension of civil protection and civil defence\" srcset=\"https:\/\/studia-wroclaw.pl\/wp-content\/uploads\/2025\/08\/Praktyczny-wymiar-ochrony-ludnosci-i-obrony-cywilnej.jpg 1320w, https:\/\/studia-wroclaw.pl\/wp-content\/uploads\/2025\/08\/Praktyczny-wymiar-ochrony-ludnosci-i-obrony-cywilnej-300x200.jpg 300w, https:\/\/studia-wroclaw.pl\/wp-content\/uploads\/2025\/08\/Praktyczny-wymiar-ochrony-ludnosci-i-obrony-cywilnej-1024x683.jpg 1024w, https:\/\/studia-wroclaw.pl\/wp-content\/uploads\/2025\/08\/Praktyczny-wymiar-ochrony-ludnosci-i-obrony-cywilnej-768x512.jpg 768w, https:\/\/studia-wroclaw.pl\/wp-content\/uploads\/2025\/08\/Praktyczny-wymiar-ochrony-ludnosci-i-obrony-cywilnej-18x12.jpg 18w\" sizes=\"auto, (max-width: 1320px) 100vw, 1320px\" \/><\/div>\n\t\t<\/figure>\n\t<\/div>\n<section class=\"vc_cta3-container\"><div class=\"vc_general vc_cta3 vc_cta3-style-classic vc_cta3-shape-square vc_cta3-align-left vc_cta3-color-classic vc_cta3-icon-size-md vc_cta3-actions-bottom\"><div class=\"vc_cta3_content-container\"><div class=\"vc_cta3-content\"><header class=\"vc_cta3-content-header\"><h2 style=\"font-size: 24px;line-height: 1.1;text-align: left\" class=\"vc_custom_heading\" >The practical dimension of civil protection and civil defence<\/h2><h4 style=\"line-height: 2;text-align: left\" class=\"vc_custom_heading\" >postgraduate studies<\/h4><\/header><p>Tuition from as little as \u00a3549<\/p>\n<\/div><div class=\"vc_cta3-actions\"><div class=\"vc_btn3-container vc_btn3-inline\" ><a class=\"vc_general vc_btn3 vc_btn3-size-md vc_btn3-shape-round vc_btn3-style-flat vc_btn3-icon-right vc_btn3-color-warning\" href=\"https:\/\/studia-wroclaw.pl\/en\/studia-podyplomowe\/praktyczny-wymiar-ol-i-oc\/\" title=\"Law\">SEE <i class=\"vc_btn3-icon fas fa-angle-double-right\"><\/i><\/a><\/div><\/div><\/div><\/div><\/section><\/div><\/div><\/div><div class=\"wpb_column vc_column_container vc_col-sm-3\"><div class=\"vc_column-inner\"><div class=\"wpb_wrapper\">\n\t<div  class=\"wpb_single_image wpb_content_element vc_align_left\">\n\t\t\n\t\t<figure class=\"wpb_wrapper vc_figure\">\n\t\t\t<div class=\"vc_single_image-wrapper   vc_box_border_grey\"><img loading=\"lazy\" decoding=\"async\" width=\"1320\" height=\"880\" src=\"https:\/\/studia-wroclaw.pl\/wp-content\/uploads\/2026\/04\/image-1880-1.png\" class=\"vc_single_image-img attachment-full\" alt=\"\" title=\"image 1880 (1)\" srcset=\"https:\/\/studia-wroclaw.pl\/wp-content\/uploads\/2026\/04\/image-1880-1.png 1320w, https:\/\/studia-wroclaw.pl\/wp-content\/uploads\/2026\/04\/image-1880-1-300x200.png 300w, https:\/\/studia-wroclaw.pl\/wp-content\/uploads\/2026\/04\/image-1880-1-1024x683.png 1024w, https:\/\/studia-wroclaw.pl\/wp-content\/uploads\/2026\/04\/image-1880-1-768x512.png 768w, https:\/\/studia-wroclaw.pl\/wp-content\/uploads\/2026\/04\/image-1880-1-18x12.png 18w\" sizes=\"auto, (max-width: 1320px) 100vw, 1320px\" \/><\/div>\n\t\t<\/figure>\n\t<\/div>\n<section class=\"vc_cta3-container\"><div class=\"vc_general vc_cta3 vc_cta3-style-classic vc_cta3-shape-square vc_cta3-align-left vc_cta3-color-classic vc_cta3-icon-size-md vc_cta3-actions-bottom\"><div class=\"vc_cta3_content-container\"><div class=\"vc_cta3-content\"><header class=\"vc_cta3-content-header\"><h2 style=\"font-size: 24px;line-height: 1.1;text-align: left\" class=\"vc_custom_heading\" >Przyw\u00f3dztwo i transformacja \u2013 Kompetencje Lidera Przysz\u0142o\u015bci 2030+<\/h2><h4 style=\"line-height: 2;text-align: left\" class=\"vc_custom_heading\" >postgraduate studies<\/h4><\/header><p>Czesne ju\u017c od 1080 z\u0142<\/p>\n<\/div><div class=\"vc_cta3-actions\"><div class=\"vc_btn3-container vc_btn3-inline\" ><a class=\"vc_general vc_btn3 vc_btn3-size-md vc_btn3-shape-round vc_btn3-style-flat vc_btn3-icon-right vc_btn3-color-warning\" href=\"https:\/\/studia-wroclaw.pl\/en\/studia-podyplomowe\/przywodztwo-i-transformacja-kompetencje-lidera-przyszlosci-2030\/\" title=\"Law\">SEE <i class=\"vc_btn3-icon fas fa-angle-double-right\"><\/i><\/a><\/div><\/div><\/div><\/div><\/section><\/div><\/div><\/div><div class=\"wpb_column vc_column_container vc_col-sm-3\"><div class=\"vc_column-inner\"><div class=\"wpb_wrapper\"><\/div><\/div><\/div><div class=\"wpb_column vc_column_container vc_col-sm-3\"><div class=\"vc_column-inner\"><div class=\"wpb_wrapper\"><\/div><\/div><\/div><\/div><\/div><\/div><div data-vc-full-width=\"true\" data-vc-full-width-init=\"false\" class=\"vc_custom_1756973805765\"><div class=\"container\"><div class=\"vc_row wpb_row vc_row-fluid vc_row-has-fill\"><div class=\"wpb_column vc_column_container vc_col-sm-6\"><div class=\"vc_column-inner\"><div class=\"wpb_wrapper\">\n\t<div  class=\"wpb_single_image wpb_content_element vc_align_left\">\n\t\t\n\t\t<figure class=\"wpb_wrapper vc_figure\">\n\t\t\t<div class=\"vc_single_image-wrapper   vc_box_border_grey\"><img loading=\"lazy\" decoding=\"async\" width=\"825\" height=\"690\" src=\"https:\/\/studia-wroclaw.pl\/wp-content\/uploads\/2024\/05\/studiuj-jak-lubisz-studia-wroclaw-1.jpg\" class=\"vc_single_image-img attachment-full\" alt=\"Jak wygl\u0105da kszta\u0142cenie na studiach\" title=\"\" srcset=\"https:\/\/studia-wroclaw.pl\/wp-content\/uploads\/2024\/05\/studiuj-jak-lubisz-studia-wroclaw-1.jpg 825w, https:\/\/studia-wroclaw.pl\/wp-content\/uploads\/2024\/05\/studiuj-jak-lubisz-studia-wroclaw-1-300x251.jpg 300w, https:\/\/studia-wroclaw.pl\/wp-content\/uploads\/2024\/05\/studiuj-jak-lubisz-studia-wroclaw-1-768x642.jpg 768w\" sizes=\"auto, (max-width: 825px) 100vw, 825px\" \/><\/div>\n\t\t<\/figure>\n\t<\/div>\n<\/div><\/div><\/div><div class=\"wpb_column vc_column_container vc_col-sm-6\"><div class=\"vc_column-inner\"><div class=\"wpb_wrapper\">\n\t<div class=\"wpb_text_column wpb_content_element\" >\n\t\t<div class=\"wpb_wrapper\">\n\t\t\t<h2><b>What education looks like <span>at postgraduate level?<\/span><\/b><\/h2>\n\n\t\t<\/div>\n\t<\/div>\n<div class=\"gt3_spacing\"><div class=\"gt3_spacing-height gt3_spacing-height_default\" style=\"height:10px;\"><\/div><\/div>  \r\n\n\t<div class=\"wpb_text_column wpb_content_element\" >\n\t\t<div class=\"wpb_wrapper\">\n\t\t\t<p><span>Postgraduate study is a form of training designed for those who wish to <\/span><b>enhance your competences<\/b><span>, gain new qualifications or prepare for a career change.\u00a0<\/span><span>The prerequisite for undertaking postgraduate studies is <\/span><b>have completed at least a first degree<\/b><span>. This means that the candidate must have a diploma and a bachelor's, engineer's or master's degree. <\/span><span>Postgraduate studies at studia-wroclaw.pl are provided, among others. <\/span><b>online<\/b><span> using an e-learning platform. This mode of learning allows education to be combined with professional and private responsibilities. <\/span><span>Postgraduates receive <\/span><b>certificate in accordance with the regulation of the Ministry of Science and Higher Education<\/b><span>which provides formal confirmation of the competences acquired.<\/span><\/p>\n\n\t\t<\/div>\n\t<\/div>\n<\/div><\/div><\/div><\/div><\/div><\/div><div class=\"vc_row-full-width vc_clearfix\"><\/div><div data-vc-full-width=\"true\" data-vc-full-width-init=\"false\" class=\"vc_custom_1715725396633\"><div class=\"container\"><div class=\"vc_row wpb_row vc_row-fluid vc_row-has-fill\"><div class=\"wpb_column vc_column_container vc_col-sm-6\"><div class=\"vc_column-inner\"><div class=\"wpb_wrapper\">\n\t<div class=\"wpb_text_column wpb_content_element\" >\n\t\t<div class=\"wpb_wrapper\">\n\t\t\t<h3><b>Choose WSKZ and study in a modern way.<\/b><\/h3>\n\n\t\t<\/div>\n\t<\/div>\n\n\t<div class=\"wpb_text_column wpb_content_element\" >\n\t\t<div class=\"wpb_wrapper\">\n\t\t\t<p><span>Do you want to gain new competences, develop your skills or gain further professional opportunities? Choose postgraduate studies at studia-wroclaw.pl and educate yourself in a formula that fits your lifestyle.<\/span><\/p>\n<p><span>Classes are implemented using, among other things, learning methods <\/span>online<span>which allows you to learn from anywhere and freely <\/span><b>combine learning with daily responsibilities<\/b><span>. The lectures are given by experienced experts and practitioners, which guarantees <\/span><b>the highest level of content<\/b><span>.<\/span><\/p>\n<p><b>Join the ranks of our listeners<\/b><span> - choose a postgraduate course that is in line with your ambitions and acquire competences that will give you an advantage on the labour market.<\/span><\/p>\n\n\t\t<\/div>\n\t<\/div>\n<\/div><\/div><\/div><div class=\"wpb_column vc_column_container vc_col-sm-6\"><div class=\"vc_column-inner\"><div class=\"wpb_wrapper\">\n\t<div  class=\"wpb_single_image wpb_content_element vc_align_left\">\n\t\t\n\t\t<figure class=\"wpb_wrapper vc_figure\">\n\t\t\t<div class=\"vc_single_image-wrapper   vc_box_border_grey\"><img loading=\"lazy\" decoding=\"async\" width=\"825\" height=\"690\" src=\"https:\/\/studia-wroclaw.pl\/wp-content\/uploads\/2024\/05\/studiuj-we-wroclawiu-1.jpg\" class=\"vc_single_image-img attachment-full\" alt=\"Wybierz WSKZ\" title=\"\" srcset=\"https:\/\/studia-wroclaw.pl\/wp-content\/uploads\/2024\/05\/studiuj-we-wroclawiu-1.jpg 825w, https:\/\/studia-wroclaw.pl\/wp-content\/uploads\/2024\/05\/studiuj-we-wroclawiu-1-300x251.jpg 300w, https:\/\/studia-wroclaw.pl\/wp-content\/uploads\/2024\/05\/studiuj-we-wroclawiu-1-768x642.jpg 768w\" sizes=\"auto, (max-width: 825px) 100vw, 825px\" \/><\/div>\n\t\t<\/figure>\n\t<\/div>\n<\/div><\/div><\/div><\/div><\/div><\/div><div class=\"vc_row-full-width vc_clearfix\"><\/div><div class=\"\"><div class=\"container\"><div class=\"vc_row wpb_row vc_row-fluid\"><div class=\"wpb_column vc_column_container vc_col-sm-12\"><div class=\"vc_column-inner\"><div class=\"wpb_wrapper\"><div class=\"vc_btn3-container vc_btn3-center vc_custom_1756991771552\" ><a class=\"vc_general vc_btn3 vc_btn3-size-md vc_btn3-shape-round vc_btn3-style-flat vc_btn3-color-warning\" href=\"https:\/\/studia-wroclaw.pl\/en\/studia-podyplomowe\/\" title=\"\">CHOOSE YOUR DIRECTION<\/a><\/div><\/div><\/div><\/div><\/div><\/div><\/div>\n<\/div>","protected":false},"excerpt":{"rendered":"Studia podyplomowe Praktyczny wymiar ochrony ludno\u015bci i obrony cywilnejstudia podyplomoweCzesne ju\u017c od 549 z\u0142 ZOBACZ Przyw\u00f3dztwo i transformacja \u2013 Kompetencje Lidera Przysz\u0142o\u015bci 2030+studia podyplomoweCzesne ju\u017c od 1080 z\u0142 ZOBACZ Jak wygl\u0105da kszta\u0142cenie na studiach podyplomowych? Studia podyplomowe to forma kszta\u0142cenia przeznaczona dla os\u00f3b, kt\u00f3re chc\u0105 poszerzy\u0107 swoje kompetencje, zdoby\u0107 nowe kwalifikacje lub przygotowa\u0107 si\u0119 do [...]","protected":false},"author":1,"featured_media":0,"parent":0,"menu_order":0,"comment_status":"closed","ping_status":"closed","template":"","meta":{"om_disable_all_campaigns":false,"footnotes":""},"class_list":["post-6316","page","type-page","status-publish","hentry"],"yoast_head":"<!-- This site is optimized with the Yoast SEO plugin v25.9 - https:\/\/yoast.com\/wordpress\/plugins\/seo\/ -->\n<title>Studia podyplomowe | studia-wroclaw.pl<\/title>\n<meta name=\"description\" content=\"Studia podyplomowe na studia-wroclaw.pl - poszerz i uzupe\u0142nij swoje wykszta\u0142cenie bez przerywania pracy. Praktyczna wiedza od najlepszych wyk\u0142adowc\u00f3w - sprawd\u017a programy, czesne, dofinansowania i terminy rekrutacji.\" \/>\n<meta name=\"robots\" content=\"index, follow, max-snippet:-1, max-image-preview:large, max-video-preview:-1\" \/>\n<link rel=\"canonical\" href=\"https:\/\/studia-wroclaw.pl\/en\/studia-podyplomowe\/\" \/>\n<meta property=\"og:locale\" content=\"en_GB\" \/>\n<meta property=\"og:type\" content=\"article\" \/>\n<meta property=\"og:title\" content=\"Studia podyplomowe | studia-wroclaw.pl\" \/>\n<meta property=\"og:description\" content=\"Studia podyplomowe na studia-wroclaw.pl - poszerz i uzupe\u0142nij swoje wykszta\u0142cenie bez przerywania pracy. Praktyczna wiedza od najlepszych wyk\u0142adowc\u00f3w - sprawd\u017a programy, czesne, dofinansowania i terminy rekrutacji.\" \/>\n<meta property=\"og:url\" content=\"https:\/\/studia-wroclaw.pl\/en\/studia-podyplomowe\/\" \/>\n<meta property=\"og:site_name\" content=\"Studia Wroc\u0142aw\" \/>\n<meta property=\"article:modified_time\" content=\"2026-04-27T10:15:41+00:00\" \/>\n<meta name=\"twitter:card\" content=\"summary_large_image\" \/>\n<meta name=\"twitter:label1\" content=\"Estimated reading time\" \/>\n\t<meta name=\"twitter:data1\" content=\"2 minutes\" \/>\n<script type=\"application\/ld+json\" class=\"yoast-schema-graph\">{\"@context\":\"https:\/\/schema.org\",\"@graph\":[{\"@type\":\"WebPage\",\"@id\":\"https:\/\/studia-wroclaw.pl\/studia-podyplomowe\/\",\"url\":\"https:\/\/studia-wroclaw.pl\/studia-podyplomowe\/\",\"name\":\"Studia podyplomowe | studia-wroclaw.pl\",\"isPartOf\":{\"@id\":\"https:\/\/studia-wroclaw.pl\/#website\"},\"datePublished\":\"2017-02-28T07:57:48+00:00\",\"dateModified\":\"2026-04-27T10:15:41+00:00\",\"description\":\"Studia podyplomowe na studia-wroclaw.pl - poszerz i uzupe\u0142nij swoje wykszta\u0142cenie bez przerywania pracy. Praktyczna wiedza od najlepszych wyk\u0142adowc\u00f3w - sprawd\u017a programy, czesne, dofinansowania i terminy rekrutacji.\",\"breadcrumb\":{\"@id\":\"https:\/\/studia-wroclaw.pl\/studia-podyplomowe\/#breadcrumb\"},\"inLanguage\":\"en-GB\",\"potentialAction\":[{\"@type\":\"ReadAction\",\"target\":[\"https:\/\/studia-wroclaw.pl\/studia-podyplomowe\/\"]}]},{\"@type\":\"BreadcrumbList\",\"@id\":\"https:\/\/studia-wroclaw.pl\/studia-podyplomowe\/#breadcrumb\",\"itemListElement\":[{\"@type\":\"ListItem\",\"position\":1,\"name\":\"Strona g\u0142\u00f3wna\",\"item\":\"https:\/\/studia-wroclaw.pl\/\"},{\"@type\":\"ListItem\",\"position\":2,\"name\":\"Studia podyplomowe\"}]},{\"@type\":\"WebSite\",\"@id\":\"https:\/\/studia-wroclaw.pl\/#website\",\"url\":\"https:\/\/studia-wroclaw.pl\/\",\"name\":\"Studia Wroc\u0142aw\",\"description\":\"\",\"potentialAction\":[{\"@type\":\"SearchAction\",\"target\":{\"@type\":\"EntryPoint\",\"urlTemplate\":\"https:\/\/studia-wroclaw.pl\/?s={search_term_string}\"},\"query-input\":{\"@type\":\"PropertyValueSpecification\",\"valueRequired\":true,\"valueName\":\"search_term_string\"}}],\"inLanguage\":\"en-GB\"}]}<\/script>\n<!-- \/ Yoast SEO plugin. -->","yoast_head_json":{"title":"Studia podyplomowe | studia-wroclaw.pl","description":"Studia podyplomowe na studia-wroclaw.pl - poszerz i uzupe\u0142nij swoje wykszta\u0142cenie bez przerywania pracy. Praktyczna wiedza od najlepszych wyk\u0142adowc\u00f3w - sprawd\u017a programy, czesne, dofinansowania i terminy rekrutacji.","robots":{"index":"index","follow":"follow","max-snippet":"max-snippet:-1","max-image-preview":"max-image-preview:large","max-video-preview":"max-video-preview:-1"},"canonical":"https:\/\/studia-wroclaw.pl\/en\/studia-podyplomowe\/","og_locale":"en_GB","og_type":"article","og_title":"Studia podyplomowe | studia-wroclaw.pl","og_description":"Studia podyplomowe na studia-wroclaw.pl - poszerz i uzupe\u0142nij swoje wykszta\u0142cenie bez przerywania pracy. Praktyczna wiedza od najlepszych wyk\u0142adowc\u00f3w - sprawd\u017a programy, czesne, dofinansowania i terminy rekrutacji.","og_url":"https:\/\/studia-wroclaw.pl\/en\/studia-podyplomowe\/","og_site_name":"Studia Wroc\u0142aw","article_modified_time":"2026-04-27T10:15:41+00:00","twitter_card":"summary_large_image","twitter_misc":{"Estimated reading time":"2 minutes"},"schema":{"@context":"https:\/\/schema.org","@graph":[{"@type":"WebPage","@id":"https:\/\/studia-wroclaw.pl\/studia-podyplomowe\/","url":"https:\/\/studia-wroclaw.pl\/studia-podyplomowe\/","name":"Studia podyplomowe | studia-wroclaw.pl","isPartOf":{"@id":"https:\/\/studia-wroclaw.pl\/#website"},"datePublished":"2017-02-28T07:57:48+00:00","dateModified":"2026-04-27T10:15:41+00:00","description":"Studia podyplomowe na studia-wroclaw.pl - poszerz i uzupe\u0142nij swoje wykszta\u0142cenie bez przerywania pracy. Praktyczna wiedza od najlepszych wyk\u0142adowc\u00f3w - sprawd\u017a programy, czesne, dofinansowania i terminy rekrutacji.","breadcrumb":{"@id":"https:\/\/studia-wroclaw.pl\/studia-podyplomowe\/#breadcrumb"},"inLanguage":"en-GB","potentialAction":[{"@type":"ReadAction","target":["https:\/\/studia-wroclaw.pl\/studia-podyplomowe\/"]}]},{"@type":"BreadcrumbList","@id":"https:\/\/studia-wroclaw.pl\/studia-podyplomowe\/#breadcrumb","itemListElement":[{"@type":"ListItem","position":1,"name":"Strona g\u0142\u00f3wna","item":"https:\/\/studia-wroclaw.pl\/"},{"@type":"ListItem","position":2,"name":"Studia podyplomowe"}]},{"@type":"WebSite","@id":"https:\/\/studia-wroclaw.pl\/#website","url":"https:\/\/studia-wroclaw.pl\/","name":"Studies Wroclaw","description":"","potentialAction":[{"@type":"SearchAction","target":{"@type":"EntryPoint","urlTemplate":"https:\/\/studia-wroclaw.pl\/?s={search_term_string}"},"query-input":{"@type":"PropertyValueSpecification","valueRequired":true,"valueName":"search_term_string"}}],"inLanguage":"en-GB"}]}},"_links":{"self":[{"href":"https:\/\/studia-wroclaw.pl\/en\/wp-json\/wp\/v2\/pages\/6316","targetHints":{"allow":["GET"]}}],"collection":[{"href":"https:\/\/studia-wroclaw.pl\/en\/wp-json\/wp\/v2\/pages"}],"about":[{"href":"https:\/\/studia-wroclaw.pl\/en\/wp-json\/wp\/v2\/types\/page"}],"author":[{"embeddable":true,"href":"https:\/\/studia-wroclaw.pl\/en\/wp-json\/wp\/v2\/users\/1"}],"replies":[{"embeddable":true,"href":"https:\/\/studia-wroclaw.pl\/en\/wp-json\/wp\/v2\/comments?post=6316"}],"version-history":[{"count":21,"href":"https:\/\/studia-wroclaw.pl\/en\/wp-json\/wp\/v2\/pages\/6316\/revisions"}],"predecessor-version":[{"id":10949,"href":"https:\/\/studia-wroclaw.pl\/en\/wp-json\/wp\/v2\/pages\/6316\/revisions\/10949"}],"wp:attachment":[{"href":"https:\/\/studia-wroclaw.pl\/en\/wp-json\/wp\/v2\/media?parent=6316"}],"curies":[{"name":"wp","href":"https:\/\/api.w.org\/{rel}","templated":true}]}}