{"id":6674,"date":"2017-02-28T08:57:48","date_gmt":"2017-02-28T07:57:48","guid":{"rendered":"https:\/\/studia-wroclaw.pl\/?page_id=6674"},"modified":"2026-04-23T10:46:02","modified_gmt":"2026-04-23T08:46:02","slug":"studia-inzynierskie","status":"publish","type":"page","link":"https:\/\/studia-wroclaw.pl\/en\/studia-inzynierskie\/","title":{"rendered":"Engineering studies"},"content":{"rendered":"<div class=\"wpb-content-wrapper\"><div class=\"vc_custom_1715933064876\"><div class=\"container\"><div class=\"vc_row wpb_row vc_row-fluid\"><div class=\"wpb_column vc_column_container vc_col-sm-12\"><div class=\"vc_column-inner\"><div class=\"wpb_wrapper\">\n\t<div class=\"wpb_text_column wpb_content_element\" >\n\t\t<div class=\"wpb_wrapper\">\n\t\t\t<h1>Engineering studies<\/h1>\n\n\t\t<\/div>\n\t<\/div>\n<div class=\"gt3_spacing\"><div class=\"gt3_spacing-height gt3_spacing-height_default\" style=\"height:10px;\"><\/div><\/div>  \r\n\n\t<div class=\"wpb_text_column wpb_content_element\" >\n\t\t<div class=\"wpb_wrapper\">\n\t\t\t<p><span style=\"font-weight: 400;\">Explore our part-time studies at the university and discover a new dimension of education.<\/span><\/p>\n\n\t\t<\/div>\n\t<\/div>\n<\/div><\/div><\/div><\/div><\/div><\/div><div class=\"vc_custom_1715724218562\"><div class=\"container\"><div class=\"vc_row wpb_row vc_row-fluid vc_column-gap-5\"><div class=\"wpb_column vc_column_container vc_col-sm-3\"><div class=\"vc_column-inner\"><div class=\"wpb_wrapper\">\n\t<div  class=\"wpb_single_image wpb_content_element vc_align_left\">\n\t\t\n\t\t<figure class=\"wpb_wrapper vc_figure\">\n\t\t\t<div class=\"vc_single_image-wrapper   vc_box_border_grey\"><img loading=\"lazy\" decoding=\"async\" width=\"400\" height=\"300\" src=\"https:\/\/studia-wroclaw.pl\/wp-content\/uploads\/2025\/09\/informatyka-1.webp\" class=\"vc_single_image-img attachment-full\" alt=\"\" title=\"IT-1\" srcset=\"https:\/\/studia-wroclaw.pl\/wp-content\/uploads\/2025\/09\/informatyka-1.webp 400w, https:\/\/studia-wroclaw.pl\/wp-content\/uploads\/2025\/09\/informatyka-1-300x225.webp 300w, https:\/\/studia-wroclaw.pl\/wp-content\/uploads\/2025\/09\/informatyka-1-16x12.webp 16w\" sizes=\"auto, (max-width: 400px) 100vw, 400px\" \/><\/div>\n\t\t<\/figure>\n\t<\/div>\n<section class=\"vc_cta3-container\"><div class=\"vc_general vc_cta3 vc_cta3-style-classic vc_cta3-shape-square vc_cta3-align-left vc_cta3-color-classic vc_cta3-icon-size-md vc_cta3-actions-bottom\"><div class=\"vc_cta3_content-container\"><div class=\"vc_cta3-content\"><header class=\"vc_cta3-content-header\"><h2 style=\"font-size: 24px;line-height: 1;text-align: left\" class=\"vc_custom_heading\" ><a href=\"https:\/\/app.monstercampaigns.com\/c\/m0i7fxljg672pa8askvd\/\">Informatics<\/a><\/h2><\/header><p>Tuition from as little as  399 z\u0142<\/p>\n<p><em>Recruitment completed<br \/>\n<strong>Zapraszamy w maju 2026<\/strong><\/em><\/p>\n<\/div><div class=\"vc_cta3-actions\"><div class=\"vc_btn3-container vc_btn3-inline\" ><a class=\"vc_general vc_btn3 vc_btn3-size-md vc_btn3-shape-round vc_btn3-style-flat vc_btn3-icon-right vc_btn3-color-warning\" href=\"https:\/\/studia-wroclaw.pl\/en\/studia-inzynierskie\/informatyka\/\" title=\"Informatics\">ZOBACZ WI\u0118CEJ <i class=\"vc_btn3-icon fas fa-angle-double-right\"><\/i><\/a><\/div><\/div><\/div><\/div><\/section><\/div><\/div><\/div><div class=\"wpb_column vc_column_container vc_col-sm-3\"><div class=\"vc_column-inner\"><div class=\"wpb_wrapper\"><\/div><\/div><\/div><div class=\"wpb_column vc_column_container vc_col-sm-3\"><div class=\"vc_column-inner\"><div class=\"wpb_wrapper\"><\/div><\/div><\/div><div class=\"wpb_column vc_column_container vc_col-sm-3\"><div class=\"vc_column-inner\"><div class=\"wpb_wrapper\"><\/div><\/div><\/div><\/div><\/div><\/div><div class=\"vc_custom_1715724218562\"><div class=\"container\"><div class=\"vc_row wpb_row vc_row-fluid vc_column-gap-5\"><div class=\"wpb_column vc_column_container vc_col-sm-3\"><div class=\"vc_column-inner\"><div class=\"wpb_wrapper\"><\/div><\/div><\/div><div class=\"wpb_column vc_column_container vc_col-sm-3\"><div class=\"vc_column-inner\"><div class=\"wpb_wrapper\"><\/div><\/div><\/div><div class=\"wpb_column vc_column_container vc_col-sm-3\"><div class=\"vc_column-inner\"><div class=\"wpb_wrapper\"><\/div><\/div><\/div><div class=\"wpb_column vc_column_container vc_col-sm-3\"><div class=\"vc_column-inner\"><div class=\"wpb_wrapper\"><\/div><\/div><\/div><\/div><\/div><\/div><div data-vc-full-width=\"true\" data-vc-full-width-init=\"false\" class=\"vc_custom_1716454403398\"><div class=\"container\"><div class=\"vc_row wpb_row vc_row-fluid vc_row-has-fill\"><div class=\"wpb_column vc_column_container vc_col-sm-6\"><div class=\"vc_column-inner\"><div class=\"wpb_wrapper\">\n\t<div  class=\"wpb_single_image wpb_content_element vc_align_left\">\n\t\t\n\t\t<figure class=\"wpb_wrapper vc_figure\">\n\t\t\t<div class=\"vc_single_image-wrapper   vc_box_border_grey\"><img loading=\"lazy\" decoding=\"async\" width=\"825\" height=\"690\" src=\"https:\/\/studia-wroclaw.pl\/wp-content\/uploads\/2024\/05\/studiuj-jak-lubisz-studia-wroclaw-1.jpg\" class=\"vc_single_image-img attachment-full\" alt=\"Jak wygl\u0105da kszta\u0142cenie na studiach\" title=\"\" srcset=\"https:\/\/studia-wroclaw.pl\/wp-content\/uploads\/2024\/05\/studiuj-jak-lubisz-studia-wroclaw-1.jpg 825w, https:\/\/studia-wroclaw.pl\/wp-content\/uploads\/2024\/05\/studiuj-jak-lubisz-studia-wroclaw-1-300x251.jpg 300w, https:\/\/studia-wroclaw.pl\/wp-content\/uploads\/2024\/05\/studiuj-jak-lubisz-studia-wroclaw-1-768x642.jpg 768w\" sizes=\"auto, (max-width: 825px) 100vw, 825px\" \/><\/div>\n\t\t<\/figure>\n\t<\/div>\n<\/div><\/div><\/div><div class=\"wpb_column vc_column_container vc_col-sm-6\"><div class=\"vc_column-inner vc_custom_1716450722491\"><div class=\"wpb_wrapper\">\n\t<div class=\"wpb_text_column wpb_content_element\" >\n\t\t<div class=\"wpb_wrapper\">\n\t\t\t<h2><b>What does an engineering degree course look like?<\/b><\/h2>\n\n\t\t<\/div>\n\t<\/div>\n<div class=\"gt3_spacing\"><div class=\"gt3_spacing-height gt3_spacing-height_default\" style=\"height:15px;\"><\/div><\/div>  \r\n\n\t<div class=\"wpb_text_column wpb_content_element\" >\n\t\t<div class=\"wpb_wrapper\">\n\t\t\t<p><span style=\"font-weight: 400;\">Engineering studies are undergraduate programmes particularly often chosen by those interested in developing in the new technology industry. Information technology degree programmes are structured to respond to the <\/span><b>the needs of the modern labour market<\/b><span style=\"font-weight: 400;\">.<\/span><\/p>\n<p><span style=\"font-weight: 400;\">How long does an engineering degree last? It is <\/span><b>7 semesters<\/b><span style=\"font-weight: 400;\"> (3.5 years) of study, and the period of study shall also include the following <\/span><b>apprenticeship<\/b><span style=\"font-weight: 400;\">which is a form of preparation for future work. In order to enter an engineering degree course, you need to have completed secondary school and<\/span><b> passing the baccalaureate exam<\/b><span style=\"font-weight: 400;\"> - are necessary conditions for the recruitment process.\u00a0<\/span><\/p>\n<p><span style=\"font-weight: 400;\">During the course of your studies on the engineering degree programme, you will follow the programme provided for your course of study, which will prepare you for the work of an engineer. The programme ends with the award of<\/span><b> engineering degree and diploma<\/b><span style=\"font-weight: 400;\">The degree provides you with the opportunity to continue your studies in a second degree programme. The title is a confirmation of the engineering competences acquired during your studies and is a valuable asset when building your career - especially in IT and technology-related sectors.<\/span><\/p>\n\n\t\t<\/div>\n\t<\/div>\n<\/div><\/div><\/div><\/div><\/div><\/div><div class=\"vc_row-full-width vc_clearfix\"><\/div><div data-vc-full-width=\"true\" data-vc-full-width-init=\"false\" class=\"vc_custom_1716413287214\"><div class=\"container\"><div class=\"vc_row wpb_row vc_row-fluid vc_row-has-fill\"><div class=\"wpb_column vc_column_container vc_col-sm-6\"><div class=\"vc_column-inner vc_custom_1716450970423\"><div class=\"wpb_wrapper\">\n\t<div class=\"wpb_text_column wpb_content_element\" >\n\t\t<div class=\"wpb_wrapper\">\n\t\t\t<h3><strong>Choose WSKZ and study modern!<\/strong><\/h3>\n\n\t\t<\/div>\n\t<\/div>\n<div class=\"gt3_spacing\"><div class=\"gt3_spacing-height gt3_spacing-height_default\" style=\"height:15px;\"><\/div><\/div>  \r\n\n\t<div class=\"wpb_text_column wpb_content_element\" >\n\t\t<div class=\"wpb_wrapper\">\n\t\t\t<p><span style=\"font-weight: 400;\">Deciding to study engineering is an important step - especially if you want to get a <\/span><b>competence in new technologies, valued in almost every sector<\/b><span style=\"font-weight: 400;\">. At studia-wroclaw.pl, we offer education tailored to the requirements of today's employers - part-time engineering studies at the university will prepare you to work in the fastest-growing, best-paid areas of the economy.<\/span><\/p>\n<p><span style=\"font-weight: 400;\">Five to six assemblies are organised during the semester. Computer studies in <\/span><b>Wroc\u0142aw - City of Meetings<\/b><span style=\"font-weight: 400;\"> is an ideal opportunity to meet people who, like you, want to develop their interests and obtain an engineering degree. Studia-wroclaw.pl is also <\/span><b>online learning platform<\/b><span style=\"font-weight: 400;\">where you will find the teaching materials you need for your studies. <\/span><b>Join us<\/b><span style=\"font-weight: 400;\"> - study and develop in Wroc\u0142aw.<\/span><\/p>\n\n\t\t<\/div>\n\t<\/div>\n<\/div><\/div><\/div><div class=\"wpb_column vc_column_container vc_col-sm-6\"><div class=\"vc_column-inner\"><div class=\"wpb_wrapper\">\n\t<div  class=\"wpb_single_image wpb_content_element vc_align_left\">\n\t\t\n\t\t<figure class=\"wpb_wrapper vc_figure\">\n\t\t\t<div class=\"vc_single_image-wrapper   vc_box_border_grey\"><img loading=\"lazy\" decoding=\"async\" width=\"825\" height=\"690\" src=\"https:\/\/studia-wroclaw.pl\/wp-content\/uploads\/2024\/05\/studiuj-we-wroclawiu-1.jpg\" class=\"vc_single_image-img attachment-full\" alt=\"Wybierz WSKZ\" title=\"\" srcset=\"https:\/\/studia-wroclaw.pl\/wp-content\/uploads\/2024\/05\/studiuj-we-wroclawiu-1.jpg 825w, https:\/\/studia-wroclaw.pl\/wp-content\/uploads\/2024\/05\/studiuj-we-wroclawiu-1-300x251.jpg 300w, https:\/\/studia-wroclaw.pl\/wp-content\/uploads\/2024\/05\/studiuj-we-wroclawiu-1-768x642.jpg 768w\" sizes=\"auto, (max-width: 825px) 100vw, 825px\" \/><\/div>\n\t\t<\/figure>\n\t<\/div>\n<\/div><\/div><\/div><\/div><\/div><\/div><div class=\"vc_row-full-width vc_clearfix\"><\/div><div class=\"\"><div class=\"container\"><div class=\"vc_row wpb_row vc_row-fluid\"><div class=\"wpb_column vc_column_container vc_col-sm-12\"><div class=\"vc_column-inner\"><div class=\"wpb_wrapper\"><div class=\"vc_btn3-container vc_btn3-center vc_custom_1757423365913\" ><a class=\"vc_general vc_btn3 vc_btn3-size-md vc_btn3-shape-round vc_btn3-style-flat vc_btn3-color-warning\" href=\"https:\/\/studia-wroclaw.pl\/en\/studia-inzynierskie\/\" title=\"Engineering studies\">CHOOSE YOUR DIRECTION<\/a><\/div><\/div><\/div><\/div><\/div><\/div><\/div>\n<\/div>","protected":false},"excerpt":{"rendered":"Studia in\u017cynierskie Poznaj nasze studia niestacjonarne w siedzibie uczelni i odkryj nowy wymiar kszta\u0142cenia. InformatykaCzesne ju\u017c od 399 z\u0142 Rekrutacja zako\u0144czona Zapraszamy w maju 2026 ZOBACZ WI\u0118CEJ Jak wygl\u0105da kszta\u0142cenie na studiach in\u017cynierskich? Studia in\u017cynierskie to studia I stopnia szczeg\u00f3lnie cz\u0119sto wybierane przez osoby zainteresowane rozwojem w bran\u017cy nowych technologii. Programy studi\u00f3w informatycznych s\u0105 skonstruowane [...]","protected":false},"author":34,"featured_media":0,"parent":0,"menu_order":0,"comment_status":"closed","ping_status":"closed","template":"","meta":{"om_disable_all_campaigns":false,"footnotes":""},"class_list":["post-6674","page","type-page","status-publish","hentry"],"yoast_head":"<!-- This site is optimized with the Yoast SEO plugin v25.9 - https:\/\/yoast.com\/wordpress\/plugins\/seo\/ -->\n<title>Studia in\u017cynierskie Wroc\u0142aw | studia-wroclaw.pl<\/title>\n<meta name=\"description\" content=\"Studia in\u017cynierskie niestacjonarne w siedzibie uczelni umo\u017cliwiaj\u0105 zdobycie wy\u017cszego wykszta\u0142cenia bez konieczno\u015bci rezygnacji z dotychczasowego trybu \u017cycia.\" \/>\n<meta name=\"robots\" content=\"index, follow, max-snippet:-1, max-image-preview:large, max-video-preview:-1\" \/>\n<link rel=\"canonical\" href=\"https:\/\/studia-wroclaw.pl\/en\/studia-inzynierskie\/\" \/>\n<meta property=\"og:locale\" content=\"en_GB\" \/>\n<meta property=\"og:type\" content=\"article\" \/>\n<meta property=\"og:title\" content=\"Studia in\u017cynierskie Wroc\u0142aw | studia-wroclaw.pl\" \/>\n<meta property=\"og:description\" content=\"Studia in\u017cynierskie niestacjonarne w siedzibie uczelni umo\u017cliwiaj\u0105 zdobycie wy\u017cszego wykszta\u0142cenia bez konieczno\u015bci rezygnacji z dotychczasowego trybu \u017cycia.\" \/>\n<meta property=\"og:url\" content=\"https:\/\/studia-wroclaw.pl\/en\/studia-inzynierskie\/\" \/>\n<meta property=\"og:site_name\" content=\"Studia Wroc\u0142aw\" \/>\n<meta property=\"article:modified_time\" content=\"2026-04-23T08:46:02+00:00\" \/>\n<meta name=\"twitter:card\" content=\"summary_large_image\" \/>\n<meta name=\"twitter:label1\" content=\"Estimated reading time\" \/>\n\t<meta name=\"twitter:data1\" content=\"3 minutes\" \/>\n<script type=\"application\/ld+json\" class=\"yoast-schema-graph\">{\"@context\":\"https:\/\/schema.org\",\"@graph\":[{\"@type\":\"WebPage\",\"@id\":\"https:\/\/studia-wroclaw.pl\/studia-inzynierskie\/\",\"url\":\"https:\/\/studia-wroclaw.pl\/studia-inzynierskie\/\",\"name\":\"Studia in\u017cynierskie Wroc\u0142aw | studia-wroclaw.pl\",\"isPartOf\":{\"@id\":\"https:\/\/studia-wroclaw.pl\/#website\"},\"datePublished\":\"2017-02-28T07:57:48+00:00\",\"dateModified\":\"2026-04-23T08:46:02+00:00\",\"description\":\"Studia in\u017cynierskie niestacjonarne w siedzibie uczelni umo\u017cliwiaj\u0105 zdobycie wy\u017cszego wykszta\u0142cenia bez konieczno\u015bci rezygnacji z dotychczasowego trybu \u017cycia.\",\"breadcrumb\":{\"@id\":\"https:\/\/studia-wroclaw.pl\/studia-inzynierskie\/#breadcrumb\"},\"inLanguage\":\"en-GB\",\"potentialAction\":[{\"@type\":\"ReadAction\",\"target\":[\"https:\/\/studia-wroclaw.pl\/studia-inzynierskie\/\"]}]},{\"@type\":\"BreadcrumbList\",\"@id\":\"https:\/\/studia-wroclaw.pl\/studia-inzynierskie\/#breadcrumb\",\"itemListElement\":[{\"@type\":\"ListItem\",\"position\":1,\"name\":\"Strona g\u0142\u00f3wna\",\"item\":\"https:\/\/studia-wroclaw.pl\/\"},{\"@type\":\"ListItem\",\"position\":2,\"name\":\"Studia in\u017cynierskie\"}]},{\"@type\":\"WebSite\",\"@id\":\"https:\/\/studia-wroclaw.pl\/#website\",\"url\":\"https:\/\/studia-wroclaw.pl\/\",\"name\":\"Studia Wroc\u0142aw\",\"description\":\"\",\"potentialAction\":[{\"@type\":\"SearchAction\",\"target\":{\"@type\":\"EntryPoint\",\"urlTemplate\":\"https:\/\/studia-wroclaw.pl\/?s={search_term_string}\"},\"query-input\":{\"@type\":\"PropertyValueSpecification\",\"valueRequired\":true,\"valueName\":\"search_term_string\"}}],\"inLanguage\":\"en-GB\"}]}<\/script>\n<!-- \/ Yoast SEO plugin. -->","yoast_head_json":{"title":"Studia in\u017cynierskie Wroc\u0142aw | studia-wroclaw.pl","description":"Studia in\u017cynierskie niestacjonarne w siedzibie uczelni umo\u017cliwiaj\u0105 zdobycie wy\u017cszego wykszta\u0142cenia bez konieczno\u015bci rezygnacji z dotychczasowego trybu \u017cycia.","robots":{"index":"index","follow":"follow","max-snippet":"max-snippet:-1","max-image-preview":"max-image-preview:large","max-video-preview":"max-video-preview:-1"},"canonical":"https:\/\/studia-wroclaw.pl\/en\/studia-inzynierskie\/","og_locale":"en_GB","og_type":"article","og_title":"Studia in\u017cynierskie Wroc\u0142aw | studia-wroclaw.pl","og_description":"Studia in\u017cynierskie niestacjonarne w siedzibie uczelni umo\u017cliwiaj\u0105 zdobycie wy\u017cszego wykszta\u0142cenia bez konieczno\u015bci rezygnacji z dotychczasowego trybu \u017cycia.","og_url":"https:\/\/studia-wroclaw.pl\/en\/studia-inzynierskie\/","og_site_name":"Studia Wroc\u0142aw","article_modified_time":"2026-04-23T08:46:02+00:00","twitter_card":"summary_large_image","twitter_misc":{"Estimated reading time":"3 minutes"},"schema":{"@context":"https:\/\/schema.org","@graph":[{"@type":"WebPage","@id":"https:\/\/studia-wroclaw.pl\/studia-inzynierskie\/","url":"https:\/\/studia-wroclaw.pl\/studia-inzynierskie\/","name":"Studia in\u017cynierskie Wroc\u0142aw | studia-wroclaw.pl","isPartOf":{"@id":"https:\/\/studia-wroclaw.pl\/#website"},"datePublished":"2017-02-28T07:57:48+00:00","dateModified":"2026-04-23T08:46:02+00:00","description":"Studia in\u017cynierskie niestacjonarne w siedzibie uczelni umo\u017cliwiaj\u0105 zdobycie wy\u017cszego wykszta\u0142cenia bez konieczno\u015bci rezygnacji z dotychczasowego trybu \u017cycia.","breadcrumb":{"@id":"https:\/\/studia-wroclaw.pl\/studia-inzynierskie\/#breadcrumb"},"inLanguage":"en-GB","potentialAction":[{"@type":"ReadAction","target":["https:\/\/studia-wroclaw.pl\/studia-inzynierskie\/"]}]},{"@type":"BreadcrumbList","@id":"https:\/\/studia-wroclaw.pl\/studia-inzynierskie\/#breadcrumb","itemListElement":[{"@type":"ListItem","position":1,"name":"Strona g\u0142\u00f3wna","item":"https:\/\/studia-wroclaw.pl\/"},{"@type":"ListItem","position":2,"name":"Studia in\u017cynierskie"}]},{"@type":"WebSite","@id":"https:\/\/studia-wroclaw.pl\/#website","url":"https:\/\/studia-wroclaw.pl\/","name":"Studies Wroclaw","description":"","potentialAction":[{"@type":"SearchAction","target":{"@type":"EntryPoint","urlTemplate":"https:\/\/studia-wroclaw.pl\/?s={search_term_string}"},"query-input":{"@type":"PropertyValueSpecification","valueRequired":true,"valueName":"search_term_string"}}],"inLanguage":"en-GB"}]}},"_links":{"self":[{"href":"https:\/\/studia-wroclaw.pl\/en\/wp-json\/wp\/v2\/pages\/6674","targetHints":{"allow":["GET"]}}],"collection":[{"href":"https:\/\/studia-wroclaw.pl\/en\/wp-json\/wp\/v2\/pages"}],"about":[{"href":"https:\/\/studia-wroclaw.pl\/en\/wp-json\/wp\/v2\/types\/page"}],"author":[{"embeddable":true,"href":"https:\/\/studia-wroclaw.pl\/en\/wp-json\/wp\/v2\/users\/34"}],"replies":[{"embeddable":true,"href":"https:\/\/studia-wroclaw.pl\/en\/wp-json\/wp\/v2\/comments?post=6674"}],"version-history":[{"count":11,"href":"https:\/\/studia-wroclaw.pl\/en\/wp-json\/wp\/v2\/pages\/6674\/revisions"}],"predecessor-version":[{"id":10726,"href":"https:\/\/studia-wroclaw.pl\/en\/wp-json\/wp\/v2\/pages\/6674\/revisions\/10726"}],"wp:attachment":[{"href":"https:\/\/studia-wroclaw.pl\/en\/wp-json\/wp\/v2\/media?parent=6674"}],"curies":[{"name":"wp","href":"https:\/\/api.w.org\/{rel}","templated":true}]}}