{"id":9024,"date":"2017-02-10T13:17:08","date_gmt":"2017-02-10T12:17:08","guid":{"rendered":"https:\/\/studia-wroclaw.pl\/?page_id=9024"},"modified":"2026-04-03T16:58:41","modified_gmt":"2026-04-03T14:58:41","slug":"samorzad-studencki","status":"publish","type":"page","link":"https:\/\/studia-wroclaw.pl\/en\/samorzad-studencki\/","title":{"rendered":"Samorz\u0105d Studencki WSKZ"},"content":{"rendered":"<div class=\"wpb-content-wrapper\"><div class=\"vc_custom_1716390135471\"><div class=\"container\"><div class=\"vc_row wpb_row vc_row-fluid\"><div class=\"wpb_column vc_column_container vc_col-sm-6\"><div class=\"vc_column-inner vc_custom_1716412282141\"><div class=\"wpb_wrapper\">\n\t<div class=\"wpb_text_column wpb_content_element  vc_custom_1771923324897\" >\n\t\t<div class=\"wpb_wrapper\">\n\t\t\t<h1><strong><span>Samorz\u0105d Studencki WSKZ<\/span><\/strong><\/h1>\n\n\t\t<\/div>\n\t<\/div>\n<div class=\"gt3_spacing\"><div class=\"gt3_spacing-height gt3_spacing-height_default\" style=\"height:25px;\"><\/div><\/div>  \r\n\n\t<div class=\"wpb_text_column wpb_content_element\" >\n\t\t<div class=\"wpb_wrapper\">\n\t\t\t<p>Samorz\u0105d Studencki Wy\u017cszej Szko\u0142y Kszta\u0142cenia Zawodowego dzia\u0142a na podstawie <strong>Ustawy z dnia 20 lipca 2018 r. \u2013 Prawo o szkolnictwie wy\u017cszym i nauce<\/strong>, zgodnie z kt\u00f3r\u0105 Samorz\u0105d Studencki stanowi cia\u0142o obejmuj\u0105ce <strong>wszystkich student\u00f3w uczelni<\/strong>. Ponadto funkcjonowanie Samorz\u0105du reguluje <strong>Regulamin Samorz\u0105du Studenckiego WSKZ<\/strong>, zatwierdzony przez Rektora, okre\u015blaj\u0105cy zasady organizacji i tryb jego dzia\u0142ania.<\/p>\n<p>Samorz\u0105d Studencki WSKZ jest <strong>autonomiczn\u0105 struktur\u0105 reprezentacji \u015brodowiska studenckiego<\/strong>, dzia\u0142aj\u0105c\u0105 w oparciu o obowi\u0105zuj\u0105ce przepisy prawa oraz wewn\u0119trzne akty normatywne uczelni. Jego zasadniczym zadaniem jest <strong>artykulacja i ochrona interes\u00f3w student\u00f3w<\/strong>, obejmuj\u0105ca m.in. opiniowanie dokument\u00f3w strategicznych, udzia\u0142 w organach kolegialnych oraz zg\u0142aszanie postulat\u00f3w dotycz\u0105cych jako\u015bci procesu kszta\u0142cenia i warunk\u00f3w studiowania.<\/p>\n<p>W swojej dzia\u0142alno\u015bci Samorz\u0105d pe\u0142ni r\u00f3wnie\u017c funkcj\u0119 <strong>podmiotu wspieraj\u0105cego komunikacj\u0119 pomi\u0119dzy studentami a w\u0142adzami uczelni<\/strong>, umo\u017cliwiaj\u0105c przekazywanie informacji zwrotnych oraz usprawnianie obiegu spraw administracyjnych. Jako <strong>wy\u0142\u0105czny reprezentant og\u00f3\u0142u student\u00f3w WSKZ<\/strong>, Samorz\u0105d jest aktywnym g\u0142osem spo\u0142eczno\u015bci akademickiej \u2014 reprezentuje student\u00f3w przed w\u0142adzami uczelni, dba o poszanowanie ich praw oraz wspiera inicjatywy i pomys\u0142y rozwijaj\u0105ce \u017cycie akademickie.<\/p>\n<p>Zakres dzia\u0142alno\u015bci Samorz\u0105du obejmuje tak\u017ce <strong>wsp\u00f3\u0142organizacj\u0119 wydarze\u0144 edukacyjnych, informacyjnych, integracyjnych i kulturalnych<\/strong>, sprzyjaj\u0105cych aktywizacji student\u00f3w, integracji spo\u0142eczno\u015bci oraz rozwojowi \u015brodowiska akademickiego WSKZ.<\/p>\n\n\t\t<\/div>\n\t<\/div>\n<div class=\"gt3_spacing\"><div class=\"gt3_spacing-height gt3_spacing-height_default\" style=\"height:20px;\"><\/div><\/div>  \r\n<\/div><\/div><\/div><div class=\"wpb_column vc_column_container vc_col-sm-6\"><div class=\"vc_column-inner\"><div class=\"wpb_wrapper\"><div class=\"gt3_spacing\"><div class=\"gt3_spacing-height gt3_spacing-height_default\" style=\"height:40px;\"><\/div><\/div>  \r\n\n\t<div  class=\"wpb_single_image wpb_content_element vc_align_left\">\n\t\t\n\t\t<figure class=\"wpb_wrapper vc_figure\">\n\t\t\t<div class=\"vc_single_image-wrapper   vc_box_border_grey\"><img loading=\"lazy\" decoding=\"async\" width=\"991\" height=\"1216\" src=\"https:\/\/studia-wroclaw.pl\/wp-content\/uploads\/2026\/02\/samorzad1.jpg\" class=\"vc_single_image-img attachment-full\" alt=\"\" title=\"samorzad(1)\" srcset=\"https:\/\/studia-wroclaw.pl\/wp-content\/uploads\/2026\/02\/samorzad1.jpg 991w, https:\/\/studia-wroclaw.pl\/wp-content\/uploads\/2026\/02\/samorzad1-244x300.jpg 244w, https:\/\/studia-wroclaw.pl\/wp-content\/uploads\/2026\/02\/samorzad1-835x1024.jpg 835w, https:\/\/studia-wroclaw.pl\/wp-content\/uploads\/2026\/02\/samorzad1-768x942.jpg 768w, https:\/\/studia-wroclaw.pl\/wp-content\/uploads\/2026\/02\/samorzad1-10x12.jpg 10w\" sizes=\"auto, (max-width: 991px) 100vw, 991px\" \/><\/div>\n\t\t<\/figure>\n\t<\/div>\n<\/div><\/div><\/div><\/div><\/div><\/div><div data-vc-full-width=\"true\" data-vc-full-width-init=\"false\" class=\"vc_custom_1771949058237\"><div class=\"container\"><div class=\"vc_row wpb_row vc_row-fluid vc_row-has-fill vc_row-o-content-middle vc_row-flex\"><div class=\"wpb_column vc_column_container vc_col-sm-6\"><div class=\"vc_column-inner\"><div class=\"wpb_wrapper\">\n\t<div  class=\"wpb_single_image wpb_content_element vc_align_left\">\n\t\t\n\t\t<figure class=\"wpb_wrapper vc_figure\">\n\t\t\t<div class=\"vc_single_image-wrapper   vc_box_border_grey\"><img loading=\"lazy\" decoding=\"async\" width=\"1525\" height=\"1042\" src=\"https:\/\/studia-wroclaw.pl\/wp-content\/uploads\/2026\/02\/uprawnienia2.jpg\" class=\"vc_single_image-img attachment-full\" alt=\"\" title=\"uprawnienia(2)\" srcset=\"https:\/\/studia-wroclaw.pl\/wp-content\/uploads\/2026\/02\/uprawnienia2.jpg 1525w, https:\/\/studia-wroclaw.pl\/wp-content\/uploads\/2026\/02\/uprawnienia2-300x205.jpg 300w, https:\/\/studia-wroclaw.pl\/wp-content\/uploads\/2026\/02\/uprawnienia2-1024x700.jpg 1024w, https:\/\/studia-wroclaw.pl\/wp-content\/uploads\/2026\/02\/uprawnienia2-768x525.jpg 768w, https:\/\/studia-wroclaw.pl\/wp-content\/uploads\/2026\/02\/uprawnienia2-18x12.jpg 18w\" sizes=\"auto, (max-width: 1525px) 100vw, 1525px\" \/><\/div>\n\t\t<\/figure>\n\t<\/div>\n<\/div><\/div><\/div><div class=\"wpb_column vc_column_container vc_col-sm-6\"><div class=\"vc_column-inner vc_custom_1716412249109\"><div class=\"wpb_wrapper\">\n\t<div class=\"wpb_text_column wpb_content_element  vc_custom_1771923402651\" >\n\t\t<div class=\"wpb_wrapper\">\n\t\t\t<h3><strong>Uprawnienia Samorz\u0105du<\/strong><\/h3>\n\n\t\t<\/div>\n\t<\/div>\n\n\t<div class=\"wpb_text_column wpb_content_element\" >\n\t\t<div class=\"wpb_wrapper\">\n\t\t\t<p><strong>Samorz\u0105d Studencki<\/strong>\u00a0<strong>WSKZ<\/strong> ma bardzo szerokie uprawnienia:<\/p>\n<ul>\n<li>jest \u0142\u0105cznikiem mi\u0119dzy w\u0142adzami uczelni a studentami,<\/li>\n<li>wsp\u00f3\u0142uczestniczy w podejmowaniu uchwa\u0142 przez organy uczelni,<\/li>\n<li>wsp\u00f3\u0142uczestniczy w opracowaniu programu studi\u00f3w,<\/li>\n<li>opiniuje programy studi\u00f3w,<\/li>\n<li>ma wp\u0142yw na kszta\u0142t regulaminu studi\u00f3w,<\/li>\n<li>uczestniczy w posiedzeniach Rady Wydzia\u0142u,<\/li>\n<li>uczestniczy w posiedzeniach Komisji ds. Kszta\u0142cenia,<\/li>\n<li>uczestniczy w posiedzeniach Rady Interesariuszy,<\/li>\n<li>bierze udzia\u0142 w podziale \u015brodk\u00f3w finansowych na dzia\u0142alno\u015b\u0107 studenck\u0105 i stypendia studenckie,<\/li>\n<li>wsp\u00f3\u0142decyduje z w\u0142adzami WSKZ w sprawie podzia\u0142u dotacji Funduszu Pomocy Materialnej,<\/li>\n<\/ul>\n\n\t\t<\/div>\n\t<\/div>\n<div class=\"gt3_spacing\"><div class=\"gt3_spacing-height gt3_spacing-height_default\" style=\"height:20px;\"><\/div><\/div>  \r\n<\/div><\/div><\/div><\/div><\/div><\/div><div class=\"vc_row-full-width vc_clearfix\"><\/div><div data-vc-full-width=\"true\" data-vc-full-width-init=\"false\" class=\"vc_custom_1771949312908\"><div class=\"container\"><div class=\"vc_row wpb_row vc_row-fluid vc_row-has-fill vc_row-o-content-middle vc_row-flex\"><div class=\"wpb_column vc_column_container vc_col-sm-6\"><div class=\"vc_column-inner\"><div class=\"wpb_wrapper\">\n\t<div class=\"wpb_text_column wpb_content_element  vc_custom_1771949478140\" >\n\t\t<div class=\"wpb_wrapper\">\n\t\t\t<h3>Nasze zadania<\/h3>\n\n\t\t<\/div>\n\t<\/div>\n\n\t<div class=\"wpb_text_column wpb_content_element\" >\n\t\t<div class=\"wpb_wrapper\">\n\t\t\t<ul>\n<li>Reprezentowanie student\u00f3w w organach uczelni: Rada Wydzia\u0142u, Rada Interesariuszy, Komisja ds. Jako\u015bci Kszta\u0142cenia, Komisja Dyscyplinarna.<\/li>\n<li>Organizacja wydarze\u0144 edukacyjnych, integracyjnych, kulturalnych<br \/>\ni charytatywnych,<\/li>\n<li>Wsparcie inicjatyw studenckich i pomoc w ich realizacji,<\/li>\n<li>Informowanie o prawach i obowi\u0105zkach studenta,<\/li>\n<li>Integrowanie student\u00f3w naszej uczelni.<\/li>\n<\/ul>\n<p>Samorz\u0105d Studencki dzia\u0142a w spos\u00f3b ci\u0105g\u0142y, zachowuj\u0105c autonomi\u0119 w ramach nadanych mu kompetencji oraz wsp\u00f3\u0142pracuj\u0105c z jednostkami organizacyjnymi uczelni w zakresie realizacji zada\u0144 statutowych. Funkcjonuje jako podmiot buduj\u0105cy most pomi\u0119dzy strategicznymi celami uczelni a potrzebami student\u00f3w, przyczyniaj\u0105c si\u0119 do rozwoju kultury akademickiej opartej na wsp\u00f3\u0142odpowiedzialno\u015bci, dialogu i podmiotowym traktowaniu wszystkich uczestnik\u00f3w wsp\u00f3lnoty akademickiej.<\/p>\n\n\t\t<\/div>\n\t<\/div>\n<\/div><\/div><\/div><div class=\"wpb_column vc_column_container vc_col-sm-6\"><div class=\"vc_column-inner vc_custom_1716412249109\"><div class=\"wpb_wrapper\">\n\t<div  class=\"wpb_single_image wpb_content_element vc_align_left\">\n\t\t\n\t\t<figure class=\"wpb_wrapper vc_figure\">\n\t\t\t<div class=\"vc_single_image-wrapper   vc_box_border_grey\"><img loading=\"lazy\" decoding=\"async\" width=\"1525\" height=\"1042\" src=\"https:\/\/studia-wroclaw.pl\/wp-content\/uploads\/2026\/02\/zadania21.jpg\" class=\"vc_single_image-img attachment-full\" alt=\"\" title=\"zadania2(1)\" srcset=\"https:\/\/studia-wroclaw.pl\/wp-content\/uploads\/2026\/02\/zadania21.jpg 1525w, https:\/\/studia-wroclaw.pl\/wp-content\/uploads\/2026\/02\/zadania21-300x205.jpg 300w, https:\/\/studia-wroclaw.pl\/wp-content\/uploads\/2026\/02\/zadania21-1024x700.jpg 1024w, https:\/\/studia-wroclaw.pl\/wp-content\/uploads\/2026\/02\/zadania21-768x525.jpg 768w, https:\/\/studia-wroclaw.pl\/wp-content\/uploads\/2026\/02\/zadania21-18x12.jpg 18w\" sizes=\"auto, (max-width: 1525px) 100vw, 1525px\" \/><\/div>\n\t\t<\/figure>\n\t<\/div>\n<div class=\"gt3_spacing\"><div class=\"gt3_spacing-height gt3_spacing-height_default\" style=\"height:20px;\"><\/div><\/div>  \r\n<\/div><\/div><\/div><\/div><\/div><\/div><div class=\"vc_row-full-width vc_clearfix\"><\/div><div data-vc-full-width=\"true\" data-vc-full-width-init=\"false\" class=\"vc_custom_1772018785648\"><div class=\"container\"><div class=\"vc_row wpb_row vc_row-fluid vc_row-has-fill\"><div class=\"wpb_column vc_column_container vc_col-sm-12\"><div class=\"vc_column-inner\"><div class=\"wpb_wrapper\"><div class=\"gt3_spacing\"><div class=\"gt3_spacing-height gt3_spacing-height_default\" style=\"height:22px;\"><\/div><\/div>  \r\n\n\t<div class=\"wpb_text_column wpb_content_element\" >\n\t\t<div class=\"wpb_wrapper\">\n\t\t\t<h3 style=\"text-align: center;\">Sk\u0142ad Samorz\u0105du<\/h3>\n\n\t\t<\/div>\n\t<\/div>\n<\/div><\/div><\/div><\/div><\/div><\/div><div class=\"vc_row-full-width vc_clearfix\"><\/div><div data-vc-full-width=\"true\" data-vc-full-width-init=\"false\" class=\"vc_custom_1772018795630\"><div class=\"container\"><div class=\"vc_row wpb_row vc_row-fluid vc_row-has-fill vc_row-o-content-top vc_row-flex\"><div class=\"wpb_column vc_column_container vc_col-sm-4\"><div class=\"vc_column-inner\"><div class=\"wpb_wrapper\">\n\t<div class=\"wpb_text_column wpb_content_element\" >\n\t\t<div class=\"wpb_wrapper\">\n\t\t\t<p style=\"text-align: center;\">Przewodnicz\u0105ca Samorz\u0105du:<br \/>\nMagdalena Moszni\u0144ska<\/p>\n\n\t\t<\/div>\n\t<\/div>\n<\/div><\/div><\/div><div class=\"wpb_column vc_column_container vc_col-sm-4\"><div class=\"vc_column-inner\"><div class=\"wpb_wrapper\">\n\t<div class=\"wpb_text_column wpb_content_element\" >\n\t\t<div class=\"wpb_wrapper\">\n\t\t\t<p style=\"text-align: center;\">Zast\u0119pczyni Przewodnicz\u0105cej:<br \/>\nGabriela Weso\u0142owska<\/p>\n\n\t\t<\/div>\n\t<\/div>\n<\/div><\/div><\/div><div class=\"wpb_column vc_column_container vc_col-sm-4\"><div class=\"vc_column-inner\"><div class=\"wpb_wrapper\">\n\t<div class=\"wpb_text_column wpb_content_element\" >\n\t\t<div class=\"wpb_wrapper\">\n\t\t\t<p style=\"text-align: center;\">Sekretarz:<br \/>\nPawe\u0142 Jarzynka<\/p>\n\n\t\t<\/div>\n\t<\/div>\n<\/div><\/div><\/div><\/div><\/div><\/div><div class=\"vc_row-full-width vc_clearfix\"><\/div><div data-vc-full-width=\"true\" data-vc-full-width-init=\"false\" class=\"vc_custom_1772018785648\"><div class=\"container\"><div class=\"vc_row wpb_row vc_row-fluid vc_row-has-fill\"><div class=\"wpb_column vc_column_container vc_col-sm-12\"><div class=\"vc_column-inner\"><div class=\"wpb_wrapper\">\n\t<div class=\"wpb_text_column wpb_content_element\" >\n\t\t<div class=\"wpb_wrapper\">\n\t\t\t<h3 style=\"text-align: center;\">Cz\u0142onkowie<\/h3>\n\n\t\t<\/div>\n\t<\/div>\n<\/div><\/div><\/div><\/div><\/div><\/div><div class=\"vc_row-full-width vc_clearfix\"><\/div><div data-vc-full-width=\"true\" data-vc-full-width-init=\"false\" class=\"vc_custom_1772290858610\"><div class=\"container\"><div class=\"vc_row wpb_row vc_row-fluid vc_row-has-fill\"><div class=\"wpb_column vc_column_container vc_col-sm-4\"><div class=\"vc_column-inner\"><div class=\"wpb_wrapper\">\n\t<div class=\"wpb_text_column wpb_content_element  vc_custom_1775228286198\" >\n\t\t<div class=\"wpb_wrapper\">\n\t\t\t<p style=\"text-align: center;\"><span>Alicja Kamyszek<\/span><br \/>\n<span><\/span><\/p>\n<p style=\"text-align: center;\"><span>E<\/span><span>wa Siwiec<\/span><br \/>\n<span><\/span><\/p>\n<p style=\"text-align: center;\"><span>Tomasz Bratkowski<\/span><br \/>\n<span><\/span><\/p>\n<p style=\"text-align: center;\"><span>Przemys\u0142aw Sobolewski<\/span><span><\/span><\/p>\n\n\t\t<\/div>\n\t<\/div>\n<\/div><\/div><\/div><div class=\"wpb_column vc_column_container vc_col-sm-4\"><div class=\"vc_column-inner\"><div class=\"wpb_wrapper\">\n\t<div class=\"wpb_text_column wpb_content_element  vc_custom_1775228295063\" >\n\t\t<div class=\"wpb_wrapper\">\n\t\t\t<p style=\"text-align: center;\"><span>\u0141ukasz Sobeczko<\/span><\/p>\n<p style=\"text-align: center;\"><span>Agnieszka Pietr<\/span><br \/>\n<span><\/span><\/p>\n<p style=\"text-align: center;\"><span>Antoni Sk\u0105pski<\/span><br \/>\n<span><\/span><\/p>\n<p style=\"text-align: center;\"><span>Julian Andrzejewski<\/span><br \/>\n<span><\/span><\/p>\n<p style=\"text-align: center;\"><span>Edyta Szafran<\/span><\/p>\n\n\t\t<\/div>\n\t<\/div>\n<\/div><\/div><\/div><div class=\"wpb_column vc_column_container vc_col-sm-4\"><div class=\"vc_column-inner\"><div class=\"wpb_wrapper\">\n\t<div class=\"wpb_text_column wpb_content_element  vc_custom_1775228253244\" >\n\t\t<div class=\"wpb_wrapper\">\n\t\t\t<p style=\"text-align: center;\"><span>Agnieszka Bartkowiak<\/span><br \/>\n<span><\/span><\/p>\n<p style=\"text-align: center;\"><span>Renata Osiek<\/span><br \/>\n<span><\/span><\/p>\n<p style=\"text-align: center;\"><span>Anna Stachura<\/span><br \/>\n<span><\/span><\/p>\n<p style=\"text-align: center;\"><span>Weronika G\u0119bu\u015b<\/span><\/p>\n\n\t\t<\/div>\n\t<\/div>\n<\/div><\/div><\/div><\/div><\/div><\/div><div class=\"vc_row-full-width vc_clearfix\"><\/div><div data-vc-full-width=\"true\" data-vc-full-width-init=\"false\" class=\"vc_custom_1772290858610\"><div class=\"container\"><div class=\"vc_row wpb_row vc_row-fluid vc_row-has-fill\"><div class=\"wpb_column vc_column_container vc_col-sm-12\"><div class=\"vc_column-inner\"><div class=\"wpb_wrapper\">\n\t<div class=\"wpb_text_column wpb_content_element  vc_custom_1772290890854\" >\n\t\t<div class=\"wpb_wrapper\">\n\t\t\t<p style=\"text-align: center;\"><strong>Contact<br \/>\n<\/strong>email: <a href=\"mailto:samorzad@wskz.pl\">samorzad@wskz.pl<\/a><\/p>\n\n\t\t<\/div>\n\t<\/div>\n<\/div><\/div><\/div><\/div><\/div><\/div><div class=\"vc_row-full-width vc_clearfix\"><\/div>\n<\/div>","protected":false},"excerpt":{"rendered":"Samorz\u0105d Studencki WSKZ Samorz\u0105d Studencki Wy\u017cszej Szko\u0142y Kszta\u0142cenia Zawodowego dzia\u0142a na podstawie Ustawy z dnia 20 lipca 2018 r. \u2013 Prawo o szkolnictwie wy\u017cszym i nauce, zgodnie z kt\u00f3r\u0105 Samorz\u0105d Studencki stanowi cia\u0142o obejmuj\u0105ce wszystkich student\u00f3w uczelni. Ponadto funkcjonowanie Samorz\u0105du reguluje Regulamin Samorz\u0105du Studenckiego WSKZ, zatwierdzony przez Rektora, okre\u015blaj\u0105cy zasady organizacji i tryb jego dzia\u0142ania. [...]","protected":false},"author":1,"featured_media":0,"parent":0,"menu_order":0,"comment_status":"closed","ping_status":"closed","template":"","meta":{"om_disable_all_campaigns":false,"footnotes":""},"class_list":["post-9024","page","type-page","status-publish","hentry"],"yoast_head":"<!-- This site is optimized with the Yoast SEO plugin v25.9 - https:\/\/yoast.com\/wordpress\/plugins\/seo\/ -->\n<title>Samorz\u0105d Studencki | studia-wroclaw.pl<\/title>\n<meta name=\"description\" content=\"Nasze zadania to artykulacja i ochrona interes\u00f3w student\u00f3w, obejmuj\u0105ca m.in. opiniowanie dokument\u00f3w strategicznych, udzia\u0142 w organach kolegialnych oraz zg\u0142aszanie postulat\u00f3w dotycz\u0105cych jako\u015bci procesu kszta\u0142cenia i warunk\u00f3w studiowania.\" \/>\n<meta name=\"robots\" content=\"index, follow, max-snippet:-1, max-image-preview:large, max-video-preview:-1\" \/>\n<link rel=\"canonical\" href=\"https:\/\/studia-wroclaw.pl\/en\/samorzad-studencki\/\" \/>\n<meta property=\"og:locale\" content=\"en_GB\" \/>\n<meta property=\"og:type\" content=\"article\" \/>\n<meta property=\"og:title\" content=\"Samorz\u0105d Studencki | studia-wroclaw.pl\" \/>\n<meta property=\"og:description\" content=\"Nasze zadania to artykulacja i ochrona interes\u00f3w student\u00f3w, obejmuj\u0105ca m.in. opiniowanie dokument\u00f3w strategicznych, udzia\u0142 w organach kolegialnych oraz zg\u0142aszanie postulat\u00f3w dotycz\u0105cych jako\u015bci procesu kszta\u0142cenia i warunk\u00f3w studiowania.\" \/>\n<meta property=\"og:url\" content=\"https:\/\/studia-wroclaw.pl\/en\/samorzad-studencki\/\" \/>\n<meta property=\"og:site_name\" content=\"Studia Wroc\u0142aw\" \/>\n<meta property=\"article:modified_time\" content=\"2026-04-03T14:58:41+00:00\" \/>\n<meta name=\"twitter:card\" content=\"summary_large_image\" \/>\n<meta name=\"twitter:label1\" content=\"Estimated reading time\" \/>\n\t<meta name=\"twitter:data1\" content=\"4 minutes\" \/>\n<script type=\"application\/ld+json\" class=\"yoast-schema-graph\">{\"@context\":\"https:\/\/schema.org\",\"@graph\":[{\"@type\":\"WebPage\",\"@id\":\"https:\/\/studia-wroclaw.pl\/samorzad-studencki\/\",\"url\":\"https:\/\/studia-wroclaw.pl\/samorzad-studencki\/\",\"name\":\"Samorz\u0105d Studencki | studia-wroclaw.pl\",\"isPartOf\":{\"@id\":\"https:\/\/studia-wroclaw.pl\/#website\"},\"datePublished\":\"2017-02-10T12:17:08+00:00\",\"dateModified\":\"2026-04-03T14:58:41+00:00\",\"description\":\"Nasze zadania to artykulacja i ochrona interes\u00f3w student\u00f3w, obejmuj\u0105ca m.in. opiniowanie dokument\u00f3w strategicznych, udzia\u0142 w organach kolegialnych oraz zg\u0142aszanie postulat\u00f3w dotycz\u0105cych jako\u015bci procesu kszta\u0142cenia i warunk\u00f3w studiowania.\",\"breadcrumb\":{\"@id\":\"https:\/\/studia-wroclaw.pl\/samorzad-studencki\/#breadcrumb\"},\"inLanguage\":\"en-GB\",\"potentialAction\":[{\"@type\":\"ReadAction\",\"target\":[\"https:\/\/studia-wroclaw.pl\/samorzad-studencki\/\"]}]},{\"@type\":\"BreadcrumbList\",\"@id\":\"https:\/\/studia-wroclaw.pl\/samorzad-studencki\/#breadcrumb\",\"itemListElement\":[{\"@type\":\"ListItem\",\"position\":1,\"name\":\"Strona g\u0142\u00f3wna\",\"item\":\"https:\/\/studia-wroclaw.pl\/\"},{\"@type\":\"ListItem\",\"position\":2,\"name\":\"Samorz\u0105d Studencki WSKZ\"}]},{\"@type\":\"WebSite\",\"@id\":\"https:\/\/studia-wroclaw.pl\/#website\",\"url\":\"https:\/\/studia-wroclaw.pl\/\",\"name\":\"Studia Wroc\u0142aw\",\"description\":\"\",\"potentialAction\":[{\"@type\":\"SearchAction\",\"target\":{\"@type\":\"EntryPoint\",\"urlTemplate\":\"https:\/\/studia-wroclaw.pl\/?s={search_term_string}\"},\"query-input\":{\"@type\":\"PropertyValueSpecification\",\"valueRequired\":true,\"valueName\":\"search_term_string\"}}],\"inLanguage\":\"en-GB\"}]}<\/script>\n<!-- \/ Yoast SEO plugin. -->","yoast_head_json":{"title":"Samorz\u0105d Studencki | studia-wroclaw.pl","description":"Nasze zadania to artykulacja i ochrona interes\u00f3w student\u00f3w, obejmuj\u0105ca m.in. opiniowanie dokument\u00f3w strategicznych, udzia\u0142 w organach kolegialnych oraz zg\u0142aszanie postulat\u00f3w dotycz\u0105cych jako\u015bci procesu kszta\u0142cenia i warunk\u00f3w studiowania.","robots":{"index":"index","follow":"follow","max-snippet":"max-snippet:-1","max-image-preview":"max-image-preview:large","max-video-preview":"max-video-preview:-1"},"canonical":"https:\/\/studia-wroclaw.pl\/en\/samorzad-studencki\/","og_locale":"en_GB","og_type":"article","og_title":"Samorz\u0105d Studencki | studia-wroclaw.pl","og_description":"Nasze zadania to artykulacja i ochrona interes\u00f3w student\u00f3w, obejmuj\u0105ca m.in. opiniowanie dokument\u00f3w strategicznych, udzia\u0142 w organach kolegialnych oraz zg\u0142aszanie postulat\u00f3w dotycz\u0105cych jako\u015bci procesu kszta\u0142cenia i warunk\u00f3w studiowania.","og_url":"https:\/\/studia-wroclaw.pl\/en\/samorzad-studencki\/","og_site_name":"Studia Wroc\u0142aw","article_modified_time":"2026-04-03T14:58:41+00:00","twitter_card":"summary_large_image","twitter_misc":{"Estimated reading time":"4 minutes"},"schema":{"@context":"https:\/\/schema.org","@graph":[{"@type":"WebPage","@id":"https:\/\/studia-wroclaw.pl\/samorzad-studencki\/","url":"https:\/\/studia-wroclaw.pl\/samorzad-studencki\/","name":"Samorz\u0105d Studencki | studia-wroclaw.pl","isPartOf":{"@id":"https:\/\/studia-wroclaw.pl\/#website"},"datePublished":"2017-02-10T12:17:08+00:00","dateModified":"2026-04-03T14:58:41+00:00","description":"Nasze zadania to artykulacja i ochrona interes\u00f3w student\u00f3w, obejmuj\u0105ca m.in. opiniowanie dokument\u00f3w strategicznych, udzia\u0142 w organach kolegialnych oraz zg\u0142aszanie postulat\u00f3w dotycz\u0105cych jako\u015bci procesu kszta\u0142cenia i warunk\u00f3w studiowania.","breadcrumb":{"@id":"https:\/\/studia-wroclaw.pl\/samorzad-studencki\/#breadcrumb"},"inLanguage":"en-GB","potentialAction":[{"@type":"ReadAction","target":["https:\/\/studia-wroclaw.pl\/samorzad-studencki\/"]}]},{"@type":"BreadcrumbList","@id":"https:\/\/studia-wroclaw.pl\/samorzad-studencki\/#breadcrumb","itemListElement":[{"@type":"ListItem","position":1,"name":"Strona g\u0142\u00f3wna","item":"https:\/\/studia-wroclaw.pl\/"},{"@type":"ListItem","position":2,"name":"Samorz\u0105d Studencki WSKZ"}]},{"@type":"WebSite","@id":"https:\/\/studia-wroclaw.pl\/#website","url":"https:\/\/studia-wroclaw.pl\/","name":"Studies Wroclaw","description":"","potentialAction":[{"@type":"SearchAction","target":{"@type":"EntryPoint","urlTemplate":"https:\/\/studia-wroclaw.pl\/?s={search_term_string}"},"query-input":{"@type":"PropertyValueSpecification","valueRequired":true,"valueName":"search_term_string"}}],"inLanguage":"en-GB"}]}},"_links":{"self":[{"href":"https:\/\/studia-wroclaw.pl\/en\/wp-json\/wp\/v2\/pages\/9024","targetHints":{"allow":["GET"]}}],"collection":[{"href":"https:\/\/studia-wroclaw.pl\/en\/wp-json\/wp\/v2\/pages"}],"about":[{"href":"https:\/\/studia-wroclaw.pl\/en\/wp-json\/wp\/v2\/types\/page"}],"author":[{"embeddable":true,"href":"https:\/\/studia-wroclaw.pl\/en\/wp-json\/wp\/v2\/users\/1"}],"replies":[{"embeddable":true,"href":"https:\/\/studia-wroclaw.pl\/en\/wp-json\/wp\/v2\/comments?post=9024"}],"version-history":[{"count":16,"href":"https:\/\/studia-wroclaw.pl\/en\/wp-json\/wp\/v2\/pages\/9024\/revisions"}],"predecessor-version":[{"id":10419,"href":"https:\/\/studia-wroclaw.pl\/en\/wp-json\/wp\/v2\/pages\/9024\/revisions\/10419"}],"wp:attachment":[{"href":"https:\/\/studia-wroclaw.pl\/en\/wp-json\/wp\/v2\/media?parent=9024"}],"curies":[{"name":"wp","href":"https:\/\/api.w.org\/{rel}","templated":true}]}}